{"id":32574,"date":"2024-07-15T14:11:47","date_gmt":"2024-07-15T12:11:47","guid":{"rendered":"https:\/\/galli.ch\/?post_type=product&#038;p=32574"},"modified":"2025-03-13T13:45:45","modified_gmt":"2025-03-13T12:45:45","slug":"aldusblatt-cocktail-ohrschmuck-in-rotgold","status":"publish","type":"product","link":"https:\/\/galli.ch\/en\/schmuck\/herzog-loibner\/aldusblatt-cocktail-ohrschmuck-in-rotgold\/","title":{"rendered":"Herzog Loibner Aldusblatt Cocktail Ohrschmuck in Rotgold"},"content":{"rendered":"<p>Der Herzog Loibner Cocktail Ohrschmuck wird mit viel Liebe in der hauseigenen Werkstatt in Vaduz angefertigt. Die in 18 kt Gold gefassten Ebenholz Einh\u00e4nger gl\u00e4nzen zur glamour\u00f6sen Abendgarderobe. Dieser zeitlos, sch\u00f6ne Ohrring ist ein Verwandlungsk\u00fcnstler. Die Ebenholz Einh\u00e4nger kann man beliebig in die Creole ein und aush\u00e4ngen. Das klassische Schmuckst\u00fcck passt sich so perfekt Ihrem Stil an.<\/p>\n","protected":false},"excerpt":{"rendered":"<p>Der Herzog Loibner Cocktail Ohrschmuck wird mit viel Liebe in der hauseigenen Werkstatt in Vaduz angefertigt. Die in 18 kt Gold gefassten Ebenholz Einh\u00e4nger gl\u00e4nzen zur glamour\u00f6sen Abendgarderobe. Dieser zeitlos, sch\u00f6ne Ohrring ist ein Verwandlungsk\u00fcnstler. Die Ebenholz Einh\u00e4nger kann man beliebig in die Creole ein und aush\u00e4ngen. Das klassische Schmuckst\u00fcck passt sich so perfekt Ihrem&#8230;  <a class=\"excerpt-read-more\" href=\"https:\/\/galli.ch\/en\/schmuck\/herzog-loibner\/aldusblatt-cocktail-ohrschmuck-in-rotgold\/\" title=\"Read Herzog Loibner Aldusblatt Cocktail Ohrschmuck in Rotgold\">Weiter &raquo;<\/a><\/p>\n","protected":false},"featured_media":32515,"template":"","meta":{"_acf_changed":false,"inline_featured_image":false},"product_brand":[],"product_cat":[189],"product_tag":[],"class_list":{"0":"post-32574","1":"product","2":"type-product","3":"status-publish","4":"has-post-thumbnail","6":"schmuckhersteller-herzog-loibner","7":"schmuckthemen-earrings","8":"product_cat-schmuck","10":"first","11":"instock","12":"taxable","13":"shipping-taxable","14":"purchasable","15":"product-type-simple"},"acf":[],"yoast_head":"<!-- This site is optimized with the Yoast SEO plugin v25.5 - https:\/\/yoast.com\/wordpress\/plugins\/seo\/ -->\n<title>Herzog Loibner Aldusblatt Cocktail Ohrschmuck in Rotgold - Galli Uhren Bijouterie<\/title>\n<meta name=\"robots\" content=\"index, follow, max-snippet:-1, max-image-preview:large, max-video-preview:-1\" \/>\n<link rel=\"canonical\" href=\"https:\/\/galli.ch\/schmuck\/herzog-loibner\/aldusblatt-cocktail-ohrschmuck-in-rotgold\/\" \/>\n<meta property=\"og:locale\" content=\"en_US\" \/>\n<meta property=\"og:type\" content=\"article\" \/>\n<meta property=\"og:title\" content=\"Herzog Loibner Aldusblatt Cocktail Ohrschmuck in Rotgold - Galli Uhren Bijouterie\" \/>\n<meta property=\"og:description\" content=\"Der Herzog Loibner Cocktail Ohrschmuck wird mit viel Liebe in der hauseigenen Werkstatt in Vaduz angefertigt. Die in 18 kt Gold gefassten Ebenholz Einh\u00e4nger gl\u00e4nzen zur glamour\u00f6sen Abendgarderobe. Dieser zeitlos, sch\u00f6ne Ohrring ist ein Verwandlungsk\u00fcnstler. Die Ebenholz Einh\u00e4nger kann man beliebig in die Creole ein und aush\u00e4ngen. Das klassische Schmuckst\u00fcck passt sich so perfekt Ihrem... Weiter &raquo;\" \/>\n<meta property=\"og:url\" content=\"https:\/\/galli.ch\/schmuck\/herzog-loibner\/aldusblatt-cocktail-ohrschmuck-in-rotgold\/\" \/>\n<meta property=\"og:site_name\" content=\"Galli Uhren Bijouterie\" \/>\n<meta property=\"article:modified_time\" content=\"2025-03-13T12:45:45+00:00\" \/>\n<meta property=\"og:image\" content=\"https:\/\/galli.ch\/wp-content\/uploads\/240601R_8197_web.png\" \/>\n\t<meta property=\"og:image:width\" content=\"1000\" \/>\n\t<meta property=\"og:image:height\" content=\"1400\" \/>\n\t<meta property=\"og:image:type\" content=\"image\/png\" \/>\n<meta name=\"twitter:card\" content=\"summary_large_image\" \/>\n<script type=\"application\/ld+json\" class=\"yoast-schema-graph\">{\"@context\":\"https:\/\/schema.org\",\"@graph\":[{\"@type\":\"WebPage\",\"@id\":\"https:\/\/galli.ch\/schmuck\/herzog-loibner\/aldusblatt-cocktail-ohrschmuck-in-rotgold\/\",\"url\":\"https:\/\/galli.ch\/schmuck\/herzog-loibner\/aldusblatt-cocktail-ohrschmuck-in-rotgold\/\",\"name\":\"Herzog Loibner Aldusblatt Cocktail Ohrschmuck in Rotgold - Galli Uhren Bijouterie\",\"isPartOf\":{\"@id\":\"http:\/\/galli.ch\/en\/#website\"},\"primaryImageOfPage\":{\"@id\":\"https:\/\/galli.ch\/schmuck\/herzog-loibner\/aldusblatt-cocktail-ohrschmuck-in-rotgold\/#primaryimage\"},\"image\":{\"@id\":\"https:\/\/galli.ch\/schmuck\/herzog-loibner\/aldusblatt-cocktail-ohrschmuck-in-rotgold\/#primaryimage\"},\"thumbnailUrl\":\"https:\/\/galli.ch\/wp-content\/uploads\/240601R_8197_web.png\",\"datePublished\":\"2024-07-15T12:11:47+00:00\",\"dateModified\":\"2025-03-13T12:45:45+00:00\",\"breadcrumb\":{\"@id\":\"https:\/\/galli.ch\/schmuck\/herzog-loibner\/aldusblatt-cocktail-ohrschmuck-in-rotgold\/#breadcrumb\"},\"inLanguage\":\"en-US\",\"potentialAction\":[{\"@type\":\"ReadAction\",\"target\":[\"https:\/\/galli.ch\/schmuck\/herzog-loibner\/aldusblatt-cocktail-ohrschmuck-in-rotgold\/\"]}]},{\"@type\":\"ImageObject\",\"inLanguage\":\"en-US\",\"@id\":\"https:\/\/galli.ch\/schmuck\/herzog-loibner\/aldusblatt-cocktail-ohrschmuck-in-rotgold\/#primaryimage\",\"url\":\"https:\/\/galli.ch\/wp-content\/uploads\/240601R_8197_web.png\",\"contentUrl\":\"https:\/\/galli.ch\/wp-content\/uploads\/240601R_8197_web.png\",\"width\":1000,\"height\":1400},{\"@type\":\"BreadcrumbList\",\"@id\":\"https:\/\/galli.ch\/schmuck\/herzog-loibner\/aldusblatt-cocktail-ohrschmuck-in-rotgold\/#breadcrumb\",\"itemListElement\":[{\"@type\":\"ListItem\",\"position\":1,\"name\":\"Home\",\"item\":\"https:\/\/galli.ch\/en\/\"},{\"@type\":\"ListItem\",\"position\":2,\"name\":\"Uhren\",\"item\":\"https:\/\/galli.ch\/en\/uhren\/\"},{\"@type\":\"ListItem\",\"position\":3,\"name\":\"Aldusblatt Cocktail Ohrschmuck in Rotgold\"}]},{\"@type\":\"WebSite\",\"@id\":\"http:\/\/galli.ch\/en\/#website\",\"url\":\"http:\/\/galli.ch\/en\/\",\"name\":\"Galli Uhren Bijouterie\",\"description\":\"\",\"potentialAction\":[{\"@type\":\"SearchAction\",\"target\":{\"@type\":\"EntryPoint\",\"urlTemplate\":\"http:\/\/galli.ch\/en\/?s={search_term_string}\"},\"query-input\":{\"@type\":\"PropertyValueSpecification\",\"valueRequired\":true,\"valueName\":\"search_term_string\"}}],\"inLanguage\":\"en-US\"}]}<\/script>\n<!-- \/ Yoast SEO plugin. -->","yoast_head_json":{"title":"Herzog Loibner Aldusblatt Cocktail Ohrschmuck in Rotgold - Galli Uhren Bijouterie","robots":{"index":"index","follow":"follow","max-snippet":"max-snippet:-1","max-image-preview":"max-image-preview:large","max-video-preview":"max-video-preview:-1"},"canonical":"https:\/\/galli.ch\/schmuck\/herzog-loibner\/aldusblatt-cocktail-ohrschmuck-in-rotgold\/","og_locale":"en_US","og_type":"article","og_title":"Herzog Loibner Aldusblatt Cocktail Ohrschmuck in Rotgold - Galli Uhren Bijouterie","og_description":"Der Herzog Loibner Cocktail Ohrschmuck wird mit viel Liebe in der hauseigenen Werkstatt in Vaduz angefertigt. Die in 18 kt Gold gefassten Ebenholz Einh\u00e4nger gl\u00e4nzen zur glamour\u00f6sen Abendgarderobe. Dieser zeitlos, sch\u00f6ne Ohrring ist ein Verwandlungsk\u00fcnstler. Die Ebenholz Einh\u00e4nger kann man beliebig in die Creole ein und aush\u00e4ngen. Das klassische Schmuckst\u00fcck passt sich so perfekt Ihrem... Weiter &raquo;","og_url":"https:\/\/galli.ch\/schmuck\/herzog-loibner\/aldusblatt-cocktail-ohrschmuck-in-rotgold\/","og_site_name":"Galli Uhren Bijouterie","article_modified_time":"2025-03-13T12:45:45+00:00","og_image":[{"width":1000,"height":1400,"url":"https:\/\/galli.ch\/wp-content\/uploads\/240601R_8197_web.png","type":"image\/png"}],"twitter_card":"summary_large_image","schema":{"@context":"https:\/\/schema.org","@graph":[{"@type":"WebPage","@id":"https:\/\/galli.ch\/schmuck\/herzog-loibner\/aldusblatt-cocktail-ohrschmuck-in-rotgold\/","url":"https:\/\/galli.ch\/schmuck\/herzog-loibner\/aldusblatt-cocktail-ohrschmuck-in-rotgold\/","name":"Herzog Loibner Aldusblatt Cocktail Ohrschmuck in Rotgold - Galli Uhren Bijouterie","isPartOf":{"@id":"http:\/\/galli.ch\/en\/#website"},"primaryImageOfPage":{"@id":"https:\/\/galli.ch\/schmuck\/herzog-loibner\/aldusblatt-cocktail-ohrschmuck-in-rotgold\/#primaryimage"},"image":{"@id":"https:\/\/galli.ch\/schmuck\/herzog-loibner\/aldusblatt-cocktail-ohrschmuck-in-rotgold\/#primaryimage"},"thumbnailUrl":"https:\/\/galli.ch\/wp-content\/uploads\/240601R_8197_web.png","datePublished":"2024-07-15T12:11:47+00:00","dateModified":"2025-03-13T12:45:45+00:00","breadcrumb":{"@id":"https:\/\/galli.ch\/schmuck\/herzog-loibner\/aldusblatt-cocktail-ohrschmuck-in-rotgold\/#breadcrumb"},"inLanguage":"en-US","potentialAction":[{"@type":"ReadAction","target":["https:\/\/galli.ch\/schmuck\/herzog-loibner\/aldusblatt-cocktail-ohrschmuck-in-rotgold\/"]}]},{"@type":"ImageObject","inLanguage":"en-US","@id":"https:\/\/galli.ch\/schmuck\/herzog-loibner\/aldusblatt-cocktail-ohrschmuck-in-rotgold\/#primaryimage","url":"https:\/\/galli.ch\/wp-content\/uploads\/240601R_8197_web.png","contentUrl":"https:\/\/galli.ch\/wp-content\/uploads\/240601R_8197_web.png","width":1000,"height":1400},{"@type":"BreadcrumbList","@id":"https:\/\/galli.ch\/schmuck\/herzog-loibner\/aldusblatt-cocktail-ohrschmuck-in-rotgold\/#breadcrumb","itemListElement":[{"@type":"ListItem","position":1,"name":"Home","item":"https:\/\/galli.ch\/en\/"},{"@type":"ListItem","position":2,"name":"Uhren","item":"https:\/\/galli.ch\/en\/uhren\/"},{"@type":"ListItem","position":3,"name":"Aldusblatt Cocktail Ohrschmuck in Rotgold"}]},{"@type":"WebSite","@id":"http:\/\/galli.ch\/en\/#website","url":"http:\/\/galli.ch\/en\/","name":"Galli Uhren Bijouterie","description":"","potentialAction":[{"@type":"SearchAction","target":{"@type":"EntryPoint","urlTemplate":"http:\/\/galli.ch\/en\/?s={search_term_string}"},"query-input":{"@type":"PropertyValueSpecification","valueRequired":true,"valueName":"search_term_string"}}],"inLanguage":"en-US"}]}},"_links":{"self":[{"href":"https:\/\/galli.ch\/en\/wp-json\/wp\/v2\/product\/32574","targetHints":{"allow":["GET"]}}],"collection":[{"href":"https:\/\/galli.ch\/en\/wp-json\/wp\/v2\/product"}],"about":[{"href":"https:\/\/galli.ch\/en\/wp-json\/wp\/v2\/types\/product"}],"wp:featuredmedia":[{"embeddable":true,"href":"https:\/\/galli.ch\/en\/wp-json\/wp\/v2\/media\/32515"}],"wp:attachment":[{"href":"https:\/\/galli.ch\/en\/wp-json\/wp\/v2\/media?parent=32574"}],"wp:term":[{"taxonomy":"product_brand","embeddable":true,"href":"https:\/\/galli.ch\/en\/wp-json\/wp\/v2\/product_brand?post=32574"},{"taxonomy":"product_cat","embeddable":true,"href":"https:\/\/galli.ch\/en\/wp-json\/wp\/v2\/product_cat?post=32574"},{"taxonomy":"product_tag","embeddable":true,"href":"https:\/\/galli.ch\/en\/wp-json\/wp\/v2\/product_tag?post=32574"}],"curies":[{"name":"wp","href":"https:\/\/api.w.org\/{rel}","templated":true}]}}