{"id":32628,"date":"2024-07-18T15:52:13","date_gmt":"2024-07-18T13:52:13","guid":{"rendered":"https:\/\/galli.ch\/?post_type=product&#038;p=32628"},"modified":"2025-11-17T09:08:27","modified_gmt":"2025-11-17T08:08:27","slug":"oris-aquis-great-barrier-reef-iii-01-771-7743-4185-set","status":"publish","type":"product","link":"https:\/\/galli.ch\/en\/uhren\/galli-cpo\/weitere-marken\/oris-aquis-great-barrier-reef-iii-01-771-7743-4185-set\/","title":{"rendered":"Oris Aquis Great Barrier Reef III"},"content":{"rendered":"<p>Oris ist auf einer Mission, eine positive Ver\u00e4nderung zu bewirken, vor allem f\u00fcr die Weltmeere. Der unabh\u00e4ngige Schweizer Uhrenhersteller unterst\u00fctzt seit Jahren Meeresschutzprogramme und setzt sich f\u00fcr diese ein, zuletzt beim The Oceans Project, das sowohl das Bewusstsein sch\u00e4rft als auch Pionierarbeit leistende Aktivit\u00e4ten und wegweisende Visionen f\u00f6rdert.<\/p>\n<p>Jahrgang: 2019<\/p>\n<p>Zustand: Gut<\/p>\n<p>Original Papiere: Ja<\/p>\n<p>Original Box: Ja<\/p>\n","protected":false},"excerpt":{"rendered":"<p>Oris ist auf einer Mission, eine positive Ver\u00e4nderung zu bewirken, vor allem f\u00fcr die Weltmeere. Der unabh\u00e4ngige Schweizer Uhrenhersteller unterst\u00fctzt seit Jahren Meeresschutzprogramme und setzt sich f\u00fcr diese ein, zuletzt beim The Oceans Project, das sowohl das Bewusstsein sch\u00e4rft als auch Pionierarbeit leistende Aktivit\u00e4ten und wegweisende Visionen f\u00f6rdert. Jahrgang: 2019 Zustand: Gut Original Papiere: Ja&#8230;  <a class=\"excerpt-read-more\" href=\"https:\/\/galli.ch\/en\/uhren\/galli-cpo\/weitere-marken\/oris-aquis-great-barrier-reef-iii-01-771-7743-4185-set\/\" title=\"Read Oris Aquis Great Barrier Reef III\">Weiter &raquo;<\/a><\/p>\n","protected":false},"featured_media":32629,"template":"","meta":{"_acf_changed":false,"inline_featured_image":false},"product_brand":[],"product_cat":[188],"product_tag":[],"class_list":{"0":"post-32628","1":"product","2":"type-product","3":"status-publish","4":"has-post-thumbnail","6":"uhrenhersteller-galli-cpo","7":"uhrenhersteller-weitere-marken","8":"product_cat-uhren","10":"first","11":"instock","12":"taxable","13":"shipping-taxable","14":"purchasable","15":"product-type-simple"},"acf":[],"yoast_head":"<!-- This site is optimized with the Yoast SEO plugin v25.5 - https:\/\/yoast.com\/wordpress\/plugins\/seo\/ -->\n<title>Oris Aquis Great Barrier Reef III - Galli Uhren Bijouterie<\/title>\n<meta name=\"robots\" content=\"index, follow, max-snippet:-1, max-image-preview:large, max-video-preview:-1\" \/>\n<link rel=\"canonical\" href=\"https:\/\/galli.ch\/uhren\/galli-cpo\/weitere-marken\/oris-aquis-great-barrier-reef-iii-01-771-7743-4185-set\/\" \/>\n<meta property=\"og:locale\" content=\"en_US\" \/>\n<meta property=\"og:type\" content=\"article\" \/>\n<meta property=\"og:title\" content=\"Oris Aquis Great Barrier Reef III - Galli Uhren Bijouterie\" \/>\n<meta property=\"og:description\" content=\"Oris ist auf einer Mission, eine positive Ver\u00e4nderung zu bewirken, vor allem f\u00fcr die Weltmeere. Der unabh\u00e4ngige Schweizer Uhrenhersteller unterst\u00fctzt seit Jahren Meeresschutzprogramme und setzt sich f\u00fcr diese ein, zuletzt beim The Oceans Project, das sowohl das Bewusstsein sch\u00e4rft als auch Pionierarbeit leistende Aktivit\u00e4ten und wegweisende Visionen f\u00f6rdert. Jahrgang: 2019 Zustand: Gut Original Papiere: Ja... Weiter &raquo;\" \/>\n<meta property=\"og:url\" content=\"https:\/\/galli.ch\/uhren\/galli-cpo\/weitere-marken\/oris-aquis-great-barrier-reef-iii-01-771-7743-4185-set\/\" \/>\n<meta property=\"og:site_name\" content=\"Galli Uhren Bijouterie\" \/>\n<meta property=\"article:modified_time\" content=\"2025-11-17T08:08:27+00:00\" \/>\n<meta property=\"og:image\" content=\"https:\/\/galli.ch\/wp-content\/uploads\/IMG_3050.png\" \/>\n\t<meta property=\"og:image:width\" content=\"1000\" \/>\n\t<meta property=\"og:image:height\" content=\"1400\" \/>\n\t<meta property=\"og:image:type\" content=\"image\/png\" \/>\n<meta name=\"twitter:card\" content=\"summary_large_image\" \/>\n<script type=\"application\/ld+json\" class=\"yoast-schema-graph\">{\"@context\":\"https:\/\/schema.org\",\"@graph\":[{\"@type\":\"WebPage\",\"@id\":\"https:\/\/galli.ch\/uhren\/galli-cpo\/weitere-marken\/oris-aquis-great-barrier-reef-iii-01-771-7743-4185-set\/\",\"url\":\"https:\/\/galli.ch\/uhren\/galli-cpo\/weitere-marken\/oris-aquis-great-barrier-reef-iii-01-771-7743-4185-set\/\",\"name\":\"Oris Aquis Great Barrier Reef III - Galli Uhren Bijouterie\",\"isPartOf\":{\"@id\":\"http:\/\/galli.ch\/en\/#website\"},\"primaryImageOfPage\":{\"@id\":\"https:\/\/galli.ch\/uhren\/galli-cpo\/weitere-marken\/oris-aquis-great-barrier-reef-iii-01-771-7743-4185-set\/#primaryimage\"},\"image\":{\"@id\":\"https:\/\/galli.ch\/uhren\/galli-cpo\/weitere-marken\/oris-aquis-great-barrier-reef-iii-01-771-7743-4185-set\/#primaryimage\"},\"thumbnailUrl\":\"https:\/\/galli.ch\/wp-content\/uploads\/IMG_3050.png\",\"datePublished\":\"2024-07-18T13:52:13+00:00\",\"dateModified\":\"2025-11-17T08:08:27+00:00\",\"breadcrumb\":{\"@id\":\"https:\/\/galli.ch\/uhren\/galli-cpo\/weitere-marken\/oris-aquis-great-barrier-reef-iii-01-771-7743-4185-set\/#breadcrumb\"},\"inLanguage\":\"en-US\",\"potentialAction\":[{\"@type\":\"ReadAction\",\"target\":[\"https:\/\/galli.ch\/uhren\/galli-cpo\/weitere-marken\/oris-aquis-great-barrier-reef-iii-01-771-7743-4185-set\/\"]}]},{\"@type\":\"ImageObject\",\"inLanguage\":\"en-US\",\"@id\":\"https:\/\/galli.ch\/uhren\/galli-cpo\/weitere-marken\/oris-aquis-great-barrier-reef-iii-01-771-7743-4185-set\/#primaryimage\",\"url\":\"https:\/\/galli.ch\/wp-content\/uploads\/IMG_3050.png\",\"contentUrl\":\"https:\/\/galli.ch\/wp-content\/uploads\/IMG_3050.png\",\"width\":1000,\"height\":1400},{\"@type\":\"BreadcrumbList\",\"@id\":\"https:\/\/galli.ch\/uhren\/galli-cpo\/weitere-marken\/oris-aquis-great-barrier-reef-iii-01-771-7743-4185-set\/#breadcrumb\",\"itemListElement\":[{\"@type\":\"ListItem\",\"position\":1,\"name\":\"Home\",\"item\":\"https:\/\/galli.ch\/en\/\"},{\"@type\":\"ListItem\",\"position\":2,\"name\":\"Uhren\",\"item\":\"https:\/\/galli.ch\/en\/uhren\/\"},{\"@type\":\"ListItem\",\"position\":3,\"name\":\"Oris Aquis Great Barrier Reef III\"}]},{\"@type\":\"WebSite\",\"@id\":\"http:\/\/galli.ch\/en\/#website\",\"url\":\"http:\/\/galli.ch\/en\/\",\"name\":\"Galli Uhren Bijouterie\",\"description\":\"\",\"potentialAction\":[{\"@type\":\"SearchAction\",\"target\":{\"@type\":\"EntryPoint\",\"urlTemplate\":\"http:\/\/galli.ch\/en\/?s={search_term_string}\"},\"query-input\":{\"@type\":\"PropertyValueSpecification\",\"valueRequired\":true,\"valueName\":\"search_term_string\"}}],\"inLanguage\":\"en-US\"}]}<\/script>\n<!-- \/ Yoast SEO plugin. -->","yoast_head_json":{"title":"Oris Aquis Great Barrier Reef III - Galli Uhren Bijouterie","robots":{"index":"index","follow":"follow","max-snippet":"max-snippet:-1","max-image-preview":"max-image-preview:large","max-video-preview":"max-video-preview:-1"},"canonical":"https:\/\/galli.ch\/uhren\/galli-cpo\/weitere-marken\/oris-aquis-great-barrier-reef-iii-01-771-7743-4185-set\/","og_locale":"en_US","og_type":"article","og_title":"Oris Aquis Great Barrier Reef III - Galli Uhren Bijouterie","og_description":"Oris ist auf einer Mission, eine positive Ver\u00e4nderung zu bewirken, vor allem f\u00fcr die Weltmeere. Der unabh\u00e4ngige Schweizer Uhrenhersteller unterst\u00fctzt seit Jahren Meeresschutzprogramme und setzt sich f\u00fcr diese ein, zuletzt beim The Oceans Project, das sowohl das Bewusstsein sch\u00e4rft als auch Pionierarbeit leistende Aktivit\u00e4ten und wegweisende Visionen f\u00f6rdert. Jahrgang: 2019 Zustand: Gut Original Papiere: Ja... Weiter &raquo;","og_url":"https:\/\/galli.ch\/uhren\/galli-cpo\/weitere-marken\/oris-aquis-great-barrier-reef-iii-01-771-7743-4185-set\/","og_site_name":"Galli Uhren Bijouterie","article_modified_time":"2025-11-17T08:08:27+00:00","og_image":[{"width":1000,"height":1400,"url":"https:\/\/galli.ch\/wp-content\/uploads\/IMG_3050.png","type":"image\/png"}],"twitter_card":"summary_large_image","schema":{"@context":"https:\/\/schema.org","@graph":[{"@type":"WebPage","@id":"https:\/\/galli.ch\/uhren\/galli-cpo\/weitere-marken\/oris-aquis-great-barrier-reef-iii-01-771-7743-4185-set\/","url":"https:\/\/galli.ch\/uhren\/galli-cpo\/weitere-marken\/oris-aquis-great-barrier-reef-iii-01-771-7743-4185-set\/","name":"Oris Aquis Great Barrier Reef III - Galli Uhren Bijouterie","isPartOf":{"@id":"http:\/\/galli.ch\/en\/#website"},"primaryImageOfPage":{"@id":"https:\/\/galli.ch\/uhren\/galli-cpo\/weitere-marken\/oris-aquis-great-barrier-reef-iii-01-771-7743-4185-set\/#primaryimage"},"image":{"@id":"https:\/\/galli.ch\/uhren\/galli-cpo\/weitere-marken\/oris-aquis-great-barrier-reef-iii-01-771-7743-4185-set\/#primaryimage"},"thumbnailUrl":"https:\/\/galli.ch\/wp-content\/uploads\/IMG_3050.png","datePublished":"2024-07-18T13:52:13+00:00","dateModified":"2025-11-17T08:08:27+00:00","breadcrumb":{"@id":"https:\/\/galli.ch\/uhren\/galli-cpo\/weitere-marken\/oris-aquis-great-barrier-reef-iii-01-771-7743-4185-set\/#breadcrumb"},"inLanguage":"en-US","potentialAction":[{"@type":"ReadAction","target":["https:\/\/galli.ch\/uhren\/galli-cpo\/weitere-marken\/oris-aquis-great-barrier-reef-iii-01-771-7743-4185-set\/"]}]},{"@type":"ImageObject","inLanguage":"en-US","@id":"https:\/\/galli.ch\/uhren\/galli-cpo\/weitere-marken\/oris-aquis-great-barrier-reef-iii-01-771-7743-4185-set\/#primaryimage","url":"https:\/\/galli.ch\/wp-content\/uploads\/IMG_3050.png","contentUrl":"https:\/\/galli.ch\/wp-content\/uploads\/IMG_3050.png","width":1000,"height":1400},{"@type":"BreadcrumbList","@id":"https:\/\/galli.ch\/uhren\/galli-cpo\/weitere-marken\/oris-aquis-great-barrier-reef-iii-01-771-7743-4185-set\/#breadcrumb","itemListElement":[{"@type":"ListItem","position":1,"name":"Home","item":"https:\/\/galli.ch\/en\/"},{"@type":"ListItem","position":2,"name":"Uhren","item":"https:\/\/galli.ch\/en\/uhren\/"},{"@type":"ListItem","position":3,"name":"Oris Aquis Great Barrier Reef III"}]},{"@type":"WebSite","@id":"http:\/\/galli.ch\/en\/#website","url":"http:\/\/galli.ch\/en\/","name":"Galli Uhren Bijouterie","description":"","potentialAction":[{"@type":"SearchAction","target":{"@type":"EntryPoint","urlTemplate":"http:\/\/galli.ch\/en\/?s={search_term_string}"},"query-input":{"@type":"PropertyValueSpecification","valueRequired":true,"valueName":"search_term_string"}}],"inLanguage":"en-US"}]}},"_links":{"self":[{"href":"https:\/\/galli.ch\/en\/wp-json\/wp\/v2\/product\/32628","targetHints":{"allow":["GET"]}}],"collection":[{"href":"https:\/\/galli.ch\/en\/wp-json\/wp\/v2\/product"}],"about":[{"href":"https:\/\/galli.ch\/en\/wp-json\/wp\/v2\/types\/product"}],"wp:featuredmedia":[{"embeddable":true,"href":"https:\/\/galli.ch\/en\/wp-json\/wp\/v2\/media\/32629"}],"wp:attachment":[{"href":"https:\/\/galli.ch\/en\/wp-json\/wp\/v2\/media?parent=32628"}],"wp:term":[{"taxonomy":"product_brand","embeddable":true,"href":"https:\/\/galli.ch\/en\/wp-json\/wp\/v2\/product_brand?post=32628"},{"taxonomy":"product_cat","embeddable":true,"href":"https:\/\/galli.ch\/en\/wp-json\/wp\/v2\/product_cat?post=32628"},{"taxonomy":"product_tag","embeddable":true,"href":"https:\/\/galli.ch\/en\/wp-json\/wp\/v2\/product_tag?post=32628"}],"curies":[{"name":"wp","href":"https:\/\/api.w.org\/{rel}","templated":true}]}}