{"id":32654,"date":"2024-07-18T17:19:13","date_gmt":"2024-07-18T15:19:13","guid":{"rendered":"https:\/\/galli.ch\/?post_type=product&#038;p=32654"},"modified":"2025-11-17T09:09:27","modified_gmt":"2025-11-17T08:09:27","slug":"omega-speedmaster-moonphase-304-33-44-52-03-001","status":"publish","type":"product","link":"https:\/\/galli.ch\/en\/uhren\/galli-cpo\/omega-2\/omega-speedmaster-moonphase-304-33-44-52-03-001\/","title":{"rendered":"Omega Speedmaster Moonphase"},"content":{"rendered":"<p>Die Speedmaster, die bei allen sechs Mondmissionen dabei war, geh\u00f6rt zu OMEGAs legend\u00e4rsten Zeitmessern. In Anlehnung an den Entdeckergeist verf\u00fcgt diese neue Moonphase \u00fcber zwei extrem kleine, aber fotorealistische Monde.<\/p>\n<p>Jahrgang: 2018<\/p>\n<p>Zustand: Gut<\/p>\n<p>Original Papiere: Ja<\/p>\n<p>Original Box: Ja<\/p>\n","protected":false},"excerpt":{"rendered":"<p>Die Speedmaster, die bei allen sechs Mondmissionen dabei war, geh\u00f6rt zu OMEGAs legend\u00e4rsten Zeitmessern. In Anlehnung an den Entdeckergeist verf\u00fcgt diese neue Moonphase \u00fcber zwei extrem kleine, aber fotorealistische Monde. Jahrgang: 2018 Zustand: Gut Original Papiere: Ja Original Box: Ja<\/p>\n","protected":false},"featured_media":32643,"template":"","meta":{"_acf_changed":false,"inline_featured_image":false},"product_brand":[],"product_cat":[188],"product_tag":[],"class_list":{"0":"post-32654","1":"product","2":"type-product","3":"status-publish","4":"has-post-thumbnail","6":"uhrenhersteller-galli-cpo","7":"uhrenhersteller-omega-2","8":"product_cat-uhren","10":"first","11":"instock","12":"taxable","13":"shipping-taxable","14":"purchasable","15":"product-type-simple"},"acf":[],"yoast_head":"<!-- This site is optimized with the Yoast SEO plugin v25.5 - https:\/\/yoast.com\/wordpress\/plugins\/seo\/ -->\n<title>Omega Speedmaster Moonphase - Galli Uhren Bijouterie<\/title>\n<meta name=\"robots\" content=\"index, follow, max-snippet:-1, max-image-preview:large, max-video-preview:-1\" \/>\n<link rel=\"canonical\" href=\"https:\/\/galli.ch\/uhren\/galli-cpo\/omega-2\/omega-speedmaster-moonphase-304-33-44-52-03-001\/\" \/>\n<meta property=\"og:locale\" content=\"en_US\" \/>\n<meta property=\"og:type\" content=\"article\" \/>\n<meta property=\"og:title\" content=\"Omega Speedmaster Moonphase - Galli Uhren Bijouterie\" \/>\n<meta property=\"og:description\" content=\"Die Speedmaster, die bei allen sechs Mondmissionen dabei war, geh\u00f6rt zu OMEGAs legend\u00e4rsten Zeitmessern. In Anlehnung an den Entdeckergeist verf\u00fcgt diese neue Moonphase \u00fcber zwei extrem kleine, aber fotorealistische Monde. Jahrgang: 2018 Zustand: Gut Original Papiere: Ja Original Box: Ja\" \/>\n<meta property=\"og:url\" content=\"https:\/\/galli.ch\/uhren\/galli-cpo\/omega-2\/omega-speedmaster-moonphase-304-33-44-52-03-001\/\" \/>\n<meta property=\"og:site_name\" content=\"Galli Uhren Bijouterie\" \/>\n<meta property=\"article:modified_time\" content=\"2025-11-17T08:09:27+00:00\" \/>\n<meta property=\"og:image\" content=\"https:\/\/galli.ch\/wp-content\/uploads\/IMG_3034.png\" \/>\n\t<meta property=\"og:image:width\" content=\"1000\" \/>\n\t<meta property=\"og:image:height\" content=\"1400\" \/>\n\t<meta property=\"og:image:type\" content=\"image\/png\" \/>\n<meta name=\"twitter:card\" content=\"summary_large_image\" \/>\n<script type=\"application\/ld+json\" class=\"yoast-schema-graph\">{\"@context\":\"https:\/\/schema.org\",\"@graph\":[{\"@type\":\"WebPage\",\"@id\":\"https:\/\/galli.ch\/uhren\/galli-cpo\/omega-2\/omega-speedmaster-moonphase-304-33-44-52-03-001\/\",\"url\":\"https:\/\/galli.ch\/uhren\/galli-cpo\/omega-2\/omega-speedmaster-moonphase-304-33-44-52-03-001\/\",\"name\":\"Omega Speedmaster Moonphase - Galli Uhren Bijouterie\",\"isPartOf\":{\"@id\":\"http:\/\/galli.ch\/en\/#website\"},\"primaryImageOfPage\":{\"@id\":\"https:\/\/galli.ch\/uhren\/galli-cpo\/omega-2\/omega-speedmaster-moonphase-304-33-44-52-03-001\/#primaryimage\"},\"image\":{\"@id\":\"https:\/\/galli.ch\/uhren\/galli-cpo\/omega-2\/omega-speedmaster-moonphase-304-33-44-52-03-001\/#primaryimage\"},\"thumbnailUrl\":\"https:\/\/galli.ch\/wp-content\/uploads\/IMG_3034.png\",\"datePublished\":\"2024-07-18T15:19:13+00:00\",\"dateModified\":\"2025-11-17T08:09:27+00:00\",\"breadcrumb\":{\"@id\":\"https:\/\/galli.ch\/uhren\/galli-cpo\/omega-2\/omega-speedmaster-moonphase-304-33-44-52-03-001\/#breadcrumb\"},\"inLanguage\":\"en-US\",\"potentialAction\":[{\"@type\":\"ReadAction\",\"target\":[\"https:\/\/galli.ch\/uhren\/galli-cpo\/omega-2\/omega-speedmaster-moonphase-304-33-44-52-03-001\/\"]}]},{\"@type\":\"ImageObject\",\"inLanguage\":\"en-US\",\"@id\":\"https:\/\/galli.ch\/uhren\/galli-cpo\/omega-2\/omega-speedmaster-moonphase-304-33-44-52-03-001\/#primaryimage\",\"url\":\"https:\/\/galli.ch\/wp-content\/uploads\/IMG_3034.png\",\"contentUrl\":\"https:\/\/galli.ch\/wp-content\/uploads\/IMG_3034.png\",\"width\":1000,\"height\":1400},{\"@type\":\"BreadcrumbList\",\"@id\":\"https:\/\/galli.ch\/uhren\/galli-cpo\/omega-2\/omega-speedmaster-moonphase-304-33-44-52-03-001\/#breadcrumb\",\"itemListElement\":[{\"@type\":\"ListItem\",\"position\":1,\"name\":\"Home\",\"item\":\"https:\/\/galli.ch\/en\/\"},{\"@type\":\"ListItem\",\"position\":2,\"name\":\"Uhren\",\"item\":\"https:\/\/galli.ch\/en\/uhren\/\"},{\"@type\":\"ListItem\",\"position\":3,\"name\":\"Omega Speedmaster Moonphase\"}]},{\"@type\":\"WebSite\",\"@id\":\"http:\/\/galli.ch\/en\/#website\",\"url\":\"http:\/\/galli.ch\/en\/\",\"name\":\"Galli Uhren Bijouterie\",\"description\":\"\",\"potentialAction\":[{\"@type\":\"SearchAction\",\"target\":{\"@type\":\"EntryPoint\",\"urlTemplate\":\"http:\/\/galli.ch\/en\/?s={search_term_string}\"},\"query-input\":{\"@type\":\"PropertyValueSpecification\",\"valueRequired\":true,\"valueName\":\"search_term_string\"}}],\"inLanguage\":\"en-US\"}]}<\/script>\n<!-- \/ Yoast SEO plugin. -->","yoast_head_json":{"title":"Omega Speedmaster Moonphase - Galli Uhren Bijouterie","robots":{"index":"index","follow":"follow","max-snippet":"max-snippet:-1","max-image-preview":"max-image-preview:large","max-video-preview":"max-video-preview:-1"},"canonical":"https:\/\/galli.ch\/uhren\/galli-cpo\/omega-2\/omega-speedmaster-moonphase-304-33-44-52-03-001\/","og_locale":"en_US","og_type":"article","og_title":"Omega Speedmaster Moonphase - Galli Uhren Bijouterie","og_description":"Die Speedmaster, die bei allen sechs Mondmissionen dabei war, geh\u00f6rt zu OMEGAs legend\u00e4rsten Zeitmessern. In Anlehnung an den Entdeckergeist verf\u00fcgt diese neue Moonphase \u00fcber zwei extrem kleine, aber fotorealistische Monde. Jahrgang: 2018 Zustand: Gut Original Papiere: Ja Original Box: Ja","og_url":"https:\/\/galli.ch\/uhren\/galli-cpo\/omega-2\/omega-speedmaster-moonphase-304-33-44-52-03-001\/","og_site_name":"Galli Uhren Bijouterie","article_modified_time":"2025-11-17T08:09:27+00:00","og_image":[{"width":1000,"height":1400,"url":"https:\/\/galli.ch\/wp-content\/uploads\/IMG_3034.png","type":"image\/png"}],"twitter_card":"summary_large_image","schema":{"@context":"https:\/\/schema.org","@graph":[{"@type":"WebPage","@id":"https:\/\/galli.ch\/uhren\/galli-cpo\/omega-2\/omega-speedmaster-moonphase-304-33-44-52-03-001\/","url":"https:\/\/galli.ch\/uhren\/galli-cpo\/omega-2\/omega-speedmaster-moonphase-304-33-44-52-03-001\/","name":"Omega Speedmaster Moonphase - Galli Uhren Bijouterie","isPartOf":{"@id":"http:\/\/galli.ch\/en\/#website"},"primaryImageOfPage":{"@id":"https:\/\/galli.ch\/uhren\/galli-cpo\/omega-2\/omega-speedmaster-moonphase-304-33-44-52-03-001\/#primaryimage"},"image":{"@id":"https:\/\/galli.ch\/uhren\/galli-cpo\/omega-2\/omega-speedmaster-moonphase-304-33-44-52-03-001\/#primaryimage"},"thumbnailUrl":"https:\/\/galli.ch\/wp-content\/uploads\/IMG_3034.png","datePublished":"2024-07-18T15:19:13+00:00","dateModified":"2025-11-17T08:09:27+00:00","breadcrumb":{"@id":"https:\/\/galli.ch\/uhren\/galli-cpo\/omega-2\/omega-speedmaster-moonphase-304-33-44-52-03-001\/#breadcrumb"},"inLanguage":"en-US","potentialAction":[{"@type":"ReadAction","target":["https:\/\/galli.ch\/uhren\/galli-cpo\/omega-2\/omega-speedmaster-moonphase-304-33-44-52-03-001\/"]}]},{"@type":"ImageObject","inLanguage":"en-US","@id":"https:\/\/galli.ch\/uhren\/galli-cpo\/omega-2\/omega-speedmaster-moonphase-304-33-44-52-03-001\/#primaryimage","url":"https:\/\/galli.ch\/wp-content\/uploads\/IMG_3034.png","contentUrl":"https:\/\/galli.ch\/wp-content\/uploads\/IMG_3034.png","width":1000,"height":1400},{"@type":"BreadcrumbList","@id":"https:\/\/galli.ch\/uhren\/galli-cpo\/omega-2\/omega-speedmaster-moonphase-304-33-44-52-03-001\/#breadcrumb","itemListElement":[{"@type":"ListItem","position":1,"name":"Home","item":"https:\/\/galli.ch\/en\/"},{"@type":"ListItem","position":2,"name":"Uhren","item":"https:\/\/galli.ch\/en\/uhren\/"},{"@type":"ListItem","position":3,"name":"Omega Speedmaster Moonphase"}]},{"@type":"WebSite","@id":"http:\/\/galli.ch\/en\/#website","url":"http:\/\/galli.ch\/en\/","name":"Galli Uhren Bijouterie","description":"","potentialAction":[{"@type":"SearchAction","target":{"@type":"EntryPoint","urlTemplate":"http:\/\/galli.ch\/en\/?s={search_term_string}"},"query-input":{"@type":"PropertyValueSpecification","valueRequired":true,"valueName":"search_term_string"}}],"inLanguage":"en-US"}]}},"_links":{"self":[{"href":"https:\/\/galli.ch\/en\/wp-json\/wp\/v2\/product\/32654","targetHints":{"allow":["GET"]}}],"collection":[{"href":"https:\/\/galli.ch\/en\/wp-json\/wp\/v2\/product"}],"about":[{"href":"https:\/\/galli.ch\/en\/wp-json\/wp\/v2\/types\/product"}],"wp:featuredmedia":[{"embeddable":true,"href":"https:\/\/galli.ch\/en\/wp-json\/wp\/v2\/media\/32643"}],"wp:attachment":[{"href":"https:\/\/galli.ch\/en\/wp-json\/wp\/v2\/media?parent=32654"}],"wp:term":[{"taxonomy":"product_brand","embeddable":true,"href":"https:\/\/galli.ch\/en\/wp-json\/wp\/v2\/product_brand?post=32654"},{"taxonomy":"product_cat","embeddable":true,"href":"https:\/\/galli.ch\/en\/wp-json\/wp\/v2\/product_cat?post=32654"},{"taxonomy":"product_tag","embeddable":true,"href":"https:\/\/galli.ch\/en\/wp-json\/wp\/v2\/product_tag?post=32654"}],"curies":[{"name":"wp","href":"https:\/\/api.w.org\/{rel}","templated":true}]}}