{"id":32682,"date":"2024-07-20T10:31:30","date_gmt":"2024-07-20T08:31:30","guid":{"rendered":"https:\/\/galli.ch\/?post_type=product&#038;p=32682"},"modified":"2026-04-24T17:15:05","modified_gmt":"2026-04-24T15:15:05","slug":"ohrhaenger-rosegold-rutilquarz-mit-diamanten-obr12brutilg","status":"publish","type":"product","link":"https:\/\/galli.ch\/en\/schmuck\/herzog-loibner\/ohrhaenger-rosegold-rutilquarz-mit-diamanten-obr12brutilg\/","title":{"rendered":"Herzog Loibner Ohrh\u00e4nger Ros\u00e9gold Rutilquarz mit Diamanten"},"content":{"rendered":"<p>Die Ohrh\u00e4nger von Herzog und Loibner schmeicheln jede Gesichtsform. Sie verzaubern in ihrem unersch\u00f6pflichen Farbenspiel. Jeder Stein ist ein Einzelst\u00fcck und ein besonderer Wertgegenstand, der beim Tragen zur Geltung kommt.<\/p>\n<p>W\u00e4hlen Sie aus den 38 wundersch\u00f6nen Farbedelsteinen Ihren ganz pers\u00f6nlichen Favoriten. Die 2 verschiedenen Gr\u00f6ssen in purem Gold oder in Brillantfassung erm\u00f6glichen Ihnen eine Vielzahl an Kombinationsm\u00f6glichkeiten und wecken die Lust zum Sammeln.<\/p>\n","protected":false},"excerpt":{"rendered":"<p>Die Ohrh\u00e4nger von Herzog und Loibner schmeicheln jede Gesichtsform. Sie verzaubern in ihrem unersch\u00f6pflichen Farbenspiel. Jeder Stein ist ein Einzelst\u00fcck und ein besonderer Wertgegenstand, der beim Tragen zur Geltung kommt. W\u00e4hlen Sie aus den 38 wundersch\u00f6nen Farbedelsteinen Ihren ganz pers\u00f6nlichen Favoriten. Die 2 verschiedenen Gr\u00f6ssen in purem Gold oder in Brillantfassung erm\u00f6glichen Ihnen eine Vielzahl&#8230;  <a class=\"excerpt-read-more\" href=\"https:\/\/galli.ch\/en\/schmuck\/herzog-loibner\/ohrhaenger-rosegold-rutilquarz-mit-diamanten-obr12brutilg\/\" title=\"Read Herzog Loibner Ohrh\u00e4nger Ros\u00e9gold Rutilquarz mit Diamanten\">Weiter &raquo;<\/a><\/p>\n","protected":false},"featured_media":32606,"template":"","meta":{"_acf_changed":false,"inline_featured_image":false},"product_brand":[],"product_cat":[189],"product_tag":[],"class_list":{"0":"post-32682","1":"product","2":"type-product","3":"status-publish","4":"has-post-thumbnail","6":"schmuckhersteller-herzog-loibner","7":"schmuckthemen-earrings","8":"product_cat-schmuck","10":"first","11":"outofstock","12":"taxable","13":"shipping-taxable","14":"purchasable","15":"product-type-simple"},"acf":[],"yoast_head":"<!-- This site is optimized with the Yoast SEO plugin v25.5 - https:\/\/yoast.com\/wordpress\/plugins\/seo\/ -->\n<title>Herzog Loibner Ohrh\u00e4nger Ros\u00e9gold Rutilquarz mit Diamanten - Galli Uhren Bijouterie<\/title>\n<meta name=\"robots\" content=\"index, follow, max-snippet:-1, max-image-preview:large, max-video-preview:-1\" \/>\n<link rel=\"canonical\" href=\"https:\/\/galli.ch\/schmuck\/herzog-loibner\/ohrhaenger-rosegold-rutilquarz-mit-diamanten-obr12brutilg\/\" \/>\n<meta property=\"og:locale\" content=\"en_US\" \/>\n<meta property=\"og:type\" content=\"article\" \/>\n<meta property=\"og:title\" content=\"Herzog Loibner Ohrh\u00e4nger Ros\u00e9gold Rutilquarz mit Diamanten - Galli Uhren Bijouterie\" \/>\n<meta property=\"og:description\" content=\"Die Ohrh\u00e4nger von Herzog und Loibner schmeicheln jede Gesichtsform. Sie verzaubern in ihrem unersch\u00f6pflichen Farbenspiel. Jeder Stein ist ein Einzelst\u00fcck und ein besonderer Wertgegenstand, der beim Tragen zur Geltung kommt. W\u00e4hlen Sie aus den 38 wundersch\u00f6nen Farbedelsteinen Ihren ganz pers\u00f6nlichen Favoriten. Die 2 verschiedenen Gr\u00f6ssen in purem Gold oder in Brillantfassung erm\u00f6glichen Ihnen eine Vielzahl... Weiter &raquo;\" \/>\n<meta property=\"og:url\" content=\"https:\/\/galli.ch\/schmuck\/herzog-loibner\/ohrhaenger-rosegold-rutilquarz-mit-diamanten-obr12brutilg\/\" \/>\n<meta property=\"og:site_name\" content=\"Galli Uhren Bijouterie\" \/>\n<meta property=\"article:modified_time\" content=\"2026-04-24T15:15:05+00:00\" \/>\n<meta property=\"og:image\" content=\"https:\/\/galli.ch\/wp-content\/uploads\/240601R_8360_web.png\" \/>\n\t<meta property=\"og:image:width\" content=\"1000\" \/>\n\t<meta property=\"og:image:height\" content=\"1400\" \/>\n\t<meta property=\"og:image:type\" content=\"image\/png\" \/>\n<meta name=\"twitter:card\" content=\"summary_large_image\" \/>\n<script type=\"application\/ld+json\" class=\"yoast-schema-graph\">{\"@context\":\"https:\/\/schema.org\",\"@graph\":[{\"@type\":\"WebPage\",\"@id\":\"https:\/\/galli.ch\/schmuck\/herzog-loibner\/ohrhaenger-rosegold-rutilquarz-mit-diamanten-obr12brutilg\/\",\"url\":\"https:\/\/galli.ch\/schmuck\/herzog-loibner\/ohrhaenger-rosegold-rutilquarz-mit-diamanten-obr12brutilg\/\",\"name\":\"Herzog Loibner Ohrh\u00e4nger Ros\u00e9gold Rutilquarz mit Diamanten - Galli Uhren Bijouterie\",\"isPartOf\":{\"@id\":\"http:\/\/galli.ch\/en\/#website\"},\"primaryImageOfPage\":{\"@id\":\"https:\/\/galli.ch\/schmuck\/herzog-loibner\/ohrhaenger-rosegold-rutilquarz-mit-diamanten-obr12brutilg\/#primaryimage\"},\"image\":{\"@id\":\"https:\/\/galli.ch\/schmuck\/herzog-loibner\/ohrhaenger-rosegold-rutilquarz-mit-diamanten-obr12brutilg\/#primaryimage\"},\"thumbnailUrl\":\"https:\/\/galli.ch\/wp-content\/uploads\/240601R_8360_web.png\",\"datePublished\":\"2024-07-20T08:31:30+00:00\",\"dateModified\":\"2026-04-24T15:15:05+00:00\",\"breadcrumb\":{\"@id\":\"https:\/\/galli.ch\/schmuck\/herzog-loibner\/ohrhaenger-rosegold-rutilquarz-mit-diamanten-obr12brutilg\/#breadcrumb\"},\"inLanguage\":\"en-US\",\"potentialAction\":[{\"@type\":\"ReadAction\",\"target\":[\"https:\/\/galli.ch\/schmuck\/herzog-loibner\/ohrhaenger-rosegold-rutilquarz-mit-diamanten-obr12brutilg\/\"]}]},{\"@type\":\"ImageObject\",\"inLanguage\":\"en-US\",\"@id\":\"https:\/\/galli.ch\/schmuck\/herzog-loibner\/ohrhaenger-rosegold-rutilquarz-mit-diamanten-obr12brutilg\/#primaryimage\",\"url\":\"https:\/\/galli.ch\/wp-content\/uploads\/240601R_8360_web.png\",\"contentUrl\":\"https:\/\/galli.ch\/wp-content\/uploads\/240601R_8360_web.png\",\"width\":1000,\"height\":1400},{\"@type\":\"BreadcrumbList\",\"@id\":\"https:\/\/galli.ch\/schmuck\/herzog-loibner\/ohrhaenger-rosegold-rutilquarz-mit-diamanten-obr12brutilg\/#breadcrumb\",\"itemListElement\":[{\"@type\":\"ListItem\",\"position\":1,\"name\":\"Home\",\"item\":\"https:\/\/galli.ch\/en\/\"},{\"@type\":\"ListItem\",\"position\":2,\"name\":\"Uhren\",\"item\":\"https:\/\/galli.ch\/en\/uhren\/\"},{\"@type\":\"ListItem\",\"position\":3,\"name\":\"Herzog Loibner Ohrh\u00e4nger Ros\u00e9gold Rutilquarz mit Diamanten\"}]},{\"@type\":\"WebSite\",\"@id\":\"http:\/\/galli.ch\/en\/#website\",\"url\":\"http:\/\/galli.ch\/en\/\",\"name\":\"Galli Uhren Bijouterie\",\"description\":\"\",\"potentialAction\":[{\"@type\":\"SearchAction\",\"target\":{\"@type\":\"EntryPoint\",\"urlTemplate\":\"http:\/\/galli.ch\/en\/?s={search_term_string}\"},\"query-input\":{\"@type\":\"PropertyValueSpecification\",\"valueRequired\":true,\"valueName\":\"search_term_string\"}}],\"inLanguage\":\"en-US\"}]}<\/script>\n<!-- \/ Yoast SEO plugin. -->","yoast_head_json":{"title":"Herzog Loibner Ohrh\u00e4nger Ros\u00e9gold Rutilquarz mit Diamanten - Galli Uhren Bijouterie","robots":{"index":"index","follow":"follow","max-snippet":"max-snippet:-1","max-image-preview":"max-image-preview:large","max-video-preview":"max-video-preview:-1"},"canonical":"https:\/\/galli.ch\/schmuck\/herzog-loibner\/ohrhaenger-rosegold-rutilquarz-mit-diamanten-obr12brutilg\/","og_locale":"en_US","og_type":"article","og_title":"Herzog Loibner Ohrh\u00e4nger Ros\u00e9gold Rutilquarz mit Diamanten - Galli Uhren Bijouterie","og_description":"Die Ohrh\u00e4nger von Herzog und Loibner schmeicheln jede Gesichtsform. Sie verzaubern in ihrem unersch\u00f6pflichen Farbenspiel. Jeder Stein ist ein Einzelst\u00fcck und ein besonderer Wertgegenstand, der beim Tragen zur Geltung kommt. W\u00e4hlen Sie aus den 38 wundersch\u00f6nen Farbedelsteinen Ihren ganz pers\u00f6nlichen Favoriten. Die 2 verschiedenen Gr\u00f6ssen in purem Gold oder in Brillantfassung erm\u00f6glichen Ihnen eine Vielzahl... Weiter &raquo;","og_url":"https:\/\/galli.ch\/schmuck\/herzog-loibner\/ohrhaenger-rosegold-rutilquarz-mit-diamanten-obr12brutilg\/","og_site_name":"Galli Uhren Bijouterie","article_modified_time":"2026-04-24T15:15:05+00:00","og_image":[{"width":1000,"height":1400,"url":"https:\/\/galli.ch\/wp-content\/uploads\/240601R_8360_web.png","type":"image\/png"}],"twitter_card":"summary_large_image","schema":{"@context":"https:\/\/schema.org","@graph":[{"@type":"WebPage","@id":"https:\/\/galli.ch\/schmuck\/herzog-loibner\/ohrhaenger-rosegold-rutilquarz-mit-diamanten-obr12brutilg\/","url":"https:\/\/galli.ch\/schmuck\/herzog-loibner\/ohrhaenger-rosegold-rutilquarz-mit-diamanten-obr12brutilg\/","name":"Herzog Loibner Ohrh\u00e4nger Ros\u00e9gold Rutilquarz mit Diamanten - Galli Uhren Bijouterie","isPartOf":{"@id":"http:\/\/galli.ch\/en\/#website"},"primaryImageOfPage":{"@id":"https:\/\/galli.ch\/schmuck\/herzog-loibner\/ohrhaenger-rosegold-rutilquarz-mit-diamanten-obr12brutilg\/#primaryimage"},"image":{"@id":"https:\/\/galli.ch\/schmuck\/herzog-loibner\/ohrhaenger-rosegold-rutilquarz-mit-diamanten-obr12brutilg\/#primaryimage"},"thumbnailUrl":"https:\/\/galli.ch\/wp-content\/uploads\/240601R_8360_web.png","datePublished":"2024-07-20T08:31:30+00:00","dateModified":"2026-04-24T15:15:05+00:00","breadcrumb":{"@id":"https:\/\/galli.ch\/schmuck\/herzog-loibner\/ohrhaenger-rosegold-rutilquarz-mit-diamanten-obr12brutilg\/#breadcrumb"},"inLanguage":"en-US","potentialAction":[{"@type":"ReadAction","target":["https:\/\/galli.ch\/schmuck\/herzog-loibner\/ohrhaenger-rosegold-rutilquarz-mit-diamanten-obr12brutilg\/"]}]},{"@type":"ImageObject","inLanguage":"en-US","@id":"https:\/\/galli.ch\/schmuck\/herzog-loibner\/ohrhaenger-rosegold-rutilquarz-mit-diamanten-obr12brutilg\/#primaryimage","url":"https:\/\/galli.ch\/wp-content\/uploads\/240601R_8360_web.png","contentUrl":"https:\/\/galli.ch\/wp-content\/uploads\/240601R_8360_web.png","width":1000,"height":1400},{"@type":"BreadcrumbList","@id":"https:\/\/galli.ch\/schmuck\/herzog-loibner\/ohrhaenger-rosegold-rutilquarz-mit-diamanten-obr12brutilg\/#breadcrumb","itemListElement":[{"@type":"ListItem","position":1,"name":"Home","item":"https:\/\/galli.ch\/en\/"},{"@type":"ListItem","position":2,"name":"Uhren","item":"https:\/\/galli.ch\/en\/uhren\/"},{"@type":"ListItem","position":3,"name":"Herzog Loibner Ohrh\u00e4nger Ros\u00e9gold Rutilquarz mit Diamanten"}]},{"@type":"WebSite","@id":"http:\/\/galli.ch\/en\/#website","url":"http:\/\/galli.ch\/en\/","name":"Galli Uhren Bijouterie","description":"","potentialAction":[{"@type":"SearchAction","target":{"@type":"EntryPoint","urlTemplate":"http:\/\/galli.ch\/en\/?s={search_term_string}"},"query-input":{"@type":"PropertyValueSpecification","valueRequired":true,"valueName":"search_term_string"}}],"inLanguage":"en-US"}]}},"_links":{"self":[{"href":"https:\/\/galli.ch\/en\/wp-json\/wp\/v2\/product\/32682","targetHints":{"allow":["GET"]}}],"collection":[{"href":"https:\/\/galli.ch\/en\/wp-json\/wp\/v2\/product"}],"about":[{"href":"https:\/\/galli.ch\/en\/wp-json\/wp\/v2\/types\/product"}],"wp:featuredmedia":[{"embeddable":true,"href":"https:\/\/galli.ch\/en\/wp-json\/wp\/v2\/media\/32606"}],"wp:attachment":[{"href":"https:\/\/galli.ch\/en\/wp-json\/wp\/v2\/media?parent=32682"}],"wp:term":[{"taxonomy":"product_brand","embeddable":true,"href":"https:\/\/galli.ch\/en\/wp-json\/wp\/v2\/product_brand?post=32682"},{"taxonomy":"product_cat","embeddable":true,"href":"https:\/\/galli.ch\/en\/wp-json\/wp\/v2\/product_cat?post=32682"},{"taxonomy":"product_tag","embeddable":true,"href":"https:\/\/galli.ch\/en\/wp-json\/wp\/v2\/product_tag?post=32682"}],"curies":[{"name":"wp","href":"https:\/\/api.w.org\/{rel}","templated":true}]}}