{"id":32684,"date":"2024-07-20T10:46:36","date_gmt":"2024-07-20T08:46:36","guid":{"rendered":"https:\/\/galli.ch\/?post_type=product&#038;p=32684"},"modified":"2025-03-13T13:45:46","modified_gmt":"2025-03-13T12:45:46","slug":"flashlight-ring-weissgold-1214-05104-5601","status":"publish","type":"product","link":"https:\/\/galli.ch\/en\/schmuck\/odenwald\/flashlight-ring-weissgold-1214-05104-5601\/","title":{"rendered":"Odenwald Flashlight Ring Weissgold \/ Palladium"},"content":{"rendered":"<p>Seit 1882 fertigt Odenwald in ihrer traditionellen Manufaktur hochwertigen Goldschmuck aus der Goldstadt Pforzheim. Von Generation zu Generation wurden die Werte Handarbeit, Kreativit\u00e4t und Individualit\u00e4t weitergegeben. Diese Tradition und die Begeisterung f\u00fcr wertvollen, besonderen Schmuck lassen uns f\u00fcr Sie immer wieder neue Ideen schaffen.<\/p>\n<p>Dieser Ring verf\u00fcgt \u00fcber 9 unbehandelte Saphire in ausserordentlicher Qualit\u00e4t.<\/p>\n","protected":false},"excerpt":{"rendered":"<p>Seit 1882 fertigt Odenwald in ihrer traditionellen Manufaktur hochwertigen Goldschmuck aus der Goldstadt Pforzheim. Von Generation zu Generation wurden die Werte Handarbeit, Kreativit\u00e4t und Individualit\u00e4t weitergegeben. Diese Tradition und die Begeisterung f\u00fcr wertvollen, besonderen Schmuck lassen uns f\u00fcr Sie immer wieder neue Ideen schaffen. Dieser Ring verf\u00fcgt \u00fcber 9 unbehandelte Saphire in ausserordentlicher Qualit\u00e4t.<\/p>\n","protected":false},"featured_media":32614,"template":"","meta":{"_acf_changed":false,"inline_featured_image":false},"product_brand":[],"product_cat":[189],"product_tag":[],"class_list":{"0":"post-32684","1":"product","2":"type-product","3":"status-publish","4":"has-post-thumbnail","6":"schmuckhersteller-odenwald","7":"schmuckthemen-rings","8":"product_cat-schmuck","10":"first","11":"instock","12":"taxable","13":"shipping-taxable","14":"purchasable","15":"product-type-simple"},"acf":[],"yoast_head":"<!-- This site is optimized with the Yoast SEO plugin v25.5 - https:\/\/yoast.com\/wordpress\/plugins\/seo\/ -->\n<title>Odenwald Flashlight Ring Weissgold \/ Palladium - Galli Uhren Bijouterie<\/title>\n<meta name=\"robots\" content=\"index, follow, max-snippet:-1, max-image-preview:large, max-video-preview:-1\" \/>\n<link rel=\"canonical\" href=\"https:\/\/galli.ch\/schmuck\/odenwald\/flashlight-ring-weissgold-1214-05104-5601\/\" \/>\n<meta property=\"og:locale\" content=\"en_US\" \/>\n<meta property=\"og:type\" content=\"article\" \/>\n<meta property=\"og:title\" content=\"Odenwald Flashlight Ring Weissgold \/ Palladium - Galli Uhren Bijouterie\" \/>\n<meta property=\"og:description\" content=\"Seit 1882 fertigt Odenwald in ihrer traditionellen Manufaktur hochwertigen Goldschmuck aus der Goldstadt Pforzheim. Von Generation zu Generation wurden die Werte Handarbeit, Kreativit\u00e4t und Individualit\u00e4t weitergegeben. Diese Tradition und die Begeisterung f\u00fcr wertvollen, besonderen Schmuck lassen uns f\u00fcr Sie immer wieder neue Ideen schaffen. Dieser Ring verf\u00fcgt \u00fcber 9 unbehandelte Saphire in ausserordentlicher Qualit\u00e4t.\" \/>\n<meta property=\"og:url\" content=\"https:\/\/galli.ch\/schmuck\/odenwald\/flashlight-ring-weissgold-1214-05104-5601\/\" \/>\n<meta property=\"og:site_name\" content=\"Galli Uhren Bijouterie\" \/>\n<meta property=\"article:modified_time\" content=\"2025-03-13T12:45:46+00:00\" \/>\n<meta property=\"og:image\" content=\"https:\/\/galli.ch\/wp-content\/uploads\/od_65897_Flashlight_WG_Saph.png\" \/>\n\t<meta property=\"og:image:width\" content=\"1000\" \/>\n\t<meta property=\"og:image:height\" content=\"1400\" \/>\n\t<meta property=\"og:image:type\" content=\"image\/png\" \/>\n<meta name=\"twitter:card\" content=\"summary_large_image\" \/>\n<script type=\"application\/ld+json\" class=\"yoast-schema-graph\">{\"@context\":\"https:\/\/schema.org\",\"@graph\":[{\"@type\":\"WebPage\",\"@id\":\"https:\/\/galli.ch\/schmuck\/odenwald\/flashlight-ring-weissgold-1214-05104-5601\/\",\"url\":\"https:\/\/galli.ch\/schmuck\/odenwald\/flashlight-ring-weissgold-1214-05104-5601\/\",\"name\":\"Odenwald Flashlight Ring Weissgold \/ Palladium - Galli Uhren Bijouterie\",\"isPartOf\":{\"@id\":\"http:\/\/galli.ch\/en\/#website\"},\"primaryImageOfPage\":{\"@id\":\"https:\/\/galli.ch\/schmuck\/odenwald\/flashlight-ring-weissgold-1214-05104-5601\/#primaryimage\"},\"image\":{\"@id\":\"https:\/\/galli.ch\/schmuck\/odenwald\/flashlight-ring-weissgold-1214-05104-5601\/#primaryimage\"},\"thumbnailUrl\":\"https:\/\/galli.ch\/wp-content\/uploads\/od_65897_Flashlight_WG_Saph.png\",\"datePublished\":\"2024-07-20T08:46:36+00:00\",\"dateModified\":\"2025-03-13T12:45:46+00:00\",\"breadcrumb\":{\"@id\":\"https:\/\/galli.ch\/schmuck\/odenwald\/flashlight-ring-weissgold-1214-05104-5601\/#breadcrumb\"},\"inLanguage\":\"en-US\",\"potentialAction\":[{\"@type\":\"ReadAction\",\"target\":[\"https:\/\/galli.ch\/schmuck\/odenwald\/flashlight-ring-weissgold-1214-05104-5601\/\"]}]},{\"@type\":\"ImageObject\",\"inLanguage\":\"en-US\",\"@id\":\"https:\/\/galli.ch\/schmuck\/odenwald\/flashlight-ring-weissgold-1214-05104-5601\/#primaryimage\",\"url\":\"https:\/\/galli.ch\/wp-content\/uploads\/od_65897_Flashlight_WG_Saph.png\",\"contentUrl\":\"https:\/\/galli.ch\/wp-content\/uploads\/od_65897_Flashlight_WG_Saph.png\",\"width\":1000,\"height\":1400},{\"@type\":\"BreadcrumbList\",\"@id\":\"https:\/\/galli.ch\/schmuck\/odenwald\/flashlight-ring-weissgold-1214-05104-5601\/#breadcrumb\",\"itemListElement\":[{\"@type\":\"ListItem\",\"position\":1,\"name\":\"Home\",\"item\":\"https:\/\/galli.ch\/en\/\"},{\"@type\":\"ListItem\",\"position\":2,\"name\":\"Uhren\",\"item\":\"https:\/\/galli.ch\/en\/uhren\/\"},{\"@type\":\"ListItem\",\"position\":3,\"name\":\"Flashlight Ring Weissgold \/ Palladium\"}]},{\"@type\":\"WebSite\",\"@id\":\"http:\/\/galli.ch\/en\/#website\",\"url\":\"http:\/\/galli.ch\/en\/\",\"name\":\"Galli Uhren Bijouterie\",\"description\":\"\",\"potentialAction\":[{\"@type\":\"SearchAction\",\"target\":{\"@type\":\"EntryPoint\",\"urlTemplate\":\"http:\/\/galli.ch\/en\/?s={search_term_string}\"},\"query-input\":{\"@type\":\"PropertyValueSpecification\",\"valueRequired\":true,\"valueName\":\"search_term_string\"}}],\"inLanguage\":\"en-US\"}]}<\/script>\n<!-- \/ Yoast SEO plugin. -->","yoast_head_json":{"title":"Odenwald Flashlight Ring Weissgold \/ Palladium - Galli Uhren Bijouterie","robots":{"index":"index","follow":"follow","max-snippet":"max-snippet:-1","max-image-preview":"max-image-preview:large","max-video-preview":"max-video-preview:-1"},"canonical":"https:\/\/galli.ch\/schmuck\/odenwald\/flashlight-ring-weissgold-1214-05104-5601\/","og_locale":"en_US","og_type":"article","og_title":"Odenwald Flashlight Ring Weissgold \/ Palladium - Galli Uhren Bijouterie","og_description":"Seit 1882 fertigt Odenwald in ihrer traditionellen Manufaktur hochwertigen Goldschmuck aus der Goldstadt Pforzheim. Von Generation zu Generation wurden die Werte Handarbeit, Kreativit\u00e4t und Individualit\u00e4t weitergegeben. Diese Tradition und die Begeisterung f\u00fcr wertvollen, besonderen Schmuck lassen uns f\u00fcr Sie immer wieder neue Ideen schaffen. Dieser Ring verf\u00fcgt \u00fcber 9 unbehandelte Saphire in ausserordentlicher Qualit\u00e4t.","og_url":"https:\/\/galli.ch\/schmuck\/odenwald\/flashlight-ring-weissgold-1214-05104-5601\/","og_site_name":"Galli Uhren Bijouterie","article_modified_time":"2025-03-13T12:45:46+00:00","og_image":[{"width":1000,"height":1400,"url":"https:\/\/galli.ch\/wp-content\/uploads\/od_65897_Flashlight_WG_Saph.png","type":"image\/png"}],"twitter_card":"summary_large_image","schema":{"@context":"https:\/\/schema.org","@graph":[{"@type":"WebPage","@id":"https:\/\/galli.ch\/schmuck\/odenwald\/flashlight-ring-weissgold-1214-05104-5601\/","url":"https:\/\/galli.ch\/schmuck\/odenwald\/flashlight-ring-weissgold-1214-05104-5601\/","name":"Odenwald Flashlight Ring Weissgold \/ Palladium - Galli Uhren Bijouterie","isPartOf":{"@id":"http:\/\/galli.ch\/en\/#website"},"primaryImageOfPage":{"@id":"https:\/\/galli.ch\/schmuck\/odenwald\/flashlight-ring-weissgold-1214-05104-5601\/#primaryimage"},"image":{"@id":"https:\/\/galli.ch\/schmuck\/odenwald\/flashlight-ring-weissgold-1214-05104-5601\/#primaryimage"},"thumbnailUrl":"https:\/\/galli.ch\/wp-content\/uploads\/od_65897_Flashlight_WG_Saph.png","datePublished":"2024-07-20T08:46:36+00:00","dateModified":"2025-03-13T12:45:46+00:00","breadcrumb":{"@id":"https:\/\/galli.ch\/schmuck\/odenwald\/flashlight-ring-weissgold-1214-05104-5601\/#breadcrumb"},"inLanguage":"en-US","potentialAction":[{"@type":"ReadAction","target":["https:\/\/galli.ch\/schmuck\/odenwald\/flashlight-ring-weissgold-1214-05104-5601\/"]}]},{"@type":"ImageObject","inLanguage":"en-US","@id":"https:\/\/galli.ch\/schmuck\/odenwald\/flashlight-ring-weissgold-1214-05104-5601\/#primaryimage","url":"https:\/\/galli.ch\/wp-content\/uploads\/od_65897_Flashlight_WG_Saph.png","contentUrl":"https:\/\/galli.ch\/wp-content\/uploads\/od_65897_Flashlight_WG_Saph.png","width":1000,"height":1400},{"@type":"BreadcrumbList","@id":"https:\/\/galli.ch\/schmuck\/odenwald\/flashlight-ring-weissgold-1214-05104-5601\/#breadcrumb","itemListElement":[{"@type":"ListItem","position":1,"name":"Home","item":"https:\/\/galli.ch\/en\/"},{"@type":"ListItem","position":2,"name":"Uhren","item":"https:\/\/galli.ch\/en\/uhren\/"},{"@type":"ListItem","position":3,"name":"Flashlight Ring Weissgold \/ Palladium"}]},{"@type":"WebSite","@id":"http:\/\/galli.ch\/en\/#website","url":"http:\/\/galli.ch\/en\/","name":"Galli Uhren Bijouterie","description":"","potentialAction":[{"@type":"SearchAction","target":{"@type":"EntryPoint","urlTemplate":"http:\/\/galli.ch\/en\/?s={search_term_string}"},"query-input":{"@type":"PropertyValueSpecification","valueRequired":true,"valueName":"search_term_string"}}],"inLanguage":"en-US"}]}},"_links":{"self":[{"href":"https:\/\/galli.ch\/en\/wp-json\/wp\/v2\/product\/32684","targetHints":{"allow":["GET"]}}],"collection":[{"href":"https:\/\/galli.ch\/en\/wp-json\/wp\/v2\/product"}],"about":[{"href":"https:\/\/galli.ch\/en\/wp-json\/wp\/v2\/types\/product"}],"wp:featuredmedia":[{"embeddable":true,"href":"https:\/\/galli.ch\/en\/wp-json\/wp\/v2\/media\/32614"}],"wp:attachment":[{"href":"https:\/\/galli.ch\/en\/wp-json\/wp\/v2\/media?parent=32684"}],"wp:term":[{"taxonomy":"product_brand","embeddable":true,"href":"https:\/\/galli.ch\/en\/wp-json\/wp\/v2\/product_brand?post=32684"},{"taxonomy":"product_cat","embeddable":true,"href":"https:\/\/galli.ch\/en\/wp-json\/wp\/v2\/product_cat?post=32684"},{"taxonomy":"product_tag","embeddable":true,"href":"https:\/\/galli.ch\/en\/wp-json\/wp\/v2\/product_tag?post=32684"}],"curies":[{"name":"wp","href":"https:\/\/api.w.org\/{rel}","templated":true}]}}