{"id":33364,"date":"2024-08-22T10:15:35","date_gmt":"2024-08-22T08:15:35","guid":{"rendered":"https:\/\/galli.ch\/?post_type=product&#038;p=33364"},"modified":"2026-04-20T18:18:15","modified_gmt":"2026-04-20T16:18:15","slug":"prestige-quartz-27-5-434-20-28-60-02-001","status":"publish","type":"product","link":"https:\/\/galli.ch\/en\/uhren\/omega\/de-ville\/prestige-quartz-27-5-434-20-28-60-02-001\/","title":{"rendered":"Omega Prestige Quartz 27.5"},"content":{"rendered":"<p>Die OMEGA De Ville Prestige, eine zeitlose Kollektion seit 1994, wird nun in ihrer dritten Generation hergestellt. Die Zeitmesser, die weiterhin f\u00fcr klassisches Design und raffinierte Eleganz stehen, bieten eine Reihe von Mustern, Veredelungen und Farben, die zu verschiedenen Lebensstilen und Pers\u00f6nlichkeiten passen.<\/p>\n<p>Dieses 27,5-mm-Modell aus Edelstahl und 18 K Sedna\u2122-Gold besitzt ein silbernes Zifferblatt mit Sonnenschliff und einer variierenden vertikalen Pr\u00e4gung. Die Anzeige zeichnet sich durch Zeiger mit PVD-Beschichtung aus Sedna\u2122-Gold sowie alternierende r\u00f6mische Ziffern und Cabochon-Indizes aus. Der schlichte Look des Zeitmessers wird durch einen soliden Geh\u00e4useboden mit einer Pr\u00e4gung des Gottes Chronos erg\u00e4nzt.<\/p>\n","protected":false},"excerpt":{"rendered":"<p>Die OMEGA De Ville Prestige, eine zeitlose Kollektion seit 1994, wird nun in ihrer dritten Generation hergestellt. Die Zeitmesser, die weiterhin f\u00fcr klassisches Design und raffinierte Eleganz stehen, bieten eine Reihe von Mustern, Veredelungen und Farben, die zu verschiedenen Lebensstilen und Pers\u00f6nlichkeiten passen. Dieses 27,5-mm-Modell aus Edelstahl und 18 K Sedna\u2122-Gold besitzt ein silbernes Zifferblatt&#8230;  <a class=\"excerpt-read-more\" href=\"https:\/\/galli.ch\/en\/uhren\/omega\/de-ville\/prestige-quartz-27-5-434-20-28-60-02-001\/\" title=\"Read Omega Prestige Quartz 27.5\">Weiter &raquo;<\/a><\/p>\n","protected":false},"featured_media":33356,"template":"","meta":{"_acf_changed":false,"inline_featured_image":false},"product_brand":[],"product_cat":[188],"product_tag":[],"class_list":{"0":"post-33364","1":"product","2":"type-product","3":"status-publish","4":"has-post-thumbnail","6":"uhrenhersteller-omega","7":"uhrenhersteller-de-ville","8":"product_cat-uhren","10":"first","11":"outofstock","12":"taxable","13":"shipping-taxable","14":"purchasable","15":"product-type-simple"},"acf":[],"yoast_head":"<!-- This site is optimized with the Yoast SEO plugin v25.5 - https:\/\/yoast.com\/wordpress\/plugins\/seo\/ -->\n<title>Omega Prestige Quartz 27.5 - Galli Uhren Bijouterie<\/title>\n<meta name=\"robots\" content=\"index, follow, max-snippet:-1, max-image-preview:large, max-video-preview:-1\" \/>\n<link rel=\"canonical\" href=\"https:\/\/galli.ch\/uhren\/omega\/de-ville\/prestige-quartz-27-5-434-20-28-60-02-001\/\" \/>\n<meta property=\"og:locale\" content=\"en_US\" \/>\n<meta property=\"og:type\" content=\"article\" \/>\n<meta property=\"og:title\" content=\"Omega Prestige Quartz 27.5 - Galli Uhren Bijouterie\" \/>\n<meta property=\"og:description\" content=\"Die OMEGA De Ville Prestige, eine zeitlose Kollektion seit 1994, wird nun in ihrer dritten Generation hergestellt. Die Zeitmesser, die weiterhin f\u00fcr klassisches Design und raffinierte Eleganz stehen, bieten eine Reihe von Mustern, Veredelungen und Farben, die zu verschiedenen Lebensstilen und Pers\u00f6nlichkeiten passen. Dieses 27,5-mm-Modell aus Edelstahl und 18 K Sedna\u2122-Gold besitzt ein silbernes Zifferblatt... Weiter &raquo;\" \/>\n<meta property=\"og:url\" content=\"https:\/\/galli.ch\/uhren\/omega\/de-ville\/prestige-quartz-27-5-434-20-28-60-02-001\/\" \/>\n<meta property=\"og:site_name\" content=\"Galli Uhren Bijouterie\" \/>\n<meta property=\"article:modified_time\" content=\"2026-04-20T16:18:15+00:00\" \/>\n<meta property=\"og:image\" content=\"https:\/\/galli.ch\/wp-content\/uploads\/omega-de-ville-prestige-quartz-27-5_mm-43420286002001-2da88a.png\" \/>\n\t<meta property=\"og:image:width\" content=\"1000\" \/>\n\t<meta property=\"og:image:height\" content=\"1400\" \/>\n\t<meta property=\"og:image:type\" content=\"image\/png\" \/>\n<meta name=\"twitter:card\" content=\"summary_large_image\" \/>\n<script type=\"application\/ld+json\" class=\"yoast-schema-graph\">{\"@context\":\"https:\/\/schema.org\",\"@graph\":[{\"@type\":\"WebPage\",\"@id\":\"https:\/\/galli.ch\/uhren\/omega\/de-ville\/prestige-quartz-27-5-434-20-28-60-02-001\/\",\"url\":\"https:\/\/galli.ch\/uhren\/omega\/de-ville\/prestige-quartz-27-5-434-20-28-60-02-001\/\",\"name\":\"Omega Prestige Quartz 27.5 - Galli Uhren Bijouterie\",\"isPartOf\":{\"@id\":\"http:\/\/galli.ch\/en\/#website\"},\"primaryImageOfPage\":{\"@id\":\"https:\/\/galli.ch\/uhren\/omega\/de-ville\/prestige-quartz-27-5-434-20-28-60-02-001\/#primaryimage\"},\"image\":{\"@id\":\"https:\/\/galli.ch\/uhren\/omega\/de-ville\/prestige-quartz-27-5-434-20-28-60-02-001\/#primaryimage\"},\"thumbnailUrl\":\"https:\/\/galli.ch\/wp-content\/uploads\/omega-de-ville-prestige-quartz-27-5_mm-43420286002001-2da88a.png\",\"datePublished\":\"2024-08-22T08:15:35+00:00\",\"dateModified\":\"2026-04-20T16:18:15+00:00\",\"breadcrumb\":{\"@id\":\"https:\/\/galli.ch\/uhren\/omega\/de-ville\/prestige-quartz-27-5-434-20-28-60-02-001\/#breadcrumb\"},\"inLanguage\":\"en-US\",\"potentialAction\":[{\"@type\":\"ReadAction\",\"target\":[\"https:\/\/galli.ch\/uhren\/omega\/de-ville\/prestige-quartz-27-5-434-20-28-60-02-001\/\"]}]},{\"@type\":\"ImageObject\",\"inLanguage\":\"en-US\",\"@id\":\"https:\/\/galli.ch\/uhren\/omega\/de-ville\/prestige-quartz-27-5-434-20-28-60-02-001\/#primaryimage\",\"url\":\"https:\/\/galli.ch\/wp-content\/uploads\/omega-de-ville-prestige-quartz-27-5_mm-43420286002001-2da88a.png\",\"contentUrl\":\"https:\/\/galli.ch\/wp-content\/uploads\/omega-de-ville-prestige-quartz-27-5_mm-43420286002001-2da88a.png\",\"width\":1000,\"height\":1400,\"caption\":\"omega-de-ville-prestige-quartz-27\"},{\"@type\":\"BreadcrumbList\",\"@id\":\"https:\/\/galli.ch\/uhren\/omega\/de-ville\/prestige-quartz-27-5-434-20-28-60-02-001\/#breadcrumb\",\"itemListElement\":[{\"@type\":\"ListItem\",\"position\":1,\"name\":\"Home\",\"item\":\"https:\/\/galli.ch\/en\/\"},{\"@type\":\"ListItem\",\"position\":2,\"name\":\"Uhren\",\"item\":\"https:\/\/galli.ch\/en\/uhren\/\"},{\"@type\":\"ListItem\",\"position\":3,\"name\":\"Omega Prestige Quartz 27.5\"}]},{\"@type\":\"WebSite\",\"@id\":\"http:\/\/galli.ch\/en\/#website\",\"url\":\"http:\/\/galli.ch\/en\/\",\"name\":\"Galli Uhren Bijouterie\",\"description\":\"\",\"potentialAction\":[{\"@type\":\"SearchAction\",\"target\":{\"@type\":\"EntryPoint\",\"urlTemplate\":\"http:\/\/galli.ch\/en\/?s={search_term_string}\"},\"query-input\":{\"@type\":\"PropertyValueSpecification\",\"valueRequired\":true,\"valueName\":\"search_term_string\"}}],\"inLanguage\":\"en-US\"}]}<\/script>\n<!-- \/ Yoast SEO plugin. -->","yoast_head_json":{"title":"Omega Prestige Quartz 27.5 - Galli Uhren Bijouterie","robots":{"index":"index","follow":"follow","max-snippet":"max-snippet:-1","max-image-preview":"max-image-preview:large","max-video-preview":"max-video-preview:-1"},"canonical":"https:\/\/galli.ch\/uhren\/omega\/de-ville\/prestige-quartz-27-5-434-20-28-60-02-001\/","og_locale":"en_US","og_type":"article","og_title":"Omega Prestige Quartz 27.5 - Galli Uhren Bijouterie","og_description":"Die OMEGA De Ville Prestige, eine zeitlose Kollektion seit 1994, wird nun in ihrer dritten Generation hergestellt. Die Zeitmesser, die weiterhin f\u00fcr klassisches Design und raffinierte Eleganz stehen, bieten eine Reihe von Mustern, Veredelungen und Farben, die zu verschiedenen Lebensstilen und Pers\u00f6nlichkeiten passen. Dieses 27,5-mm-Modell aus Edelstahl und 18 K Sedna\u2122-Gold besitzt ein silbernes Zifferblatt... Weiter &raquo;","og_url":"https:\/\/galli.ch\/uhren\/omega\/de-ville\/prestige-quartz-27-5-434-20-28-60-02-001\/","og_site_name":"Galli Uhren Bijouterie","article_modified_time":"2026-04-20T16:18:15+00:00","og_image":[{"width":1000,"height":1400,"url":"https:\/\/galli.ch\/wp-content\/uploads\/omega-de-ville-prestige-quartz-27-5_mm-43420286002001-2da88a.png","type":"image\/png"}],"twitter_card":"summary_large_image","schema":{"@context":"https:\/\/schema.org","@graph":[{"@type":"WebPage","@id":"https:\/\/galli.ch\/uhren\/omega\/de-ville\/prestige-quartz-27-5-434-20-28-60-02-001\/","url":"https:\/\/galli.ch\/uhren\/omega\/de-ville\/prestige-quartz-27-5-434-20-28-60-02-001\/","name":"Omega Prestige Quartz 27.5 - Galli Uhren Bijouterie","isPartOf":{"@id":"http:\/\/galli.ch\/en\/#website"},"primaryImageOfPage":{"@id":"https:\/\/galli.ch\/uhren\/omega\/de-ville\/prestige-quartz-27-5-434-20-28-60-02-001\/#primaryimage"},"image":{"@id":"https:\/\/galli.ch\/uhren\/omega\/de-ville\/prestige-quartz-27-5-434-20-28-60-02-001\/#primaryimage"},"thumbnailUrl":"https:\/\/galli.ch\/wp-content\/uploads\/omega-de-ville-prestige-quartz-27-5_mm-43420286002001-2da88a.png","datePublished":"2024-08-22T08:15:35+00:00","dateModified":"2026-04-20T16:18:15+00:00","breadcrumb":{"@id":"https:\/\/galli.ch\/uhren\/omega\/de-ville\/prestige-quartz-27-5-434-20-28-60-02-001\/#breadcrumb"},"inLanguage":"en-US","potentialAction":[{"@type":"ReadAction","target":["https:\/\/galli.ch\/uhren\/omega\/de-ville\/prestige-quartz-27-5-434-20-28-60-02-001\/"]}]},{"@type":"ImageObject","inLanguage":"en-US","@id":"https:\/\/galli.ch\/uhren\/omega\/de-ville\/prestige-quartz-27-5-434-20-28-60-02-001\/#primaryimage","url":"https:\/\/galli.ch\/wp-content\/uploads\/omega-de-ville-prestige-quartz-27-5_mm-43420286002001-2da88a.png","contentUrl":"https:\/\/galli.ch\/wp-content\/uploads\/omega-de-ville-prestige-quartz-27-5_mm-43420286002001-2da88a.png","width":1000,"height":1400,"caption":"omega-de-ville-prestige-quartz-27"},{"@type":"BreadcrumbList","@id":"https:\/\/galli.ch\/uhren\/omega\/de-ville\/prestige-quartz-27-5-434-20-28-60-02-001\/#breadcrumb","itemListElement":[{"@type":"ListItem","position":1,"name":"Home","item":"https:\/\/galli.ch\/en\/"},{"@type":"ListItem","position":2,"name":"Uhren","item":"https:\/\/galli.ch\/en\/uhren\/"},{"@type":"ListItem","position":3,"name":"Omega Prestige Quartz 27.5"}]},{"@type":"WebSite","@id":"http:\/\/galli.ch\/en\/#website","url":"http:\/\/galli.ch\/en\/","name":"Galli Uhren Bijouterie","description":"","potentialAction":[{"@type":"SearchAction","target":{"@type":"EntryPoint","urlTemplate":"http:\/\/galli.ch\/en\/?s={search_term_string}"},"query-input":{"@type":"PropertyValueSpecification","valueRequired":true,"valueName":"search_term_string"}}],"inLanguage":"en-US"}]}},"_links":{"self":[{"href":"https:\/\/galli.ch\/en\/wp-json\/wp\/v2\/product\/33364","targetHints":{"allow":["GET"]}}],"collection":[{"href":"https:\/\/galli.ch\/en\/wp-json\/wp\/v2\/product"}],"about":[{"href":"https:\/\/galli.ch\/en\/wp-json\/wp\/v2\/types\/product"}],"wp:featuredmedia":[{"embeddable":true,"href":"https:\/\/galli.ch\/en\/wp-json\/wp\/v2\/media\/33356"}],"wp:attachment":[{"href":"https:\/\/galli.ch\/en\/wp-json\/wp\/v2\/media?parent=33364"}],"wp:term":[{"taxonomy":"product_brand","embeddable":true,"href":"https:\/\/galli.ch\/en\/wp-json\/wp\/v2\/product_brand?post=33364"},{"taxonomy":"product_cat","embeddable":true,"href":"https:\/\/galli.ch\/en\/wp-json\/wp\/v2\/product_cat?post=33364"},{"taxonomy":"product_tag","embeddable":true,"href":"https:\/\/galli.ch\/en\/wp-json\/wp\/v2\/product_tag?post=33364"}],"curies":[{"name":"wp","href":"https:\/\/api.w.org\/{rel}","templated":true}]}}