{"id":33370,"date":"2024-08-22T10:38:47","date_gmt":"2024-08-22T08:38:47","guid":{"rendered":"https:\/\/galli.ch\/?post_type=product&#038;p=33370"},"modified":"2026-03-30T10:12:14","modified_gmt":"2026-03-30T08:12:14","slug":"dolcevita-l5-512-8-75-2","status":"publish","type":"product","link":"https:\/\/galli.ch\/en\/uhren\/longines\/elegant\/dolcevita-l5-512-8-75-2\/","title":{"rendered":"Longines Dolcevita"},"content":{"rendered":"<div class=\"MuiGrid-root MuiGrid-item MuiGrid-grid-xs-8 MuiGrid-grid-sm-12 MuiGrid-grid-md-6 MuiGrid-grid-lg-5 css-13k9xyv\">\n<div class=\"MuiTypography-root MuiTypography-body1 Typography_Container__MrWZd Typography_Color_mediumGrey___tE24 css-1nsau0k\">\n<p>Seit ihrer Entstehung illustriert die Kollektion Longines DolceVita weltweit die zeitgen\u00f6ssische Eleganz der Uhrenfirma Longines. Inspiriert vom \u201eDolce Vita\u201c wird sie als eine Hymne an das s\u00fcsse Leben verstanden. Heute wird f\u00fcr diese Kollektion ein neues Kapitel aufgeschlagen und eine Neuinterpretation mit weicher Linienf\u00fchrung pr\u00e4sentiert. Diese Abwandlungen werden jene Frau verzaubern, die den Charme zur Lebenskunst macht.<\/p>\n<\/div>\n<\/div>\n","protected":false},"excerpt":{"rendered":"<p>Seit ihrer Entstehung illustriert die Kollektion Longines DolceVita weltweit die zeitgen\u00f6ssische Eleganz der Uhrenfirma Longines. Inspiriert vom \u201eDolce Vita\u201c wird sie als eine Hymne an das s\u00fcsse Leben verstanden. Heute wird f\u00fcr diese Kollektion ein neues Kapitel aufgeschlagen und eine Neuinterpretation mit weicher Linienf\u00fchrung pr\u00e4sentiert. Diese Abwandlungen werden jene Frau verzaubern, die den Charme zur&#8230;  <a class=\"excerpt-read-more\" href=\"https:\/\/galli.ch\/en\/uhren\/longines\/elegant\/dolcevita-l5-512-8-75-2\/\" title=\"Read Longines Dolcevita\">Weiter &raquo;<\/a><\/p>\n","protected":false},"featured_media":33362,"template":"","meta":{"_acf_changed":false,"inline_featured_image":false},"product_brand":[],"product_cat":[188],"product_tag":[],"class_list":{"0":"post-33370","1":"product","2":"type-product","3":"status-publish","4":"has-post-thumbnail","6":"uhrenhersteller-longines","7":"uhrenhersteller-elegant","8":"product_cat-uhren","10":"first","11":"outofstock","12":"taxable","13":"shipping-taxable","14":"purchasable","15":"product-type-simple"},"acf":[],"yoast_head":"<!-- This site is optimized with the Yoast SEO plugin v25.5 - https:\/\/yoast.com\/wordpress\/plugins\/seo\/ -->\n<title>Longines Dolcevita - Galli Uhren Bijouterie<\/title>\n<meta name=\"robots\" content=\"index, follow, max-snippet:-1, max-image-preview:large, max-video-preview:-1\" \/>\n<link rel=\"canonical\" href=\"https:\/\/galli.ch\/uhren\/longines\/elegant\/dolcevita-l5-512-8-75-2\/\" \/>\n<meta property=\"og:locale\" content=\"en_US\" \/>\n<meta property=\"og:type\" content=\"article\" \/>\n<meta property=\"og:title\" content=\"Longines Dolcevita - Galli Uhren Bijouterie\" \/>\n<meta property=\"og:description\" content=\"Seit ihrer Entstehung illustriert die Kollektion Longines DolceVita weltweit die zeitgen\u00f6ssische Eleganz der Uhrenfirma Longines. Inspiriert vom \u201eDolce Vita\u201c wird sie als eine Hymne an das s\u00fcsse Leben verstanden. Heute wird f\u00fcr diese Kollektion ein neues Kapitel aufgeschlagen und eine Neuinterpretation mit weicher Linienf\u00fchrung pr\u00e4sentiert. Diese Abwandlungen werden jene Frau verzaubern, die den Charme zur... Weiter &raquo;\" \/>\n<meta property=\"og:url\" content=\"https:\/\/galli.ch\/uhren\/longines\/elegant\/dolcevita-l5-512-8-75-2\/\" \/>\n<meta property=\"og:site_name\" content=\"Galli Uhren Bijouterie\" \/>\n<meta property=\"article:modified_time\" content=\"2026-03-30T08:12:14+00:00\" \/>\n<meta property=\"og:image\" content=\"https:\/\/galli.ch\/wp-content\/uploads\/watch-collection-longines-dolcevita-l5-512-8-75-2-1683700487.png\" \/>\n\t<meta property=\"og:image:width\" content=\"1000\" \/>\n\t<meta property=\"og:image:height\" content=\"1400\" \/>\n\t<meta property=\"og:image:type\" content=\"image\/png\" \/>\n<meta name=\"twitter:card\" content=\"summary_large_image\" \/>\n<script type=\"application\/ld+json\" class=\"yoast-schema-graph\">{\"@context\":\"https:\/\/schema.org\",\"@graph\":[{\"@type\":\"WebPage\",\"@id\":\"https:\/\/galli.ch\/uhren\/longines\/elegant\/dolcevita-l5-512-8-75-2\/\",\"url\":\"https:\/\/galli.ch\/uhren\/longines\/elegant\/dolcevita-l5-512-8-75-2\/\",\"name\":\"Longines Dolcevita - Galli Uhren Bijouterie\",\"isPartOf\":{\"@id\":\"http:\/\/galli.ch\/en\/#website\"},\"primaryImageOfPage\":{\"@id\":\"https:\/\/galli.ch\/uhren\/longines\/elegant\/dolcevita-l5-512-8-75-2\/#primaryimage\"},\"image\":{\"@id\":\"https:\/\/galli.ch\/uhren\/longines\/elegant\/dolcevita-l5-512-8-75-2\/#primaryimage\"},\"thumbnailUrl\":\"https:\/\/galli.ch\/wp-content\/uploads\/watch-collection-longines-dolcevita-l5-512-8-75-2-1683700487.png\",\"datePublished\":\"2024-08-22T08:38:47+00:00\",\"dateModified\":\"2026-03-30T08:12:14+00:00\",\"breadcrumb\":{\"@id\":\"https:\/\/galli.ch\/uhren\/longines\/elegant\/dolcevita-l5-512-8-75-2\/#breadcrumb\"},\"inLanguage\":\"en-US\",\"potentialAction\":[{\"@type\":\"ReadAction\",\"target\":[\"https:\/\/galli.ch\/uhren\/longines\/elegant\/dolcevita-l5-512-8-75-2\/\"]}]},{\"@type\":\"ImageObject\",\"inLanguage\":\"en-US\",\"@id\":\"https:\/\/galli.ch\/uhren\/longines\/elegant\/dolcevita-l5-512-8-75-2\/#primaryimage\",\"url\":\"https:\/\/galli.ch\/wp-content\/uploads\/watch-collection-longines-dolcevita-l5-512-8-75-2-1683700487.png\",\"contentUrl\":\"https:\/\/galli.ch\/wp-content\/uploads\/watch-collection-longines-dolcevita-l5-512-8-75-2-1683700487.png\",\"width\":1000,\"height\":1400,\"caption\":\"longines-dolcevita-rotgold-l5-512-8-75-2\"},{\"@type\":\"BreadcrumbList\",\"@id\":\"https:\/\/galli.ch\/uhren\/longines\/elegant\/dolcevita-l5-512-8-75-2\/#breadcrumb\",\"itemListElement\":[{\"@type\":\"ListItem\",\"position\":1,\"name\":\"Home\",\"item\":\"https:\/\/galli.ch\/en\/\"},{\"@type\":\"ListItem\",\"position\":2,\"name\":\"Uhren\",\"item\":\"https:\/\/galli.ch\/en\/uhren\/\"},{\"@type\":\"ListItem\",\"position\":3,\"name\":\"Dolcevita\"}]},{\"@type\":\"WebSite\",\"@id\":\"http:\/\/galli.ch\/en\/#website\",\"url\":\"http:\/\/galli.ch\/en\/\",\"name\":\"Galli Uhren Bijouterie\",\"description\":\"\",\"potentialAction\":[{\"@type\":\"SearchAction\",\"target\":{\"@type\":\"EntryPoint\",\"urlTemplate\":\"http:\/\/galli.ch\/en\/?s={search_term_string}\"},\"query-input\":{\"@type\":\"PropertyValueSpecification\",\"valueRequired\":true,\"valueName\":\"search_term_string\"}}],\"inLanguage\":\"en-US\"}]}<\/script>\n<!-- \/ Yoast SEO plugin. -->","yoast_head_json":{"title":"Longines Dolcevita - Galli Uhren Bijouterie","robots":{"index":"index","follow":"follow","max-snippet":"max-snippet:-1","max-image-preview":"max-image-preview:large","max-video-preview":"max-video-preview:-1"},"canonical":"https:\/\/galli.ch\/uhren\/longines\/elegant\/dolcevita-l5-512-8-75-2\/","og_locale":"en_US","og_type":"article","og_title":"Longines Dolcevita - Galli Uhren Bijouterie","og_description":"Seit ihrer Entstehung illustriert die Kollektion Longines DolceVita weltweit die zeitgen\u00f6ssische Eleganz der Uhrenfirma Longines. Inspiriert vom \u201eDolce Vita\u201c wird sie als eine Hymne an das s\u00fcsse Leben verstanden. Heute wird f\u00fcr diese Kollektion ein neues Kapitel aufgeschlagen und eine Neuinterpretation mit weicher Linienf\u00fchrung pr\u00e4sentiert. Diese Abwandlungen werden jene Frau verzaubern, die den Charme zur... Weiter &raquo;","og_url":"https:\/\/galli.ch\/uhren\/longines\/elegant\/dolcevita-l5-512-8-75-2\/","og_site_name":"Galli Uhren Bijouterie","article_modified_time":"2026-03-30T08:12:14+00:00","og_image":[{"width":1000,"height":1400,"url":"https:\/\/galli.ch\/wp-content\/uploads\/watch-collection-longines-dolcevita-l5-512-8-75-2-1683700487.png","type":"image\/png"}],"twitter_card":"summary_large_image","schema":{"@context":"https:\/\/schema.org","@graph":[{"@type":"WebPage","@id":"https:\/\/galli.ch\/uhren\/longines\/elegant\/dolcevita-l5-512-8-75-2\/","url":"https:\/\/galli.ch\/uhren\/longines\/elegant\/dolcevita-l5-512-8-75-2\/","name":"Longines Dolcevita - Galli Uhren Bijouterie","isPartOf":{"@id":"http:\/\/galli.ch\/en\/#website"},"primaryImageOfPage":{"@id":"https:\/\/galli.ch\/uhren\/longines\/elegant\/dolcevita-l5-512-8-75-2\/#primaryimage"},"image":{"@id":"https:\/\/galli.ch\/uhren\/longines\/elegant\/dolcevita-l5-512-8-75-2\/#primaryimage"},"thumbnailUrl":"https:\/\/galli.ch\/wp-content\/uploads\/watch-collection-longines-dolcevita-l5-512-8-75-2-1683700487.png","datePublished":"2024-08-22T08:38:47+00:00","dateModified":"2026-03-30T08:12:14+00:00","breadcrumb":{"@id":"https:\/\/galli.ch\/uhren\/longines\/elegant\/dolcevita-l5-512-8-75-2\/#breadcrumb"},"inLanguage":"en-US","potentialAction":[{"@type":"ReadAction","target":["https:\/\/galli.ch\/uhren\/longines\/elegant\/dolcevita-l5-512-8-75-2\/"]}]},{"@type":"ImageObject","inLanguage":"en-US","@id":"https:\/\/galli.ch\/uhren\/longines\/elegant\/dolcevita-l5-512-8-75-2\/#primaryimage","url":"https:\/\/galli.ch\/wp-content\/uploads\/watch-collection-longines-dolcevita-l5-512-8-75-2-1683700487.png","contentUrl":"https:\/\/galli.ch\/wp-content\/uploads\/watch-collection-longines-dolcevita-l5-512-8-75-2-1683700487.png","width":1000,"height":1400,"caption":"longines-dolcevita-rotgold-l5-512-8-75-2"},{"@type":"BreadcrumbList","@id":"https:\/\/galli.ch\/uhren\/longines\/elegant\/dolcevita-l5-512-8-75-2\/#breadcrumb","itemListElement":[{"@type":"ListItem","position":1,"name":"Home","item":"https:\/\/galli.ch\/en\/"},{"@type":"ListItem","position":2,"name":"Uhren","item":"https:\/\/galli.ch\/en\/uhren\/"},{"@type":"ListItem","position":3,"name":"Dolcevita"}]},{"@type":"WebSite","@id":"http:\/\/galli.ch\/en\/#website","url":"http:\/\/galli.ch\/en\/","name":"Galli Uhren Bijouterie","description":"","potentialAction":[{"@type":"SearchAction","target":{"@type":"EntryPoint","urlTemplate":"http:\/\/galli.ch\/en\/?s={search_term_string}"},"query-input":{"@type":"PropertyValueSpecification","valueRequired":true,"valueName":"search_term_string"}}],"inLanguage":"en-US"}]}},"_links":{"self":[{"href":"https:\/\/galli.ch\/en\/wp-json\/wp\/v2\/product\/33370","targetHints":{"allow":["GET"]}}],"collection":[{"href":"https:\/\/galli.ch\/en\/wp-json\/wp\/v2\/product"}],"about":[{"href":"https:\/\/galli.ch\/en\/wp-json\/wp\/v2\/types\/product"}],"wp:featuredmedia":[{"embeddable":true,"href":"https:\/\/galli.ch\/en\/wp-json\/wp\/v2\/media\/33362"}],"wp:attachment":[{"href":"https:\/\/galli.ch\/en\/wp-json\/wp\/v2\/media?parent=33370"}],"wp:term":[{"taxonomy":"product_brand","embeddable":true,"href":"https:\/\/galli.ch\/en\/wp-json\/wp\/v2\/product_brand?post=33370"},{"taxonomy":"product_cat","embeddable":true,"href":"https:\/\/galli.ch\/en\/wp-json\/wp\/v2\/product_cat?post=33370"},{"taxonomy":"product_tag","embeddable":true,"href":"https:\/\/galli.ch\/en\/wp-json\/wp\/v2\/product_tag?post=33370"}],"curies":[{"name":"wp","href":"https:\/\/api.w.org\/{rel}","templated":true}]}}