{"id":33810,"date":"2024-09-10T09:20:40","date_gmt":"2024-09-10T07:20:40","guid":{"rendered":"https:\/\/galli.ch\/?post_type=product&#038;p=33810"},"modified":"2026-03-30T10:16:49","modified_gmt":"2026-03-30T08:16:49","slug":"prx-powermatic-80-40-mm-t137-907-97-201-00","status":"publish","type":"product","link":"https:\/\/galli.ch\/en\/uhren\/tissot\/t-classic\/prx-powermatic-80-40-mm-t137-907-97-201-00\/","title":{"rendered":"Tissot PRX Powermatic 80 40 mm"},"content":{"rendered":"<p>Diese Erweiterung der legend\u00e4ren Tissot PRX Powermatic 80 mit 40 mm Geh\u00e4usedurchmesser verf\u00fcgt \u00fcber ein schwarzes, marmoriertes Carbon-Geh\u00e4use. Das innovative Material macht jede Uhr einzigartig und sorgt f\u00fcr wenig Gewicht und Langlebigkeit. Es wurde f\u00fcr optimale Leistung unter anspruchsvollen Bedingungen entwickelt und erm\u00f6glicht es, an Grenzen zu gehen und diese zu verschieben.<\/p>\n","protected":false},"excerpt":{"rendered":"<p>Diese Erweiterung der legend\u00e4ren Tissot PRX Powermatic 80 mit 40 mm Geh\u00e4usedurchmesser verf\u00fcgt \u00fcber ein schwarzes, marmoriertes Carbon-Geh\u00e4use. Das innovative Material macht jede Uhr einzigartig und sorgt f\u00fcr wenig Gewicht und Langlebigkeit. Es wurde f\u00fcr optimale Leistung unter anspruchsvollen Bedingungen entwickelt und erm\u00f6glicht es, an Grenzen zu gehen und diese zu verschieben.<\/p>\n","protected":false},"featured_media":33811,"template":"","meta":{"_acf_changed":false,"inline_featured_image":false},"product_brand":[],"product_cat":[188],"product_tag":[],"class_list":{"0":"post-33810","1":"product","2":"type-product","3":"status-publish","4":"has-post-thumbnail","6":"uhrenhersteller-tissot","7":"uhrenhersteller-t-classic","8":"product_cat-uhren","10":"first","11":"outofstock","12":"taxable","13":"shipping-taxable","14":"purchasable","15":"product-type-simple"},"acf":[],"yoast_head":"<!-- This site is optimized with the Yoast SEO plugin v25.5 - https:\/\/yoast.com\/wordpress\/plugins\/seo\/ -->\n<title>Tissot PRX Powermatic 80 40 mm - Galli Uhren Bijouterie<\/title>\n<meta name=\"robots\" content=\"index, follow, max-snippet:-1, max-image-preview:large, max-video-preview:-1\" \/>\n<link rel=\"canonical\" href=\"https:\/\/galli.ch\/uhren\/tissot\/t-classic\/prx-powermatic-80-40-mm-t137-907-97-201-00\/\" \/>\n<meta property=\"og:locale\" content=\"en_US\" \/>\n<meta property=\"og:type\" content=\"article\" \/>\n<meta property=\"og:title\" content=\"Tissot PRX Powermatic 80 40 mm - Galli Uhren Bijouterie\" \/>\n<meta property=\"og:description\" content=\"Diese Erweiterung der legend\u00e4ren Tissot PRX Powermatic 80 mit 40 mm Geh\u00e4usedurchmesser verf\u00fcgt \u00fcber ein schwarzes, marmoriertes Carbon-Geh\u00e4use. Das innovative Material macht jede Uhr einzigartig und sorgt f\u00fcr wenig Gewicht und Langlebigkeit. Es wurde f\u00fcr optimale Leistung unter anspruchsvollen Bedingungen entwickelt und erm\u00f6glicht es, an Grenzen zu gehen und diese zu verschieben.\" \/>\n<meta property=\"og:url\" content=\"https:\/\/galli.ch\/uhren\/tissot\/t-classic\/prx-powermatic-80-40-mm-t137-907-97-201-00\/\" \/>\n<meta property=\"og:site_name\" content=\"Galli Uhren Bijouterie\" \/>\n<meta property=\"article:modified_time\" content=\"2026-03-30T08:16:49+00:00\" \/>\n<meta property=\"og:image\" content=\"https:\/\/galli.ch\/wp-content\/uploads\/T137-907-97-201-00_R_1.png\" \/>\n\t<meta property=\"og:image:width\" content=\"1000\" \/>\n\t<meta property=\"og:image:height\" content=\"1400\" \/>\n\t<meta property=\"og:image:type\" content=\"image\/png\" \/>\n<meta name=\"twitter:card\" content=\"summary_large_image\" \/>\n<script type=\"application\/ld+json\" class=\"yoast-schema-graph\">{\"@context\":\"https:\/\/schema.org\",\"@graph\":[{\"@type\":\"WebPage\",\"@id\":\"https:\/\/galli.ch\/uhren\/tissot\/t-classic\/prx-powermatic-80-40-mm-t137-907-97-201-00\/\",\"url\":\"https:\/\/galli.ch\/uhren\/tissot\/t-classic\/prx-powermatic-80-40-mm-t137-907-97-201-00\/\",\"name\":\"Tissot PRX Powermatic 80 40 mm - Galli Uhren Bijouterie\",\"isPartOf\":{\"@id\":\"http:\/\/galli.ch\/en\/#website\"},\"primaryImageOfPage\":{\"@id\":\"https:\/\/galli.ch\/uhren\/tissot\/t-classic\/prx-powermatic-80-40-mm-t137-907-97-201-00\/#primaryimage\"},\"image\":{\"@id\":\"https:\/\/galli.ch\/uhren\/tissot\/t-classic\/prx-powermatic-80-40-mm-t137-907-97-201-00\/#primaryimage\"},\"thumbnailUrl\":\"https:\/\/galli.ch\/wp-content\/uploads\/T137-907-97-201-00_R_1.png\",\"datePublished\":\"2024-09-10T07:20:40+00:00\",\"dateModified\":\"2026-03-30T08:16:49+00:00\",\"breadcrumb\":{\"@id\":\"https:\/\/galli.ch\/uhren\/tissot\/t-classic\/prx-powermatic-80-40-mm-t137-907-97-201-00\/#breadcrumb\"},\"inLanguage\":\"en-US\",\"potentialAction\":[{\"@type\":\"ReadAction\",\"target\":[\"https:\/\/galli.ch\/uhren\/tissot\/t-classic\/prx-powermatic-80-40-mm-t137-907-97-201-00\/\"]}]},{\"@type\":\"ImageObject\",\"inLanguage\":\"en-US\",\"@id\":\"https:\/\/galli.ch\/uhren\/tissot\/t-classic\/prx-powermatic-80-40-mm-t137-907-97-201-00\/#primaryimage\",\"url\":\"https:\/\/galli.ch\/wp-content\/uploads\/T137-907-97-201-00_R_1.png\",\"contentUrl\":\"https:\/\/galli.ch\/wp-content\/uploads\/T137-907-97-201-00_R_1.png\",\"width\":1000,\"height\":1400},{\"@type\":\"BreadcrumbList\",\"@id\":\"https:\/\/galli.ch\/uhren\/tissot\/t-classic\/prx-powermatic-80-40-mm-t137-907-97-201-00\/#breadcrumb\",\"itemListElement\":[{\"@type\":\"ListItem\",\"position\":1,\"name\":\"Home\",\"item\":\"https:\/\/galli.ch\/en\/\"},{\"@type\":\"ListItem\",\"position\":2,\"name\":\"Uhren\",\"item\":\"https:\/\/galli.ch\/en\/uhren\/\"},{\"@type\":\"ListItem\",\"position\":3,\"name\":\"PRX Powermatic 80 40 mm\"}]},{\"@type\":\"WebSite\",\"@id\":\"http:\/\/galli.ch\/en\/#website\",\"url\":\"http:\/\/galli.ch\/en\/\",\"name\":\"Galli Uhren Bijouterie\",\"description\":\"\",\"potentialAction\":[{\"@type\":\"SearchAction\",\"target\":{\"@type\":\"EntryPoint\",\"urlTemplate\":\"http:\/\/galli.ch\/en\/?s={search_term_string}\"},\"query-input\":{\"@type\":\"PropertyValueSpecification\",\"valueRequired\":true,\"valueName\":\"search_term_string\"}}],\"inLanguage\":\"en-US\"}]}<\/script>\n<!-- \/ Yoast SEO plugin. -->","yoast_head_json":{"title":"Tissot PRX Powermatic 80 40 mm - Galli Uhren Bijouterie","robots":{"index":"index","follow":"follow","max-snippet":"max-snippet:-1","max-image-preview":"max-image-preview:large","max-video-preview":"max-video-preview:-1"},"canonical":"https:\/\/galli.ch\/uhren\/tissot\/t-classic\/prx-powermatic-80-40-mm-t137-907-97-201-00\/","og_locale":"en_US","og_type":"article","og_title":"Tissot PRX Powermatic 80 40 mm - Galli Uhren Bijouterie","og_description":"Diese Erweiterung der legend\u00e4ren Tissot PRX Powermatic 80 mit 40 mm Geh\u00e4usedurchmesser verf\u00fcgt \u00fcber ein schwarzes, marmoriertes Carbon-Geh\u00e4use. Das innovative Material macht jede Uhr einzigartig und sorgt f\u00fcr wenig Gewicht und Langlebigkeit. Es wurde f\u00fcr optimale Leistung unter anspruchsvollen Bedingungen entwickelt und erm\u00f6glicht es, an Grenzen zu gehen und diese zu verschieben.","og_url":"https:\/\/galli.ch\/uhren\/tissot\/t-classic\/prx-powermatic-80-40-mm-t137-907-97-201-00\/","og_site_name":"Galli Uhren Bijouterie","article_modified_time":"2026-03-30T08:16:49+00:00","og_image":[{"width":1000,"height":1400,"url":"https:\/\/galli.ch\/wp-content\/uploads\/T137-907-97-201-00_R_1.png","type":"image\/png"}],"twitter_card":"summary_large_image","schema":{"@context":"https:\/\/schema.org","@graph":[{"@type":"WebPage","@id":"https:\/\/galli.ch\/uhren\/tissot\/t-classic\/prx-powermatic-80-40-mm-t137-907-97-201-00\/","url":"https:\/\/galli.ch\/uhren\/tissot\/t-classic\/prx-powermatic-80-40-mm-t137-907-97-201-00\/","name":"Tissot PRX Powermatic 80 40 mm - Galli Uhren Bijouterie","isPartOf":{"@id":"http:\/\/galli.ch\/en\/#website"},"primaryImageOfPage":{"@id":"https:\/\/galli.ch\/uhren\/tissot\/t-classic\/prx-powermatic-80-40-mm-t137-907-97-201-00\/#primaryimage"},"image":{"@id":"https:\/\/galli.ch\/uhren\/tissot\/t-classic\/prx-powermatic-80-40-mm-t137-907-97-201-00\/#primaryimage"},"thumbnailUrl":"https:\/\/galli.ch\/wp-content\/uploads\/T137-907-97-201-00_R_1.png","datePublished":"2024-09-10T07:20:40+00:00","dateModified":"2026-03-30T08:16:49+00:00","breadcrumb":{"@id":"https:\/\/galli.ch\/uhren\/tissot\/t-classic\/prx-powermatic-80-40-mm-t137-907-97-201-00\/#breadcrumb"},"inLanguage":"en-US","potentialAction":[{"@type":"ReadAction","target":["https:\/\/galli.ch\/uhren\/tissot\/t-classic\/prx-powermatic-80-40-mm-t137-907-97-201-00\/"]}]},{"@type":"ImageObject","inLanguage":"en-US","@id":"https:\/\/galli.ch\/uhren\/tissot\/t-classic\/prx-powermatic-80-40-mm-t137-907-97-201-00\/#primaryimage","url":"https:\/\/galli.ch\/wp-content\/uploads\/T137-907-97-201-00_R_1.png","contentUrl":"https:\/\/galli.ch\/wp-content\/uploads\/T137-907-97-201-00_R_1.png","width":1000,"height":1400},{"@type":"BreadcrumbList","@id":"https:\/\/galli.ch\/uhren\/tissot\/t-classic\/prx-powermatic-80-40-mm-t137-907-97-201-00\/#breadcrumb","itemListElement":[{"@type":"ListItem","position":1,"name":"Home","item":"https:\/\/galli.ch\/en\/"},{"@type":"ListItem","position":2,"name":"Uhren","item":"https:\/\/galli.ch\/en\/uhren\/"},{"@type":"ListItem","position":3,"name":"PRX Powermatic 80 40 mm"}]},{"@type":"WebSite","@id":"http:\/\/galli.ch\/en\/#website","url":"http:\/\/galli.ch\/en\/","name":"Galli Uhren Bijouterie","description":"","potentialAction":[{"@type":"SearchAction","target":{"@type":"EntryPoint","urlTemplate":"http:\/\/galli.ch\/en\/?s={search_term_string}"},"query-input":{"@type":"PropertyValueSpecification","valueRequired":true,"valueName":"search_term_string"}}],"inLanguage":"en-US"}]}},"_links":{"self":[{"href":"https:\/\/galli.ch\/en\/wp-json\/wp\/v2\/product\/33810","targetHints":{"allow":["GET"]}}],"collection":[{"href":"https:\/\/galli.ch\/en\/wp-json\/wp\/v2\/product"}],"about":[{"href":"https:\/\/galli.ch\/en\/wp-json\/wp\/v2\/types\/product"}],"wp:featuredmedia":[{"embeddable":true,"href":"https:\/\/galli.ch\/en\/wp-json\/wp\/v2\/media\/33811"}],"wp:attachment":[{"href":"https:\/\/galli.ch\/en\/wp-json\/wp\/v2\/media?parent=33810"}],"wp:term":[{"taxonomy":"product_brand","embeddable":true,"href":"https:\/\/galli.ch\/en\/wp-json\/wp\/v2\/product_brand?post=33810"},{"taxonomy":"product_cat","embeddable":true,"href":"https:\/\/galli.ch\/en\/wp-json\/wp\/v2\/product_cat?post=33810"},{"taxonomy":"product_tag","embeddable":true,"href":"https:\/\/galli.ch\/en\/wp-json\/wp\/v2\/product_tag?post=33810"}],"curies":[{"name":"wp","href":"https:\/\/api.w.org\/{rel}","templated":true}]}}