{"id":33822,"date":"2024-09-10T09:48:02","date_gmt":"2024-09-10T07:48:02","guid":{"rendered":"https:\/\/galli.ch\/?post_type=product&#038;p=33822"},"modified":"2026-03-30T10:16:43","modified_gmt":"2026-03-30T08:16:43","slug":"prx-powermatic-80-40mm-t137-407-11-051-01","status":"publish","type":"product","link":"https:\/\/galli.ch\/en\/uhren\/tissot\/t-classic\/prx-powermatic-80-40mm-t137-407-11-051-01\/","title":{"rendered":"Tissot PRX Powermatic 80 40mm"},"content":{"rendered":"<p>Diese Erweiterung der ikonischen Tissot PRX Powermatic 80 mit 40 mm Geh\u00e4usedurchmesser verf\u00fcgt \u00fcber ein Zifferblatt mit Farbverlauf, das mit Licht und Farbe spielt, um einen fesselnden Effekt zu erzielen, der die Monotonie des Alltags durchbricht.<br \/>\nAn die Abend- und Morgend\u00e4mmerung erinnernd, ist diese Version ideal f\u00fcr alle, die selbstbewusst den Blick nach vorne richten. Der perfekte Begleiter f\u00fcr urbane Abenteurer, die sowohl Funktionalit\u00e4t als auch markanten Style suchen.<\/p>\n","protected":false},"excerpt":{"rendered":"<p>Diese Erweiterung der ikonischen Tissot PRX Powermatic 80 mit 40 mm Geh\u00e4usedurchmesser verf\u00fcgt \u00fcber ein Zifferblatt mit Farbverlauf, das mit Licht und Farbe spielt, um einen fesselnden Effekt zu erzielen, der die Monotonie des Alltags durchbricht. An die Abend- und Morgend\u00e4mmerung erinnernd, ist diese Version ideal f\u00fcr alle, die selbstbewusst den Blick nach vorne richten&#8230;.  <a class=\"excerpt-read-more\" href=\"https:\/\/galli.ch\/en\/uhren\/tissot\/t-classic\/prx-powermatic-80-40mm-t137-407-11-051-01\/\" title=\"Read Tissot PRX Powermatic 80 40mm\">Weiter &raquo;<\/a><\/p>\n","protected":false},"featured_media":33815,"template":"","meta":{"_acf_changed":false,"inline_featured_image":false},"product_brand":[],"product_cat":[188],"product_tag":[],"class_list":{"0":"post-33822","1":"product","2":"type-product","3":"status-publish","4":"has-post-thumbnail","6":"uhrenhersteller-tissot","7":"uhrenhersteller-t-classic","8":"product_cat-uhren","10":"first","11":"outofstock","12":"taxable","13":"shipping-taxable","14":"purchasable","15":"product-type-simple"},"acf":[],"yoast_head":"<!-- This site is optimized with the Yoast SEO plugin v25.5 - https:\/\/yoast.com\/wordpress\/plugins\/seo\/ -->\n<title>Tissot PRX Powermatic 80 40mm - Galli Uhren Bijouterie<\/title>\n<meta name=\"robots\" content=\"index, follow, max-snippet:-1, max-image-preview:large, max-video-preview:-1\" \/>\n<link rel=\"canonical\" href=\"https:\/\/galli.ch\/uhren\/tissot\/t-classic\/prx-powermatic-80-40mm-t137-407-11-051-01\/\" \/>\n<meta property=\"og:locale\" content=\"en_US\" \/>\n<meta property=\"og:type\" content=\"article\" \/>\n<meta property=\"og:title\" content=\"Tissot PRX Powermatic 80 40mm - Galli Uhren Bijouterie\" \/>\n<meta property=\"og:description\" content=\"Diese Erweiterung der ikonischen Tissot PRX Powermatic 80 mit 40 mm Geh\u00e4usedurchmesser verf\u00fcgt \u00fcber ein Zifferblatt mit Farbverlauf, das mit Licht und Farbe spielt, um einen fesselnden Effekt zu erzielen, der die Monotonie des Alltags durchbricht. An die Abend- und Morgend\u00e4mmerung erinnernd, ist diese Version ideal f\u00fcr alle, die selbstbewusst den Blick nach vorne richten.... Weiter &raquo;\" \/>\n<meta property=\"og:url\" content=\"https:\/\/galli.ch\/uhren\/tissot\/t-classic\/prx-powermatic-80-40mm-t137-407-11-051-01\/\" \/>\n<meta property=\"og:site_name\" content=\"Galli Uhren Bijouterie\" \/>\n<meta property=\"article:modified_time\" content=\"2026-03-30T08:16:43+00:00\" \/>\n<meta property=\"og:image\" content=\"https:\/\/galli.ch\/wp-content\/uploads\/T137-407-11-051-01_R_1.png\" \/>\n\t<meta property=\"og:image:width\" content=\"1000\" \/>\n\t<meta property=\"og:image:height\" content=\"1400\" \/>\n\t<meta property=\"og:image:type\" content=\"image\/png\" \/>\n<meta name=\"twitter:card\" content=\"summary_large_image\" \/>\n<script type=\"application\/ld+json\" class=\"yoast-schema-graph\">{\"@context\":\"https:\/\/schema.org\",\"@graph\":[{\"@type\":\"WebPage\",\"@id\":\"https:\/\/galli.ch\/uhren\/tissot\/t-classic\/prx-powermatic-80-40mm-t137-407-11-051-01\/\",\"url\":\"https:\/\/galli.ch\/uhren\/tissot\/t-classic\/prx-powermatic-80-40mm-t137-407-11-051-01\/\",\"name\":\"Tissot PRX Powermatic 80 40mm - Galli Uhren Bijouterie\",\"isPartOf\":{\"@id\":\"http:\/\/galli.ch\/en\/#website\"},\"primaryImageOfPage\":{\"@id\":\"https:\/\/galli.ch\/uhren\/tissot\/t-classic\/prx-powermatic-80-40mm-t137-407-11-051-01\/#primaryimage\"},\"image\":{\"@id\":\"https:\/\/galli.ch\/uhren\/tissot\/t-classic\/prx-powermatic-80-40mm-t137-407-11-051-01\/#primaryimage\"},\"thumbnailUrl\":\"https:\/\/galli.ch\/wp-content\/uploads\/T137-407-11-051-01_R_1.png\",\"datePublished\":\"2024-09-10T07:48:02+00:00\",\"dateModified\":\"2026-03-30T08:16:43+00:00\",\"breadcrumb\":{\"@id\":\"https:\/\/galli.ch\/uhren\/tissot\/t-classic\/prx-powermatic-80-40mm-t137-407-11-051-01\/#breadcrumb\"},\"inLanguage\":\"en-US\",\"potentialAction\":[{\"@type\":\"ReadAction\",\"target\":[\"https:\/\/galli.ch\/uhren\/tissot\/t-classic\/prx-powermatic-80-40mm-t137-407-11-051-01\/\"]}]},{\"@type\":\"ImageObject\",\"inLanguage\":\"en-US\",\"@id\":\"https:\/\/galli.ch\/uhren\/tissot\/t-classic\/prx-powermatic-80-40mm-t137-407-11-051-01\/#primaryimage\",\"url\":\"https:\/\/galli.ch\/wp-content\/uploads\/T137-407-11-051-01_R_1.png\",\"contentUrl\":\"https:\/\/galli.ch\/wp-content\/uploads\/T137-407-11-051-01_R_1.png\",\"width\":1000,\"height\":1400},{\"@type\":\"BreadcrumbList\",\"@id\":\"https:\/\/galli.ch\/uhren\/tissot\/t-classic\/prx-powermatic-80-40mm-t137-407-11-051-01\/#breadcrumb\",\"itemListElement\":[{\"@type\":\"ListItem\",\"position\":1,\"name\":\"Home\",\"item\":\"https:\/\/galli.ch\/en\/\"},{\"@type\":\"ListItem\",\"position\":2,\"name\":\"Uhren\",\"item\":\"https:\/\/galli.ch\/en\/uhren\/\"},{\"@type\":\"ListItem\",\"position\":3,\"name\":\"PRX Powermatic 80 40mm\"}]},{\"@type\":\"WebSite\",\"@id\":\"http:\/\/galli.ch\/en\/#website\",\"url\":\"http:\/\/galli.ch\/en\/\",\"name\":\"Galli Uhren Bijouterie\",\"description\":\"\",\"potentialAction\":[{\"@type\":\"SearchAction\",\"target\":{\"@type\":\"EntryPoint\",\"urlTemplate\":\"http:\/\/galli.ch\/en\/?s={search_term_string}\"},\"query-input\":{\"@type\":\"PropertyValueSpecification\",\"valueRequired\":true,\"valueName\":\"search_term_string\"}}],\"inLanguage\":\"en-US\"}]}<\/script>\n<!-- \/ Yoast SEO plugin. -->","yoast_head_json":{"title":"Tissot PRX Powermatic 80 40mm - Galli Uhren Bijouterie","robots":{"index":"index","follow":"follow","max-snippet":"max-snippet:-1","max-image-preview":"max-image-preview:large","max-video-preview":"max-video-preview:-1"},"canonical":"https:\/\/galli.ch\/uhren\/tissot\/t-classic\/prx-powermatic-80-40mm-t137-407-11-051-01\/","og_locale":"en_US","og_type":"article","og_title":"Tissot PRX Powermatic 80 40mm - Galli Uhren Bijouterie","og_description":"Diese Erweiterung der ikonischen Tissot PRX Powermatic 80 mit 40 mm Geh\u00e4usedurchmesser verf\u00fcgt \u00fcber ein Zifferblatt mit Farbverlauf, das mit Licht und Farbe spielt, um einen fesselnden Effekt zu erzielen, der die Monotonie des Alltags durchbricht. An die Abend- und Morgend\u00e4mmerung erinnernd, ist diese Version ideal f\u00fcr alle, die selbstbewusst den Blick nach vorne richten.... Weiter &raquo;","og_url":"https:\/\/galli.ch\/uhren\/tissot\/t-classic\/prx-powermatic-80-40mm-t137-407-11-051-01\/","og_site_name":"Galli Uhren Bijouterie","article_modified_time":"2026-03-30T08:16:43+00:00","og_image":[{"width":1000,"height":1400,"url":"https:\/\/galli.ch\/wp-content\/uploads\/T137-407-11-051-01_R_1.png","type":"image\/png"}],"twitter_card":"summary_large_image","schema":{"@context":"https:\/\/schema.org","@graph":[{"@type":"WebPage","@id":"https:\/\/galli.ch\/uhren\/tissot\/t-classic\/prx-powermatic-80-40mm-t137-407-11-051-01\/","url":"https:\/\/galli.ch\/uhren\/tissot\/t-classic\/prx-powermatic-80-40mm-t137-407-11-051-01\/","name":"Tissot PRX Powermatic 80 40mm - Galli Uhren Bijouterie","isPartOf":{"@id":"http:\/\/galli.ch\/en\/#website"},"primaryImageOfPage":{"@id":"https:\/\/galli.ch\/uhren\/tissot\/t-classic\/prx-powermatic-80-40mm-t137-407-11-051-01\/#primaryimage"},"image":{"@id":"https:\/\/galli.ch\/uhren\/tissot\/t-classic\/prx-powermatic-80-40mm-t137-407-11-051-01\/#primaryimage"},"thumbnailUrl":"https:\/\/galli.ch\/wp-content\/uploads\/T137-407-11-051-01_R_1.png","datePublished":"2024-09-10T07:48:02+00:00","dateModified":"2026-03-30T08:16:43+00:00","breadcrumb":{"@id":"https:\/\/galli.ch\/uhren\/tissot\/t-classic\/prx-powermatic-80-40mm-t137-407-11-051-01\/#breadcrumb"},"inLanguage":"en-US","potentialAction":[{"@type":"ReadAction","target":["https:\/\/galli.ch\/uhren\/tissot\/t-classic\/prx-powermatic-80-40mm-t137-407-11-051-01\/"]}]},{"@type":"ImageObject","inLanguage":"en-US","@id":"https:\/\/galli.ch\/uhren\/tissot\/t-classic\/prx-powermatic-80-40mm-t137-407-11-051-01\/#primaryimage","url":"https:\/\/galli.ch\/wp-content\/uploads\/T137-407-11-051-01_R_1.png","contentUrl":"https:\/\/galli.ch\/wp-content\/uploads\/T137-407-11-051-01_R_1.png","width":1000,"height":1400},{"@type":"BreadcrumbList","@id":"https:\/\/galli.ch\/uhren\/tissot\/t-classic\/prx-powermatic-80-40mm-t137-407-11-051-01\/#breadcrumb","itemListElement":[{"@type":"ListItem","position":1,"name":"Home","item":"https:\/\/galli.ch\/en\/"},{"@type":"ListItem","position":2,"name":"Uhren","item":"https:\/\/galli.ch\/en\/uhren\/"},{"@type":"ListItem","position":3,"name":"PRX Powermatic 80 40mm"}]},{"@type":"WebSite","@id":"http:\/\/galli.ch\/en\/#website","url":"http:\/\/galli.ch\/en\/","name":"Galli Uhren Bijouterie","description":"","potentialAction":[{"@type":"SearchAction","target":{"@type":"EntryPoint","urlTemplate":"http:\/\/galli.ch\/en\/?s={search_term_string}"},"query-input":{"@type":"PropertyValueSpecification","valueRequired":true,"valueName":"search_term_string"}}],"inLanguage":"en-US"}]}},"_links":{"self":[{"href":"https:\/\/galli.ch\/en\/wp-json\/wp\/v2\/product\/33822","targetHints":{"allow":["GET"]}}],"collection":[{"href":"https:\/\/galli.ch\/en\/wp-json\/wp\/v2\/product"}],"about":[{"href":"https:\/\/galli.ch\/en\/wp-json\/wp\/v2\/types\/product"}],"wp:featuredmedia":[{"embeddable":true,"href":"https:\/\/galli.ch\/en\/wp-json\/wp\/v2\/media\/33815"}],"wp:attachment":[{"href":"https:\/\/galli.ch\/en\/wp-json\/wp\/v2\/media?parent=33822"}],"wp:term":[{"taxonomy":"product_brand","embeddable":true,"href":"https:\/\/galli.ch\/en\/wp-json\/wp\/v2\/product_brand?post=33822"},{"taxonomy":"product_cat","embeddable":true,"href":"https:\/\/galli.ch\/en\/wp-json\/wp\/v2\/product_cat?post=33822"},{"taxonomy":"product_tag","embeddable":true,"href":"https:\/\/galli.ch\/en\/wp-json\/wp\/v2\/product_tag?post=33822"}],"curies":[{"name":"wp","href":"https:\/\/api.w.org\/{rel}","templated":true}]}}