{"id":33824,"date":"2024-09-10T09:52:58","date_gmt":"2024-09-10T07:52:58","guid":{"rendered":"https:\/\/galli.ch\/?post_type=product&#038;p=33824"},"modified":"2026-03-30T10:16:42","modified_gmt":"2026-03-30T08:16:42","slug":"prx-ufo-robot-grendizer-t137-407-11-041-02","status":"publish","type":"product","link":"https:\/\/galli.ch\/en\/uhren\/tissot\/t-classic\/prx-ufo-robot-grendizer-t137-407-11-041-02\/","title":{"rendered":"Tissot PRX UFO Robot Grendizer"},"content":{"rendered":"<p>Hier treffen die Welten von Tissot und einer kultigen Manga-Figur aufeinander: Die Tissot PRX Ufo Robot Grendizer vereint ein von den 70er-Jahren inspiriertes Uhrendesign mit Manga-Elementen des bekannten japanischen Anime UFO Robot Grendizer<br \/>\nDieser Zeitmesser verf\u00fcgt \u00fcber ein 40 mm-Geh\u00e4use aus 316L-Edelstahl und ein Armband mit Schnellwechselsystem. Die mit Super-LumiNova\u00ae Leuchtbeschichtung versehene Silhouette der Figur Grendizer hebt sich vom tiefblauen Zifferblatt ab, w\u00e4hrend ein Sekundenzeiger im Harken-Stil und ein gravierter Rotor zu der besonderen Nostalgie beitragen, die alle Fans der Serie zu sch\u00e4tzen wissen werden.<\/p>\n","protected":false},"excerpt":{"rendered":"<p>Hier treffen die Welten von Tissot und einer kultigen Manga-Figur aufeinander: Die Tissot PRX Ufo Robot Grendizer vereint ein von den 70er-Jahren inspiriertes Uhrendesign mit Manga-Elementen des bekannten japanischen Anime UFO Robot Grendizer Dieser Zeitmesser verf\u00fcgt \u00fcber ein 40 mm-Geh\u00e4use aus 316L-Edelstahl und ein Armband mit Schnellwechselsystem. Die mit Super-LumiNova\u00ae Leuchtbeschichtung versehene Silhouette der Figur&#8230;  <a class=\"excerpt-read-more\" href=\"https:\/\/galli.ch\/en\/uhren\/tissot\/t-classic\/prx-ufo-robot-grendizer-t137-407-11-041-02\/\" title=\"Read Tissot PRX UFO Robot Grendizer\">Weiter &raquo;<\/a><\/p>\n","protected":false},"featured_media":33817,"template":"","meta":{"_acf_changed":false,"inline_featured_image":false},"product_brand":[],"product_cat":[188],"product_tag":[],"class_list":{"0":"post-33824","1":"product","2":"type-product","3":"status-publish","4":"has-post-thumbnail","6":"uhrenhersteller-tissot","7":"uhrenhersteller-t-classic","8":"product_cat-uhren","10":"first","11":"instock","12":"taxable","13":"shipping-taxable","14":"purchasable","15":"product-type-simple"},"acf":[],"yoast_head":"<!-- This site is optimized with the Yoast SEO plugin v25.5 - https:\/\/yoast.com\/wordpress\/plugins\/seo\/ -->\n<title>Tissot PRX UFO Robot Grendizer - Galli Uhren Bijouterie<\/title>\n<meta name=\"robots\" content=\"index, follow, max-snippet:-1, max-image-preview:large, max-video-preview:-1\" \/>\n<link rel=\"canonical\" href=\"https:\/\/galli.ch\/uhren\/tissot\/t-classic\/prx-ufo-robot-grendizer-t137-407-11-041-02\/\" \/>\n<meta property=\"og:locale\" content=\"en_US\" \/>\n<meta property=\"og:type\" content=\"article\" \/>\n<meta property=\"og:title\" content=\"Tissot PRX UFO Robot Grendizer - Galli Uhren Bijouterie\" \/>\n<meta property=\"og:description\" content=\"Hier treffen die Welten von Tissot und einer kultigen Manga-Figur aufeinander: Die Tissot PRX Ufo Robot Grendizer vereint ein von den 70er-Jahren inspiriertes Uhrendesign mit Manga-Elementen des bekannten japanischen Anime UFO Robot Grendizer Dieser Zeitmesser verf\u00fcgt \u00fcber ein 40 mm-Geh\u00e4use aus 316L-Edelstahl und ein Armband mit Schnellwechselsystem. Die mit Super-LumiNova\u00ae Leuchtbeschichtung versehene Silhouette der Figur... Weiter &raquo;\" \/>\n<meta property=\"og:url\" content=\"https:\/\/galli.ch\/uhren\/tissot\/t-classic\/prx-ufo-robot-grendizer-t137-407-11-041-02\/\" \/>\n<meta property=\"og:site_name\" content=\"Galli Uhren Bijouterie\" \/>\n<meta property=\"article:modified_time\" content=\"2026-03-30T08:16:42+00:00\" \/>\n<meta property=\"og:image\" content=\"https:\/\/galli.ch\/wp-content\/uploads\/T137-407-11-041-02_R_2.png\" \/>\n\t<meta property=\"og:image:width\" content=\"1000\" \/>\n\t<meta property=\"og:image:height\" content=\"1400\" \/>\n\t<meta property=\"og:image:type\" content=\"image\/png\" \/>\n<meta name=\"twitter:card\" content=\"summary_large_image\" \/>\n<script type=\"application\/ld+json\" class=\"yoast-schema-graph\">{\"@context\":\"https:\/\/schema.org\",\"@graph\":[{\"@type\":\"WebPage\",\"@id\":\"https:\/\/galli.ch\/uhren\/tissot\/t-classic\/prx-ufo-robot-grendizer-t137-407-11-041-02\/\",\"url\":\"https:\/\/galli.ch\/uhren\/tissot\/t-classic\/prx-ufo-robot-grendizer-t137-407-11-041-02\/\",\"name\":\"Tissot PRX UFO Robot Grendizer - Galli Uhren Bijouterie\",\"isPartOf\":{\"@id\":\"http:\/\/galli.ch\/en\/#website\"},\"primaryImageOfPage\":{\"@id\":\"https:\/\/galli.ch\/uhren\/tissot\/t-classic\/prx-ufo-robot-grendizer-t137-407-11-041-02\/#primaryimage\"},\"image\":{\"@id\":\"https:\/\/galli.ch\/uhren\/tissot\/t-classic\/prx-ufo-robot-grendizer-t137-407-11-041-02\/#primaryimage\"},\"thumbnailUrl\":\"https:\/\/galli.ch\/wp-content\/uploads\/T137-407-11-041-02_R_2.png\",\"datePublished\":\"2024-09-10T07:52:58+00:00\",\"dateModified\":\"2026-03-30T08:16:42+00:00\",\"breadcrumb\":{\"@id\":\"https:\/\/galli.ch\/uhren\/tissot\/t-classic\/prx-ufo-robot-grendizer-t137-407-11-041-02\/#breadcrumb\"},\"inLanguage\":\"en-US\",\"potentialAction\":[{\"@type\":\"ReadAction\",\"target\":[\"https:\/\/galli.ch\/uhren\/tissot\/t-classic\/prx-ufo-robot-grendizer-t137-407-11-041-02\/\"]}]},{\"@type\":\"ImageObject\",\"inLanguage\":\"en-US\",\"@id\":\"https:\/\/galli.ch\/uhren\/tissot\/t-classic\/prx-ufo-robot-grendizer-t137-407-11-041-02\/#primaryimage\",\"url\":\"https:\/\/galli.ch\/wp-content\/uploads\/T137-407-11-041-02_R_2.png\",\"contentUrl\":\"https:\/\/galli.ch\/wp-content\/uploads\/T137-407-11-041-02_R_2.png\",\"width\":1000,\"height\":1400},{\"@type\":\"BreadcrumbList\",\"@id\":\"https:\/\/galli.ch\/uhren\/tissot\/t-classic\/prx-ufo-robot-grendizer-t137-407-11-041-02\/#breadcrumb\",\"itemListElement\":[{\"@type\":\"ListItem\",\"position\":1,\"name\":\"Home\",\"item\":\"https:\/\/galli.ch\/en\/\"},{\"@type\":\"ListItem\",\"position\":2,\"name\":\"Uhren\",\"item\":\"https:\/\/galli.ch\/en\/uhren\/\"},{\"@type\":\"ListItem\",\"position\":3,\"name\":\"PRX UFO Robot Grendizer\"}]},{\"@type\":\"WebSite\",\"@id\":\"http:\/\/galli.ch\/en\/#website\",\"url\":\"http:\/\/galli.ch\/en\/\",\"name\":\"Galli Uhren Bijouterie\",\"description\":\"\",\"potentialAction\":[{\"@type\":\"SearchAction\",\"target\":{\"@type\":\"EntryPoint\",\"urlTemplate\":\"http:\/\/galli.ch\/en\/?s={search_term_string}\"},\"query-input\":{\"@type\":\"PropertyValueSpecification\",\"valueRequired\":true,\"valueName\":\"search_term_string\"}}],\"inLanguage\":\"en-US\"}]}<\/script>\n<!-- \/ Yoast SEO plugin. -->","yoast_head_json":{"title":"Tissot PRX UFO Robot Grendizer - Galli Uhren Bijouterie","robots":{"index":"index","follow":"follow","max-snippet":"max-snippet:-1","max-image-preview":"max-image-preview:large","max-video-preview":"max-video-preview:-1"},"canonical":"https:\/\/galli.ch\/uhren\/tissot\/t-classic\/prx-ufo-robot-grendizer-t137-407-11-041-02\/","og_locale":"en_US","og_type":"article","og_title":"Tissot PRX UFO Robot Grendizer - Galli Uhren Bijouterie","og_description":"Hier treffen die Welten von Tissot und einer kultigen Manga-Figur aufeinander: Die Tissot PRX Ufo Robot Grendizer vereint ein von den 70er-Jahren inspiriertes Uhrendesign mit Manga-Elementen des bekannten japanischen Anime UFO Robot Grendizer Dieser Zeitmesser verf\u00fcgt \u00fcber ein 40 mm-Geh\u00e4use aus 316L-Edelstahl und ein Armband mit Schnellwechselsystem. Die mit Super-LumiNova\u00ae Leuchtbeschichtung versehene Silhouette der Figur... Weiter &raquo;","og_url":"https:\/\/galli.ch\/uhren\/tissot\/t-classic\/prx-ufo-robot-grendizer-t137-407-11-041-02\/","og_site_name":"Galli Uhren Bijouterie","article_modified_time":"2026-03-30T08:16:42+00:00","og_image":[{"width":1000,"height":1400,"url":"https:\/\/galli.ch\/wp-content\/uploads\/T137-407-11-041-02_R_2.png","type":"image\/png"}],"twitter_card":"summary_large_image","schema":{"@context":"https:\/\/schema.org","@graph":[{"@type":"WebPage","@id":"https:\/\/galli.ch\/uhren\/tissot\/t-classic\/prx-ufo-robot-grendizer-t137-407-11-041-02\/","url":"https:\/\/galli.ch\/uhren\/tissot\/t-classic\/prx-ufo-robot-grendizer-t137-407-11-041-02\/","name":"Tissot PRX UFO Robot Grendizer - Galli Uhren Bijouterie","isPartOf":{"@id":"http:\/\/galli.ch\/en\/#website"},"primaryImageOfPage":{"@id":"https:\/\/galli.ch\/uhren\/tissot\/t-classic\/prx-ufo-robot-grendizer-t137-407-11-041-02\/#primaryimage"},"image":{"@id":"https:\/\/galli.ch\/uhren\/tissot\/t-classic\/prx-ufo-robot-grendizer-t137-407-11-041-02\/#primaryimage"},"thumbnailUrl":"https:\/\/galli.ch\/wp-content\/uploads\/T137-407-11-041-02_R_2.png","datePublished":"2024-09-10T07:52:58+00:00","dateModified":"2026-03-30T08:16:42+00:00","breadcrumb":{"@id":"https:\/\/galli.ch\/uhren\/tissot\/t-classic\/prx-ufo-robot-grendizer-t137-407-11-041-02\/#breadcrumb"},"inLanguage":"en-US","potentialAction":[{"@type":"ReadAction","target":["https:\/\/galli.ch\/uhren\/tissot\/t-classic\/prx-ufo-robot-grendizer-t137-407-11-041-02\/"]}]},{"@type":"ImageObject","inLanguage":"en-US","@id":"https:\/\/galli.ch\/uhren\/tissot\/t-classic\/prx-ufo-robot-grendizer-t137-407-11-041-02\/#primaryimage","url":"https:\/\/galli.ch\/wp-content\/uploads\/T137-407-11-041-02_R_2.png","contentUrl":"https:\/\/galli.ch\/wp-content\/uploads\/T137-407-11-041-02_R_2.png","width":1000,"height":1400},{"@type":"BreadcrumbList","@id":"https:\/\/galli.ch\/uhren\/tissot\/t-classic\/prx-ufo-robot-grendizer-t137-407-11-041-02\/#breadcrumb","itemListElement":[{"@type":"ListItem","position":1,"name":"Home","item":"https:\/\/galli.ch\/en\/"},{"@type":"ListItem","position":2,"name":"Uhren","item":"https:\/\/galli.ch\/en\/uhren\/"},{"@type":"ListItem","position":3,"name":"PRX UFO Robot Grendizer"}]},{"@type":"WebSite","@id":"http:\/\/galli.ch\/en\/#website","url":"http:\/\/galli.ch\/en\/","name":"Galli Uhren Bijouterie","description":"","potentialAction":[{"@type":"SearchAction","target":{"@type":"EntryPoint","urlTemplate":"http:\/\/galli.ch\/en\/?s={search_term_string}"},"query-input":{"@type":"PropertyValueSpecification","valueRequired":true,"valueName":"search_term_string"}}],"inLanguage":"en-US"}]}},"_links":{"self":[{"href":"https:\/\/galli.ch\/en\/wp-json\/wp\/v2\/product\/33824","targetHints":{"allow":["GET"]}}],"collection":[{"href":"https:\/\/galli.ch\/en\/wp-json\/wp\/v2\/product"}],"about":[{"href":"https:\/\/galli.ch\/en\/wp-json\/wp\/v2\/types\/product"}],"wp:featuredmedia":[{"embeddable":true,"href":"https:\/\/galli.ch\/en\/wp-json\/wp\/v2\/media\/33817"}],"wp:attachment":[{"href":"https:\/\/galli.ch\/en\/wp-json\/wp\/v2\/media?parent=33824"}],"wp:term":[{"taxonomy":"product_brand","embeddable":true,"href":"https:\/\/galli.ch\/en\/wp-json\/wp\/v2\/product_brand?post=33824"},{"taxonomy":"product_cat","embeddable":true,"href":"https:\/\/galli.ch\/en\/wp-json\/wp\/v2\/product_cat?post=33824"},{"taxonomy":"product_tag","embeddable":true,"href":"https:\/\/galli.ch\/en\/wp-json\/wp\/v2\/product_tag?post=33824"}],"curies":[{"name":"wp","href":"https:\/\/api.w.org\/{rel}","templated":true}]}}