{"id":34248,"date":"2024-10-04T10:17:30","date_gmt":"2024-10-04T08:17:30","guid":{"rendered":"https:\/\/galli.ch\/?post_type=product&#038;p=34248"},"modified":"2025-10-23T15:33:22","modified_gmt":"2025-10-23T13:33:22","slug":"speedmaster-first-omega-in-space-310-32-40-50-06-001","status":"publish","type":"product","link":"https:\/\/galli.ch\/en\/uhren\/omega\/speedmaster\/speedmaster-first-omega-in-space-310-32-40-50-06-001\/","title":{"rendered":"Omega Speedmaster First Omega in Space"},"content":{"rendered":"<p>Am 3. Oktober 1962, als der Astronaut Walter Schirra sein pers\u00f6nliches Modell im Rahmen der Mission Sigma 7 des Mercury-Programms trug, wurde die Speedmaster CK 2998 zur ersten OMEGA im Weltall. Diese \u00fcberarbeitete Version ist eine Hommage an die damalige Pionieruhr und f\u00e4ngt den Stil jener 2. Generation der Speedmaster in moderner Form ein. Auf dem Zifferblatt und der Krone ist ein OMEGA Vintage-Logo zu sehen, w\u00e4hrend der Geh\u00e4useboden mit dem ber\u00fchmten Seepferdchen-Medaillon und den Gravuren \u201eTHE FIRST OMEGA IN SPACE\u201c und \u201eOCTOBER 3, 1962\u201c versehen ist.<\/p>\n","protected":false},"excerpt":{"rendered":"<p>Am 3. Oktober 1962, als der Astronaut Walter Schirra sein pers\u00f6nliches Modell im Rahmen der Mission Sigma 7 des Mercury-Programms trug, wurde die Speedmaster CK 2998 zur ersten OMEGA im Weltall. Diese \u00fcberarbeitete Version ist eine Hommage an die damalige Pionieruhr und f\u00e4ngt den Stil jener 2. Generation der Speedmaster in moderner Form ein. Auf&#8230;  <a class=\"excerpt-read-more\" href=\"https:\/\/galli.ch\/en\/uhren\/omega\/speedmaster\/speedmaster-first-omega-in-space-310-32-40-50-06-001\/\" title=\"Read Omega Speedmaster First Omega in Space\">Weiter &raquo;<\/a><\/p>\n","protected":false},"featured_media":34243,"template":"","meta":{"_acf_changed":false,"inline_featured_image":false},"product_brand":[],"product_cat":[188],"product_tag":[],"class_list":{"0":"post-34248","1":"product","2":"type-product","3":"status-publish","4":"has-post-thumbnail","6":"uhrenhersteller-omega","7":"uhrenhersteller-speedmaster","8":"product_cat-uhren","10":"first","11":"outofstock","12":"taxable","13":"shipping-taxable","14":"purchasable","15":"product-type-simple"},"acf":[],"yoast_head":"<!-- This site is optimized with the Yoast SEO plugin v25.5 - https:\/\/yoast.com\/wordpress\/plugins\/seo\/ -->\n<title>Omega Speedmaster First Omega in Space - Galli Uhren Bijouterie<\/title>\n<meta name=\"robots\" content=\"index, follow, max-snippet:-1, max-image-preview:large, max-video-preview:-1\" \/>\n<link rel=\"canonical\" href=\"https:\/\/galli.ch\/uhren\/omega\/speedmaster\/speedmaster-first-omega-in-space-310-32-40-50-06-001\/\" \/>\n<meta property=\"og:locale\" content=\"en_US\" \/>\n<meta property=\"og:type\" content=\"article\" \/>\n<meta property=\"og:title\" content=\"Omega Speedmaster First Omega in Space - Galli Uhren Bijouterie\" \/>\n<meta property=\"og:description\" content=\"Am 3. Oktober 1962, als der Astronaut Walter Schirra sein pers\u00f6nliches Modell im Rahmen der Mission Sigma 7 des Mercury-Programms trug, wurde die Speedmaster CK 2998 zur ersten OMEGA im Weltall. Diese \u00fcberarbeitete Version ist eine Hommage an die damalige Pionieruhr und f\u00e4ngt den Stil jener 2. Generation der Speedmaster in moderner Form ein. Auf... Weiter &raquo;\" \/>\n<meta property=\"og:url\" content=\"https:\/\/galli.ch\/uhren\/omega\/speedmaster\/speedmaster-first-omega-in-space-310-32-40-50-06-001\/\" \/>\n<meta property=\"og:site_name\" content=\"Galli Uhren Bijouterie\" \/>\n<meta property=\"article:modified_time\" content=\"2025-10-23T13:33:22+00:00\" \/>\n<meta property=\"og:image\" content=\"https:\/\/galli.ch\/wp-content\/uploads\/omega-speedmaster-anniversary-series-co-axial-master-chronometer-chronograph-39-7-mm-31032405006001-31b91d-1.png\" \/>\n\t<meta property=\"og:image:width\" content=\"1000\" \/>\n\t<meta property=\"og:image:height\" content=\"1400\" \/>\n\t<meta property=\"og:image:type\" content=\"image\/png\" \/>\n<meta name=\"twitter:card\" content=\"summary_large_image\" \/>\n<script type=\"application\/ld+json\" class=\"yoast-schema-graph\">{\"@context\":\"https:\/\/schema.org\",\"@graph\":[{\"@type\":\"WebPage\",\"@id\":\"https:\/\/galli.ch\/uhren\/omega\/speedmaster\/speedmaster-first-omega-in-space-310-32-40-50-06-001\/\",\"url\":\"https:\/\/galli.ch\/uhren\/omega\/speedmaster\/speedmaster-first-omega-in-space-310-32-40-50-06-001\/\",\"name\":\"Omega Speedmaster First Omega in Space - Galli Uhren Bijouterie\",\"isPartOf\":{\"@id\":\"http:\/\/galli.ch\/en\/#website\"},\"primaryImageOfPage\":{\"@id\":\"https:\/\/galli.ch\/uhren\/omega\/speedmaster\/speedmaster-first-omega-in-space-310-32-40-50-06-001\/#primaryimage\"},\"image\":{\"@id\":\"https:\/\/galli.ch\/uhren\/omega\/speedmaster\/speedmaster-first-omega-in-space-310-32-40-50-06-001\/#primaryimage\"},\"thumbnailUrl\":\"https:\/\/galli.ch\/wp-content\/uploads\/omega-speedmaster-anniversary-series-co-axial-master-chronometer-chronograph-39-7-mm-31032405006001-31b91d-1.png\",\"datePublished\":\"2024-10-04T08:17:30+00:00\",\"dateModified\":\"2025-10-23T13:33:22+00:00\",\"breadcrumb\":{\"@id\":\"https:\/\/galli.ch\/uhren\/omega\/speedmaster\/speedmaster-first-omega-in-space-310-32-40-50-06-001\/#breadcrumb\"},\"inLanguage\":\"en-US\",\"potentialAction\":[{\"@type\":\"ReadAction\",\"target\":[\"https:\/\/galli.ch\/uhren\/omega\/speedmaster\/speedmaster-first-omega-in-space-310-32-40-50-06-001\/\"]}]},{\"@type\":\"ImageObject\",\"inLanguage\":\"en-US\",\"@id\":\"https:\/\/galli.ch\/uhren\/omega\/speedmaster\/speedmaster-first-omega-in-space-310-32-40-50-06-001\/#primaryimage\",\"url\":\"https:\/\/galli.ch\/wp-content\/uploads\/omega-speedmaster-anniversary-series-co-axial-master-chronometer-chronograph-39-7-mm-31032405006001-31b91d-1.png\",\"contentUrl\":\"https:\/\/galli.ch\/wp-content\/uploads\/omega-speedmaster-anniversary-series-co-axial-master-chronometer-chronograph-39-7-mm-31032405006001-31b91d-1.png\",\"width\":1000,\"height\":1400},{\"@type\":\"BreadcrumbList\",\"@id\":\"https:\/\/galli.ch\/uhren\/omega\/speedmaster\/speedmaster-first-omega-in-space-310-32-40-50-06-001\/#breadcrumb\",\"itemListElement\":[{\"@type\":\"ListItem\",\"position\":1,\"name\":\"Home\",\"item\":\"https:\/\/galli.ch\/en\/\"},{\"@type\":\"ListItem\",\"position\":2,\"name\":\"Uhren\",\"item\":\"https:\/\/galli.ch\/en\/uhren\/\"},{\"@type\":\"ListItem\",\"position\":3,\"name\":\"Omega Speedmaster First Omega in Space\"}]},{\"@type\":\"WebSite\",\"@id\":\"http:\/\/galli.ch\/en\/#website\",\"url\":\"http:\/\/galli.ch\/en\/\",\"name\":\"Galli Uhren Bijouterie\",\"description\":\"\",\"potentialAction\":[{\"@type\":\"SearchAction\",\"target\":{\"@type\":\"EntryPoint\",\"urlTemplate\":\"http:\/\/galli.ch\/en\/?s={search_term_string}\"},\"query-input\":{\"@type\":\"PropertyValueSpecification\",\"valueRequired\":true,\"valueName\":\"search_term_string\"}}],\"inLanguage\":\"en-US\"}]}<\/script>\n<!-- \/ Yoast SEO plugin. -->","yoast_head_json":{"title":"Omega Speedmaster First Omega in Space - Galli Uhren Bijouterie","robots":{"index":"index","follow":"follow","max-snippet":"max-snippet:-1","max-image-preview":"max-image-preview:large","max-video-preview":"max-video-preview:-1"},"canonical":"https:\/\/galli.ch\/uhren\/omega\/speedmaster\/speedmaster-first-omega-in-space-310-32-40-50-06-001\/","og_locale":"en_US","og_type":"article","og_title":"Omega Speedmaster First Omega in Space - Galli Uhren Bijouterie","og_description":"Am 3. Oktober 1962, als der Astronaut Walter Schirra sein pers\u00f6nliches Modell im Rahmen der Mission Sigma 7 des Mercury-Programms trug, wurde die Speedmaster CK 2998 zur ersten OMEGA im Weltall. Diese \u00fcberarbeitete Version ist eine Hommage an die damalige Pionieruhr und f\u00e4ngt den Stil jener 2. Generation der Speedmaster in moderner Form ein. Auf... Weiter &raquo;","og_url":"https:\/\/galli.ch\/uhren\/omega\/speedmaster\/speedmaster-first-omega-in-space-310-32-40-50-06-001\/","og_site_name":"Galli Uhren Bijouterie","article_modified_time":"2025-10-23T13:33:22+00:00","og_image":[{"width":1000,"height":1400,"url":"https:\/\/galli.ch\/wp-content\/uploads\/omega-speedmaster-anniversary-series-co-axial-master-chronometer-chronograph-39-7-mm-31032405006001-31b91d-1.png","type":"image\/png"}],"twitter_card":"summary_large_image","schema":{"@context":"https:\/\/schema.org","@graph":[{"@type":"WebPage","@id":"https:\/\/galli.ch\/uhren\/omega\/speedmaster\/speedmaster-first-omega-in-space-310-32-40-50-06-001\/","url":"https:\/\/galli.ch\/uhren\/omega\/speedmaster\/speedmaster-first-omega-in-space-310-32-40-50-06-001\/","name":"Omega Speedmaster First Omega in Space - Galli Uhren Bijouterie","isPartOf":{"@id":"http:\/\/galli.ch\/en\/#website"},"primaryImageOfPage":{"@id":"https:\/\/galli.ch\/uhren\/omega\/speedmaster\/speedmaster-first-omega-in-space-310-32-40-50-06-001\/#primaryimage"},"image":{"@id":"https:\/\/galli.ch\/uhren\/omega\/speedmaster\/speedmaster-first-omega-in-space-310-32-40-50-06-001\/#primaryimage"},"thumbnailUrl":"https:\/\/galli.ch\/wp-content\/uploads\/omega-speedmaster-anniversary-series-co-axial-master-chronometer-chronograph-39-7-mm-31032405006001-31b91d-1.png","datePublished":"2024-10-04T08:17:30+00:00","dateModified":"2025-10-23T13:33:22+00:00","breadcrumb":{"@id":"https:\/\/galli.ch\/uhren\/omega\/speedmaster\/speedmaster-first-omega-in-space-310-32-40-50-06-001\/#breadcrumb"},"inLanguage":"en-US","potentialAction":[{"@type":"ReadAction","target":["https:\/\/galli.ch\/uhren\/omega\/speedmaster\/speedmaster-first-omega-in-space-310-32-40-50-06-001\/"]}]},{"@type":"ImageObject","inLanguage":"en-US","@id":"https:\/\/galli.ch\/uhren\/omega\/speedmaster\/speedmaster-first-omega-in-space-310-32-40-50-06-001\/#primaryimage","url":"https:\/\/galli.ch\/wp-content\/uploads\/omega-speedmaster-anniversary-series-co-axial-master-chronometer-chronograph-39-7-mm-31032405006001-31b91d-1.png","contentUrl":"https:\/\/galli.ch\/wp-content\/uploads\/omega-speedmaster-anniversary-series-co-axial-master-chronometer-chronograph-39-7-mm-31032405006001-31b91d-1.png","width":1000,"height":1400},{"@type":"BreadcrumbList","@id":"https:\/\/galli.ch\/uhren\/omega\/speedmaster\/speedmaster-first-omega-in-space-310-32-40-50-06-001\/#breadcrumb","itemListElement":[{"@type":"ListItem","position":1,"name":"Home","item":"https:\/\/galli.ch\/en\/"},{"@type":"ListItem","position":2,"name":"Uhren","item":"https:\/\/galli.ch\/en\/uhren\/"},{"@type":"ListItem","position":3,"name":"Omega Speedmaster First Omega in Space"}]},{"@type":"WebSite","@id":"http:\/\/galli.ch\/en\/#website","url":"http:\/\/galli.ch\/en\/","name":"Galli Uhren Bijouterie","description":"","potentialAction":[{"@type":"SearchAction","target":{"@type":"EntryPoint","urlTemplate":"http:\/\/galli.ch\/en\/?s={search_term_string}"},"query-input":{"@type":"PropertyValueSpecification","valueRequired":true,"valueName":"search_term_string"}}],"inLanguage":"en-US"}]}},"_links":{"self":[{"href":"https:\/\/galli.ch\/en\/wp-json\/wp\/v2\/product\/34248","targetHints":{"allow":["GET"]}}],"collection":[{"href":"https:\/\/galli.ch\/en\/wp-json\/wp\/v2\/product"}],"about":[{"href":"https:\/\/galli.ch\/en\/wp-json\/wp\/v2\/types\/product"}],"wp:featuredmedia":[{"embeddable":true,"href":"https:\/\/galli.ch\/en\/wp-json\/wp\/v2\/media\/34243"}],"wp:attachment":[{"href":"https:\/\/galli.ch\/en\/wp-json\/wp\/v2\/media?parent=34248"}],"wp:term":[{"taxonomy":"product_brand","embeddable":true,"href":"https:\/\/galli.ch\/en\/wp-json\/wp\/v2\/product_brand?post=34248"},{"taxonomy":"product_cat","embeddable":true,"href":"https:\/\/galli.ch\/en\/wp-json\/wp\/v2\/product_cat?post=34248"},{"taxonomy":"product_tag","embeddable":true,"href":"https:\/\/galli.ch\/en\/wp-json\/wp\/v2\/product_tag?post=34248"}],"curies":[{"name":"wp","href":"https:\/\/api.w.org\/{rel}","templated":true}]}}