{"id":34308,"date":"2024-10-07T09:59:01","date_gmt":"2024-10-07T07:59:01","guid":{"rendered":"https:\/\/galli.ch\/?post_type=product&#038;p=34308"},"modified":"2025-03-13T13:45:48","modified_gmt":"2025-03-13T12:45:48","slug":"flagship-heritage-l4-815-4-62-2","status":"publish","type":"product","link":"https:\/\/galli.ch\/en\/uhren\/longines\/watchmaking-tradition\/flagship-heritage-l4-815-4-62-2\/","title":{"rendered":"Longines Flagship Heritage"},"content":{"rendered":"<p>Die Flagship Heritage Linie wird um neue Varianten mit Mondphasenkomplikation erweitert. Sie befindet sich auf einem Hilfszifferblatt mit Zeigerdatum, das bei 6 Uhr platziert ist. Ihr Uhrwerk, das exklusiv bei Longines zum Einsatz kommt, ist magnetresistent und mit einer Spiralfeder aus Silizium ausgestattet. Das Edelstahlgeh\u00e4use mit verschraubtem Boden hat einen Durchmesser von 38.5 mm. Es ist satiniert und geb\u00fcrstet, mit verk\u00fcrzten und abgeschr\u00e4gten Bandanst\u00f6ssen.<\/p>\n","protected":false},"excerpt":{"rendered":"<p>Die Flagship Heritage Linie wird um neue Varianten mit Mondphasenkomplikation erweitert. Sie befindet sich auf einem Hilfszifferblatt mit Zeigerdatum, das bei 6 Uhr platziert ist. Ihr Uhrwerk, das exklusiv bei Longines zum Einsatz kommt, ist magnetresistent und mit einer Spiralfeder aus Silizium ausgestattet. Das Edelstahlgeh\u00e4use mit verschraubtem Boden hat einen Durchmesser von 38.5 mm. Es&#8230;  <a class=\"excerpt-read-more\" href=\"https:\/\/galli.ch\/en\/uhren\/longines\/watchmaking-tradition\/flagship-heritage-l4-815-4-62-2\/\" title=\"Read Longines Flagship Heritage\">Weiter &raquo;<\/a><\/p>\n","protected":false},"featured_media":34301,"template":"","meta":{"_acf_changed":false,"inline_featured_image":false},"product_brand":[],"product_cat":[188],"product_tag":[],"class_list":{"0":"post-34308","1":"product","2":"type-product","3":"status-publish","4":"has-post-thumbnail","6":"uhrenhersteller-longines","7":"uhrenhersteller-watchmaking-tradition","8":"product_cat-uhren","10":"first","11":"outofstock","12":"taxable","13":"shipping-taxable","14":"purchasable","15":"product-type-simple"},"acf":[],"yoast_head":"<!-- This site is optimized with the Yoast SEO plugin v25.5 - https:\/\/yoast.com\/wordpress\/plugins\/seo\/ -->\n<title>Longines Flagship Heritage - Galli Uhren Bijouterie<\/title>\n<meta name=\"robots\" content=\"index, follow, max-snippet:-1, max-image-preview:large, max-video-preview:-1\" \/>\n<link rel=\"canonical\" href=\"https:\/\/galli.ch\/uhren\/longines\/watchmaking-tradition\/flagship-heritage-l4-815-4-62-2\/\" \/>\n<meta property=\"og:locale\" content=\"en_US\" \/>\n<meta property=\"og:type\" content=\"article\" \/>\n<meta property=\"og:title\" content=\"Longines Flagship Heritage - Galli Uhren Bijouterie\" \/>\n<meta property=\"og:description\" content=\"Die Flagship Heritage Linie wird um neue Varianten mit Mondphasenkomplikation erweitert. Sie befindet sich auf einem Hilfszifferblatt mit Zeigerdatum, das bei 6 Uhr platziert ist. Ihr Uhrwerk, das exklusiv bei Longines zum Einsatz kommt, ist magnetresistent und mit einer Spiralfeder aus Silizium ausgestattet. Das Edelstahlgeh\u00e4use mit verschraubtem Boden hat einen Durchmesser von 38.5 mm. Es... Weiter &raquo;\" \/>\n<meta property=\"og:url\" content=\"https:\/\/galli.ch\/uhren\/longines\/watchmaking-tradition\/flagship-heritage-l4-815-4-62-2\/\" \/>\n<meta property=\"og:site_name\" content=\"Galli Uhren Bijouterie\" \/>\n<meta property=\"article:modified_time\" content=\"2025-03-13T12:45:48+00:00\" \/>\n<meta property=\"og:image\" content=\"https:\/\/galli.ch\/wp-content\/uploads\/watch-collection-flagship-heritage-l4-815-4-62-2-1726053626-hero.png\" \/>\n\t<meta property=\"og:image:width\" content=\"1000\" \/>\n\t<meta property=\"og:image:height\" content=\"1400\" \/>\n\t<meta property=\"og:image:type\" content=\"image\/png\" \/>\n<meta name=\"twitter:card\" content=\"summary_large_image\" \/>\n<script type=\"application\/ld+json\" class=\"yoast-schema-graph\">{\"@context\":\"https:\/\/schema.org\",\"@graph\":[{\"@type\":\"WebPage\",\"@id\":\"https:\/\/galli.ch\/uhren\/longines\/watchmaking-tradition\/flagship-heritage-l4-815-4-62-2\/\",\"url\":\"https:\/\/galli.ch\/uhren\/longines\/watchmaking-tradition\/flagship-heritage-l4-815-4-62-2\/\",\"name\":\"Longines Flagship Heritage - Galli Uhren Bijouterie\",\"isPartOf\":{\"@id\":\"http:\/\/galli.ch\/en\/#website\"},\"primaryImageOfPage\":{\"@id\":\"https:\/\/galli.ch\/uhren\/longines\/watchmaking-tradition\/flagship-heritage-l4-815-4-62-2\/#primaryimage\"},\"image\":{\"@id\":\"https:\/\/galli.ch\/uhren\/longines\/watchmaking-tradition\/flagship-heritage-l4-815-4-62-2\/#primaryimage\"},\"thumbnailUrl\":\"https:\/\/galli.ch\/wp-content\/uploads\/watch-collection-flagship-heritage-l4-815-4-62-2-1726053626-hero.png\",\"datePublished\":\"2024-10-07T07:59:01+00:00\",\"dateModified\":\"2025-03-13T12:45:48+00:00\",\"breadcrumb\":{\"@id\":\"https:\/\/galli.ch\/uhren\/longines\/watchmaking-tradition\/flagship-heritage-l4-815-4-62-2\/#breadcrumb\"},\"inLanguage\":\"en-US\",\"potentialAction\":[{\"@type\":\"ReadAction\",\"target\":[\"https:\/\/galli.ch\/uhren\/longines\/watchmaking-tradition\/flagship-heritage-l4-815-4-62-2\/\"]}]},{\"@type\":\"ImageObject\",\"inLanguage\":\"en-US\",\"@id\":\"https:\/\/galli.ch\/uhren\/longines\/watchmaking-tradition\/flagship-heritage-l4-815-4-62-2\/#primaryimage\",\"url\":\"https:\/\/galli.ch\/wp-content\/uploads\/watch-collection-flagship-heritage-l4-815-4-62-2-1726053626-hero.png\",\"contentUrl\":\"https:\/\/galli.ch\/wp-content\/uploads\/watch-collection-flagship-heritage-l4-815-4-62-2-1726053626-hero.png\",\"width\":1000,\"height\":1400},{\"@type\":\"BreadcrumbList\",\"@id\":\"https:\/\/galli.ch\/uhren\/longines\/watchmaking-tradition\/flagship-heritage-l4-815-4-62-2\/#breadcrumb\",\"itemListElement\":[{\"@type\":\"ListItem\",\"position\":1,\"name\":\"Home\",\"item\":\"https:\/\/galli.ch\/en\/\"},{\"@type\":\"ListItem\",\"position\":2,\"name\":\"Uhren\",\"item\":\"https:\/\/galli.ch\/en\/uhren\/\"},{\"@type\":\"ListItem\",\"position\":3,\"name\":\"Flagship Heritage\"}]},{\"@type\":\"WebSite\",\"@id\":\"http:\/\/galli.ch\/en\/#website\",\"url\":\"http:\/\/galli.ch\/en\/\",\"name\":\"Galli Uhren Bijouterie\",\"description\":\"\",\"potentialAction\":[{\"@type\":\"SearchAction\",\"target\":{\"@type\":\"EntryPoint\",\"urlTemplate\":\"http:\/\/galli.ch\/en\/?s={search_term_string}\"},\"query-input\":{\"@type\":\"PropertyValueSpecification\",\"valueRequired\":true,\"valueName\":\"search_term_string\"}}],\"inLanguage\":\"en-US\"}]}<\/script>\n<!-- \/ Yoast SEO plugin. -->","yoast_head_json":{"title":"Longines Flagship Heritage - Galli Uhren Bijouterie","robots":{"index":"index","follow":"follow","max-snippet":"max-snippet:-1","max-image-preview":"max-image-preview:large","max-video-preview":"max-video-preview:-1"},"canonical":"https:\/\/galli.ch\/uhren\/longines\/watchmaking-tradition\/flagship-heritage-l4-815-4-62-2\/","og_locale":"en_US","og_type":"article","og_title":"Longines Flagship Heritage - Galli Uhren Bijouterie","og_description":"Die Flagship Heritage Linie wird um neue Varianten mit Mondphasenkomplikation erweitert. Sie befindet sich auf einem Hilfszifferblatt mit Zeigerdatum, das bei 6 Uhr platziert ist. Ihr Uhrwerk, das exklusiv bei Longines zum Einsatz kommt, ist magnetresistent und mit einer Spiralfeder aus Silizium ausgestattet. Das Edelstahlgeh\u00e4use mit verschraubtem Boden hat einen Durchmesser von 38.5 mm. Es... Weiter &raquo;","og_url":"https:\/\/galli.ch\/uhren\/longines\/watchmaking-tradition\/flagship-heritage-l4-815-4-62-2\/","og_site_name":"Galli Uhren Bijouterie","article_modified_time":"2025-03-13T12:45:48+00:00","og_image":[{"width":1000,"height":1400,"url":"https:\/\/galli.ch\/wp-content\/uploads\/watch-collection-flagship-heritage-l4-815-4-62-2-1726053626-hero.png","type":"image\/png"}],"twitter_card":"summary_large_image","schema":{"@context":"https:\/\/schema.org","@graph":[{"@type":"WebPage","@id":"https:\/\/galli.ch\/uhren\/longines\/watchmaking-tradition\/flagship-heritage-l4-815-4-62-2\/","url":"https:\/\/galli.ch\/uhren\/longines\/watchmaking-tradition\/flagship-heritage-l4-815-4-62-2\/","name":"Longines Flagship Heritage - Galli Uhren Bijouterie","isPartOf":{"@id":"http:\/\/galli.ch\/en\/#website"},"primaryImageOfPage":{"@id":"https:\/\/galli.ch\/uhren\/longines\/watchmaking-tradition\/flagship-heritage-l4-815-4-62-2\/#primaryimage"},"image":{"@id":"https:\/\/galli.ch\/uhren\/longines\/watchmaking-tradition\/flagship-heritage-l4-815-4-62-2\/#primaryimage"},"thumbnailUrl":"https:\/\/galli.ch\/wp-content\/uploads\/watch-collection-flagship-heritage-l4-815-4-62-2-1726053626-hero.png","datePublished":"2024-10-07T07:59:01+00:00","dateModified":"2025-03-13T12:45:48+00:00","breadcrumb":{"@id":"https:\/\/galli.ch\/uhren\/longines\/watchmaking-tradition\/flagship-heritage-l4-815-4-62-2\/#breadcrumb"},"inLanguage":"en-US","potentialAction":[{"@type":"ReadAction","target":["https:\/\/galli.ch\/uhren\/longines\/watchmaking-tradition\/flagship-heritage-l4-815-4-62-2\/"]}]},{"@type":"ImageObject","inLanguage":"en-US","@id":"https:\/\/galli.ch\/uhren\/longines\/watchmaking-tradition\/flagship-heritage-l4-815-4-62-2\/#primaryimage","url":"https:\/\/galli.ch\/wp-content\/uploads\/watch-collection-flagship-heritage-l4-815-4-62-2-1726053626-hero.png","contentUrl":"https:\/\/galli.ch\/wp-content\/uploads\/watch-collection-flagship-heritage-l4-815-4-62-2-1726053626-hero.png","width":1000,"height":1400},{"@type":"BreadcrumbList","@id":"https:\/\/galli.ch\/uhren\/longines\/watchmaking-tradition\/flagship-heritage-l4-815-4-62-2\/#breadcrumb","itemListElement":[{"@type":"ListItem","position":1,"name":"Home","item":"https:\/\/galli.ch\/en\/"},{"@type":"ListItem","position":2,"name":"Uhren","item":"https:\/\/galli.ch\/en\/uhren\/"},{"@type":"ListItem","position":3,"name":"Flagship Heritage"}]},{"@type":"WebSite","@id":"http:\/\/galli.ch\/en\/#website","url":"http:\/\/galli.ch\/en\/","name":"Galli Uhren Bijouterie","description":"","potentialAction":[{"@type":"SearchAction","target":{"@type":"EntryPoint","urlTemplate":"http:\/\/galli.ch\/en\/?s={search_term_string}"},"query-input":{"@type":"PropertyValueSpecification","valueRequired":true,"valueName":"search_term_string"}}],"inLanguage":"en-US"}]}},"_links":{"self":[{"href":"https:\/\/galli.ch\/en\/wp-json\/wp\/v2\/product\/34308","targetHints":{"allow":["GET"]}}],"collection":[{"href":"https:\/\/galli.ch\/en\/wp-json\/wp\/v2\/product"}],"about":[{"href":"https:\/\/galli.ch\/en\/wp-json\/wp\/v2\/types\/product"}],"wp:featuredmedia":[{"embeddable":true,"href":"https:\/\/galli.ch\/en\/wp-json\/wp\/v2\/media\/34301"}],"wp:attachment":[{"href":"https:\/\/galli.ch\/en\/wp-json\/wp\/v2\/media?parent=34308"}],"wp:term":[{"taxonomy":"product_brand","embeddable":true,"href":"https:\/\/galli.ch\/en\/wp-json\/wp\/v2\/product_brand?post=34308"},{"taxonomy":"product_cat","embeddable":true,"href":"https:\/\/galli.ch\/en\/wp-json\/wp\/v2\/product_cat?post=34308"},{"taxonomy":"product_tag","embeddable":true,"href":"https:\/\/galli.ch\/en\/wp-json\/wp\/v2\/product_tag?post=34308"}],"curies":[{"name":"wp","href":"https:\/\/api.w.org\/{rel}","templated":true}]}}