{"id":34467,"date":"2024-10-12T10:36:35","date_gmt":"2024-10-12T08:36:35","guid":{"rendered":"https:\/\/galli.ch\/?post_type=product&#038;p=34467"},"modified":"2025-03-13T13:45:49","modified_gmt":"2025-03-13T12:45:49","slug":"pr516-powermatic-80-t149-407-22-011-00","status":"publish","type":"product","link":"https:\/\/galli.ch\/en\/uhren\/tissot\/t-sport\/pr516-powermatic-80-t149-407-22-011-00\/","title":{"rendered":"Tissot PR516 Powermatic 80"},"content":{"rendered":"<p>Die Tissot PR516 Powermatic 80 mit ihrem schlanken 38 mm-Edelstahlgeh\u00e4use und dem dynamischen Zifferblatt verk\u00f6rpert den Geist von Geschwindigkeit und Pr\u00e4zision. Ausgestattet mit einem pr\u00e4zisen Powermatic 80 Uhrwerk mit bis zu 80 Stunden Gangreserve, bietet sie un\u00fcbertroffene Pr\u00e4zision f\u00fcr einen aktiven Lebensstil.<\/p>\n","protected":false},"excerpt":{"rendered":"<p>Die Tissot PR516 Powermatic 80 mit ihrem schlanken 38 mm-Edelstahlgeh\u00e4use und dem dynamischen Zifferblatt verk\u00f6rpert den Geist von Geschwindigkeit und Pr\u00e4zision. Ausgestattet mit einem pr\u00e4zisen Powermatic 80 Uhrwerk mit bis zu 80 Stunden Gangreserve, bietet sie un\u00fcbertroffene Pr\u00e4zision f\u00fcr einen aktiven Lebensstil.<\/p>\n","protected":false},"featured_media":34453,"template":"","meta":{"_acf_changed":false,"inline_featured_image":false},"product_brand":[],"product_cat":[188],"product_tag":[],"class_list":{"0":"post-34467","1":"product","2":"type-product","3":"status-publish","4":"has-post-thumbnail","6":"uhrenhersteller-tissot","7":"uhrenhersteller-t-sport","8":"product_cat-uhren","10":"first","11":"outofstock","12":"taxable","13":"shipping-taxable","14":"purchasable","15":"product-type-simple"},"acf":[],"yoast_head":"<!-- This site is optimized with the Yoast SEO plugin v25.5 - https:\/\/yoast.com\/wordpress\/plugins\/seo\/ -->\n<title>Tissot PR516 Powermatic 80 - Galli Uhren Bijouterie<\/title>\n<meta name=\"robots\" content=\"index, follow, max-snippet:-1, max-image-preview:large, max-video-preview:-1\" \/>\n<link rel=\"canonical\" href=\"https:\/\/galli.ch\/uhren\/tissot\/t-sport\/pr516-powermatic-80-t149-407-22-011-00\/\" \/>\n<meta property=\"og:locale\" content=\"en_US\" \/>\n<meta property=\"og:type\" content=\"article\" \/>\n<meta property=\"og:title\" content=\"Tissot PR516 Powermatic 80 - Galli Uhren Bijouterie\" \/>\n<meta property=\"og:description\" content=\"Die Tissot PR516 Powermatic 80 mit ihrem schlanken 38 mm-Edelstahlgeh\u00e4use und dem dynamischen Zifferblatt verk\u00f6rpert den Geist von Geschwindigkeit und Pr\u00e4zision. Ausgestattet mit einem pr\u00e4zisen Powermatic 80 Uhrwerk mit bis zu 80 Stunden Gangreserve, bietet sie un\u00fcbertroffene Pr\u00e4zision f\u00fcr einen aktiven Lebensstil.\" \/>\n<meta property=\"og:url\" content=\"https:\/\/galli.ch\/uhren\/tissot\/t-sport\/pr516-powermatic-80-t149-407-22-011-00\/\" \/>\n<meta property=\"og:site_name\" content=\"Galli Uhren Bijouterie\" \/>\n<meta property=\"article:modified_time\" content=\"2025-03-13T12:45:49+00:00\" \/>\n<meta property=\"og:image\" content=\"https:\/\/galli.ch\/wp-content\/uploads\/T149-407-22-011-00.png\" \/>\n\t<meta property=\"og:image:width\" content=\"1000\" \/>\n\t<meta property=\"og:image:height\" content=\"1400\" \/>\n\t<meta property=\"og:image:type\" content=\"image\/png\" \/>\n<meta name=\"twitter:card\" content=\"summary_large_image\" \/>\n<script type=\"application\/ld+json\" class=\"yoast-schema-graph\">{\"@context\":\"https:\/\/schema.org\",\"@graph\":[{\"@type\":\"WebPage\",\"@id\":\"https:\/\/galli.ch\/uhren\/tissot\/t-sport\/pr516-powermatic-80-t149-407-22-011-00\/\",\"url\":\"https:\/\/galli.ch\/uhren\/tissot\/t-sport\/pr516-powermatic-80-t149-407-22-011-00\/\",\"name\":\"Tissot PR516 Powermatic 80 - Galli Uhren Bijouterie\",\"isPartOf\":{\"@id\":\"http:\/\/galli.ch\/en\/#website\"},\"primaryImageOfPage\":{\"@id\":\"https:\/\/galli.ch\/uhren\/tissot\/t-sport\/pr516-powermatic-80-t149-407-22-011-00\/#primaryimage\"},\"image\":{\"@id\":\"https:\/\/galli.ch\/uhren\/tissot\/t-sport\/pr516-powermatic-80-t149-407-22-011-00\/#primaryimage\"},\"thumbnailUrl\":\"https:\/\/galli.ch\/wp-content\/uploads\/T149-407-22-011-00.png\",\"datePublished\":\"2024-10-12T08:36:35+00:00\",\"dateModified\":\"2025-03-13T12:45:49+00:00\",\"breadcrumb\":{\"@id\":\"https:\/\/galli.ch\/uhren\/tissot\/t-sport\/pr516-powermatic-80-t149-407-22-011-00\/#breadcrumb\"},\"inLanguage\":\"en-US\",\"potentialAction\":[{\"@type\":\"ReadAction\",\"target\":[\"https:\/\/galli.ch\/uhren\/tissot\/t-sport\/pr516-powermatic-80-t149-407-22-011-00\/\"]}]},{\"@type\":\"ImageObject\",\"inLanguage\":\"en-US\",\"@id\":\"https:\/\/galli.ch\/uhren\/tissot\/t-sport\/pr516-powermatic-80-t149-407-22-011-00\/#primaryimage\",\"url\":\"https:\/\/galli.ch\/wp-content\/uploads\/T149-407-22-011-00.png\",\"contentUrl\":\"https:\/\/galli.ch\/wp-content\/uploads\/T149-407-22-011-00.png\",\"width\":1000,\"height\":1400},{\"@type\":\"BreadcrumbList\",\"@id\":\"https:\/\/galli.ch\/uhren\/tissot\/t-sport\/pr516-powermatic-80-t149-407-22-011-00\/#breadcrumb\",\"itemListElement\":[{\"@type\":\"ListItem\",\"position\":1,\"name\":\"Home\",\"item\":\"https:\/\/galli.ch\/en\/\"},{\"@type\":\"ListItem\",\"position\":2,\"name\":\"Uhren\",\"item\":\"https:\/\/galli.ch\/en\/uhren\/\"},{\"@type\":\"ListItem\",\"position\":3,\"name\":\"PR516 Powermatic 80\"}]},{\"@type\":\"WebSite\",\"@id\":\"http:\/\/galli.ch\/en\/#website\",\"url\":\"http:\/\/galli.ch\/en\/\",\"name\":\"Galli Uhren Bijouterie\",\"description\":\"\",\"potentialAction\":[{\"@type\":\"SearchAction\",\"target\":{\"@type\":\"EntryPoint\",\"urlTemplate\":\"http:\/\/galli.ch\/en\/?s={search_term_string}\"},\"query-input\":{\"@type\":\"PropertyValueSpecification\",\"valueRequired\":true,\"valueName\":\"search_term_string\"}}],\"inLanguage\":\"en-US\"}]}<\/script>\n<!-- \/ Yoast SEO plugin. -->","yoast_head_json":{"title":"Tissot PR516 Powermatic 80 - Galli Uhren Bijouterie","robots":{"index":"index","follow":"follow","max-snippet":"max-snippet:-1","max-image-preview":"max-image-preview:large","max-video-preview":"max-video-preview:-1"},"canonical":"https:\/\/galli.ch\/uhren\/tissot\/t-sport\/pr516-powermatic-80-t149-407-22-011-00\/","og_locale":"en_US","og_type":"article","og_title":"Tissot PR516 Powermatic 80 - Galli Uhren Bijouterie","og_description":"Die Tissot PR516 Powermatic 80 mit ihrem schlanken 38 mm-Edelstahlgeh\u00e4use und dem dynamischen Zifferblatt verk\u00f6rpert den Geist von Geschwindigkeit und Pr\u00e4zision. Ausgestattet mit einem pr\u00e4zisen Powermatic 80 Uhrwerk mit bis zu 80 Stunden Gangreserve, bietet sie un\u00fcbertroffene Pr\u00e4zision f\u00fcr einen aktiven Lebensstil.","og_url":"https:\/\/galli.ch\/uhren\/tissot\/t-sport\/pr516-powermatic-80-t149-407-22-011-00\/","og_site_name":"Galli Uhren Bijouterie","article_modified_time":"2025-03-13T12:45:49+00:00","og_image":[{"width":1000,"height":1400,"url":"https:\/\/galli.ch\/wp-content\/uploads\/T149-407-22-011-00.png","type":"image\/png"}],"twitter_card":"summary_large_image","schema":{"@context":"https:\/\/schema.org","@graph":[{"@type":"WebPage","@id":"https:\/\/galli.ch\/uhren\/tissot\/t-sport\/pr516-powermatic-80-t149-407-22-011-00\/","url":"https:\/\/galli.ch\/uhren\/tissot\/t-sport\/pr516-powermatic-80-t149-407-22-011-00\/","name":"Tissot PR516 Powermatic 80 - Galli Uhren Bijouterie","isPartOf":{"@id":"http:\/\/galli.ch\/en\/#website"},"primaryImageOfPage":{"@id":"https:\/\/galli.ch\/uhren\/tissot\/t-sport\/pr516-powermatic-80-t149-407-22-011-00\/#primaryimage"},"image":{"@id":"https:\/\/galli.ch\/uhren\/tissot\/t-sport\/pr516-powermatic-80-t149-407-22-011-00\/#primaryimage"},"thumbnailUrl":"https:\/\/galli.ch\/wp-content\/uploads\/T149-407-22-011-00.png","datePublished":"2024-10-12T08:36:35+00:00","dateModified":"2025-03-13T12:45:49+00:00","breadcrumb":{"@id":"https:\/\/galli.ch\/uhren\/tissot\/t-sport\/pr516-powermatic-80-t149-407-22-011-00\/#breadcrumb"},"inLanguage":"en-US","potentialAction":[{"@type":"ReadAction","target":["https:\/\/galli.ch\/uhren\/tissot\/t-sport\/pr516-powermatic-80-t149-407-22-011-00\/"]}]},{"@type":"ImageObject","inLanguage":"en-US","@id":"https:\/\/galli.ch\/uhren\/tissot\/t-sport\/pr516-powermatic-80-t149-407-22-011-00\/#primaryimage","url":"https:\/\/galli.ch\/wp-content\/uploads\/T149-407-22-011-00.png","contentUrl":"https:\/\/galli.ch\/wp-content\/uploads\/T149-407-22-011-00.png","width":1000,"height":1400},{"@type":"BreadcrumbList","@id":"https:\/\/galli.ch\/uhren\/tissot\/t-sport\/pr516-powermatic-80-t149-407-22-011-00\/#breadcrumb","itemListElement":[{"@type":"ListItem","position":1,"name":"Home","item":"https:\/\/galli.ch\/en\/"},{"@type":"ListItem","position":2,"name":"Uhren","item":"https:\/\/galli.ch\/en\/uhren\/"},{"@type":"ListItem","position":3,"name":"PR516 Powermatic 80"}]},{"@type":"WebSite","@id":"http:\/\/galli.ch\/en\/#website","url":"http:\/\/galli.ch\/en\/","name":"Galli Uhren Bijouterie","description":"","potentialAction":[{"@type":"SearchAction","target":{"@type":"EntryPoint","urlTemplate":"http:\/\/galli.ch\/en\/?s={search_term_string}"},"query-input":{"@type":"PropertyValueSpecification","valueRequired":true,"valueName":"search_term_string"}}],"inLanguage":"en-US"}]}},"_links":{"self":[{"href":"https:\/\/galli.ch\/en\/wp-json\/wp\/v2\/product\/34467","targetHints":{"allow":["GET"]}}],"collection":[{"href":"https:\/\/galli.ch\/en\/wp-json\/wp\/v2\/product"}],"about":[{"href":"https:\/\/galli.ch\/en\/wp-json\/wp\/v2\/types\/product"}],"wp:featuredmedia":[{"embeddable":true,"href":"https:\/\/galli.ch\/en\/wp-json\/wp\/v2\/media\/34453"}],"wp:attachment":[{"href":"https:\/\/galli.ch\/en\/wp-json\/wp\/v2\/media?parent=34467"}],"wp:term":[{"taxonomy":"product_brand","embeddable":true,"href":"https:\/\/galli.ch\/en\/wp-json\/wp\/v2\/product_brand?post=34467"},{"taxonomy":"product_cat","embeddable":true,"href":"https:\/\/galli.ch\/en\/wp-json\/wp\/v2\/product_cat?post=34467"},{"taxonomy":"product_tag","embeddable":true,"href":"https:\/\/galli.ch\/en\/wp-json\/wp\/v2\/product_tag?post=34467"}],"curies":[{"name":"wp","href":"https:\/\/api.w.org\/{rel}","templated":true}]}}