{"id":34731,"date":"2024-10-23T16:38:50","date_gmt":"2024-10-23T14:38:50","guid":{"rendered":"https:\/\/galli.ch\/?post_type=product&#038;p=34731"},"modified":"2025-06-02T13:39:05","modified_gmt":"2025-06-02T11:39:05","slug":"avenger-b01-chronograph-42-ab0146101b1a1","status":"publish","type":"product","link":"https:\/\/galli.ch\/en\/uhren\/breitling\/avenger\/avenger-b01-chronograph-42-ab0146101b1a1\/","title":{"rendered":"Breitling Avenger B01 Chronograph 42"},"content":{"rendered":"<p>Die Avenger ist f\u00fcr Jetpiloten konstruiert und eine Uhr, die es mit den h\u00e4rtesten Bedingungen im Cockpit aufnehmen kann. Aber man braucht nicht in der Luftwaffe zu sein, um ihr k\u00fchnes Design, ihre aussergew\u00f6hnliche Widerstandsf\u00e4higkeit und ihre \u00fcberragende Funktionalit\u00e4t zu sch\u00e4tzen. Performance trifft auf modernes Luftfahrtdesign.<\/p>\n","protected":false},"excerpt":{"rendered":"<p>Die Avenger ist f\u00fcr Jetpiloten konstruiert und eine Uhr, die es mit den h\u00e4rtesten Bedingungen im Cockpit aufnehmen kann. Aber man braucht nicht in der Luftwaffe zu sein, um ihr k\u00fchnes Design, ihre aussergew\u00f6hnliche Widerstandsf\u00e4higkeit und ihre \u00fcberragende Funktionalit\u00e4t zu sch\u00e4tzen. Performance trifft auf modernes Luftfahrtdesign.<\/p>\n","protected":false},"featured_media":34692,"template":"","meta":{"_acf_changed":false,"inline_featured_image":false},"product_brand":[],"product_cat":[188],"product_tag":[],"class_list":{"0":"post-34731","1":"product","2":"type-product","3":"status-publish","4":"has-post-thumbnail","6":"uhrenhersteller-breitling","7":"uhrenhersteller-avenger","8":"product_cat-uhren","10":"first","11":"outofstock","12":"taxable","13":"shipping-taxable","14":"purchasable","15":"product-type-simple"},"acf":[],"yoast_head":"<!-- This site is optimized with the Yoast SEO plugin v25.5 - https:\/\/yoast.com\/wordpress\/plugins\/seo\/ -->\n<title>Breitling Avenger B01 Chronograph 42 - Galli Uhren Bijouterie<\/title>\n<meta name=\"robots\" content=\"index, follow, max-snippet:-1, max-image-preview:large, max-video-preview:-1\" \/>\n<link rel=\"canonical\" href=\"https:\/\/galli.ch\/uhren\/breitling\/avenger\/avenger-b01-chronograph-42-ab0146101b1a1\/\" \/>\n<meta property=\"og:locale\" content=\"en_US\" \/>\n<meta property=\"og:type\" content=\"article\" \/>\n<meta property=\"og:title\" content=\"Breitling Avenger B01 Chronograph 42 - Galli Uhren Bijouterie\" \/>\n<meta property=\"og:description\" content=\"Die Avenger ist f\u00fcr Jetpiloten konstruiert und eine Uhr, die es mit den h\u00e4rtesten Bedingungen im Cockpit aufnehmen kann. Aber man braucht nicht in der Luftwaffe zu sein, um ihr k\u00fchnes Design, ihre aussergew\u00f6hnliche Widerstandsf\u00e4higkeit und ihre \u00fcberragende Funktionalit\u00e4t zu sch\u00e4tzen. Performance trifft auf modernes Luftfahrtdesign.\" \/>\n<meta property=\"og:url\" content=\"https:\/\/galli.ch\/uhren\/breitling\/avenger\/avenger-b01-chronograph-42-ab0146101b1a1\/\" \/>\n<meta property=\"og:site_name\" content=\"Galli Uhren Bijouterie\" \/>\n<meta property=\"article:modified_time\" content=\"2025-06-02T11:39:05+00:00\" \/>\n<meta property=\"og:image\" content=\"https:\/\/galli.ch\/wp-content\/uploads\/ab0146101b1a1-soldier_34964a39_thumbnail_2048.png\" \/>\n\t<meta property=\"og:image:width\" content=\"1000\" \/>\n\t<meta property=\"og:image:height\" content=\"1400\" \/>\n\t<meta property=\"og:image:type\" content=\"image\/png\" \/>\n<meta name=\"twitter:card\" content=\"summary_large_image\" \/>\n<script type=\"application\/ld+json\" class=\"yoast-schema-graph\">{\"@context\":\"https:\/\/schema.org\",\"@graph\":[{\"@type\":\"WebPage\",\"@id\":\"https:\/\/galli.ch\/uhren\/breitling\/avenger\/avenger-b01-chronograph-42-ab0146101b1a1\/\",\"url\":\"https:\/\/galli.ch\/uhren\/breitling\/avenger\/avenger-b01-chronograph-42-ab0146101b1a1\/\",\"name\":\"Breitling Avenger B01 Chronograph 42 - Galli Uhren Bijouterie\",\"isPartOf\":{\"@id\":\"http:\/\/galli.ch\/en\/#website\"},\"primaryImageOfPage\":{\"@id\":\"https:\/\/galli.ch\/uhren\/breitling\/avenger\/avenger-b01-chronograph-42-ab0146101b1a1\/#primaryimage\"},\"image\":{\"@id\":\"https:\/\/galli.ch\/uhren\/breitling\/avenger\/avenger-b01-chronograph-42-ab0146101b1a1\/#primaryimage\"},\"thumbnailUrl\":\"https:\/\/galli.ch\/wp-content\/uploads\/ab0146101b1a1-soldier_34964a39_thumbnail_2048.png\",\"datePublished\":\"2024-10-23T14:38:50+00:00\",\"dateModified\":\"2025-06-02T11:39:05+00:00\",\"breadcrumb\":{\"@id\":\"https:\/\/galli.ch\/uhren\/breitling\/avenger\/avenger-b01-chronograph-42-ab0146101b1a1\/#breadcrumb\"},\"inLanguage\":\"en-US\",\"potentialAction\":[{\"@type\":\"ReadAction\",\"target\":[\"https:\/\/galli.ch\/uhren\/breitling\/avenger\/avenger-b01-chronograph-42-ab0146101b1a1\/\"]}]},{\"@type\":\"ImageObject\",\"inLanguage\":\"en-US\",\"@id\":\"https:\/\/galli.ch\/uhren\/breitling\/avenger\/avenger-b01-chronograph-42-ab0146101b1a1\/#primaryimage\",\"url\":\"https:\/\/galli.ch\/wp-content\/uploads\/ab0146101b1a1-soldier_34964a39_thumbnail_2048.png\",\"contentUrl\":\"https:\/\/galli.ch\/wp-content\/uploads\/ab0146101b1a1-soldier_34964a39_thumbnail_2048.png\",\"width\":1000,\"height\":1400},{\"@type\":\"BreadcrumbList\",\"@id\":\"https:\/\/galli.ch\/uhren\/breitling\/avenger\/avenger-b01-chronograph-42-ab0146101b1a1\/#breadcrumb\",\"itemListElement\":[{\"@type\":\"ListItem\",\"position\":1,\"name\":\"Home\",\"item\":\"https:\/\/galli.ch\/en\/\"},{\"@type\":\"ListItem\",\"position\":2,\"name\":\"Uhren\",\"item\":\"https:\/\/galli.ch\/en\/uhren\/\"},{\"@type\":\"ListItem\",\"position\":3,\"name\":\"Breitling Avenger B01 Chronograph 42\"}]},{\"@type\":\"WebSite\",\"@id\":\"http:\/\/galli.ch\/en\/#website\",\"url\":\"http:\/\/galli.ch\/en\/\",\"name\":\"Galli Uhren Bijouterie\",\"description\":\"\",\"potentialAction\":[{\"@type\":\"SearchAction\",\"target\":{\"@type\":\"EntryPoint\",\"urlTemplate\":\"http:\/\/galli.ch\/en\/?s={search_term_string}\"},\"query-input\":{\"@type\":\"PropertyValueSpecification\",\"valueRequired\":true,\"valueName\":\"search_term_string\"}}],\"inLanguage\":\"en-US\"}]}<\/script>\n<!-- \/ Yoast SEO plugin. -->","yoast_head_json":{"title":"Breitling Avenger B01 Chronograph 42 - Galli Uhren Bijouterie","robots":{"index":"index","follow":"follow","max-snippet":"max-snippet:-1","max-image-preview":"max-image-preview:large","max-video-preview":"max-video-preview:-1"},"canonical":"https:\/\/galli.ch\/uhren\/breitling\/avenger\/avenger-b01-chronograph-42-ab0146101b1a1\/","og_locale":"en_US","og_type":"article","og_title":"Breitling Avenger B01 Chronograph 42 - Galli Uhren Bijouterie","og_description":"Die Avenger ist f\u00fcr Jetpiloten konstruiert und eine Uhr, die es mit den h\u00e4rtesten Bedingungen im Cockpit aufnehmen kann. Aber man braucht nicht in der Luftwaffe zu sein, um ihr k\u00fchnes Design, ihre aussergew\u00f6hnliche Widerstandsf\u00e4higkeit und ihre \u00fcberragende Funktionalit\u00e4t zu sch\u00e4tzen. Performance trifft auf modernes Luftfahrtdesign.","og_url":"https:\/\/galli.ch\/uhren\/breitling\/avenger\/avenger-b01-chronograph-42-ab0146101b1a1\/","og_site_name":"Galli Uhren Bijouterie","article_modified_time":"2025-06-02T11:39:05+00:00","og_image":[{"width":1000,"height":1400,"url":"https:\/\/galli.ch\/wp-content\/uploads\/ab0146101b1a1-soldier_34964a39_thumbnail_2048.png","type":"image\/png"}],"twitter_card":"summary_large_image","schema":{"@context":"https:\/\/schema.org","@graph":[{"@type":"WebPage","@id":"https:\/\/galli.ch\/uhren\/breitling\/avenger\/avenger-b01-chronograph-42-ab0146101b1a1\/","url":"https:\/\/galli.ch\/uhren\/breitling\/avenger\/avenger-b01-chronograph-42-ab0146101b1a1\/","name":"Breitling Avenger B01 Chronograph 42 - Galli Uhren Bijouterie","isPartOf":{"@id":"http:\/\/galli.ch\/en\/#website"},"primaryImageOfPage":{"@id":"https:\/\/galli.ch\/uhren\/breitling\/avenger\/avenger-b01-chronograph-42-ab0146101b1a1\/#primaryimage"},"image":{"@id":"https:\/\/galli.ch\/uhren\/breitling\/avenger\/avenger-b01-chronograph-42-ab0146101b1a1\/#primaryimage"},"thumbnailUrl":"https:\/\/galli.ch\/wp-content\/uploads\/ab0146101b1a1-soldier_34964a39_thumbnail_2048.png","datePublished":"2024-10-23T14:38:50+00:00","dateModified":"2025-06-02T11:39:05+00:00","breadcrumb":{"@id":"https:\/\/galli.ch\/uhren\/breitling\/avenger\/avenger-b01-chronograph-42-ab0146101b1a1\/#breadcrumb"},"inLanguage":"en-US","potentialAction":[{"@type":"ReadAction","target":["https:\/\/galli.ch\/uhren\/breitling\/avenger\/avenger-b01-chronograph-42-ab0146101b1a1\/"]}]},{"@type":"ImageObject","inLanguage":"en-US","@id":"https:\/\/galli.ch\/uhren\/breitling\/avenger\/avenger-b01-chronograph-42-ab0146101b1a1\/#primaryimage","url":"https:\/\/galli.ch\/wp-content\/uploads\/ab0146101b1a1-soldier_34964a39_thumbnail_2048.png","contentUrl":"https:\/\/galli.ch\/wp-content\/uploads\/ab0146101b1a1-soldier_34964a39_thumbnail_2048.png","width":1000,"height":1400},{"@type":"BreadcrumbList","@id":"https:\/\/galli.ch\/uhren\/breitling\/avenger\/avenger-b01-chronograph-42-ab0146101b1a1\/#breadcrumb","itemListElement":[{"@type":"ListItem","position":1,"name":"Home","item":"https:\/\/galli.ch\/en\/"},{"@type":"ListItem","position":2,"name":"Uhren","item":"https:\/\/galli.ch\/en\/uhren\/"},{"@type":"ListItem","position":3,"name":"Breitling Avenger B01 Chronograph 42"}]},{"@type":"WebSite","@id":"http:\/\/galli.ch\/en\/#website","url":"http:\/\/galli.ch\/en\/","name":"Galli Uhren Bijouterie","description":"","potentialAction":[{"@type":"SearchAction","target":{"@type":"EntryPoint","urlTemplate":"http:\/\/galli.ch\/en\/?s={search_term_string}"},"query-input":{"@type":"PropertyValueSpecification","valueRequired":true,"valueName":"search_term_string"}}],"inLanguage":"en-US"}]}},"_links":{"self":[{"href":"https:\/\/galli.ch\/en\/wp-json\/wp\/v2\/product\/34731","targetHints":{"allow":["GET"]}}],"collection":[{"href":"https:\/\/galli.ch\/en\/wp-json\/wp\/v2\/product"}],"about":[{"href":"https:\/\/galli.ch\/en\/wp-json\/wp\/v2\/types\/product"}],"wp:featuredmedia":[{"embeddable":true,"href":"https:\/\/galli.ch\/en\/wp-json\/wp\/v2\/media\/34692"}],"wp:attachment":[{"href":"https:\/\/galli.ch\/en\/wp-json\/wp\/v2\/media?parent=34731"}],"wp:term":[{"taxonomy":"product_brand","embeddable":true,"href":"https:\/\/galli.ch\/en\/wp-json\/wp\/v2\/product_brand?post=34731"},{"taxonomy":"product_cat","embeddable":true,"href":"https:\/\/galli.ch\/en\/wp-json\/wp\/v2\/product_cat?post=34731"},{"taxonomy":"product_tag","embeddable":true,"href":"https:\/\/galli.ch\/en\/wp-json\/wp\/v2\/product_tag?post=34731"}],"curies":[{"name":"wp","href":"https:\/\/api.w.org\/{rel}","templated":true}]}}