{"id":35030,"date":"2024-11-04T09:47:18","date_gmt":"2024-11-04T08:47:18","guid":{"rendered":"https:\/\/galli.ch\/?post_type=product&#038;p=35030"},"modified":"2026-04-19T16:13:15","modified_gmt":"2026-04-19T14:13:15","slug":"fxd-gmt-m2542g267nu-0002","status":"publish","type":"product","link":"https:\/\/galli.ch\/en\/uhren\/tudor\/pelagos\/fxd-gmt-m2542g267nu-0002\/","title":{"rendered":"Tudor Pelagos FXD GMT"},"content":{"rendered":"<p>Bereits seit den 1950er-Jahren stattet TUDOR die <i>Marine Nationale<\/i> (franz\u00f6sische Marine) offiziell mit zuverl\u00e4ssigen Taucheruhren aus.<\/p>\n<p>Die einst in Zusammenarbeit mit einer Spezialeinheit der franz\u00f6sischen Marine entwickelte Pelagos FXD Modellserie wurde um eine neue Funktion erweitert. Neben der Lokalzeit und einer dritten Zeitzone k\u00f6nnen Piloten und Bordpersonal nun auch die sogenannte \u201eZulu-Zeit\u201c im Blick behalten. Auf diese Weise wird das neue Modell ebenfalls den Anspr\u00fcchen der franz\u00f6sischen Marinefliegerei gerecht.<\/p>\n","protected":false},"excerpt":{"rendered":"<p>Bereits seit den 1950er-Jahren stattet TUDOR die Marine Nationale (franz\u00f6sische Marine) offiziell mit zuverl\u00e4ssigen Taucheruhren aus. Die einst in Zusammenarbeit mit einer Spezialeinheit der franz\u00f6sischen Marine entwickelte Pelagos FXD Modellserie wurde um eine neue Funktion erweitert. Neben der Lokalzeit und einer dritten Zeitzone k\u00f6nnen Piloten und Bordpersonal nun auch die sogenannte \u201eZulu-Zeit\u201c im Blick behalten&#8230;.  <a class=\"excerpt-read-more\" href=\"https:\/\/galli.ch\/en\/uhren\/tudor\/pelagos\/fxd-gmt-m2542g267nu-0002\/\" title=\"Read Tudor Pelagos FXD GMT\">Weiter &raquo;<\/a><\/p>\n","protected":false},"featured_media":35031,"template":"","meta":{"_acf_changed":false,"inline_featured_image":false},"product_brand":[],"product_cat":[188],"product_tag":[],"class_list":{"0":"post-35030","1":"product","2":"type-product","3":"status-publish","4":"has-post-thumbnail","6":"uhrenhersteller-tudor","7":"uhrenhersteller-pelagos","8":"product_cat-uhren","10":"first","11":"outofstock","12":"taxable","13":"shipping-taxable","14":"purchasable","15":"product-type-simple"},"acf":[],"yoast_head":"<!-- This site is optimized with the Yoast SEO plugin v25.5 - https:\/\/yoast.com\/wordpress\/plugins\/seo\/ -->\n<title>Tudor Pelagos FXD GMT - Galli Uhren Bijouterie<\/title>\n<meta name=\"robots\" content=\"index, follow, max-snippet:-1, max-image-preview:large, max-video-preview:-1\" \/>\n<link rel=\"canonical\" href=\"https:\/\/galli.ch\/uhren\/tudor\/pelagos\/fxd-gmt-m2542g267nu-0002\/\" \/>\n<meta property=\"og:locale\" content=\"en_US\" \/>\n<meta property=\"og:type\" content=\"article\" \/>\n<meta property=\"og:title\" content=\"Tudor Pelagos FXD GMT - Galli Uhren Bijouterie\" \/>\n<meta property=\"og:description\" content=\"Bereits seit den 1950er-Jahren stattet TUDOR die Marine Nationale (franz\u00f6sische Marine) offiziell mit zuverl\u00e4ssigen Taucheruhren aus. Die einst in Zusammenarbeit mit einer Spezialeinheit der franz\u00f6sischen Marine entwickelte Pelagos FXD Modellserie wurde um eine neue Funktion erweitert. Neben der Lokalzeit und einer dritten Zeitzone k\u00f6nnen Piloten und Bordpersonal nun auch die sogenannte \u201eZulu-Zeit\u201c im Blick behalten.... Weiter &raquo;\" \/>\n<meta property=\"og:url\" content=\"https:\/\/galli.ch\/uhren\/tudor\/pelagos\/fxd-gmt-m2542g267nu-0002\/\" \/>\n<meta property=\"og:site_name\" content=\"Galli Uhren Bijouterie\" \/>\n<meta property=\"article:modified_time\" content=\"2026-04-19T14:13:15+00:00\" \/>\n<meta property=\"og:image\" content=\"https:\/\/galli.ch\/wp-content\/uploads\/tudor-m2542gxx7nu-0002.png\" \/>\n\t<meta property=\"og:image:width\" content=\"1000\" \/>\n\t<meta property=\"og:image:height\" content=\"1400\" \/>\n\t<meta property=\"og:image:type\" content=\"image\/png\" \/>\n<meta name=\"twitter:card\" content=\"summary_large_image\" \/>\n<script type=\"application\/ld+json\" class=\"yoast-schema-graph\">{\"@context\":\"https:\/\/schema.org\",\"@graph\":[{\"@type\":\"WebPage\",\"@id\":\"https:\/\/galli.ch\/uhren\/tudor\/pelagos\/fxd-gmt-m2542g267nu-0002\/\",\"url\":\"https:\/\/galli.ch\/uhren\/tudor\/pelagos\/fxd-gmt-m2542g267nu-0002\/\",\"name\":\"Tudor Pelagos FXD GMT - Galli Uhren Bijouterie\",\"isPartOf\":{\"@id\":\"http:\/\/galli.ch\/en\/#website\"},\"primaryImageOfPage\":{\"@id\":\"https:\/\/galli.ch\/uhren\/tudor\/pelagos\/fxd-gmt-m2542g267nu-0002\/#primaryimage\"},\"image\":{\"@id\":\"https:\/\/galli.ch\/uhren\/tudor\/pelagos\/fxd-gmt-m2542g267nu-0002\/#primaryimage\"},\"thumbnailUrl\":\"https:\/\/galli.ch\/wp-content\/uploads\/tudor-m2542gxx7nu-0002.png\",\"datePublished\":\"2024-11-04T08:47:18+00:00\",\"dateModified\":\"2026-04-19T14:13:15+00:00\",\"breadcrumb\":{\"@id\":\"https:\/\/galli.ch\/uhren\/tudor\/pelagos\/fxd-gmt-m2542g267nu-0002\/#breadcrumb\"},\"inLanguage\":\"en-US\",\"potentialAction\":[{\"@type\":\"ReadAction\",\"target\":[\"https:\/\/galli.ch\/uhren\/tudor\/pelagos\/fxd-gmt-m2542g267nu-0002\/\"]}]},{\"@type\":\"ImageObject\",\"inLanguage\":\"en-US\",\"@id\":\"https:\/\/galli.ch\/uhren\/tudor\/pelagos\/fxd-gmt-m2542g267nu-0002\/#primaryimage\",\"url\":\"https:\/\/galli.ch\/wp-content\/uploads\/tudor-m2542gxx7nu-0002.png\",\"contentUrl\":\"https:\/\/galli.ch\/wp-content\/uploads\/tudor-m2542gxx7nu-0002.png\",\"width\":1000,\"height\":1400},{\"@type\":\"BreadcrumbList\",\"@id\":\"https:\/\/galli.ch\/uhren\/tudor\/pelagos\/fxd-gmt-m2542g267nu-0002\/#breadcrumb\",\"itemListElement\":[{\"@type\":\"ListItem\",\"position\":1,\"name\":\"Home\",\"item\":\"https:\/\/galli.ch\/en\/\"},{\"@type\":\"ListItem\",\"position\":2,\"name\":\"Uhren\",\"item\":\"https:\/\/galli.ch\/en\/uhren\/\"},{\"@type\":\"ListItem\",\"position\":3,\"name\":\"Tudor Pelagos FXD GMT\"}]},{\"@type\":\"WebSite\",\"@id\":\"http:\/\/galli.ch\/en\/#website\",\"url\":\"http:\/\/galli.ch\/en\/\",\"name\":\"Galli Uhren Bijouterie\",\"description\":\"\",\"potentialAction\":[{\"@type\":\"SearchAction\",\"target\":{\"@type\":\"EntryPoint\",\"urlTemplate\":\"http:\/\/galli.ch\/en\/?s={search_term_string}\"},\"query-input\":{\"@type\":\"PropertyValueSpecification\",\"valueRequired\":true,\"valueName\":\"search_term_string\"}}],\"inLanguage\":\"en-US\"}]}<\/script>\n<!-- \/ Yoast SEO plugin. -->","yoast_head_json":{"title":"Tudor Pelagos FXD GMT - Galli Uhren Bijouterie","robots":{"index":"index","follow":"follow","max-snippet":"max-snippet:-1","max-image-preview":"max-image-preview:large","max-video-preview":"max-video-preview:-1"},"canonical":"https:\/\/galli.ch\/uhren\/tudor\/pelagos\/fxd-gmt-m2542g267nu-0002\/","og_locale":"en_US","og_type":"article","og_title":"Tudor Pelagos FXD GMT - Galli Uhren Bijouterie","og_description":"Bereits seit den 1950er-Jahren stattet TUDOR die Marine Nationale (franz\u00f6sische Marine) offiziell mit zuverl\u00e4ssigen Taucheruhren aus. Die einst in Zusammenarbeit mit einer Spezialeinheit der franz\u00f6sischen Marine entwickelte Pelagos FXD Modellserie wurde um eine neue Funktion erweitert. Neben der Lokalzeit und einer dritten Zeitzone k\u00f6nnen Piloten und Bordpersonal nun auch die sogenannte \u201eZulu-Zeit\u201c im Blick behalten.... Weiter &raquo;","og_url":"https:\/\/galli.ch\/uhren\/tudor\/pelagos\/fxd-gmt-m2542g267nu-0002\/","og_site_name":"Galli Uhren Bijouterie","article_modified_time":"2026-04-19T14:13:15+00:00","og_image":[{"width":1000,"height":1400,"url":"https:\/\/galli.ch\/wp-content\/uploads\/tudor-m2542gxx7nu-0002.png","type":"image\/png"}],"twitter_card":"summary_large_image","schema":{"@context":"https:\/\/schema.org","@graph":[{"@type":"WebPage","@id":"https:\/\/galli.ch\/uhren\/tudor\/pelagos\/fxd-gmt-m2542g267nu-0002\/","url":"https:\/\/galli.ch\/uhren\/tudor\/pelagos\/fxd-gmt-m2542g267nu-0002\/","name":"Tudor Pelagos FXD GMT - Galli Uhren Bijouterie","isPartOf":{"@id":"http:\/\/galli.ch\/en\/#website"},"primaryImageOfPage":{"@id":"https:\/\/galli.ch\/uhren\/tudor\/pelagos\/fxd-gmt-m2542g267nu-0002\/#primaryimage"},"image":{"@id":"https:\/\/galli.ch\/uhren\/tudor\/pelagos\/fxd-gmt-m2542g267nu-0002\/#primaryimage"},"thumbnailUrl":"https:\/\/galli.ch\/wp-content\/uploads\/tudor-m2542gxx7nu-0002.png","datePublished":"2024-11-04T08:47:18+00:00","dateModified":"2026-04-19T14:13:15+00:00","breadcrumb":{"@id":"https:\/\/galli.ch\/uhren\/tudor\/pelagos\/fxd-gmt-m2542g267nu-0002\/#breadcrumb"},"inLanguage":"en-US","potentialAction":[{"@type":"ReadAction","target":["https:\/\/galli.ch\/uhren\/tudor\/pelagos\/fxd-gmt-m2542g267nu-0002\/"]}]},{"@type":"ImageObject","inLanguage":"en-US","@id":"https:\/\/galli.ch\/uhren\/tudor\/pelagos\/fxd-gmt-m2542g267nu-0002\/#primaryimage","url":"https:\/\/galli.ch\/wp-content\/uploads\/tudor-m2542gxx7nu-0002.png","contentUrl":"https:\/\/galli.ch\/wp-content\/uploads\/tudor-m2542gxx7nu-0002.png","width":1000,"height":1400},{"@type":"BreadcrumbList","@id":"https:\/\/galli.ch\/uhren\/tudor\/pelagos\/fxd-gmt-m2542g267nu-0002\/#breadcrumb","itemListElement":[{"@type":"ListItem","position":1,"name":"Home","item":"https:\/\/galli.ch\/en\/"},{"@type":"ListItem","position":2,"name":"Uhren","item":"https:\/\/galli.ch\/en\/uhren\/"},{"@type":"ListItem","position":3,"name":"Tudor Pelagos FXD GMT"}]},{"@type":"WebSite","@id":"http:\/\/galli.ch\/en\/#website","url":"http:\/\/galli.ch\/en\/","name":"Galli Uhren Bijouterie","description":"","potentialAction":[{"@type":"SearchAction","target":{"@type":"EntryPoint","urlTemplate":"http:\/\/galli.ch\/en\/?s={search_term_string}"},"query-input":{"@type":"PropertyValueSpecification","valueRequired":true,"valueName":"search_term_string"}}],"inLanguage":"en-US"}]}},"_links":{"self":[{"href":"https:\/\/galli.ch\/en\/wp-json\/wp\/v2\/product\/35030","targetHints":{"allow":["GET"]}}],"collection":[{"href":"https:\/\/galli.ch\/en\/wp-json\/wp\/v2\/product"}],"about":[{"href":"https:\/\/galli.ch\/en\/wp-json\/wp\/v2\/types\/product"}],"wp:featuredmedia":[{"embeddable":true,"href":"https:\/\/galli.ch\/en\/wp-json\/wp\/v2\/media\/35031"}],"wp:attachment":[{"href":"https:\/\/galli.ch\/en\/wp-json\/wp\/v2\/media?parent=35030"}],"wp:term":[{"taxonomy":"product_brand","embeddable":true,"href":"https:\/\/galli.ch\/en\/wp-json\/wp\/v2\/product_brand?post=35030"},{"taxonomy":"product_cat","embeddable":true,"href":"https:\/\/galli.ch\/en\/wp-json\/wp\/v2\/product_cat?post=35030"},{"taxonomy":"product_tag","embeddable":true,"href":"https:\/\/galli.ch\/en\/wp-json\/wp\/v2\/product_tag?post=35030"}],"curies":[{"name":"wp","href":"https:\/\/api.w.org\/{rel}","templated":true}]}}