{"id":380,"date":"2018-07-17T16:41:54","date_gmt":"2018-07-17T16:41:54","guid":{"rendered":"http:\/\/galli.ch\/?post_type=uhren&#038;p=380"},"modified":"2026-04-01T10:02:00","modified_gmt":"2026-04-01T08:02:00","slug":"t-classic-21","status":"publish","type":"product","link":"https:\/\/galli.ch\/en\/uhren\/tissot\/t-classic\/t-classic-21\/","title":{"rendered":"Tissot Le Locle Powermatic 80"},"content":{"rendered":"<p>Der Name Le Locle scheint ein zuverl\u00e4ssiger Erfolgsfaktor zu sein. So heisst zum einen die Heimatstadt von Tissot, die in das Schweizer Jura-Gebirge eingebettet ist, und zum anderen die weitherum beliebte Automatikuhrenlinie. Die Modelle mit ansprechenden Details, wie den r\u00f6mischen Ziffern und dem traditionellen Le Locle Logo, bestechen durch auserlesene Eleganz und klassischen Stil. F\u00fcr gefeierte Auftritte bei Tag oder bei Nacht ist diese Uhr der Schl\u00fcssel zum Erfolg.<\/p>\n","protected":false},"excerpt":{"rendered":"<p>Der Name Le Locle scheint ein zuverl\u00e4ssiger Erfolgsfaktor zu sein. So heisst zum einen die Heimatstadt von Tissot, die in das Schweizer Jura-Gebirge eingebettet ist, und zum anderen die weitherum beliebte Automatikuhrenlinie. Die Modelle mit ansprechenden Details, wie den r\u00f6mischen Ziffern und dem traditionellen Le Locle Logo, bestechen durch auserlesene Eleganz und klassischen Stil. F\u00fcr&#8230;  <a class=\"excerpt-read-more\" href=\"https:\/\/galli.ch\/en\/uhren\/tissot\/t-classic\/t-classic-21\/\" title=\"Read Tissot Le Locle Powermatic 80\">Weiter &raquo;<\/a><\/p>\n","protected":false},"featured_media":333,"template":"","meta":{"_acf_changed":false,"inline_featured_image":false},"product_brand":[],"product_cat":[188],"product_tag":[],"class_list":{"0":"post-380","1":"product","2":"type-product","3":"status-publish","4":"has-post-thumbnail","6":"uhrenhersteller-tissot","7":"uhrenhersteller-t-classic","8":"product_cat-uhren","10":"first","11":"outofstock","12":"taxable","13":"shipping-taxable","14":"purchasable","15":"product-type-simple"},"acf":[],"yoast_head":"<!-- This site is optimized with the Yoast SEO plugin v25.5 - https:\/\/yoast.com\/wordpress\/plugins\/seo\/ -->\n<title>Tissot Le Locle Powermatic 80 - Galli Uhren Bijouterie<\/title>\n<meta name=\"robots\" content=\"index, follow, max-snippet:-1, max-image-preview:large, max-video-preview:-1\" \/>\n<link rel=\"canonical\" href=\"https:\/\/galli.ch\/uhren\/tissot\/t-classic\/t-classic-21\/\" \/>\n<meta property=\"og:locale\" content=\"en_US\" \/>\n<meta property=\"og:type\" content=\"article\" \/>\n<meta property=\"og:title\" content=\"Tissot Le Locle Powermatic 80 - Galli Uhren Bijouterie\" \/>\n<meta property=\"og:description\" content=\"Der Name Le Locle scheint ein zuverl\u00e4ssiger Erfolgsfaktor zu sein. So heisst zum einen die Heimatstadt von Tissot, die in das Schweizer Jura-Gebirge eingebettet ist, und zum anderen die weitherum beliebte Automatikuhrenlinie. Die Modelle mit ansprechenden Details, wie den r\u00f6mischen Ziffern und dem traditionellen Le Locle Logo, bestechen durch auserlesene Eleganz und klassischen Stil. F\u00fcr... Weiter &raquo;\" \/>\n<meta property=\"og:url\" content=\"https:\/\/galli.ch\/uhren\/tissot\/t-classic\/t-classic-21\/\" \/>\n<meta property=\"og:site_name\" content=\"Galli Uhren Bijouterie\" \/>\n<meta property=\"article:modified_time\" content=\"2026-04-01T08:02:00+00:00\" \/>\n<meta property=\"og:image\" content=\"https:\/\/galli.ch\/wp-content\/uploads\/Tissot_T-Classic_T006_407_16_053_00.png\" \/>\n\t<meta property=\"og:image:width\" content=\"1000\" \/>\n\t<meta property=\"og:image:height\" content=\"1400\" \/>\n\t<meta property=\"og:image:type\" content=\"image\/png\" \/>\n<meta name=\"twitter:card\" content=\"summary_large_image\" \/>\n<script type=\"application\/ld+json\" class=\"yoast-schema-graph\">{\"@context\":\"https:\/\/schema.org\",\"@graph\":[{\"@type\":\"WebPage\",\"@id\":\"https:\/\/galli.ch\/uhren\/tissot\/t-classic\/t-classic-21\/\",\"url\":\"https:\/\/galli.ch\/uhren\/tissot\/t-classic\/t-classic-21\/\",\"name\":\"Tissot Le Locle Powermatic 80 - Galli Uhren Bijouterie\",\"isPartOf\":{\"@id\":\"http:\/\/galli.ch\/en\/#website\"},\"primaryImageOfPage\":{\"@id\":\"https:\/\/galli.ch\/uhren\/tissot\/t-classic\/t-classic-21\/#primaryimage\"},\"image\":{\"@id\":\"https:\/\/galli.ch\/uhren\/tissot\/t-classic\/t-classic-21\/#primaryimage\"},\"thumbnailUrl\":\"https:\/\/galli.ch\/wp-content\/uploads\/Tissot_T-Classic_T006_407_16_053_00.png\",\"datePublished\":\"2018-07-17T16:41:54+00:00\",\"dateModified\":\"2026-04-01T08:02:00+00:00\",\"breadcrumb\":{\"@id\":\"https:\/\/galli.ch\/uhren\/tissot\/t-classic\/t-classic-21\/#breadcrumb\"},\"inLanguage\":\"en-US\",\"potentialAction\":[{\"@type\":\"ReadAction\",\"target\":[\"https:\/\/galli.ch\/uhren\/tissot\/t-classic\/t-classic-21\/\"]}]},{\"@type\":\"ImageObject\",\"inLanguage\":\"en-US\",\"@id\":\"https:\/\/galli.ch\/uhren\/tissot\/t-classic\/t-classic-21\/#primaryimage\",\"url\":\"https:\/\/galli.ch\/wp-content\/uploads\/Tissot_T-Classic_T006_407_16_053_00.png\",\"contentUrl\":\"https:\/\/galli.ch\/wp-content\/uploads\/Tissot_T-Classic_T006_407_16_053_00.png\",\"width\":1000,\"height\":1400,\"caption\":\"Tudor T-Classic\"},{\"@type\":\"BreadcrumbList\",\"@id\":\"https:\/\/galli.ch\/uhren\/tissot\/t-classic\/t-classic-21\/#breadcrumb\",\"itemListElement\":[{\"@type\":\"ListItem\",\"position\":1,\"name\":\"Home\",\"item\":\"https:\/\/galli.ch\/en\/\"},{\"@type\":\"ListItem\",\"position\":2,\"name\":\"Uhren\",\"item\":\"https:\/\/galli.ch\/en\/uhren\/\"},{\"@type\":\"ListItem\",\"position\":3,\"name\":\"Tissot Le Locle Powermatic 80\"}]},{\"@type\":\"WebSite\",\"@id\":\"http:\/\/galli.ch\/en\/#website\",\"url\":\"http:\/\/galli.ch\/en\/\",\"name\":\"Galli Uhren Bijouterie\",\"description\":\"\",\"potentialAction\":[{\"@type\":\"SearchAction\",\"target\":{\"@type\":\"EntryPoint\",\"urlTemplate\":\"http:\/\/galli.ch\/en\/?s={search_term_string}\"},\"query-input\":{\"@type\":\"PropertyValueSpecification\",\"valueRequired\":true,\"valueName\":\"search_term_string\"}}],\"inLanguage\":\"en-US\"}]}<\/script>\n<!-- \/ Yoast SEO plugin. -->","yoast_head_json":{"title":"Tissot Le Locle Powermatic 80 - Galli Uhren Bijouterie","robots":{"index":"index","follow":"follow","max-snippet":"max-snippet:-1","max-image-preview":"max-image-preview:large","max-video-preview":"max-video-preview:-1"},"canonical":"https:\/\/galli.ch\/uhren\/tissot\/t-classic\/t-classic-21\/","og_locale":"en_US","og_type":"article","og_title":"Tissot Le Locle Powermatic 80 - Galli Uhren Bijouterie","og_description":"Der Name Le Locle scheint ein zuverl\u00e4ssiger Erfolgsfaktor zu sein. So heisst zum einen die Heimatstadt von Tissot, die in das Schweizer Jura-Gebirge eingebettet ist, und zum anderen die weitherum beliebte Automatikuhrenlinie. Die Modelle mit ansprechenden Details, wie den r\u00f6mischen Ziffern und dem traditionellen Le Locle Logo, bestechen durch auserlesene Eleganz und klassischen Stil. F\u00fcr... Weiter &raquo;","og_url":"https:\/\/galli.ch\/uhren\/tissot\/t-classic\/t-classic-21\/","og_site_name":"Galli Uhren Bijouterie","article_modified_time":"2026-04-01T08:02:00+00:00","og_image":[{"width":1000,"height":1400,"url":"https:\/\/galli.ch\/wp-content\/uploads\/Tissot_T-Classic_T006_407_16_053_00.png","type":"image\/png"}],"twitter_card":"summary_large_image","schema":{"@context":"https:\/\/schema.org","@graph":[{"@type":"WebPage","@id":"https:\/\/galli.ch\/uhren\/tissot\/t-classic\/t-classic-21\/","url":"https:\/\/galli.ch\/uhren\/tissot\/t-classic\/t-classic-21\/","name":"Tissot Le Locle Powermatic 80 - Galli Uhren Bijouterie","isPartOf":{"@id":"http:\/\/galli.ch\/en\/#website"},"primaryImageOfPage":{"@id":"https:\/\/galli.ch\/uhren\/tissot\/t-classic\/t-classic-21\/#primaryimage"},"image":{"@id":"https:\/\/galli.ch\/uhren\/tissot\/t-classic\/t-classic-21\/#primaryimage"},"thumbnailUrl":"https:\/\/galli.ch\/wp-content\/uploads\/Tissot_T-Classic_T006_407_16_053_00.png","datePublished":"2018-07-17T16:41:54+00:00","dateModified":"2026-04-01T08:02:00+00:00","breadcrumb":{"@id":"https:\/\/galli.ch\/uhren\/tissot\/t-classic\/t-classic-21\/#breadcrumb"},"inLanguage":"en-US","potentialAction":[{"@type":"ReadAction","target":["https:\/\/galli.ch\/uhren\/tissot\/t-classic\/t-classic-21\/"]}]},{"@type":"ImageObject","inLanguage":"en-US","@id":"https:\/\/galli.ch\/uhren\/tissot\/t-classic\/t-classic-21\/#primaryimage","url":"https:\/\/galli.ch\/wp-content\/uploads\/Tissot_T-Classic_T006_407_16_053_00.png","contentUrl":"https:\/\/galli.ch\/wp-content\/uploads\/Tissot_T-Classic_T006_407_16_053_00.png","width":1000,"height":1400,"caption":"Tudor T-Classic"},{"@type":"BreadcrumbList","@id":"https:\/\/galli.ch\/uhren\/tissot\/t-classic\/t-classic-21\/#breadcrumb","itemListElement":[{"@type":"ListItem","position":1,"name":"Home","item":"https:\/\/galli.ch\/en\/"},{"@type":"ListItem","position":2,"name":"Uhren","item":"https:\/\/galli.ch\/en\/uhren\/"},{"@type":"ListItem","position":3,"name":"Tissot Le Locle Powermatic 80"}]},{"@type":"WebSite","@id":"http:\/\/galli.ch\/en\/#website","url":"http:\/\/galli.ch\/en\/","name":"Galli Uhren Bijouterie","description":"","potentialAction":[{"@type":"SearchAction","target":{"@type":"EntryPoint","urlTemplate":"http:\/\/galli.ch\/en\/?s={search_term_string}"},"query-input":{"@type":"PropertyValueSpecification","valueRequired":true,"valueName":"search_term_string"}}],"inLanguage":"en-US"}]}},"_links":{"self":[{"href":"https:\/\/galli.ch\/en\/wp-json\/wp\/v2\/product\/380","targetHints":{"allow":["GET"]}}],"collection":[{"href":"https:\/\/galli.ch\/en\/wp-json\/wp\/v2\/product"}],"about":[{"href":"https:\/\/galli.ch\/en\/wp-json\/wp\/v2\/types\/product"}],"wp:featuredmedia":[{"embeddable":true,"href":"https:\/\/galli.ch\/en\/wp-json\/wp\/v2\/media\/333"}],"wp:attachment":[{"href":"https:\/\/galli.ch\/en\/wp-json\/wp\/v2\/media?parent=380"}],"wp:term":[{"taxonomy":"product_brand","embeddable":true,"href":"https:\/\/galli.ch\/en\/wp-json\/wp\/v2\/product_brand?post=380"},{"taxonomy":"product_cat","embeddable":true,"href":"https:\/\/galli.ch\/en\/wp-json\/wp\/v2\/product_cat?post=380"},{"taxonomy":"product_tag","embeddable":true,"href":"https:\/\/galli.ch\/en\/wp-json\/wp\/v2\/product_tag?post=380"}],"curies":[{"name":"wp","href":"https:\/\/api.w.org\/{rel}","templated":true}]}}