{"id":38375,"date":"2024-11-21T14:37:17","date_gmt":"2024-11-21T13:37:17","guid":{"rendered":"https:\/\/galli.ch\/?post_type=product&#038;p=38375"},"modified":"2026-03-30T10:17:50","modified_gmt":"2026-03-30T08:17:50","slug":"seamaster-diver-300m-210-32-42-20-01-003","status":"publish","type":"product","link":"https:\/\/galli.ch\/en\/uhren\/omega\/seamaster\/seamaster-diver-300m-210-32-42-20-01-003\/","title":{"rendered":"Omega Seamaster Diver 300M"},"content":{"rendered":"<p>Seit 1993 hat die Seamaster Diver 300M eine begeisterte Anh\u00e4ngerschaft. Die moderne Kollektion von heute hat das ber\u00fchmte maritime Erbe aufgegriffen und mit OMEGAs innovativsten Ideen und fortschrittlichstem Design bereichert.<\/p>\n<p>Das 42-mm-Geh\u00e4use aus Edelstahl verf\u00fcgt \u00fcber einen schwarzen, mit Oxals\u00e4ure eloxierten L\u00fcnettenring aus Aluminium, der eine Tauchskala aus wei\u00dfer Super-LumiNova aufweist.<\/p>\n","protected":false},"excerpt":{"rendered":"<p>Seit 1993 hat die Seamaster Diver 300M eine begeisterte Anh\u00e4ngerschaft. Die moderne Kollektion von heute hat das ber\u00fchmte maritime Erbe aufgegriffen und mit OMEGAs innovativsten Ideen und fortschrittlichstem Design bereichert. Das 42-mm-Geh\u00e4use aus Edelstahl verf\u00fcgt \u00fcber einen schwarzen, mit Oxals\u00e4ure eloxierten L\u00fcnettenring aus Aluminium, der eine Tauchskala aus wei\u00dfer Super-LumiNova aufweist.<\/p>\n","protected":false},"featured_media":38366,"template":"","meta":{"_acf_changed":false,"inline_featured_image":false},"product_brand":[],"product_cat":[188],"product_tag":[],"class_list":{"0":"post-38375","1":"product","2":"type-product","3":"status-publish","4":"has-post-thumbnail","6":"uhrenhersteller-omega","7":"uhrenhersteller-seamaster","8":"product_cat-uhren","10":"first","11":"outofstock","12":"taxable","13":"shipping-taxable","14":"purchasable","15":"product-type-simple"},"acf":[],"yoast_head":"<!-- This site is optimized with the Yoast SEO plugin v25.5 - https:\/\/yoast.com\/wordpress\/plugins\/seo\/ -->\n<title>Omega Seamaster Diver 300M - Galli Uhren Bijouterie<\/title>\n<meta name=\"robots\" content=\"index, follow, max-snippet:-1, max-image-preview:large, max-video-preview:-1\" \/>\n<link rel=\"canonical\" href=\"https:\/\/galli.ch\/uhren\/omega\/seamaster\/seamaster-diver-300m-210-32-42-20-01-003\/\" \/>\n<meta property=\"og:locale\" content=\"en_US\" \/>\n<meta property=\"og:type\" content=\"article\" \/>\n<meta property=\"og:title\" content=\"Omega Seamaster Diver 300M - Galli Uhren Bijouterie\" \/>\n<meta property=\"og:description\" content=\"Seit 1993 hat die Seamaster Diver 300M eine begeisterte Anh\u00e4ngerschaft. Die moderne Kollektion von heute hat das ber\u00fchmte maritime Erbe aufgegriffen und mit OMEGAs innovativsten Ideen und fortschrittlichstem Design bereichert. Das 42-mm-Geh\u00e4use aus Edelstahl verf\u00fcgt \u00fcber einen schwarzen, mit Oxals\u00e4ure eloxierten L\u00fcnettenring aus Aluminium, der eine Tauchskala aus wei\u00dfer Super-LumiNova aufweist.\" \/>\n<meta property=\"og:url\" content=\"https:\/\/galli.ch\/uhren\/omega\/seamaster\/seamaster-diver-300m-210-32-42-20-01-003\/\" \/>\n<meta property=\"og:site_name\" content=\"Galli Uhren Bijouterie\" \/>\n<meta property=\"article:modified_time\" content=\"2026-03-30T08:17:50+00:00\" \/>\n<meta property=\"og:image\" content=\"https:\/\/galli.ch\/wp-content\/uploads\/omega-seamaster-diver-300m-co-axial-master-chronometer-42-mm-21032422001003-df9d2f.png\" \/>\n\t<meta property=\"og:image:width\" content=\"1000\" \/>\n\t<meta property=\"og:image:height\" content=\"1400\" \/>\n\t<meta property=\"og:image:type\" content=\"image\/png\" \/>\n<meta name=\"twitter:card\" content=\"summary_large_image\" \/>\n<script type=\"application\/ld+json\" class=\"yoast-schema-graph\">{\"@context\":\"https:\/\/schema.org\",\"@graph\":[{\"@type\":\"WebPage\",\"@id\":\"https:\/\/galli.ch\/uhren\/omega\/seamaster\/seamaster-diver-300m-210-32-42-20-01-003\/\",\"url\":\"https:\/\/galli.ch\/uhren\/omega\/seamaster\/seamaster-diver-300m-210-32-42-20-01-003\/\",\"name\":\"Omega Seamaster Diver 300M - Galli Uhren Bijouterie\",\"isPartOf\":{\"@id\":\"http:\/\/galli.ch\/en\/#website\"},\"primaryImageOfPage\":{\"@id\":\"https:\/\/galli.ch\/uhren\/omega\/seamaster\/seamaster-diver-300m-210-32-42-20-01-003\/#primaryimage\"},\"image\":{\"@id\":\"https:\/\/galli.ch\/uhren\/omega\/seamaster\/seamaster-diver-300m-210-32-42-20-01-003\/#primaryimage\"},\"thumbnailUrl\":\"https:\/\/galli.ch\/wp-content\/uploads\/omega-seamaster-diver-300m-co-axial-master-chronometer-42-mm-21032422001003-df9d2f.png\",\"datePublished\":\"2024-11-21T13:37:17+00:00\",\"dateModified\":\"2026-03-30T08:17:50+00:00\",\"breadcrumb\":{\"@id\":\"https:\/\/galli.ch\/uhren\/omega\/seamaster\/seamaster-diver-300m-210-32-42-20-01-003\/#breadcrumb\"},\"inLanguage\":\"en-US\",\"potentialAction\":[{\"@type\":\"ReadAction\",\"target\":[\"https:\/\/galli.ch\/uhren\/omega\/seamaster\/seamaster-diver-300m-210-32-42-20-01-003\/\"]}]},{\"@type\":\"ImageObject\",\"inLanguage\":\"en-US\",\"@id\":\"https:\/\/galli.ch\/uhren\/omega\/seamaster\/seamaster-diver-300m-210-32-42-20-01-003\/#primaryimage\",\"url\":\"https:\/\/galli.ch\/wp-content\/uploads\/omega-seamaster-diver-300m-co-axial-master-chronometer-42-mm-21032422001003-df9d2f.png\",\"contentUrl\":\"https:\/\/galli.ch\/wp-content\/uploads\/omega-seamaster-diver-300m-co-axial-master-chronometer-42-mm-21032422001003-df9d2f.png\",\"width\":1000,\"height\":1400},{\"@type\":\"BreadcrumbList\",\"@id\":\"https:\/\/galli.ch\/uhren\/omega\/seamaster\/seamaster-diver-300m-210-32-42-20-01-003\/#breadcrumb\",\"itemListElement\":[{\"@type\":\"ListItem\",\"position\":1,\"name\":\"Home\",\"item\":\"https:\/\/galli.ch\/en\/\"},{\"@type\":\"ListItem\",\"position\":2,\"name\":\"Uhren\",\"item\":\"https:\/\/galli.ch\/en\/uhren\/\"},{\"@type\":\"ListItem\",\"position\":3,\"name\":\"Omega Seamaster Diver 300M\"}]},{\"@type\":\"WebSite\",\"@id\":\"http:\/\/galli.ch\/en\/#website\",\"url\":\"http:\/\/galli.ch\/en\/\",\"name\":\"Galli Uhren Bijouterie\",\"description\":\"\",\"potentialAction\":[{\"@type\":\"SearchAction\",\"target\":{\"@type\":\"EntryPoint\",\"urlTemplate\":\"http:\/\/galli.ch\/en\/?s={search_term_string}\"},\"query-input\":{\"@type\":\"PropertyValueSpecification\",\"valueRequired\":true,\"valueName\":\"search_term_string\"}}],\"inLanguage\":\"en-US\"}]}<\/script>\n<!-- \/ Yoast SEO plugin. -->","yoast_head_json":{"title":"Omega Seamaster Diver 300M - Galli Uhren Bijouterie","robots":{"index":"index","follow":"follow","max-snippet":"max-snippet:-1","max-image-preview":"max-image-preview:large","max-video-preview":"max-video-preview:-1"},"canonical":"https:\/\/galli.ch\/uhren\/omega\/seamaster\/seamaster-diver-300m-210-32-42-20-01-003\/","og_locale":"en_US","og_type":"article","og_title":"Omega Seamaster Diver 300M - Galli Uhren Bijouterie","og_description":"Seit 1993 hat die Seamaster Diver 300M eine begeisterte Anh\u00e4ngerschaft. Die moderne Kollektion von heute hat das ber\u00fchmte maritime Erbe aufgegriffen und mit OMEGAs innovativsten Ideen und fortschrittlichstem Design bereichert. Das 42-mm-Geh\u00e4use aus Edelstahl verf\u00fcgt \u00fcber einen schwarzen, mit Oxals\u00e4ure eloxierten L\u00fcnettenring aus Aluminium, der eine Tauchskala aus wei\u00dfer Super-LumiNova aufweist.","og_url":"https:\/\/galli.ch\/uhren\/omega\/seamaster\/seamaster-diver-300m-210-32-42-20-01-003\/","og_site_name":"Galli Uhren Bijouterie","article_modified_time":"2026-03-30T08:17:50+00:00","og_image":[{"width":1000,"height":1400,"url":"https:\/\/galli.ch\/wp-content\/uploads\/omega-seamaster-diver-300m-co-axial-master-chronometer-42-mm-21032422001003-df9d2f.png","type":"image\/png"}],"twitter_card":"summary_large_image","schema":{"@context":"https:\/\/schema.org","@graph":[{"@type":"WebPage","@id":"https:\/\/galli.ch\/uhren\/omega\/seamaster\/seamaster-diver-300m-210-32-42-20-01-003\/","url":"https:\/\/galli.ch\/uhren\/omega\/seamaster\/seamaster-diver-300m-210-32-42-20-01-003\/","name":"Omega Seamaster Diver 300M - Galli Uhren Bijouterie","isPartOf":{"@id":"http:\/\/galli.ch\/en\/#website"},"primaryImageOfPage":{"@id":"https:\/\/galli.ch\/uhren\/omega\/seamaster\/seamaster-diver-300m-210-32-42-20-01-003\/#primaryimage"},"image":{"@id":"https:\/\/galli.ch\/uhren\/omega\/seamaster\/seamaster-diver-300m-210-32-42-20-01-003\/#primaryimage"},"thumbnailUrl":"https:\/\/galli.ch\/wp-content\/uploads\/omega-seamaster-diver-300m-co-axial-master-chronometer-42-mm-21032422001003-df9d2f.png","datePublished":"2024-11-21T13:37:17+00:00","dateModified":"2026-03-30T08:17:50+00:00","breadcrumb":{"@id":"https:\/\/galli.ch\/uhren\/omega\/seamaster\/seamaster-diver-300m-210-32-42-20-01-003\/#breadcrumb"},"inLanguage":"en-US","potentialAction":[{"@type":"ReadAction","target":["https:\/\/galli.ch\/uhren\/omega\/seamaster\/seamaster-diver-300m-210-32-42-20-01-003\/"]}]},{"@type":"ImageObject","inLanguage":"en-US","@id":"https:\/\/galli.ch\/uhren\/omega\/seamaster\/seamaster-diver-300m-210-32-42-20-01-003\/#primaryimage","url":"https:\/\/galli.ch\/wp-content\/uploads\/omega-seamaster-diver-300m-co-axial-master-chronometer-42-mm-21032422001003-df9d2f.png","contentUrl":"https:\/\/galli.ch\/wp-content\/uploads\/omega-seamaster-diver-300m-co-axial-master-chronometer-42-mm-21032422001003-df9d2f.png","width":1000,"height":1400},{"@type":"BreadcrumbList","@id":"https:\/\/galli.ch\/uhren\/omega\/seamaster\/seamaster-diver-300m-210-32-42-20-01-003\/#breadcrumb","itemListElement":[{"@type":"ListItem","position":1,"name":"Home","item":"https:\/\/galli.ch\/en\/"},{"@type":"ListItem","position":2,"name":"Uhren","item":"https:\/\/galli.ch\/en\/uhren\/"},{"@type":"ListItem","position":3,"name":"Omega Seamaster Diver 300M"}]},{"@type":"WebSite","@id":"http:\/\/galli.ch\/en\/#website","url":"http:\/\/galli.ch\/en\/","name":"Galli Uhren Bijouterie","description":"","potentialAction":[{"@type":"SearchAction","target":{"@type":"EntryPoint","urlTemplate":"http:\/\/galli.ch\/en\/?s={search_term_string}"},"query-input":{"@type":"PropertyValueSpecification","valueRequired":true,"valueName":"search_term_string"}}],"inLanguage":"en-US"}]}},"_links":{"self":[{"href":"https:\/\/galli.ch\/en\/wp-json\/wp\/v2\/product\/38375","targetHints":{"allow":["GET"]}}],"collection":[{"href":"https:\/\/galli.ch\/en\/wp-json\/wp\/v2\/product"}],"about":[{"href":"https:\/\/galli.ch\/en\/wp-json\/wp\/v2\/types\/product"}],"wp:featuredmedia":[{"embeddable":true,"href":"https:\/\/galli.ch\/en\/wp-json\/wp\/v2\/media\/38366"}],"wp:attachment":[{"href":"https:\/\/galli.ch\/en\/wp-json\/wp\/v2\/media?parent=38375"}],"wp:term":[{"taxonomy":"product_brand","embeddable":true,"href":"https:\/\/galli.ch\/en\/wp-json\/wp\/v2\/product_brand?post=38375"},{"taxonomy":"product_cat","embeddable":true,"href":"https:\/\/galli.ch\/en\/wp-json\/wp\/v2\/product_cat?post=38375"},{"taxonomy":"product_tag","embeddable":true,"href":"https:\/\/galli.ch\/en\/wp-json\/wp\/v2\/product_tag?post=38375"}],"curies":[{"name":"wp","href":"https:\/\/api.w.org\/{rel}","templated":true}]}}