{"id":38399,"date":"2024-11-22T17:13:43","date_gmt":"2024-11-22T16:13:43","guid":{"rendered":"https:\/\/galli.ch\/?post_type=product&#038;p=38399"},"modified":"2024-11-22T17:43:23","modified_gmt":"2024-11-22T16:43:23","slug":"longines-conquest-v-h-p-l3-717-4-96-9","status":"publish","type":"product","link":"https:\/\/galli.ch\/en\/uhren\/galli-cpo\/weitere-marken\/longines-conquest-v-h-p-l3-717-4-96-9\/","title":{"rendered":"Longines Conquest V.H.P."},"content":{"rendered":"<p>Mit ihrer langj\u00e4hrigen Erfahrung im Quarzbereich pr\u00e4sentiert die Marke nun die neue Conquest V.H.P., deren Uhrwerk exklusiv von der ETA f\u00fcr Longines gefertigt wurde. Es zeichnet sich nicht nur durch seine bemerkenswert hohe Pr\u00e4zision (\u00b1 5 Sek.\/Jahr) aus, sondern auch durch die F\u00e4higkeit, die Zeiger nach einem Stoss oder Einwirkung eines Magnetfelds mit Hilfe des GPD (Gear Position Detection) Systems zur\u00fcckzusetzen.<\/p>\n<p>Jahrgang: 2019<br \/>\nZustand: Gut<br \/>\nOriginal Papiere: Ja<br \/>\nOriginal Box: Ja<\/p>\n","protected":false},"excerpt":{"rendered":"<p>Mit ihrer langj\u00e4hrigen Erfahrung im Quarzbereich pr\u00e4sentiert die Marke nun die neue Conquest V.H.P., deren Uhrwerk exklusiv von der ETA f\u00fcr Longines gefertigt wurde. Es zeichnet sich nicht nur durch seine bemerkenswert hohe Pr\u00e4zision (\u00b1 5 Sek.\/Jahr) aus, sondern auch durch die F\u00e4higkeit, die Zeiger nach einem Stoss oder Einwirkung eines Magnetfelds mit Hilfe des&#8230;  <a class=\"excerpt-read-more\" href=\"https:\/\/galli.ch\/en\/uhren\/galli-cpo\/weitere-marken\/longines-conquest-v-h-p-l3-717-4-96-9\/\" title=\"Read Longines Conquest V.H.P.\">Weiter &raquo;<\/a><\/p>\n","protected":false},"featured_media":38382,"template":"","meta":{"_acf_changed":false,"inline_featured_image":false},"product_brand":[],"product_cat":[188],"product_tag":[],"class_list":{"0":"post-38399","1":"product","2":"type-product","3":"status-publish","4":"has-post-thumbnail","6":"uhrenhersteller-galli-cpo","7":"uhrenhersteller-weitere-marken","8":"product_cat-uhren","10":"first","11":"instock","12":"taxable","13":"shipping-taxable","14":"purchasable","15":"product-type-simple"},"acf":[],"yoast_head":"<!-- This site is optimized with the Yoast SEO plugin v25.5 - https:\/\/yoast.com\/wordpress\/plugins\/seo\/ -->\n<title>Longines Conquest V.H.P. - Galli Uhren Bijouterie<\/title>\n<meta name=\"robots\" content=\"index, follow, max-snippet:-1, max-image-preview:large, max-video-preview:-1\" \/>\n<link rel=\"canonical\" href=\"https:\/\/galli.ch\/uhren\/galli-cpo\/longines-conquest-v-h-p-l3-717-4-96-9\/\" \/>\n<meta property=\"og:locale\" content=\"en_US\" \/>\n<meta property=\"og:type\" content=\"article\" \/>\n<meta property=\"og:title\" content=\"Longines Conquest V.H.P. - Galli Uhren Bijouterie\" \/>\n<meta property=\"og:description\" content=\"Mit ihrer langj\u00e4hrigen Erfahrung im Quarzbereich pr\u00e4sentiert die Marke nun die neue Conquest V.H.P., deren Uhrwerk exklusiv von der ETA f\u00fcr Longines gefertigt wurde. Es zeichnet sich nicht nur durch seine bemerkenswert hohe Pr\u00e4zision (\u00b1 5 Sek.\/Jahr) aus, sondern auch durch die F\u00e4higkeit, die Zeiger nach einem Stoss oder Einwirkung eines Magnetfelds mit Hilfe des... Weiter &raquo;\" \/>\n<meta property=\"og:url\" content=\"https:\/\/galli.ch\/uhren\/galli-cpo\/longines-conquest-v-h-p-l3-717-4-96-9\/\" \/>\n<meta property=\"og:site_name\" content=\"Galli Uhren Bijouterie\" \/>\n<meta property=\"article:modified_time\" content=\"2024-11-22T16:43:23+00:00\" \/>\n<meta property=\"og:image\" content=\"https:\/\/galli.ch\/wp-content\/uploads\/IMG_9448.png\" \/>\n\t<meta property=\"og:image:width\" content=\"1000\" \/>\n\t<meta property=\"og:image:height\" content=\"1400\" \/>\n\t<meta property=\"og:image:type\" content=\"image\/png\" \/>\n<meta name=\"twitter:card\" content=\"summary_large_image\" \/>\n<script type=\"application\/ld+json\" class=\"yoast-schema-graph\">{\"@context\":\"https:\/\/schema.org\",\"@graph\":[{\"@type\":\"WebPage\",\"@id\":\"https:\/\/galli.ch\/uhren\/galli-cpo\/longines-conquest-v-h-p-l3-717-4-96-9\/\",\"url\":\"https:\/\/galli.ch\/uhren\/galli-cpo\/longines-conquest-v-h-p-l3-717-4-96-9\/\",\"name\":\"Longines Conquest V.H.P. - Galli Uhren Bijouterie\",\"isPartOf\":{\"@id\":\"http:\/\/galli.ch\/en\/#website\"},\"primaryImageOfPage\":{\"@id\":\"https:\/\/galli.ch\/uhren\/galli-cpo\/longines-conquest-v-h-p-l3-717-4-96-9\/#primaryimage\"},\"image\":{\"@id\":\"https:\/\/galli.ch\/uhren\/galli-cpo\/longines-conquest-v-h-p-l3-717-4-96-9\/#primaryimage\"},\"thumbnailUrl\":\"https:\/\/galli.ch\/wp-content\/uploads\/IMG_9448.png\",\"datePublished\":\"2024-11-22T16:13:43+00:00\",\"dateModified\":\"2024-11-22T16:43:23+00:00\",\"breadcrumb\":{\"@id\":\"https:\/\/galli.ch\/uhren\/galli-cpo\/longines-conquest-v-h-p-l3-717-4-96-9\/#breadcrumb\"},\"inLanguage\":\"en-US\",\"potentialAction\":[{\"@type\":\"ReadAction\",\"target\":[\"https:\/\/galli.ch\/uhren\/galli-cpo\/longines-conquest-v-h-p-l3-717-4-96-9\/\"]}]},{\"@type\":\"ImageObject\",\"inLanguage\":\"en-US\",\"@id\":\"https:\/\/galli.ch\/uhren\/galli-cpo\/longines-conquest-v-h-p-l3-717-4-96-9\/#primaryimage\",\"url\":\"https:\/\/galli.ch\/wp-content\/uploads\/IMG_9448.png\",\"contentUrl\":\"https:\/\/galli.ch\/wp-content\/uploads\/IMG_9448.png\",\"width\":1000,\"height\":1400},{\"@type\":\"BreadcrumbList\",\"@id\":\"https:\/\/galli.ch\/uhren\/galli-cpo\/longines-conquest-v-h-p-l3-717-4-96-9\/#breadcrumb\",\"itemListElement\":[{\"@type\":\"ListItem\",\"position\":1,\"name\":\"Home\",\"item\":\"https:\/\/galli.ch\/en\/\"},{\"@type\":\"ListItem\",\"position\":2,\"name\":\"Uhren\",\"item\":\"https:\/\/galli.ch\/en\/uhren\/\"},{\"@type\":\"ListItem\",\"position\":3,\"name\":\"Longines Conquest V.H.P.\"}]},{\"@type\":\"WebSite\",\"@id\":\"http:\/\/galli.ch\/en\/#website\",\"url\":\"http:\/\/galli.ch\/en\/\",\"name\":\"Galli Uhren Bijouterie\",\"description\":\"\",\"potentialAction\":[{\"@type\":\"SearchAction\",\"target\":{\"@type\":\"EntryPoint\",\"urlTemplate\":\"http:\/\/galli.ch\/en\/?s={search_term_string}\"},\"query-input\":{\"@type\":\"PropertyValueSpecification\",\"valueRequired\":true,\"valueName\":\"search_term_string\"}}],\"inLanguage\":\"en-US\"}]}<\/script>\n<!-- \/ Yoast SEO plugin. -->","yoast_head_json":{"title":"Longines Conquest V.H.P. - Galli Uhren Bijouterie","robots":{"index":"index","follow":"follow","max-snippet":"max-snippet:-1","max-image-preview":"max-image-preview:large","max-video-preview":"max-video-preview:-1"},"canonical":"https:\/\/galli.ch\/uhren\/galli-cpo\/longines-conquest-v-h-p-l3-717-4-96-9\/","og_locale":"en_US","og_type":"article","og_title":"Longines Conquest V.H.P. - Galli Uhren Bijouterie","og_description":"Mit ihrer langj\u00e4hrigen Erfahrung im Quarzbereich pr\u00e4sentiert die Marke nun die neue Conquest V.H.P., deren Uhrwerk exklusiv von der ETA f\u00fcr Longines gefertigt wurde. Es zeichnet sich nicht nur durch seine bemerkenswert hohe Pr\u00e4zision (\u00b1 5 Sek.\/Jahr) aus, sondern auch durch die F\u00e4higkeit, die Zeiger nach einem Stoss oder Einwirkung eines Magnetfelds mit Hilfe des... Weiter &raquo;","og_url":"https:\/\/galli.ch\/uhren\/galli-cpo\/longines-conquest-v-h-p-l3-717-4-96-9\/","og_site_name":"Galli Uhren Bijouterie","article_modified_time":"2024-11-22T16:43:23+00:00","og_image":[{"width":1000,"height":1400,"url":"https:\/\/galli.ch\/wp-content\/uploads\/IMG_9448.png","type":"image\/png"}],"twitter_card":"summary_large_image","schema":{"@context":"https:\/\/schema.org","@graph":[{"@type":"WebPage","@id":"https:\/\/galli.ch\/uhren\/galli-cpo\/longines-conquest-v-h-p-l3-717-4-96-9\/","url":"https:\/\/galli.ch\/uhren\/galli-cpo\/longines-conquest-v-h-p-l3-717-4-96-9\/","name":"Longines Conquest V.H.P. - Galli Uhren Bijouterie","isPartOf":{"@id":"http:\/\/galli.ch\/en\/#website"},"primaryImageOfPage":{"@id":"https:\/\/galli.ch\/uhren\/galli-cpo\/longines-conquest-v-h-p-l3-717-4-96-9\/#primaryimage"},"image":{"@id":"https:\/\/galli.ch\/uhren\/galli-cpo\/longines-conquest-v-h-p-l3-717-4-96-9\/#primaryimage"},"thumbnailUrl":"https:\/\/galli.ch\/wp-content\/uploads\/IMG_9448.png","datePublished":"2024-11-22T16:13:43+00:00","dateModified":"2024-11-22T16:43:23+00:00","breadcrumb":{"@id":"https:\/\/galli.ch\/uhren\/galli-cpo\/longines-conquest-v-h-p-l3-717-4-96-9\/#breadcrumb"},"inLanguage":"en-US","potentialAction":[{"@type":"ReadAction","target":["https:\/\/galli.ch\/uhren\/galli-cpo\/longines-conquest-v-h-p-l3-717-4-96-9\/"]}]},{"@type":"ImageObject","inLanguage":"en-US","@id":"https:\/\/galli.ch\/uhren\/galli-cpo\/longines-conquest-v-h-p-l3-717-4-96-9\/#primaryimage","url":"https:\/\/galli.ch\/wp-content\/uploads\/IMG_9448.png","contentUrl":"https:\/\/galli.ch\/wp-content\/uploads\/IMG_9448.png","width":1000,"height":1400},{"@type":"BreadcrumbList","@id":"https:\/\/galli.ch\/uhren\/galli-cpo\/longines-conquest-v-h-p-l3-717-4-96-9\/#breadcrumb","itemListElement":[{"@type":"ListItem","position":1,"name":"Home","item":"https:\/\/galli.ch\/en\/"},{"@type":"ListItem","position":2,"name":"Uhren","item":"https:\/\/galli.ch\/en\/uhren\/"},{"@type":"ListItem","position":3,"name":"Longines Conquest V.H.P."}]},{"@type":"WebSite","@id":"http:\/\/galli.ch\/en\/#website","url":"http:\/\/galli.ch\/en\/","name":"Galli Uhren Bijouterie","description":"","potentialAction":[{"@type":"SearchAction","target":{"@type":"EntryPoint","urlTemplate":"http:\/\/galli.ch\/en\/?s={search_term_string}"},"query-input":{"@type":"PropertyValueSpecification","valueRequired":true,"valueName":"search_term_string"}}],"inLanguage":"en-US"}]}},"_links":{"self":[{"href":"https:\/\/galli.ch\/en\/wp-json\/wp\/v2\/product\/38399","targetHints":{"allow":["GET"]}}],"collection":[{"href":"https:\/\/galli.ch\/en\/wp-json\/wp\/v2\/product"}],"about":[{"href":"https:\/\/galli.ch\/en\/wp-json\/wp\/v2\/types\/product"}],"wp:featuredmedia":[{"embeddable":true,"href":"https:\/\/galli.ch\/en\/wp-json\/wp\/v2\/media\/38382"}],"wp:attachment":[{"href":"https:\/\/galli.ch\/en\/wp-json\/wp\/v2\/media?parent=38399"}],"wp:term":[{"taxonomy":"product_brand","embeddable":true,"href":"https:\/\/galli.ch\/en\/wp-json\/wp\/v2\/product_brand?post=38399"},{"taxonomy":"product_cat","embeddable":true,"href":"https:\/\/galli.ch\/en\/wp-json\/wp\/v2\/product_cat?post=38399"},{"taxonomy":"product_tag","embeddable":true,"href":"https:\/\/galli.ch\/en\/wp-json\/wp\/v2\/product_tag?post=38399"}],"curies":[{"name":"wp","href":"https:\/\/api.w.org\/{rel}","templated":true}]}}