{"id":396,"date":"2018-07-17T16:41:42","date_gmt":"2018-07-17T16:41:42","guid":{"rendered":"http:\/\/galli.ch\/?post_type=uhren&#038;p=396"},"modified":"2026-03-30T10:16:16","modified_gmt":"2026-03-30T08:16:16","slug":"chemin-des-tourelles-t099-407-16-048-00","status":"publish","type":"product","link":"https:\/\/galli.ch\/en\/uhren\/tissot\/t-classic\/chemin-des-tourelles-t099-407-16-048-00\/","title":{"rendered":"Tissot Chemin des Tourelles"},"content":{"rendered":"<p>Die Tissot Chemin des Tourelles ist eine ganz besondere Uhr, in der ein wichtiger Teil der Tissot-Geschichte verborgen ist. Sie hat ihren Namen von der Strasse im Schweizer Ort Le Locle, in der 1907 die Tissot-Manufaktur errichtet wurde und wo das Unternehmen auch heute noch zu finden ist. Die Uhr ehrt die langj\u00e4hrige Erfahrung des Unternehmens durch ein zeitgem\u00e4sses Design mit elegantem Geh\u00e4use. Sie belegen eindrucksvoll, wie viel technisches Know-how Tissot in jede Uhr steckt. Heraus kommt eine luxuri\u00f6se, aber dank des hohen Wertes, den Tissot voller Stolz noch immer anbieten kann, trotzdem erschwingliche Uhr.<\/p>\n","protected":false},"excerpt":{"rendered":"<p>Die Tissot Chemin des Tourelles ist eine ganz besondere Uhr, in der ein wichtiger Teil der Tissot-Geschichte verborgen ist. Sie hat ihren Namen von der Strasse im Schweizer Ort Le Locle, in der 1907 die Tissot-Manufaktur errichtet wurde und wo das Unternehmen auch heute noch zu finden ist. Die Uhr ehrt die langj\u00e4hrige Erfahrung des&#8230;  <a class=\"excerpt-read-more\" href=\"https:\/\/galli.ch\/en\/uhren\/tissot\/t-classic\/chemin-des-tourelles-t099-407-16-048-00\/\" title=\"Read Tissot Chemin des Tourelles\">Weiter &raquo;<\/a><\/p>\n","protected":false},"featured_media":343,"template":"","meta":{"_acf_changed":false,"inline_featured_image":false},"product_brand":[],"product_cat":[188],"product_tag":[],"class_list":{"0":"post-396","1":"product","2":"type-product","3":"status-publish","4":"has-post-thumbnail","6":"uhrenhersteller-tissot","7":"uhrenhersteller-t-classic","8":"product_cat-uhren","10":"first","11":"outofstock","12":"taxable","13":"shipping-taxable","14":"purchasable","15":"product-type-simple"},"acf":[],"yoast_head":"<!-- This site is optimized with the Yoast SEO plugin v25.5 - https:\/\/yoast.com\/wordpress\/plugins\/seo\/ -->\n<title>Tissot Chemin des Tourelles - Galli Uhren Bijouterie<\/title>\n<meta name=\"robots\" content=\"index, follow, max-snippet:-1, max-image-preview:large, max-video-preview:-1\" \/>\n<link rel=\"canonical\" href=\"https:\/\/galli.ch\/uhren\/tissot\/t-classic\/chemin-des-tourelles-t099-407-16-048-00\/\" \/>\n<meta property=\"og:locale\" content=\"en_US\" \/>\n<meta property=\"og:type\" content=\"article\" \/>\n<meta property=\"og:title\" content=\"Tissot Chemin des Tourelles - Galli Uhren Bijouterie\" \/>\n<meta property=\"og:description\" content=\"Die Tissot Chemin des Tourelles ist eine ganz besondere Uhr, in der ein wichtiger Teil der Tissot-Geschichte verborgen ist. Sie hat ihren Namen von der Strasse im Schweizer Ort Le Locle, in der 1907 die Tissot-Manufaktur errichtet wurde und wo das Unternehmen auch heute noch zu finden ist. Die Uhr ehrt die langj\u00e4hrige Erfahrung des... Weiter &raquo;\" \/>\n<meta property=\"og:url\" content=\"https:\/\/galli.ch\/uhren\/tissot\/t-classic\/chemin-des-tourelles-t099-407-16-048-00\/\" \/>\n<meta property=\"og:site_name\" content=\"Galli Uhren Bijouterie\" \/>\n<meta property=\"article:modified_time\" content=\"2026-03-30T08:16:16+00:00\" \/>\n<meta property=\"og:image\" content=\"https:\/\/galli.ch\/wp-content\/uploads\/Tissot_T-Classic_T099_407_16_048_00.png\" \/>\n\t<meta property=\"og:image:width\" content=\"1000\" \/>\n\t<meta property=\"og:image:height\" content=\"1400\" \/>\n\t<meta property=\"og:image:type\" content=\"image\/png\" \/>\n<meta name=\"twitter:card\" content=\"summary_large_image\" \/>\n<script type=\"application\/ld+json\" class=\"yoast-schema-graph\">{\"@context\":\"https:\/\/schema.org\",\"@graph\":[{\"@type\":\"WebPage\",\"@id\":\"https:\/\/galli.ch\/uhren\/tissot\/t-classic\/chemin-des-tourelles-t099-407-16-048-00\/\",\"url\":\"https:\/\/galli.ch\/uhren\/tissot\/t-classic\/chemin-des-tourelles-t099-407-16-048-00\/\",\"name\":\"Tissot Chemin des Tourelles - Galli Uhren Bijouterie\",\"isPartOf\":{\"@id\":\"http:\/\/galli.ch\/en\/#website\"},\"primaryImageOfPage\":{\"@id\":\"https:\/\/galli.ch\/uhren\/tissot\/t-classic\/chemin-des-tourelles-t099-407-16-048-00\/#primaryimage\"},\"image\":{\"@id\":\"https:\/\/galli.ch\/uhren\/tissot\/t-classic\/chemin-des-tourelles-t099-407-16-048-00\/#primaryimage\"},\"thumbnailUrl\":\"https:\/\/galli.ch\/wp-content\/uploads\/Tissot_T-Classic_T099_407_16_048_00.png\",\"datePublished\":\"2018-07-17T16:41:42+00:00\",\"dateModified\":\"2026-03-30T08:16:16+00:00\",\"breadcrumb\":{\"@id\":\"https:\/\/galli.ch\/uhren\/tissot\/t-classic\/chemin-des-tourelles-t099-407-16-048-00\/#breadcrumb\"},\"inLanguage\":\"en-US\",\"potentialAction\":[{\"@type\":\"ReadAction\",\"target\":[\"https:\/\/galli.ch\/uhren\/tissot\/t-classic\/chemin-des-tourelles-t099-407-16-048-00\/\"]}]},{\"@type\":\"ImageObject\",\"inLanguage\":\"en-US\",\"@id\":\"https:\/\/galli.ch\/uhren\/tissot\/t-classic\/chemin-des-tourelles-t099-407-16-048-00\/#primaryimage\",\"url\":\"https:\/\/galli.ch\/wp-content\/uploads\/Tissot_T-Classic_T099_407_16_048_00.png\",\"contentUrl\":\"https:\/\/galli.ch\/wp-content\/uploads\/Tissot_T-Classic_T099_407_16_048_00.png\",\"width\":1000,\"height\":1400,\"caption\":\"Tudor T-Classic\"},{\"@type\":\"BreadcrumbList\",\"@id\":\"https:\/\/galli.ch\/uhren\/tissot\/t-classic\/chemin-des-tourelles-t099-407-16-048-00\/#breadcrumb\",\"itemListElement\":[{\"@type\":\"ListItem\",\"position\":1,\"name\":\"Home\",\"item\":\"https:\/\/galli.ch\/en\/\"},{\"@type\":\"ListItem\",\"position\":2,\"name\":\"Uhren\",\"item\":\"https:\/\/galli.ch\/en\/uhren\/\"},{\"@type\":\"ListItem\",\"position\":3,\"name\":\"Chemin des Tourelles\"}]},{\"@type\":\"WebSite\",\"@id\":\"http:\/\/galli.ch\/en\/#website\",\"url\":\"http:\/\/galli.ch\/en\/\",\"name\":\"Galli Uhren Bijouterie\",\"description\":\"\",\"potentialAction\":[{\"@type\":\"SearchAction\",\"target\":{\"@type\":\"EntryPoint\",\"urlTemplate\":\"http:\/\/galli.ch\/en\/?s={search_term_string}\"},\"query-input\":{\"@type\":\"PropertyValueSpecification\",\"valueRequired\":true,\"valueName\":\"search_term_string\"}}],\"inLanguage\":\"en-US\"}]}<\/script>\n<!-- \/ Yoast SEO plugin. -->","yoast_head_json":{"title":"Tissot Chemin des Tourelles - Galli Uhren Bijouterie","robots":{"index":"index","follow":"follow","max-snippet":"max-snippet:-1","max-image-preview":"max-image-preview:large","max-video-preview":"max-video-preview:-1"},"canonical":"https:\/\/galli.ch\/uhren\/tissot\/t-classic\/chemin-des-tourelles-t099-407-16-048-00\/","og_locale":"en_US","og_type":"article","og_title":"Tissot Chemin des Tourelles - Galli Uhren Bijouterie","og_description":"Die Tissot Chemin des Tourelles ist eine ganz besondere Uhr, in der ein wichtiger Teil der Tissot-Geschichte verborgen ist. Sie hat ihren Namen von der Strasse im Schweizer Ort Le Locle, in der 1907 die Tissot-Manufaktur errichtet wurde und wo das Unternehmen auch heute noch zu finden ist. Die Uhr ehrt die langj\u00e4hrige Erfahrung des... Weiter &raquo;","og_url":"https:\/\/galli.ch\/uhren\/tissot\/t-classic\/chemin-des-tourelles-t099-407-16-048-00\/","og_site_name":"Galli Uhren Bijouterie","article_modified_time":"2026-03-30T08:16:16+00:00","og_image":[{"width":1000,"height":1400,"url":"https:\/\/galli.ch\/wp-content\/uploads\/Tissot_T-Classic_T099_407_16_048_00.png","type":"image\/png"}],"twitter_card":"summary_large_image","schema":{"@context":"https:\/\/schema.org","@graph":[{"@type":"WebPage","@id":"https:\/\/galli.ch\/uhren\/tissot\/t-classic\/chemin-des-tourelles-t099-407-16-048-00\/","url":"https:\/\/galli.ch\/uhren\/tissot\/t-classic\/chemin-des-tourelles-t099-407-16-048-00\/","name":"Tissot Chemin des Tourelles - Galli Uhren Bijouterie","isPartOf":{"@id":"http:\/\/galli.ch\/en\/#website"},"primaryImageOfPage":{"@id":"https:\/\/galli.ch\/uhren\/tissot\/t-classic\/chemin-des-tourelles-t099-407-16-048-00\/#primaryimage"},"image":{"@id":"https:\/\/galli.ch\/uhren\/tissot\/t-classic\/chemin-des-tourelles-t099-407-16-048-00\/#primaryimage"},"thumbnailUrl":"https:\/\/galli.ch\/wp-content\/uploads\/Tissot_T-Classic_T099_407_16_048_00.png","datePublished":"2018-07-17T16:41:42+00:00","dateModified":"2026-03-30T08:16:16+00:00","breadcrumb":{"@id":"https:\/\/galli.ch\/uhren\/tissot\/t-classic\/chemin-des-tourelles-t099-407-16-048-00\/#breadcrumb"},"inLanguage":"en-US","potentialAction":[{"@type":"ReadAction","target":["https:\/\/galli.ch\/uhren\/tissot\/t-classic\/chemin-des-tourelles-t099-407-16-048-00\/"]}]},{"@type":"ImageObject","inLanguage":"en-US","@id":"https:\/\/galli.ch\/uhren\/tissot\/t-classic\/chemin-des-tourelles-t099-407-16-048-00\/#primaryimage","url":"https:\/\/galli.ch\/wp-content\/uploads\/Tissot_T-Classic_T099_407_16_048_00.png","contentUrl":"https:\/\/galli.ch\/wp-content\/uploads\/Tissot_T-Classic_T099_407_16_048_00.png","width":1000,"height":1400,"caption":"Tudor T-Classic"},{"@type":"BreadcrumbList","@id":"https:\/\/galli.ch\/uhren\/tissot\/t-classic\/chemin-des-tourelles-t099-407-16-048-00\/#breadcrumb","itemListElement":[{"@type":"ListItem","position":1,"name":"Home","item":"https:\/\/galli.ch\/en\/"},{"@type":"ListItem","position":2,"name":"Uhren","item":"https:\/\/galli.ch\/en\/uhren\/"},{"@type":"ListItem","position":3,"name":"Chemin des Tourelles"}]},{"@type":"WebSite","@id":"http:\/\/galli.ch\/en\/#website","url":"http:\/\/galli.ch\/en\/","name":"Galli Uhren Bijouterie","description":"","potentialAction":[{"@type":"SearchAction","target":{"@type":"EntryPoint","urlTemplate":"http:\/\/galli.ch\/en\/?s={search_term_string}"},"query-input":{"@type":"PropertyValueSpecification","valueRequired":true,"valueName":"search_term_string"}}],"inLanguage":"en-US"}]}},"_links":{"self":[{"href":"https:\/\/galli.ch\/en\/wp-json\/wp\/v2\/product\/396","targetHints":{"allow":["GET"]}}],"collection":[{"href":"https:\/\/galli.ch\/en\/wp-json\/wp\/v2\/product"}],"about":[{"href":"https:\/\/galli.ch\/en\/wp-json\/wp\/v2\/types\/product"}],"wp:featuredmedia":[{"embeddable":true,"href":"https:\/\/galli.ch\/en\/wp-json\/wp\/v2\/media\/343"}],"wp:attachment":[{"href":"https:\/\/galli.ch\/en\/wp-json\/wp\/v2\/media?parent=396"}],"wp:term":[{"taxonomy":"product_brand","embeddable":true,"href":"https:\/\/galli.ch\/en\/wp-json\/wp\/v2\/product_brand?post=396"},{"taxonomy":"product_cat","embeddable":true,"href":"https:\/\/galli.ch\/en\/wp-json\/wp\/v2\/product_cat?post=396"},{"taxonomy":"product_tag","embeddable":true,"href":"https:\/\/galli.ch\/en\/wp-json\/wp\/v2\/product_tag?post=396"}],"curies":[{"name":"wp","href":"https:\/\/api.w.org\/{rel}","templated":true}]}}