{"id":3982,"date":"2019-01-15T14:59:01","date_gmt":"2019-01-15T12:59:01","guid":{"rendered":"http:\/\/galli.ch\/?post_type=uhren&#038;p=3982"},"modified":"2026-03-30T10:14:21","modified_gmt":"2026-03-30T08:14:21","slug":"spitfire-chronograph-iw387901","status":"publish","type":"product","link":"https:\/\/galli.ch\/en\/uhren\/iwc\/pilots-watches\/spitfire-chronograph-iw387901\/","title":{"rendered":"IWC Pilot&#8217;s Watch Chronograph Spitfire"},"content":{"rendered":"<p class=\"iwc-description-text iwc-contracted\">Zum ersten Mal pr\u00e4sentiert IWC einen Fliegerchronographen mit einem Werk aus der Kaliberfamilie 69000 und in einem reduzierten Geh\u00e4usedurchmesser von 41 Millimetern (zuvor 44 Millimeter). Das IWC-Manufakturkaliber 69380 ist ein robustes Chronographenwerk in klassischer Kolonnenradbauweise. Es stellt die gestoppten Stunden und Minuten auf zwei Hilfszifferbl\u00e4ttern bei \u00ab9 Uhr\u00bb und \u00ab12 Uhr\u00bb dar. Der beidseitig aufziehende Klinkenaufzug baut eine Gangreserve von 46 Stunden auf.<\/p>\n<p class=\"iwc-description-text iwc-contracted\">Mit einem Edelstahlgeh\u00e4use, einem schwarzen Zifferblatt und einem gr\u00fcnen Textilarmband ist dieser funktionale Chronograph farblich vom Cockpit einer Spitfire inspiriert. Ein Innenk\u00e4fig aus Weicheisen sch\u00fctzt das Uhrwerk wirksam vor Magnetfeldern. Selbstverst\u00e4ndlich ist dieses Modell auch auf einem braunen Lederband erh\u00e4ltlich.<\/p>\n","protected":false},"excerpt":{"rendered":"<p>Zum ersten Mal pr\u00e4sentiert IWC einen Fliegerchronographen mit einem Werk aus der Kaliberfamilie 69000 und in einem reduzierten Geh\u00e4usedurchmesser von 41 Millimetern (zuvor 44 Millimeter). Das IWC-Manufakturkaliber 69380 ist ein robustes Chronographenwerk in klassischer Kolonnenradbauweise. Es stellt die gestoppten Stunden und Minuten auf zwei Hilfszifferbl\u00e4ttern bei \u00ab9 Uhr\u00bb und \u00ab12 Uhr\u00bb dar. Der beidseitig aufziehende&#8230;  <a class=\"excerpt-read-more\" href=\"https:\/\/galli.ch\/en\/uhren\/iwc\/pilots-watches\/spitfire-chronograph-iw387901\/\" title=\"Read IWC Pilot&#8217;s Watch Chronograph Spitfire\">Weiter &raquo;<\/a><\/p>\n","protected":false},"featured_media":3959,"template":"","meta":{"_acf_changed":false,"inline_featured_image":false},"product_brand":[],"product_cat":[188],"product_tag":[],"class_list":{"0":"post-3982","1":"product","2":"type-product","3":"status-publish","4":"has-post-thumbnail","6":"uhrenhersteller-iwc","7":"uhrenhersteller-pilots-watches","8":"product_cat-uhren","10":"first","11":"outofstock","12":"taxable","13":"shipping-taxable","14":"purchasable","15":"product-type-simple"},"acf":[],"yoast_head":"<!-- This site is optimized with the Yoast SEO plugin v25.5 - https:\/\/yoast.com\/wordpress\/plugins\/seo\/ -->\n<title>IWC Pilot&#039;s Watch Chronograph Spitfire - Galli Uhren Bijouterie<\/title>\n<meta name=\"robots\" content=\"index, follow, max-snippet:-1, max-image-preview:large, max-video-preview:-1\" \/>\n<link rel=\"canonical\" href=\"https:\/\/galli.ch\/uhren\/iwc\/pilots-watches\/spitfire-chronograph-iw387901\/\" \/>\n<meta property=\"og:locale\" content=\"en_US\" \/>\n<meta property=\"og:type\" content=\"article\" \/>\n<meta property=\"og:title\" content=\"IWC Pilot&#039;s Watch Chronograph Spitfire - Galli Uhren Bijouterie\" \/>\n<meta property=\"og:description\" content=\"Zum ersten Mal pr\u00e4sentiert IWC einen Fliegerchronographen mit einem Werk aus der Kaliberfamilie 69000 und in einem reduzierten Geh\u00e4usedurchmesser von 41 Millimetern (zuvor 44 Millimeter). Das IWC-Manufakturkaliber 69380 ist ein robustes Chronographenwerk in klassischer Kolonnenradbauweise. Es stellt die gestoppten Stunden und Minuten auf zwei Hilfszifferbl\u00e4ttern bei \u00ab9 Uhr\u00bb und \u00ab12 Uhr\u00bb dar. Der beidseitig aufziehende... Weiter &raquo;\" \/>\n<meta property=\"og:url\" content=\"https:\/\/galli.ch\/uhren\/iwc\/pilots-watches\/spitfire-chronograph-iw387901\/\" \/>\n<meta property=\"og:site_name\" content=\"Galli Uhren Bijouterie\" \/>\n<meta property=\"article:modified_time\" content=\"2026-03-30T08:14:21+00:00\" \/>\n<meta property=\"og:image\" content=\"https:\/\/galli.ch\/wp-content\/uploads\/iwc-pilot-spitfire-chronograph-iw387901.png\" \/>\n\t<meta property=\"og:image:width\" content=\"1000\" \/>\n\t<meta property=\"og:image:height\" content=\"1400\" \/>\n\t<meta property=\"og:image:type\" content=\"image\/png\" \/>\n<meta name=\"twitter:card\" content=\"summary_large_image\" \/>\n<script type=\"application\/ld+json\" class=\"yoast-schema-graph\">{\"@context\":\"https:\/\/schema.org\",\"@graph\":[{\"@type\":\"WebPage\",\"@id\":\"https:\/\/galli.ch\/uhren\/iwc\/pilots-watches\/spitfire-chronograph-iw387901\/\",\"url\":\"https:\/\/galli.ch\/uhren\/iwc\/pilots-watches\/spitfire-chronograph-iw387901\/\",\"name\":\"IWC Pilot's Watch Chronograph Spitfire - Galli Uhren Bijouterie\",\"isPartOf\":{\"@id\":\"http:\/\/galli.ch\/en\/#website\"},\"primaryImageOfPage\":{\"@id\":\"https:\/\/galli.ch\/uhren\/iwc\/pilots-watches\/spitfire-chronograph-iw387901\/#primaryimage\"},\"image\":{\"@id\":\"https:\/\/galli.ch\/uhren\/iwc\/pilots-watches\/spitfire-chronograph-iw387901\/#primaryimage\"},\"thumbnailUrl\":\"https:\/\/galli.ch\/wp-content\/uploads\/iwc-pilot-spitfire-chronograph-iw387901.png\",\"datePublished\":\"2019-01-15T12:59:01+00:00\",\"dateModified\":\"2026-03-30T08:14:21+00:00\",\"breadcrumb\":{\"@id\":\"https:\/\/galli.ch\/uhren\/iwc\/pilots-watches\/spitfire-chronograph-iw387901\/#breadcrumb\"},\"inLanguage\":\"en-US\",\"potentialAction\":[{\"@type\":\"ReadAction\",\"target\":[\"https:\/\/galli.ch\/uhren\/iwc\/pilots-watches\/spitfire-chronograph-iw387901\/\"]}]},{\"@type\":\"ImageObject\",\"inLanguage\":\"en-US\",\"@id\":\"https:\/\/galli.ch\/uhren\/iwc\/pilots-watches\/spitfire-chronograph-iw387901\/#primaryimage\",\"url\":\"https:\/\/galli.ch\/wp-content\/uploads\/iwc-pilot-spitfire-chronograph-iw387901.png\",\"contentUrl\":\"https:\/\/galli.ch\/wp-content\/uploads\/iwc-pilot-spitfire-chronograph-iw387901.png\",\"width\":1000,\"height\":1400,\"caption\":\"IWC Pilot SpitFire Chronograph\"},{\"@type\":\"BreadcrumbList\",\"@id\":\"https:\/\/galli.ch\/uhren\/iwc\/pilots-watches\/spitfire-chronograph-iw387901\/#breadcrumb\",\"itemListElement\":[{\"@type\":\"ListItem\",\"position\":1,\"name\":\"Home\",\"item\":\"https:\/\/galli.ch\/en\/\"},{\"@type\":\"ListItem\",\"position\":2,\"name\":\"Uhren\",\"item\":\"https:\/\/galli.ch\/en\/uhren\/\"},{\"@type\":\"ListItem\",\"position\":3,\"name\":\"IWC Pilot&#8217;s Watch Chronograph Spitfire\"}]},{\"@type\":\"WebSite\",\"@id\":\"http:\/\/galli.ch\/en\/#website\",\"url\":\"http:\/\/galli.ch\/en\/\",\"name\":\"Galli Uhren Bijouterie\",\"description\":\"\",\"potentialAction\":[{\"@type\":\"SearchAction\",\"target\":{\"@type\":\"EntryPoint\",\"urlTemplate\":\"http:\/\/galli.ch\/en\/?s={search_term_string}\"},\"query-input\":{\"@type\":\"PropertyValueSpecification\",\"valueRequired\":true,\"valueName\":\"search_term_string\"}}],\"inLanguage\":\"en-US\"}]}<\/script>\n<!-- \/ Yoast SEO plugin. -->","yoast_head_json":{"title":"IWC Pilot's Watch Chronograph Spitfire - Galli Uhren Bijouterie","robots":{"index":"index","follow":"follow","max-snippet":"max-snippet:-1","max-image-preview":"max-image-preview:large","max-video-preview":"max-video-preview:-1"},"canonical":"https:\/\/galli.ch\/uhren\/iwc\/pilots-watches\/spitfire-chronograph-iw387901\/","og_locale":"en_US","og_type":"article","og_title":"IWC Pilot's Watch Chronograph Spitfire - Galli Uhren Bijouterie","og_description":"Zum ersten Mal pr\u00e4sentiert IWC einen Fliegerchronographen mit einem Werk aus der Kaliberfamilie 69000 und in einem reduzierten Geh\u00e4usedurchmesser von 41 Millimetern (zuvor 44 Millimeter). Das IWC-Manufakturkaliber 69380 ist ein robustes Chronographenwerk in klassischer Kolonnenradbauweise. Es stellt die gestoppten Stunden und Minuten auf zwei Hilfszifferbl\u00e4ttern bei \u00ab9 Uhr\u00bb und \u00ab12 Uhr\u00bb dar. Der beidseitig aufziehende... Weiter &raquo;","og_url":"https:\/\/galli.ch\/uhren\/iwc\/pilots-watches\/spitfire-chronograph-iw387901\/","og_site_name":"Galli Uhren Bijouterie","article_modified_time":"2026-03-30T08:14:21+00:00","og_image":[{"width":1000,"height":1400,"url":"https:\/\/galli.ch\/wp-content\/uploads\/iwc-pilot-spitfire-chronograph-iw387901.png","type":"image\/png"}],"twitter_card":"summary_large_image","schema":{"@context":"https:\/\/schema.org","@graph":[{"@type":"WebPage","@id":"https:\/\/galli.ch\/uhren\/iwc\/pilots-watches\/spitfire-chronograph-iw387901\/","url":"https:\/\/galli.ch\/uhren\/iwc\/pilots-watches\/spitfire-chronograph-iw387901\/","name":"IWC Pilot's Watch Chronograph Spitfire - Galli Uhren Bijouterie","isPartOf":{"@id":"http:\/\/galli.ch\/en\/#website"},"primaryImageOfPage":{"@id":"https:\/\/galli.ch\/uhren\/iwc\/pilots-watches\/spitfire-chronograph-iw387901\/#primaryimage"},"image":{"@id":"https:\/\/galli.ch\/uhren\/iwc\/pilots-watches\/spitfire-chronograph-iw387901\/#primaryimage"},"thumbnailUrl":"https:\/\/galli.ch\/wp-content\/uploads\/iwc-pilot-spitfire-chronograph-iw387901.png","datePublished":"2019-01-15T12:59:01+00:00","dateModified":"2026-03-30T08:14:21+00:00","breadcrumb":{"@id":"https:\/\/galli.ch\/uhren\/iwc\/pilots-watches\/spitfire-chronograph-iw387901\/#breadcrumb"},"inLanguage":"en-US","potentialAction":[{"@type":"ReadAction","target":["https:\/\/galli.ch\/uhren\/iwc\/pilots-watches\/spitfire-chronograph-iw387901\/"]}]},{"@type":"ImageObject","inLanguage":"en-US","@id":"https:\/\/galli.ch\/uhren\/iwc\/pilots-watches\/spitfire-chronograph-iw387901\/#primaryimage","url":"https:\/\/galli.ch\/wp-content\/uploads\/iwc-pilot-spitfire-chronograph-iw387901.png","contentUrl":"https:\/\/galli.ch\/wp-content\/uploads\/iwc-pilot-spitfire-chronograph-iw387901.png","width":1000,"height":1400,"caption":"IWC Pilot SpitFire Chronograph"},{"@type":"BreadcrumbList","@id":"https:\/\/galli.ch\/uhren\/iwc\/pilots-watches\/spitfire-chronograph-iw387901\/#breadcrumb","itemListElement":[{"@type":"ListItem","position":1,"name":"Home","item":"https:\/\/galli.ch\/en\/"},{"@type":"ListItem","position":2,"name":"Uhren","item":"https:\/\/galli.ch\/en\/uhren\/"},{"@type":"ListItem","position":3,"name":"IWC Pilot&#8217;s Watch Chronograph Spitfire"}]},{"@type":"WebSite","@id":"http:\/\/galli.ch\/en\/#website","url":"http:\/\/galli.ch\/en\/","name":"Galli Uhren Bijouterie","description":"","potentialAction":[{"@type":"SearchAction","target":{"@type":"EntryPoint","urlTemplate":"http:\/\/galli.ch\/en\/?s={search_term_string}"},"query-input":{"@type":"PropertyValueSpecification","valueRequired":true,"valueName":"search_term_string"}}],"inLanguage":"en-US"}]}},"_links":{"self":[{"href":"https:\/\/galli.ch\/en\/wp-json\/wp\/v2\/product\/3982","targetHints":{"allow":["GET"]}}],"collection":[{"href":"https:\/\/galli.ch\/en\/wp-json\/wp\/v2\/product"}],"about":[{"href":"https:\/\/galli.ch\/en\/wp-json\/wp\/v2\/types\/product"}],"wp:featuredmedia":[{"embeddable":true,"href":"https:\/\/galli.ch\/en\/wp-json\/wp\/v2\/media\/3959"}],"wp:attachment":[{"href":"https:\/\/galli.ch\/en\/wp-json\/wp\/v2\/media?parent=3982"}],"wp:term":[{"taxonomy":"product_brand","embeddable":true,"href":"https:\/\/galli.ch\/en\/wp-json\/wp\/v2\/product_brand?post=3982"},{"taxonomy":"product_cat","embeddable":true,"href":"https:\/\/galli.ch\/en\/wp-json\/wp\/v2\/product_cat?post=3982"},{"taxonomy":"product_tag","embeddable":true,"href":"https:\/\/galli.ch\/en\/wp-json\/wp\/v2\/product_tag?post=3982"}],"curies":[{"name":"wp","href":"https:\/\/api.w.org\/{rel}","templated":true}]}}