{"id":4004,"date":"2019-01-15T15:11:58","date_gmt":"2019-01-15T13:11:58","guid":{"rendered":"http:\/\/galli.ch\/?post_type=uhren&#038;p=4004"},"modified":"2025-03-13T13:44:14","modified_gmt":"2025-03-13T12:44:14","slug":"top-gun-ceratanium-iw371815","status":"publish","type":"product","link":"https:\/\/galli.ch\/en\/uhren\/iwc\/pilots-watches\/top-gun-ceratanium-iw371815\/","title":{"rendered":"IWC Pilot&#8217;s Watch Top Gun Doppelchronograph Ceratanium"},"content":{"rendered":"<p class=\"iwc-description-text iwc-contracted\">Ceratanium\u00ae ist ein von IWC entwickeltes Material, welches die Vorteile von Titan und Keramik in einem Werkstoff vereint. Das patentierte Material auf der Basis einer Titanlegierung ist so leicht und bruchfest wie Titan, gleichzeitig aber auch \u00e4hnlich hart und kratzfest wie Keramik. Zudem besticht es durch seine gute Hautvertr\u00e4glichkeit, die hohe Korrosionsbest\u00e4ndigkeit und die mattschwarze Farbe. Weil alle Komponenten des Geh\u00e4uses einschliesslich der Dr\u00fccker und der Dornschliesse aus Ceratanium\u00ae gefertigt sind, erh\u00e4lt die Uhr ein auff\u00e4lliges, komplett schwarzes \u00abJet Black\u00bb-Design.<\/p>\n<p class=\"iwc-description-text iwc-contracted\">Der Doppelchronograph verf\u00fcgt \u00fcber einen integrierten Schleppzeiger-Mechanismus f\u00fcr das gleichzeitige Messen von zwei Kurzzeiten. Angetrieben wird er vom Kaliber 79230 mit Automatikaufzug und einer Gangreserve von 48 Stunden. Die Uhr mit einem schwarzen Zifferblatt und schwarzen Zeigern wird an einem schwarzen Kautschukarmband getragen.<\/p>\n","protected":false},"excerpt":{"rendered":"<p>Ceratanium\u00ae ist ein von IWC entwickeltes Material, welches die Vorteile von Titan und Keramik in einem Werkstoff vereint. Das patentierte Material auf der Basis einer Titanlegierung ist so leicht und bruchfest wie Titan, gleichzeitig aber auch \u00e4hnlich hart und kratzfest wie Keramik. Zudem besticht es durch seine gute Hautvertr\u00e4glichkeit, die hohe Korrosionsbest\u00e4ndigkeit und die mattschwarze&#8230;  <a class=\"excerpt-read-more\" href=\"https:\/\/galli.ch\/en\/uhren\/iwc\/pilots-watches\/top-gun-ceratanium-iw371815\/\" title=\"Read IWC Pilot&#8217;s Watch Top Gun Doppelchronograph Ceratanium\">Weiter &raquo;<\/a><\/p>\n","protected":false},"featured_media":6998,"template":"","meta":{"_acf_changed":false,"inline_featured_image":false},"product_brand":[],"product_cat":[188],"product_tag":[],"class_list":{"0":"post-4004","1":"product","2":"type-product","3":"status-publish","4":"has-post-thumbnail","6":"uhrenhersteller-iwc","7":"uhrenhersteller-pilots-watches","8":"product_cat-uhren","10":"first","11":"outofstock","12":"taxable","13":"shipping-taxable","14":"purchasable","15":"product-type-simple"},"acf":[],"yoast_head":"<!-- This site is optimized with the Yoast SEO plugin v25.5 - https:\/\/yoast.com\/wordpress\/plugins\/seo\/ -->\n<title>IWC Pilot&#039;s Watch Top Gun Doppelchronograph Ceratanium - Galli Uhren Bijouterie<\/title>\n<meta name=\"robots\" content=\"index, follow, max-snippet:-1, max-image-preview:large, max-video-preview:-1\" \/>\n<link rel=\"canonical\" href=\"https:\/\/galli.ch\/uhren\/iwc\/pilots-watches\/top-gun-ceratanium-iw371815\/\" \/>\n<meta property=\"og:locale\" content=\"en_US\" \/>\n<meta property=\"og:type\" content=\"article\" \/>\n<meta property=\"og:title\" content=\"IWC Pilot&#039;s Watch Top Gun Doppelchronograph Ceratanium - Galli Uhren Bijouterie\" \/>\n<meta property=\"og:description\" content=\"Ceratanium\u00ae ist ein von IWC entwickeltes Material, welches die Vorteile von Titan und Keramik in einem Werkstoff vereint. Das patentierte Material auf der Basis einer Titanlegierung ist so leicht und bruchfest wie Titan, gleichzeitig aber auch \u00e4hnlich hart und kratzfest wie Keramik. Zudem besticht es durch seine gute Hautvertr\u00e4glichkeit, die hohe Korrosionsbest\u00e4ndigkeit und die mattschwarze... Weiter &raquo;\" \/>\n<meta property=\"og:url\" content=\"https:\/\/galli.ch\/uhren\/iwc\/pilots-watches\/top-gun-ceratanium-iw371815\/\" \/>\n<meta property=\"og:site_name\" content=\"Galli Uhren Bijouterie\" \/>\n<meta property=\"article:modified_time\" content=\"2025-03-13T12:44:14+00:00\" \/>\n<meta property=\"og:image\" content=\"https:\/\/galli.ch\/wp-content\/uploads\/iwc-pilot-topgun-ceratanium-iw371815-1.png\" \/>\n\t<meta property=\"og:image:width\" content=\"1000\" \/>\n\t<meta property=\"og:image:height\" content=\"1400\" \/>\n\t<meta property=\"og:image:type\" content=\"image\/png\" \/>\n<meta name=\"twitter:card\" content=\"summary_large_image\" \/>\n<script type=\"application\/ld+json\" class=\"yoast-schema-graph\">{\"@context\":\"https:\/\/schema.org\",\"@graph\":[{\"@type\":\"WebPage\",\"@id\":\"https:\/\/galli.ch\/uhren\/iwc\/pilots-watches\/top-gun-ceratanium-iw371815\/\",\"url\":\"https:\/\/galli.ch\/uhren\/iwc\/pilots-watches\/top-gun-ceratanium-iw371815\/\",\"name\":\"IWC Pilot's Watch Top Gun Doppelchronograph Ceratanium - Galli Uhren Bijouterie\",\"isPartOf\":{\"@id\":\"http:\/\/galli.ch\/en\/#website\"},\"primaryImageOfPage\":{\"@id\":\"https:\/\/galli.ch\/uhren\/iwc\/pilots-watches\/top-gun-ceratanium-iw371815\/#primaryimage\"},\"image\":{\"@id\":\"https:\/\/galli.ch\/uhren\/iwc\/pilots-watches\/top-gun-ceratanium-iw371815\/#primaryimage\"},\"thumbnailUrl\":\"https:\/\/galli.ch\/wp-content\/uploads\/iwc-pilot-topgun-ceratanium-iw371815-1.png\",\"datePublished\":\"2019-01-15T13:11:58+00:00\",\"dateModified\":\"2025-03-13T12:44:14+00:00\",\"breadcrumb\":{\"@id\":\"https:\/\/galli.ch\/uhren\/iwc\/pilots-watches\/top-gun-ceratanium-iw371815\/#breadcrumb\"},\"inLanguage\":\"en-US\",\"potentialAction\":[{\"@type\":\"ReadAction\",\"target\":[\"https:\/\/galli.ch\/uhren\/iwc\/pilots-watches\/top-gun-ceratanium-iw371815\/\"]}]},{\"@type\":\"ImageObject\",\"inLanguage\":\"en-US\",\"@id\":\"https:\/\/galli.ch\/uhren\/iwc\/pilots-watches\/top-gun-ceratanium-iw371815\/#primaryimage\",\"url\":\"https:\/\/galli.ch\/wp-content\/uploads\/iwc-pilot-topgun-ceratanium-iw371815-1.png\",\"contentUrl\":\"https:\/\/galli.ch\/wp-content\/uploads\/iwc-pilot-topgun-ceratanium-iw371815-1.png\",\"width\":1000,\"height\":1400,\"caption\":\"iwc-pilot-top-gun-ceratanium\"},{\"@type\":\"BreadcrumbList\",\"@id\":\"https:\/\/galli.ch\/uhren\/iwc\/pilots-watches\/top-gun-ceratanium-iw371815\/#breadcrumb\",\"itemListElement\":[{\"@type\":\"ListItem\",\"position\":1,\"name\":\"Home\",\"item\":\"https:\/\/galli.ch\/en\/\"},{\"@type\":\"ListItem\",\"position\":2,\"name\":\"Uhren\",\"item\":\"https:\/\/galli.ch\/en\/uhren\/\"},{\"@type\":\"ListItem\",\"position\":3,\"name\":\"Pilot&#8217;s Watch Top Gun Doppelchronograph Ceratanium\"}]},{\"@type\":\"WebSite\",\"@id\":\"http:\/\/galli.ch\/en\/#website\",\"url\":\"http:\/\/galli.ch\/en\/\",\"name\":\"Galli Uhren Bijouterie\",\"description\":\"\",\"potentialAction\":[{\"@type\":\"SearchAction\",\"target\":{\"@type\":\"EntryPoint\",\"urlTemplate\":\"http:\/\/galli.ch\/en\/?s={search_term_string}\"},\"query-input\":{\"@type\":\"PropertyValueSpecification\",\"valueRequired\":true,\"valueName\":\"search_term_string\"}}],\"inLanguage\":\"en-US\"}]}<\/script>\n<!-- \/ Yoast SEO plugin. -->","yoast_head_json":{"title":"IWC Pilot's Watch Top Gun Doppelchronograph Ceratanium - Galli Uhren Bijouterie","robots":{"index":"index","follow":"follow","max-snippet":"max-snippet:-1","max-image-preview":"max-image-preview:large","max-video-preview":"max-video-preview:-1"},"canonical":"https:\/\/galli.ch\/uhren\/iwc\/pilots-watches\/top-gun-ceratanium-iw371815\/","og_locale":"en_US","og_type":"article","og_title":"IWC Pilot's Watch Top Gun Doppelchronograph Ceratanium - Galli Uhren Bijouterie","og_description":"Ceratanium\u00ae ist ein von IWC entwickeltes Material, welches die Vorteile von Titan und Keramik in einem Werkstoff vereint. Das patentierte Material auf der Basis einer Titanlegierung ist so leicht und bruchfest wie Titan, gleichzeitig aber auch \u00e4hnlich hart und kratzfest wie Keramik. Zudem besticht es durch seine gute Hautvertr\u00e4glichkeit, die hohe Korrosionsbest\u00e4ndigkeit und die mattschwarze... Weiter &raquo;","og_url":"https:\/\/galli.ch\/uhren\/iwc\/pilots-watches\/top-gun-ceratanium-iw371815\/","og_site_name":"Galli Uhren Bijouterie","article_modified_time":"2025-03-13T12:44:14+00:00","og_image":[{"width":1000,"height":1400,"url":"https:\/\/galli.ch\/wp-content\/uploads\/iwc-pilot-topgun-ceratanium-iw371815-1.png","type":"image\/png"}],"twitter_card":"summary_large_image","schema":{"@context":"https:\/\/schema.org","@graph":[{"@type":"WebPage","@id":"https:\/\/galli.ch\/uhren\/iwc\/pilots-watches\/top-gun-ceratanium-iw371815\/","url":"https:\/\/galli.ch\/uhren\/iwc\/pilots-watches\/top-gun-ceratanium-iw371815\/","name":"IWC Pilot's Watch Top Gun Doppelchronograph Ceratanium - Galli Uhren Bijouterie","isPartOf":{"@id":"http:\/\/galli.ch\/en\/#website"},"primaryImageOfPage":{"@id":"https:\/\/galli.ch\/uhren\/iwc\/pilots-watches\/top-gun-ceratanium-iw371815\/#primaryimage"},"image":{"@id":"https:\/\/galli.ch\/uhren\/iwc\/pilots-watches\/top-gun-ceratanium-iw371815\/#primaryimage"},"thumbnailUrl":"https:\/\/galli.ch\/wp-content\/uploads\/iwc-pilot-topgun-ceratanium-iw371815-1.png","datePublished":"2019-01-15T13:11:58+00:00","dateModified":"2025-03-13T12:44:14+00:00","breadcrumb":{"@id":"https:\/\/galli.ch\/uhren\/iwc\/pilots-watches\/top-gun-ceratanium-iw371815\/#breadcrumb"},"inLanguage":"en-US","potentialAction":[{"@type":"ReadAction","target":["https:\/\/galli.ch\/uhren\/iwc\/pilots-watches\/top-gun-ceratanium-iw371815\/"]}]},{"@type":"ImageObject","inLanguage":"en-US","@id":"https:\/\/galli.ch\/uhren\/iwc\/pilots-watches\/top-gun-ceratanium-iw371815\/#primaryimage","url":"https:\/\/galli.ch\/wp-content\/uploads\/iwc-pilot-topgun-ceratanium-iw371815-1.png","contentUrl":"https:\/\/galli.ch\/wp-content\/uploads\/iwc-pilot-topgun-ceratanium-iw371815-1.png","width":1000,"height":1400,"caption":"iwc-pilot-top-gun-ceratanium"},{"@type":"BreadcrumbList","@id":"https:\/\/galli.ch\/uhren\/iwc\/pilots-watches\/top-gun-ceratanium-iw371815\/#breadcrumb","itemListElement":[{"@type":"ListItem","position":1,"name":"Home","item":"https:\/\/galli.ch\/en\/"},{"@type":"ListItem","position":2,"name":"Uhren","item":"https:\/\/galli.ch\/en\/uhren\/"},{"@type":"ListItem","position":3,"name":"Pilot&#8217;s Watch Top Gun Doppelchronograph Ceratanium"}]},{"@type":"WebSite","@id":"http:\/\/galli.ch\/en\/#website","url":"http:\/\/galli.ch\/en\/","name":"Galli Uhren Bijouterie","description":"","potentialAction":[{"@type":"SearchAction","target":{"@type":"EntryPoint","urlTemplate":"http:\/\/galli.ch\/en\/?s={search_term_string}"},"query-input":{"@type":"PropertyValueSpecification","valueRequired":true,"valueName":"search_term_string"}}],"inLanguage":"en-US"}]}},"_links":{"self":[{"href":"https:\/\/galli.ch\/en\/wp-json\/wp\/v2\/product\/4004","targetHints":{"allow":["GET"]}}],"collection":[{"href":"https:\/\/galli.ch\/en\/wp-json\/wp\/v2\/product"}],"about":[{"href":"https:\/\/galli.ch\/en\/wp-json\/wp\/v2\/types\/product"}],"wp:featuredmedia":[{"embeddable":true,"href":"https:\/\/galli.ch\/en\/wp-json\/wp\/v2\/media\/6998"}],"wp:attachment":[{"href":"https:\/\/galli.ch\/en\/wp-json\/wp\/v2\/media?parent=4004"}],"wp:term":[{"taxonomy":"product_brand","embeddable":true,"href":"https:\/\/galli.ch\/en\/wp-json\/wp\/v2\/product_brand?post=4004"},{"taxonomy":"product_cat","embeddable":true,"href":"https:\/\/galli.ch\/en\/wp-json\/wp\/v2\/product_cat?post=4004"},{"taxonomy":"product_tag","embeddable":true,"href":"https:\/\/galli.ch\/en\/wp-json\/wp\/v2\/product_tag?post=4004"}],"curies":[{"name":"wp","href":"https:\/\/api.w.org\/{rel}","templated":true}]}}