{"id":4005,"date":"2019-01-15T15:15:36","date_gmt":"2019-01-15T13:15:36","guid":{"rendered":"http:\/\/galli.ch\/?post_type=uhren&#038;p=4005"},"modified":"2026-04-20T18:14:22","modified_gmt":"2026-04-20T16:14:22","slug":"top-gun-chronograph-iw389101","status":"publish","type":"product","link":"https:\/\/galli.ch\/en\/uhren\/iwc\/pilots-watches\/top-gun-chronograph-iw389101\/","title":{"rendered":"IWC Top Gun Chronograph Keramik"},"content":{"rendered":"<p class=\"iwc-description-text iwc-contracted\">Bei kurvenreichen Man\u00f6vern in \u00dcberschalljets wie einer F\/A-18 Hornet wirken hohe Beschleunigungskr\u00e4fte auf die Piloten. Auch die langen Eins\u00e4tze auf dem Flugzeugtr\u00e4ger in der feuchten und salzigen Meeresluft stellen f\u00fcr Mensch und Material eine Belastung dar. Der TOP GUN Chronograph wurde mit robusten und korrosionsbest\u00e4ndigen Materialien wie Keramik und Titan speziell f\u00fcr die Elite der Jet-Piloten der US Navy entwickelt.<\/p>\n<p class=\"iwc-description-text iwc-contracted\">Zum ersten Mal stattet IWC den Klassiker jetzt mit einem Manufakturwerk aus der Kaliberfamilie 69000 aus. Das IWC-Manufakturkaliber 69380 verf\u00fcgt neben der Stoppfunktion auch \u00fcber eine Anzeige f\u00fcr den Wochentag und das Datum. F\u00fcr einen Farbakzent auf dem schwarzen Zifferblatt sorgt der rote Zeiger der kleinen Sekunde bei \u00ab6 Uhr\u00bb. Das Geh\u00e4use ist aus nicht reflektierender, schwarzer Zirkonoxid-Keramik gefertigt, der Geh\u00e4useboden aus Titan. Die Uhr wird von einem schwarzen Textilarmband am Arm gehalten.<\/p>\n","protected":false},"excerpt":{"rendered":"<p>Bei kurvenreichen Man\u00f6vern in \u00dcberschalljets wie einer F\/A-18 Hornet wirken hohe Beschleunigungskr\u00e4fte auf die Piloten. Auch die langen Eins\u00e4tze auf dem Flugzeugtr\u00e4ger in der feuchten und salzigen Meeresluft stellen f\u00fcr Mensch und Material eine Belastung dar. Der TOP GUN Chronograph wurde mit robusten und korrosionsbest\u00e4ndigen Materialien wie Keramik und Titan speziell f\u00fcr die Elite der&#8230;  <a class=\"excerpt-read-more\" href=\"https:\/\/galli.ch\/en\/uhren\/iwc\/pilots-watches\/top-gun-chronograph-iw389101\/\" title=\"Read IWC Top Gun Chronograph Keramik\">Weiter &raquo;<\/a><\/p>\n","protected":false},"featured_media":3971,"template":"","meta":{"_acf_changed":false,"inline_featured_image":false},"product_brand":[],"product_cat":[188],"product_tag":[],"class_list":{"0":"post-4005","1":"product","2":"type-product","3":"status-publish","4":"has-post-thumbnail","6":"uhrenhersteller-iwc","7":"uhrenhersteller-pilots-watches","8":"product_cat-uhren","10":"first","11":"instock","12":"taxable","13":"shipping-taxable","14":"purchasable","15":"product-type-simple"},"acf":[],"yoast_head":"<!-- This site is optimized with the Yoast SEO plugin v25.5 - https:\/\/yoast.com\/wordpress\/plugins\/seo\/ -->\n<title>IWC Top Gun Chronograph Keramik - Galli Uhren Bijouterie<\/title>\n<meta name=\"robots\" content=\"index, follow, max-snippet:-1, max-image-preview:large, max-video-preview:-1\" \/>\n<link rel=\"canonical\" href=\"https:\/\/galli.ch\/uhren\/iwc\/pilots-watches\/top-gun-chronograph-iw389101\/\" \/>\n<meta property=\"og:locale\" content=\"en_US\" \/>\n<meta property=\"og:type\" content=\"article\" \/>\n<meta property=\"og:title\" content=\"IWC Top Gun Chronograph Keramik - Galli Uhren Bijouterie\" \/>\n<meta property=\"og:description\" content=\"Bei kurvenreichen Man\u00f6vern in \u00dcberschalljets wie einer F\/A-18 Hornet wirken hohe Beschleunigungskr\u00e4fte auf die Piloten. Auch die langen Eins\u00e4tze auf dem Flugzeugtr\u00e4ger in der feuchten und salzigen Meeresluft stellen f\u00fcr Mensch und Material eine Belastung dar. Der TOP GUN Chronograph wurde mit robusten und korrosionsbest\u00e4ndigen Materialien wie Keramik und Titan speziell f\u00fcr die Elite der... Weiter &raquo;\" \/>\n<meta property=\"og:url\" content=\"https:\/\/galli.ch\/uhren\/iwc\/pilots-watches\/top-gun-chronograph-iw389101\/\" \/>\n<meta property=\"og:site_name\" content=\"Galli Uhren Bijouterie\" \/>\n<meta property=\"article:modified_time\" content=\"2026-04-20T16:14:22+00:00\" \/>\n<meta property=\"og:image\" content=\"https:\/\/galli.ch\/wp-content\/uploads\/iwc-pilot-topgun-chronograph-ceramic-iw389101.png\" \/>\n\t<meta property=\"og:image:width\" content=\"1000\" \/>\n\t<meta property=\"og:image:height\" content=\"1400\" \/>\n\t<meta property=\"og:image:type\" content=\"image\/png\" \/>\n<meta name=\"twitter:card\" content=\"summary_large_image\" \/>\n<script type=\"application\/ld+json\" class=\"yoast-schema-graph\">{\"@context\":\"https:\/\/schema.org\",\"@graph\":[{\"@type\":\"WebPage\",\"@id\":\"https:\/\/galli.ch\/uhren\/iwc\/pilots-watches\/top-gun-chronograph-iw389101\/\",\"url\":\"https:\/\/galli.ch\/uhren\/iwc\/pilots-watches\/top-gun-chronograph-iw389101\/\",\"name\":\"IWC Top Gun Chronograph Keramik - Galli Uhren Bijouterie\",\"isPartOf\":{\"@id\":\"http:\/\/galli.ch\/en\/#website\"},\"primaryImageOfPage\":{\"@id\":\"https:\/\/galli.ch\/uhren\/iwc\/pilots-watches\/top-gun-chronograph-iw389101\/#primaryimage\"},\"image\":{\"@id\":\"https:\/\/galli.ch\/uhren\/iwc\/pilots-watches\/top-gun-chronograph-iw389101\/#primaryimage\"},\"thumbnailUrl\":\"https:\/\/galli.ch\/wp-content\/uploads\/iwc-pilot-topgun-chronograph-ceramic-iw389101.png\",\"datePublished\":\"2019-01-15T13:15:36+00:00\",\"dateModified\":\"2026-04-20T16:14:22+00:00\",\"breadcrumb\":{\"@id\":\"https:\/\/galli.ch\/uhren\/iwc\/pilots-watches\/top-gun-chronograph-iw389101\/#breadcrumb\"},\"inLanguage\":\"en-US\",\"potentialAction\":[{\"@type\":\"ReadAction\",\"target\":[\"https:\/\/galli.ch\/uhren\/iwc\/pilots-watches\/top-gun-chronograph-iw389101\/\"]}]},{\"@type\":\"ImageObject\",\"inLanguage\":\"en-US\",\"@id\":\"https:\/\/galli.ch\/uhren\/iwc\/pilots-watches\/top-gun-chronograph-iw389101\/#primaryimage\",\"url\":\"https:\/\/galli.ch\/wp-content\/uploads\/iwc-pilot-topgun-chronograph-ceramic-iw389101.png\",\"contentUrl\":\"https:\/\/galli.ch\/wp-content\/uploads\/iwc-pilot-topgun-chronograph-ceramic-iw389101.png\",\"width\":1000,\"height\":1400,\"caption\":\"IWC Pilot TopGun Chronograph Ceramic\"},{\"@type\":\"BreadcrumbList\",\"@id\":\"https:\/\/galli.ch\/uhren\/iwc\/pilots-watches\/top-gun-chronograph-iw389101\/#breadcrumb\",\"itemListElement\":[{\"@type\":\"ListItem\",\"position\":1,\"name\":\"Home\",\"item\":\"https:\/\/galli.ch\/en\/\"},{\"@type\":\"ListItem\",\"position\":2,\"name\":\"Uhren\",\"item\":\"https:\/\/galli.ch\/en\/uhren\/\"},{\"@type\":\"ListItem\",\"position\":3,\"name\":\"IWC Top Gun Chronograph Keramik\"}]},{\"@type\":\"WebSite\",\"@id\":\"http:\/\/galli.ch\/en\/#website\",\"url\":\"http:\/\/galli.ch\/en\/\",\"name\":\"Galli Uhren Bijouterie\",\"description\":\"\",\"potentialAction\":[{\"@type\":\"SearchAction\",\"target\":{\"@type\":\"EntryPoint\",\"urlTemplate\":\"http:\/\/galli.ch\/en\/?s={search_term_string}\"},\"query-input\":{\"@type\":\"PropertyValueSpecification\",\"valueRequired\":true,\"valueName\":\"search_term_string\"}}],\"inLanguage\":\"en-US\"}]}<\/script>\n<!-- \/ Yoast SEO plugin. -->","yoast_head_json":{"title":"IWC Top Gun Chronograph Keramik - Galli Uhren Bijouterie","robots":{"index":"index","follow":"follow","max-snippet":"max-snippet:-1","max-image-preview":"max-image-preview:large","max-video-preview":"max-video-preview:-1"},"canonical":"https:\/\/galli.ch\/uhren\/iwc\/pilots-watches\/top-gun-chronograph-iw389101\/","og_locale":"en_US","og_type":"article","og_title":"IWC Top Gun Chronograph Keramik - Galli Uhren Bijouterie","og_description":"Bei kurvenreichen Man\u00f6vern in \u00dcberschalljets wie einer F\/A-18 Hornet wirken hohe Beschleunigungskr\u00e4fte auf die Piloten. Auch die langen Eins\u00e4tze auf dem Flugzeugtr\u00e4ger in der feuchten und salzigen Meeresluft stellen f\u00fcr Mensch und Material eine Belastung dar. Der TOP GUN Chronograph wurde mit robusten und korrosionsbest\u00e4ndigen Materialien wie Keramik und Titan speziell f\u00fcr die Elite der... Weiter &raquo;","og_url":"https:\/\/galli.ch\/uhren\/iwc\/pilots-watches\/top-gun-chronograph-iw389101\/","og_site_name":"Galli Uhren Bijouterie","article_modified_time":"2026-04-20T16:14:22+00:00","og_image":[{"width":1000,"height":1400,"url":"https:\/\/galli.ch\/wp-content\/uploads\/iwc-pilot-topgun-chronograph-ceramic-iw389101.png","type":"image\/png"}],"twitter_card":"summary_large_image","schema":{"@context":"https:\/\/schema.org","@graph":[{"@type":"WebPage","@id":"https:\/\/galli.ch\/uhren\/iwc\/pilots-watches\/top-gun-chronograph-iw389101\/","url":"https:\/\/galli.ch\/uhren\/iwc\/pilots-watches\/top-gun-chronograph-iw389101\/","name":"IWC Top Gun Chronograph Keramik - Galli Uhren Bijouterie","isPartOf":{"@id":"http:\/\/galli.ch\/en\/#website"},"primaryImageOfPage":{"@id":"https:\/\/galli.ch\/uhren\/iwc\/pilots-watches\/top-gun-chronograph-iw389101\/#primaryimage"},"image":{"@id":"https:\/\/galli.ch\/uhren\/iwc\/pilots-watches\/top-gun-chronograph-iw389101\/#primaryimage"},"thumbnailUrl":"https:\/\/galli.ch\/wp-content\/uploads\/iwc-pilot-topgun-chronograph-ceramic-iw389101.png","datePublished":"2019-01-15T13:15:36+00:00","dateModified":"2026-04-20T16:14:22+00:00","breadcrumb":{"@id":"https:\/\/galli.ch\/uhren\/iwc\/pilots-watches\/top-gun-chronograph-iw389101\/#breadcrumb"},"inLanguage":"en-US","potentialAction":[{"@type":"ReadAction","target":["https:\/\/galli.ch\/uhren\/iwc\/pilots-watches\/top-gun-chronograph-iw389101\/"]}]},{"@type":"ImageObject","inLanguage":"en-US","@id":"https:\/\/galli.ch\/uhren\/iwc\/pilots-watches\/top-gun-chronograph-iw389101\/#primaryimage","url":"https:\/\/galli.ch\/wp-content\/uploads\/iwc-pilot-topgun-chronograph-ceramic-iw389101.png","contentUrl":"https:\/\/galli.ch\/wp-content\/uploads\/iwc-pilot-topgun-chronograph-ceramic-iw389101.png","width":1000,"height":1400,"caption":"IWC Pilot TopGun Chronograph Ceramic"},{"@type":"BreadcrumbList","@id":"https:\/\/galli.ch\/uhren\/iwc\/pilots-watches\/top-gun-chronograph-iw389101\/#breadcrumb","itemListElement":[{"@type":"ListItem","position":1,"name":"Home","item":"https:\/\/galli.ch\/en\/"},{"@type":"ListItem","position":2,"name":"Uhren","item":"https:\/\/galli.ch\/en\/uhren\/"},{"@type":"ListItem","position":3,"name":"IWC Top Gun Chronograph Keramik"}]},{"@type":"WebSite","@id":"http:\/\/galli.ch\/en\/#website","url":"http:\/\/galli.ch\/en\/","name":"Galli Uhren Bijouterie","description":"","potentialAction":[{"@type":"SearchAction","target":{"@type":"EntryPoint","urlTemplate":"http:\/\/galli.ch\/en\/?s={search_term_string}"},"query-input":{"@type":"PropertyValueSpecification","valueRequired":true,"valueName":"search_term_string"}}],"inLanguage":"en-US"}]}},"_links":{"self":[{"href":"https:\/\/galli.ch\/en\/wp-json\/wp\/v2\/product\/4005","targetHints":{"allow":["GET"]}}],"collection":[{"href":"https:\/\/galli.ch\/en\/wp-json\/wp\/v2\/product"}],"about":[{"href":"https:\/\/galli.ch\/en\/wp-json\/wp\/v2\/types\/product"}],"wp:featuredmedia":[{"embeddable":true,"href":"https:\/\/galli.ch\/en\/wp-json\/wp\/v2\/media\/3971"}],"wp:attachment":[{"href":"https:\/\/galli.ch\/en\/wp-json\/wp\/v2\/media?parent=4005"}],"wp:term":[{"taxonomy":"product_brand","embeddable":true,"href":"https:\/\/galli.ch\/en\/wp-json\/wp\/v2\/product_brand?post=4005"},{"taxonomy":"product_cat","embeddable":true,"href":"https:\/\/galli.ch\/en\/wp-json\/wp\/v2\/product_cat?post=4005"},{"taxonomy":"product_tag","embeddable":true,"href":"https:\/\/galli.ch\/en\/wp-json\/wp\/v2\/product_tag?post=4005"}],"curies":[{"name":"wp","href":"https:\/\/api.w.org\/{rel}","templated":true}]}}