{"id":4006,"date":"2019-01-15T15:23:56","date_gmt":"2019-01-15T13:23:56","guid":{"rendered":"http:\/\/galli.ch\/?post_type=uhren&#038;p=4006"},"modified":"2026-03-30T10:13:46","modified_gmt":"2026-03-30T08:13:46","slug":"top-gun-automatic-iw326906","status":"publish","type":"product","link":"https:\/\/galli.ch\/en\/uhren\/iwc\/pilots-watches\/top-gun-automatic-iw326906\/","title":{"rendered":"IWC Top Gun Automatic Ceramic"},"content":{"rendered":"<p class=\"iwc-description-text iwc-contracted\">Kurvenreiche Man\u00f6ver mit \u00dcberschalljets wie einer F\/A-18 Hornet, monatelange Eins\u00e4tze auf dem Flugzeugtr\u00e4ger: In der Marinefliegerei sind die Anforderungen an Mensch und Material extrem hoch. TOP GUN Uhren werden mit robusten und korrosionsbest\u00e4ndigen Materialien wie Keramik und Titan speziell f\u00fcr die spezifischen Bed\u00fcrfnisse der Elite der Navy-Piloten konstruiert. Die Pilot\u2019s Watch Automatic TOP GUN ist mit dem IWC-Manufakturkaliber 32111 ausgestattet.<\/p>\n<p class=\"iwc-description-text iwc-contracted\">Das robuste und zuverl\u00e4ssige Automatikwerk verf\u00fcgt \u00fcber einen beidseitig aufziehenden Klinkenaufzug und bietet eine Gangreserve von 120 Stunden. Mit einem Durchmesser von 41 Millimetern passt die sportliche Uhr in einem Geh\u00e4use aus nicht reflektierender, schwarzer Zirkonoxid-Keramik perfekt an jedes Handgelenk.<\/p>\n","protected":false},"excerpt":{"rendered":"<p>Kurvenreiche Man\u00f6ver mit \u00dcberschalljets wie einer F\/A-18 Hornet, monatelange Eins\u00e4tze auf dem Flugzeugtr\u00e4ger: In der Marinefliegerei sind die Anforderungen an Mensch und Material extrem hoch. TOP GUN Uhren werden mit robusten und korrosionsbest\u00e4ndigen Materialien wie Keramik und Titan speziell f\u00fcr die spezifischen Bed\u00fcrfnisse der Elite der Navy-Piloten konstruiert. Die Pilot\u2019s Watch Automatic TOP GUN ist&#8230;  <a class=\"excerpt-read-more\" href=\"https:\/\/galli.ch\/en\/uhren\/iwc\/pilots-watches\/top-gun-automatic-iw326906\/\" title=\"Read IWC Top Gun Automatic Ceramic\">Weiter &raquo;<\/a><\/p>\n","protected":false},"featured_media":42654,"template":"","meta":{"_acf_changed":false,"inline_featured_image":false},"product_brand":[],"product_cat":[188],"product_tag":[],"class_list":{"0":"post-4006","1":"product","2":"type-product","3":"status-publish","4":"has-post-thumbnail","6":"uhrenhersteller-iwc","7":"uhrenhersteller-pilots-watches","8":"product_cat-uhren","10":"first","11":"instock","12":"taxable","13":"shipping-taxable","14":"purchasable","15":"product-type-simple"},"acf":[],"yoast_head":"<!-- This site is optimized with the Yoast SEO plugin v25.5 - https:\/\/yoast.com\/wordpress\/plugins\/seo\/ -->\n<title>IWC Top Gun Automatic Ceramic - Galli Uhren Bijouterie<\/title>\n<meta name=\"robots\" content=\"index, follow, max-snippet:-1, max-image-preview:large, max-video-preview:-1\" \/>\n<link rel=\"canonical\" href=\"https:\/\/galli.ch\/uhren\/iwc\/pilots-watches\/top-gun-automatic-iw326906\/\" \/>\n<meta property=\"og:locale\" content=\"en_US\" \/>\n<meta property=\"og:type\" content=\"article\" \/>\n<meta property=\"og:title\" content=\"IWC Top Gun Automatic Ceramic - Galli Uhren Bijouterie\" \/>\n<meta property=\"og:description\" content=\"Kurvenreiche Man\u00f6ver mit \u00dcberschalljets wie einer F\/A-18 Hornet, monatelange Eins\u00e4tze auf dem Flugzeugtr\u00e4ger: In der Marinefliegerei sind die Anforderungen an Mensch und Material extrem hoch. TOP GUN Uhren werden mit robusten und korrosionsbest\u00e4ndigen Materialien wie Keramik und Titan speziell f\u00fcr die spezifischen Bed\u00fcrfnisse der Elite der Navy-Piloten konstruiert. Die Pilot\u2019s Watch Automatic TOP GUN ist... Weiter &raquo;\" \/>\n<meta property=\"og:url\" content=\"https:\/\/galli.ch\/uhren\/iwc\/pilots-watches\/top-gun-automatic-iw326906\/\" \/>\n<meta property=\"og:site_name\" content=\"Galli Uhren Bijouterie\" \/>\n<meta property=\"article:modified_time\" content=\"2026-03-30T08:13:46+00:00\" \/>\n<meta property=\"og:image\" content=\"https:\/\/galli.ch\/wp-content\/uploads\/IONTg5S_skG_B5J8Nub3fg.png\" \/>\n\t<meta property=\"og:image:width\" content=\"1000\" \/>\n\t<meta property=\"og:image:height\" content=\"1400\" \/>\n\t<meta property=\"og:image:type\" content=\"image\/png\" \/>\n<meta name=\"twitter:card\" content=\"summary_large_image\" \/>\n<script type=\"application\/ld+json\" class=\"yoast-schema-graph\">{\"@context\":\"https:\/\/schema.org\",\"@graph\":[{\"@type\":\"WebPage\",\"@id\":\"https:\/\/galli.ch\/uhren\/iwc\/pilots-watches\/top-gun-automatic-iw326906\/\",\"url\":\"https:\/\/galli.ch\/uhren\/iwc\/pilots-watches\/top-gun-automatic-iw326906\/\",\"name\":\"IWC Top Gun Automatic Ceramic - Galli Uhren Bijouterie\",\"isPartOf\":{\"@id\":\"http:\/\/galli.ch\/en\/#website\"},\"primaryImageOfPage\":{\"@id\":\"https:\/\/galli.ch\/uhren\/iwc\/pilots-watches\/top-gun-automatic-iw326906\/#primaryimage\"},\"image\":{\"@id\":\"https:\/\/galli.ch\/uhren\/iwc\/pilots-watches\/top-gun-automatic-iw326906\/#primaryimage\"},\"thumbnailUrl\":\"https:\/\/galli.ch\/wp-content\/uploads\/IONTg5S_skG_B5J8Nub3fg.png\",\"datePublished\":\"2019-01-15T13:23:56+00:00\",\"dateModified\":\"2026-03-30T08:13:46+00:00\",\"breadcrumb\":{\"@id\":\"https:\/\/galli.ch\/uhren\/iwc\/pilots-watches\/top-gun-automatic-iw326906\/#breadcrumb\"},\"inLanguage\":\"en-US\",\"potentialAction\":[{\"@type\":\"ReadAction\",\"target\":[\"https:\/\/galli.ch\/uhren\/iwc\/pilots-watches\/top-gun-automatic-iw326906\/\"]}]},{\"@type\":\"ImageObject\",\"inLanguage\":\"en-US\",\"@id\":\"https:\/\/galli.ch\/uhren\/iwc\/pilots-watches\/top-gun-automatic-iw326906\/#primaryimage\",\"url\":\"https:\/\/galli.ch\/wp-content\/uploads\/IONTg5S_skG_B5J8Nub3fg.png\",\"contentUrl\":\"https:\/\/galli.ch\/wp-content\/uploads\/IONTg5S_skG_B5J8Nub3fg.png\",\"width\":1000,\"height\":1400,\"caption\":\"iwc-pilots-watch-automatic-top-gun-iw326906\"},{\"@type\":\"BreadcrumbList\",\"@id\":\"https:\/\/galli.ch\/uhren\/iwc\/pilots-watches\/top-gun-automatic-iw326906\/#breadcrumb\",\"itemListElement\":[{\"@type\":\"ListItem\",\"position\":1,\"name\":\"Home\",\"item\":\"https:\/\/galli.ch\/en\/\"},{\"@type\":\"ListItem\",\"position\":2,\"name\":\"Uhren\",\"item\":\"https:\/\/galli.ch\/en\/uhren\/\"},{\"@type\":\"ListItem\",\"position\":3,\"name\":\"IWC Top Gun Automatic Ceramic\"}]},{\"@type\":\"WebSite\",\"@id\":\"http:\/\/galli.ch\/en\/#website\",\"url\":\"http:\/\/galli.ch\/en\/\",\"name\":\"Galli Uhren Bijouterie\",\"description\":\"\",\"potentialAction\":[{\"@type\":\"SearchAction\",\"target\":{\"@type\":\"EntryPoint\",\"urlTemplate\":\"http:\/\/galli.ch\/en\/?s={search_term_string}\"},\"query-input\":{\"@type\":\"PropertyValueSpecification\",\"valueRequired\":true,\"valueName\":\"search_term_string\"}}],\"inLanguage\":\"en-US\"}]}<\/script>\n<!-- \/ Yoast SEO plugin. -->","yoast_head_json":{"title":"IWC Top Gun Automatic Ceramic - Galli Uhren Bijouterie","robots":{"index":"index","follow":"follow","max-snippet":"max-snippet:-1","max-image-preview":"max-image-preview:large","max-video-preview":"max-video-preview:-1"},"canonical":"https:\/\/galli.ch\/uhren\/iwc\/pilots-watches\/top-gun-automatic-iw326906\/","og_locale":"en_US","og_type":"article","og_title":"IWC Top Gun Automatic Ceramic - Galli Uhren Bijouterie","og_description":"Kurvenreiche Man\u00f6ver mit \u00dcberschalljets wie einer F\/A-18 Hornet, monatelange Eins\u00e4tze auf dem Flugzeugtr\u00e4ger: In der Marinefliegerei sind die Anforderungen an Mensch und Material extrem hoch. TOP GUN Uhren werden mit robusten und korrosionsbest\u00e4ndigen Materialien wie Keramik und Titan speziell f\u00fcr die spezifischen Bed\u00fcrfnisse der Elite der Navy-Piloten konstruiert. Die Pilot\u2019s Watch Automatic TOP GUN ist... Weiter &raquo;","og_url":"https:\/\/galli.ch\/uhren\/iwc\/pilots-watches\/top-gun-automatic-iw326906\/","og_site_name":"Galli Uhren Bijouterie","article_modified_time":"2026-03-30T08:13:46+00:00","og_image":[{"width":1000,"height":1400,"url":"https:\/\/galli.ch\/wp-content\/uploads\/IONTg5S_skG_B5J8Nub3fg.png","type":"image\/png"}],"twitter_card":"summary_large_image","schema":{"@context":"https:\/\/schema.org","@graph":[{"@type":"WebPage","@id":"https:\/\/galli.ch\/uhren\/iwc\/pilots-watches\/top-gun-automatic-iw326906\/","url":"https:\/\/galli.ch\/uhren\/iwc\/pilots-watches\/top-gun-automatic-iw326906\/","name":"IWC Top Gun Automatic Ceramic - Galli Uhren Bijouterie","isPartOf":{"@id":"http:\/\/galli.ch\/en\/#website"},"primaryImageOfPage":{"@id":"https:\/\/galli.ch\/uhren\/iwc\/pilots-watches\/top-gun-automatic-iw326906\/#primaryimage"},"image":{"@id":"https:\/\/galli.ch\/uhren\/iwc\/pilots-watches\/top-gun-automatic-iw326906\/#primaryimage"},"thumbnailUrl":"https:\/\/galli.ch\/wp-content\/uploads\/IONTg5S_skG_B5J8Nub3fg.png","datePublished":"2019-01-15T13:23:56+00:00","dateModified":"2026-03-30T08:13:46+00:00","breadcrumb":{"@id":"https:\/\/galli.ch\/uhren\/iwc\/pilots-watches\/top-gun-automatic-iw326906\/#breadcrumb"},"inLanguage":"en-US","potentialAction":[{"@type":"ReadAction","target":["https:\/\/galli.ch\/uhren\/iwc\/pilots-watches\/top-gun-automatic-iw326906\/"]}]},{"@type":"ImageObject","inLanguage":"en-US","@id":"https:\/\/galli.ch\/uhren\/iwc\/pilots-watches\/top-gun-automatic-iw326906\/#primaryimage","url":"https:\/\/galli.ch\/wp-content\/uploads\/IONTg5S_skG_B5J8Nub3fg.png","contentUrl":"https:\/\/galli.ch\/wp-content\/uploads\/IONTg5S_skG_B5J8Nub3fg.png","width":1000,"height":1400,"caption":"iwc-pilots-watch-automatic-top-gun-iw326906"},{"@type":"BreadcrumbList","@id":"https:\/\/galli.ch\/uhren\/iwc\/pilots-watches\/top-gun-automatic-iw326906\/#breadcrumb","itemListElement":[{"@type":"ListItem","position":1,"name":"Home","item":"https:\/\/galli.ch\/en\/"},{"@type":"ListItem","position":2,"name":"Uhren","item":"https:\/\/galli.ch\/en\/uhren\/"},{"@type":"ListItem","position":3,"name":"IWC Top Gun Automatic Ceramic"}]},{"@type":"WebSite","@id":"http:\/\/galli.ch\/en\/#website","url":"http:\/\/galli.ch\/en\/","name":"Galli Uhren Bijouterie","description":"","potentialAction":[{"@type":"SearchAction","target":{"@type":"EntryPoint","urlTemplate":"http:\/\/galli.ch\/en\/?s={search_term_string}"},"query-input":{"@type":"PropertyValueSpecification","valueRequired":true,"valueName":"search_term_string"}}],"inLanguage":"en-US"}]}},"_links":{"self":[{"href":"https:\/\/galli.ch\/en\/wp-json\/wp\/v2\/product\/4006","targetHints":{"allow":["GET"]}}],"collection":[{"href":"https:\/\/galli.ch\/en\/wp-json\/wp\/v2\/product"}],"about":[{"href":"https:\/\/galli.ch\/en\/wp-json\/wp\/v2\/types\/product"}],"wp:featuredmedia":[{"embeddable":true,"href":"https:\/\/galli.ch\/en\/wp-json\/wp\/v2\/media\/42654"}],"wp:attachment":[{"href":"https:\/\/galli.ch\/en\/wp-json\/wp\/v2\/media?parent=4006"}],"wp:term":[{"taxonomy":"product_brand","embeddable":true,"href":"https:\/\/galli.ch\/en\/wp-json\/wp\/v2\/product_brand?post=4006"},{"taxonomy":"product_cat","embeddable":true,"href":"https:\/\/galli.ch\/en\/wp-json\/wp\/v2\/product_cat?post=4006"},{"taxonomy":"product_tag","embeddable":true,"href":"https:\/\/galli.ch\/en\/wp-json\/wp\/v2\/product_tag?post=4006"}],"curies":[{"name":"wp","href":"https:\/\/api.w.org\/{rel}","templated":true}]}}