{"id":40884,"date":"2025-01-13T09:58:57","date_gmt":"2025-01-13T08:58:57","guid":{"rendered":"https:\/\/galli.ch\/?post_type=product&#038;p=40884"},"modified":"2026-03-30T10:18:20","modified_gmt":"2026-03-30T08:18:20","slug":"speedmaster-pilot-332-10-41-51-01-002","status":"publish","type":"product","link":"https:\/\/galli.ch\/en\/uhren\/omega\/speedmaster\/speedmaster-pilot-332-10-41-51-01-002\/","title":{"rendered":"Omega Speedmaster Pilot"},"content":{"rendered":"<p>Die OMEGA Speedmaster, die bei allen sechs Mondlandungen getragen wurde, geh\u00f6rt zu den ikonischsten Uhren von OMEGA. Das Design dieser Sonderedition sch\u00f6pft die Inspiration vom Original aus dem Jahr 1957 und der langen Luftfahrtgeschichte der Kollektion.<\/p>\n<p>Die Uhr aus geb\u00fcrstetem Edelstahl mit 40,85 mm Durchmesser ist mit einem gek\u00f6rnten Zifferblatt in Mattschwarz und einem rhodiumfarbenen Aussenring versehen. Die Stundenindizes bestehen aus weisser Super-LumiNova, die im Dunkeln gr\u00fcn leuchtet.<\/p>\n","protected":false},"excerpt":{"rendered":"<p>Die OMEGA Speedmaster, die bei allen sechs Mondlandungen getragen wurde, geh\u00f6rt zu den ikonischsten Uhren von OMEGA. Das Design dieser Sonderedition sch\u00f6pft die Inspiration vom Original aus dem Jahr 1957 und der langen Luftfahrtgeschichte der Kollektion. Die Uhr aus geb\u00fcrstetem Edelstahl mit 40,85 mm Durchmesser ist mit einem gek\u00f6rnten Zifferblatt in Mattschwarz und einem rhodiumfarbenen&#8230;  <a class=\"excerpt-read-more\" href=\"https:\/\/galli.ch\/en\/uhren\/omega\/speedmaster\/speedmaster-pilot-332-10-41-51-01-002\/\" title=\"Read Omega Speedmaster Pilot\">Weiter &raquo;<\/a><\/p>\n","protected":false},"featured_media":40885,"template":"","meta":{"_acf_changed":false,"inline_featured_image":false},"product_brand":[],"product_cat":[188],"product_tag":[],"class_list":{"0":"post-40884","1":"product","2":"type-product","3":"status-publish","4":"has-post-thumbnail","6":"uhrenhersteller-omega","7":"uhrenhersteller-speedmaster","8":"product_cat-uhren","10":"first","11":"outofstock","12":"taxable","13":"shipping-taxable","14":"purchasable","15":"product-type-simple"},"acf":[],"yoast_head":"<!-- This site is optimized with the Yoast SEO plugin v25.5 - https:\/\/yoast.com\/wordpress\/plugins\/seo\/ -->\n<title>Omega Speedmaster Pilot - Galli Uhren Bijouterie<\/title>\n<meta name=\"robots\" content=\"index, follow, max-snippet:-1, max-image-preview:large, max-video-preview:-1\" \/>\n<link rel=\"canonical\" href=\"https:\/\/galli.ch\/uhren\/omega\/speedmaster\/speedmaster-pilot-332-10-41-51-01-002\/\" \/>\n<meta property=\"og:locale\" content=\"en_US\" \/>\n<meta property=\"og:type\" content=\"article\" \/>\n<meta property=\"og:title\" content=\"Omega Speedmaster Pilot - Galli Uhren Bijouterie\" \/>\n<meta property=\"og:description\" content=\"Die OMEGA Speedmaster, die bei allen sechs Mondlandungen getragen wurde, geh\u00f6rt zu den ikonischsten Uhren von OMEGA. Das Design dieser Sonderedition sch\u00f6pft die Inspiration vom Original aus dem Jahr 1957 und der langen Luftfahrtgeschichte der Kollektion. Die Uhr aus geb\u00fcrstetem Edelstahl mit 40,85 mm Durchmesser ist mit einem gek\u00f6rnten Zifferblatt in Mattschwarz und einem rhodiumfarbenen... Weiter &raquo;\" \/>\n<meta property=\"og:url\" content=\"https:\/\/galli.ch\/uhren\/omega\/speedmaster\/speedmaster-pilot-332-10-41-51-01-002\/\" \/>\n<meta property=\"og:site_name\" content=\"Galli Uhren Bijouterie\" \/>\n<meta property=\"article:modified_time\" content=\"2026-03-30T08:18:20+00:00\" \/>\n<meta property=\"og:image\" content=\"https:\/\/galli.ch\/wp-content\/uploads\/omega-speedmaster-pilot-co-axial-master-chronometer-chronograph-40-85-mm-33210415101002-ed3b4c.png\" \/>\n\t<meta property=\"og:image:width\" content=\"1000\" \/>\n\t<meta property=\"og:image:height\" content=\"1400\" \/>\n\t<meta property=\"og:image:type\" content=\"image\/png\" \/>\n<meta name=\"twitter:card\" content=\"summary_large_image\" \/>\n<script type=\"application\/ld+json\" class=\"yoast-schema-graph\">{\"@context\":\"https:\/\/schema.org\",\"@graph\":[{\"@type\":\"WebPage\",\"@id\":\"https:\/\/galli.ch\/uhren\/omega\/speedmaster\/speedmaster-pilot-332-10-41-51-01-002\/\",\"url\":\"https:\/\/galli.ch\/uhren\/omega\/speedmaster\/speedmaster-pilot-332-10-41-51-01-002\/\",\"name\":\"Omega Speedmaster Pilot - Galli Uhren Bijouterie\",\"isPartOf\":{\"@id\":\"http:\/\/galli.ch\/en\/#website\"},\"primaryImageOfPage\":{\"@id\":\"https:\/\/galli.ch\/uhren\/omega\/speedmaster\/speedmaster-pilot-332-10-41-51-01-002\/#primaryimage\"},\"image\":{\"@id\":\"https:\/\/galli.ch\/uhren\/omega\/speedmaster\/speedmaster-pilot-332-10-41-51-01-002\/#primaryimage\"},\"thumbnailUrl\":\"https:\/\/galli.ch\/wp-content\/uploads\/omega-speedmaster-pilot-co-axial-master-chronometer-chronograph-40-85-mm-33210415101002-ed3b4c.png\",\"datePublished\":\"2025-01-13T08:58:57+00:00\",\"dateModified\":\"2026-03-30T08:18:20+00:00\",\"breadcrumb\":{\"@id\":\"https:\/\/galli.ch\/uhren\/omega\/speedmaster\/speedmaster-pilot-332-10-41-51-01-002\/#breadcrumb\"},\"inLanguage\":\"en-US\",\"potentialAction\":[{\"@type\":\"ReadAction\",\"target\":[\"https:\/\/galli.ch\/uhren\/omega\/speedmaster\/speedmaster-pilot-332-10-41-51-01-002\/\"]}]},{\"@type\":\"ImageObject\",\"inLanguage\":\"en-US\",\"@id\":\"https:\/\/galli.ch\/uhren\/omega\/speedmaster\/speedmaster-pilot-332-10-41-51-01-002\/#primaryimage\",\"url\":\"https:\/\/galli.ch\/wp-content\/uploads\/omega-speedmaster-pilot-co-axial-master-chronometer-chronograph-40-85-mm-33210415101002-ed3b4c.png\",\"contentUrl\":\"https:\/\/galli.ch\/wp-content\/uploads\/omega-speedmaster-pilot-co-axial-master-chronometer-chronograph-40-85-mm-33210415101002-ed3b4c.png\",\"width\":1000,\"height\":1400},{\"@type\":\"BreadcrumbList\",\"@id\":\"https:\/\/galli.ch\/uhren\/omega\/speedmaster\/speedmaster-pilot-332-10-41-51-01-002\/#breadcrumb\",\"itemListElement\":[{\"@type\":\"ListItem\",\"position\":1,\"name\":\"Home\",\"item\":\"https:\/\/galli.ch\/en\/\"},{\"@type\":\"ListItem\",\"position\":2,\"name\":\"Uhren\",\"item\":\"https:\/\/galli.ch\/en\/uhren\/\"},{\"@type\":\"ListItem\",\"position\":3,\"name\":\"Omega Speedmaster Pilot\"}]},{\"@type\":\"WebSite\",\"@id\":\"http:\/\/galli.ch\/en\/#website\",\"url\":\"http:\/\/galli.ch\/en\/\",\"name\":\"Galli Uhren Bijouterie\",\"description\":\"\",\"potentialAction\":[{\"@type\":\"SearchAction\",\"target\":{\"@type\":\"EntryPoint\",\"urlTemplate\":\"http:\/\/galli.ch\/en\/?s={search_term_string}\"},\"query-input\":{\"@type\":\"PropertyValueSpecification\",\"valueRequired\":true,\"valueName\":\"search_term_string\"}}],\"inLanguage\":\"en-US\"}]}<\/script>\n<!-- \/ Yoast SEO plugin. -->","yoast_head_json":{"title":"Omega Speedmaster Pilot - Galli Uhren Bijouterie","robots":{"index":"index","follow":"follow","max-snippet":"max-snippet:-1","max-image-preview":"max-image-preview:large","max-video-preview":"max-video-preview:-1"},"canonical":"https:\/\/galli.ch\/uhren\/omega\/speedmaster\/speedmaster-pilot-332-10-41-51-01-002\/","og_locale":"en_US","og_type":"article","og_title":"Omega Speedmaster Pilot - Galli Uhren Bijouterie","og_description":"Die OMEGA Speedmaster, die bei allen sechs Mondlandungen getragen wurde, geh\u00f6rt zu den ikonischsten Uhren von OMEGA. Das Design dieser Sonderedition sch\u00f6pft die Inspiration vom Original aus dem Jahr 1957 und der langen Luftfahrtgeschichte der Kollektion. Die Uhr aus geb\u00fcrstetem Edelstahl mit 40,85 mm Durchmesser ist mit einem gek\u00f6rnten Zifferblatt in Mattschwarz und einem rhodiumfarbenen... Weiter &raquo;","og_url":"https:\/\/galli.ch\/uhren\/omega\/speedmaster\/speedmaster-pilot-332-10-41-51-01-002\/","og_site_name":"Galli Uhren Bijouterie","article_modified_time":"2026-03-30T08:18:20+00:00","og_image":[{"width":1000,"height":1400,"url":"https:\/\/galli.ch\/wp-content\/uploads\/omega-speedmaster-pilot-co-axial-master-chronometer-chronograph-40-85-mm-33210415101002-ed3b4c.png","type":"image\/png"}],"twitter_card":"summary_large_image","schema":{"@context":"https:\/\/schema.org","@graph":[{"@type":"WebPage","@id":"https:\/\/galli.ch\/uhren\/omega\/speedmaster\/speedmaster-pilot-332-10-41-51-01-002\/","url":"https:\/\/galli.ch\/uhren\/omega\/speedmaster\/speedmaster-pilot-332-10-41-51-01-002\/","name":"Omega Speedmaster Pilot - Galli Uhren Bijouterie","isPartOf":{"@id":"http:\/\/galli.ch\/en\/#website"},"primaryImageOfPage":{"@id":"https:\/\/galli.ch\/uhren\/omega\/speedmaster\/speedmaster-pilot-332-10-41-51-01-002\/#primaryimage"},"image":{"@id":"https:\/\/galli.ch\/uhren\/omega\/speedmaster\/speedmaster-pilot-332-10-41-51-01-002\/#primaryimage"},"thumbnailUrl":"https:\/\/galli.ch\/wp-content\/uploads\/omega-speedmaster-pilot-co-axial-master-chronometer-chronograph-40-85-mm-33210415101002-ed3b4c.png","datePublished":"2025-01-13T08:58:57+00:00","dateModified":"2026-03-30T08:18:20+00:00","breadcrumb":{"@id":"https:\/\/galli.ch\/uhren\/omega\/speedmaster\/speedmaster-pilot-332-10-41-51-01-002\/#breadcrumb"},"inLanguage":"en-US","potentialAction":[{"@type":"ReadAction","target":["https:\/\/galli.ch\/uhren\/omega\/speedmaster\/speedmaster-pilot-332-10-41-51-01-002\/"]}]},{"@type":"ImageObject","inLanguage":"en-US","@id":"https:\/\/galli.ch\/uhren\/omega\/speedmaster\/speedmaster-pilot-332-10-41-51-01-002\/#primaryimage","url":"https:\/\/galli.ch\/wp-content\/uploads\/omega-speedmaster-pilot-co-axial-master-chronometer-chronograph-40-85-mm-33210415101002-ed3b4c.png","contentUrl":"https:\/\/galli.ch\/wp-content\/uploads\/omega-speedmaster-pilot-co-axial-master-chronometer-chronograph-40-85-mm-33210415101002-ed3b4c.png","width":1000,"height":1400},{"@type":"BreadcrumbList","@id":"https:\/\/galli.ch\/uhren\/omega\/speedmaster\/speedmaster-pilot-332-10-41-51-01-002\/#breadcrumb","itemListElement":[{"@type":"ListItem","position":1,"name":"Home","item":"https:\/\/galli.ch\/en\/"},{"@type":"ListItem","position":2,"name":"Uhren","item":"https:\/\/galli.ch\/en\/uhren\/"},{"@type":"ListItem","position":3,"name":"Omega Speedmaster Pilot"}]},{"@type":"WebSite","@id":"http:\/\/galli.ch\/en\/#website","url":"http:\/\/galli.ch\/en\/","name":"Galli Uhren Bijouterie","description":"","potentialAction":[{"@type":"SearchAction","target":{"@type":"EntryPoint","urlTemplate":"http:\/\/galli.ch\/en\/?s={search_term_string}"},"query-input":{"@type":"PropertyValueSpecification","valueRequired":true,"valueName":"search_term_string"}}],"inLanguage":"en-US"}]}},"_links":{"self":[{"href":"https:\/\/galli.ch\/en\/wp-json\/wp\/v2\/product\/40884","targetHints":{"allow":["GET"]}}],"collection":[{"href":"https:\/\/galli.ch\/en\/wp-json\/wp\/v2\/product"}],"about":[{"href":"https:\/\/galli.ch\/en\/wp-json\/wp\/v2\/types\/product"}],"wp:featuredmedia":[{"embeddable":true,"href":"https:\/\/galli.ch\/en\/wp-json\/wp\/v2\/media\/40885"}],"wp:attachment":[{"href":"https:\/\/galli.ch\/en\/wp-json\/wp\/v2\/media?parent=40884"}],"wp:term":[{"taxonomy":"product_brand","embeddable":true,"href":"https:\/\/galli.ch\/en\/wp-json\/wp\/v2\/product_brand?post=40884"},{"taxonomy":"product_cat","embeddable":true,"href":"https:\/\/galli.ch\/en\/wp-json\/wp\/v2\/product_cat?post=40884"},{"taxonomy":"product_tag","embeddable":true,"href":"https:\/\/galli.ch\/en\/wp-json\/wp\/v2\/product_tag?post=40884"}],"curies":[{"name":"wp","href":"https:\/\/api.w.org\/{rel}","templated":true}]}}