{"id":40908,"date":"2025-01-15T09:26:01","date_gmt":"2025-01-15T08:26:01","guid":{"rendered":"https:\/\/galli.ch\/?post_type=product&#038;p=40908"},"modified":"2026-04-20T18:11:55","modified_gmt":"2026-04-20T16:11:55","slug":"conquest-chrono-ski-edition-l3-836-4-52-9","status":"publish","type":"product","link":"https:\/\/galli.ch\/en\/uhren\/longines\/performance\/conquest-chrono-ski-edition-l3-836-4-52-9\/","title":{"rendered":"Longines Conquest Chrono Ski Edition"},"content":{"rendered":"<p>Die Conquest, die ultimative Uhr f\u00fcr jeden Tag, war auch die erste LONGINES Kollektion, deren Name 1954 durch das Eidgen\u00f6ssische Institut f\u00fcr Geistiges Eigentum gesch\u00fctzt wurde. Seitdem hat sich die Kollektion durch Design und Technologie weiterentwickelt, ist aber ihrer urspr\u00fcnglichen Identit\u00e4t treu geblieben und strahlt eine harmonische Mischung aus K\u00fchnheit, zeitgen\u00f6ssischem Design und sportlicher Eleganz aus. Jede Conquest Chronograph Uhr ist ein Beweis f\u00fcr das unerm\u00fcdliche Engagement von LONGINES f\u00fcr Leistung und uhrmacherische Exzellenz. Diese eleganten Uhren werden von exklusiven LONGINES Kalibern angetrieben, die mit einer Unruhspiralfeder aus Silizium ausgestattet sind.<\/p>\n","protected":false},"excerpt":{"rendered":"<p>Die Conquest, die ultimative Uhr f\u00fcr jeden Tag, war auch die erste LONGINES Kollektion, deren Name 1954 durch das Eidgen\u00f6ssische Institut f\u00fcr Geistiges Eigentum gesch\u00fctzt wurde. Seitdem hat sich die Kollektion durch Design und Technologie weiterentwickelt, ist aber ihrer urspr\u00fcnglichen Identit\u00e4t treu geblieben und strahlt eine harmonische Mischung aus K\u00fchnheit, zeitgen\u00f6ssischem Design und sportlicher Eleganz&#8230;  <a class=\"excerpt-read-more\" href=\"https:\/\/galli.ch\/en\/uhren\/longines\/performance\/conquest-chrono-ski-edition-l3-836-4-52-9\/\" title=\"Read Longines Conquest Chrono Ski Edition\">Weiter &raquo;<\/a><\/p>\n","protected":false},"featured_media":40909,"template":"","meta":{"_acf_changed":false,"inline_featured_image":false},"product_brand":[],"product_cat":[188],"product_tag":[],"class_list":{"0":"post-40908","1":"product","2":"type-product","3":"status-publish","4":"has-post-thumbnail","6":"uhrenhersteller-longines","7":"uhrenhersteller-performance","8":"product_cat-uhren","10":"first","11":"outofstock","12":"taxable","13":"shipping-taxable","14":"purchasable","15":"product-type-simple"},"acf":[],"yoast_head":"<!-- This site is optimized with the Yoast SEO plugin v25.5 - https:\/\/yoast.com\/wordpress\/plugins\/seo\/ -->\n<title>Longines Conquest Chrono Ski Edition - Galli Uhren Bijouterie<\/title>\n<meta name=\"robots\" content=\"index, follow, max-snippet:-1, max-image-preview:large, max-video-preview:-1\" \/>\n<link rel=\"canonical\" href=\"https:\/\/galli.ch\/uhren\/longines\/performance\/conquest-chrono-ski-edition-l3-836-4-52-9\/\" \/>\n<meta property=\"og:locale\" content=\"en_US\" \/>\n<meta property=\"og:type\" content=\"article\" \/>\n<meta property=\"og:title\" content=\"Longines Conquest Chrono Ski Edition - Galli Uhren Bijouterie\" \/>\n<meta property=\"og:description\" content=\"Die Conquest, die ultimative Uhr f\u00fcr jeden Tag, war auch die erste LONGINES Kollektion, deren Name 1954 durch das Eidgen\u00f6ssische Institut f\u00fcr Geistiges Eigentum gesch\u00fctzt wurde. Seitdem hat sich die Kollektion durch Design und Technologie weiterentwickelt, ist aber ihrer urspr\u00fcnglichen Identit\u00e4t treu geblieben und strahlt eine harmonische Mischung aus K\u00fchnheit, zeitgen\u00f6ssischem Design und sportlicher Eleganz... Weiter &raquo;\" \/>\n<meta property=\"og:url\" content=\"https:\/\/galli.ch\/uhren\/longines\/performance\/conquest-chrono-ski-edition-l3-836-4-52-9\/\" \/>\n<meta property=\"og:site_name\" content=\"Galli Uhren Bijouterie\" \/>\n<meta property=\"article:modified_time\" content=\"2026-04-20T16:11:55+00:00\" \/>\n<meta property=\"og:image\" content=\"https:\/\/galli.ch\/wp-content\/uploads\/watch-collection-conquest-chrono-ski-edition-l3-836-4-52-9-1733411124-hero.png\" \/>\n\t<meta property=\"og:image:width\" content=\"1000\" \/>\n\t<meta property=\"og:image:height\" content=\"1400\" \/>\n\t<meta property=\"og:image:type\" content=\"image\/png\" \/>\n<meta name=\"twitter:card\" content=\"summary_large_image\" \/>\n<script type=\"application\/ld+json\" class=\"yoast-schema-graph\">{\"@context\":\"https:\/\/schema.org\",\"@graph\":[{\"@type\":\"WebPage\",\"@id\":\"https:\/\/galli.ch\/uhren\/longines\/performance\/conquest-chrono-ski-edition-l3-836-4-52-9\/\",\"url\":\"https:\/\/galli.ch\/uhren\/longines\/performance\/conquest-chrono-ski-edition-l3-836-4-52-9\/\",\"name\":\"Longines Conquest Chrono Ski Edition - Galli Uhren Bijouterie\",\"isPartOf\":{\"@id\":\"http:\/\/galli.ch\/en\/#website\"},\"primaryImageOfPage\":{\"@id\":\"https:\/\/galli.ch\/uhren\/longines\/performance\/conquest-chrono-ski-edition-l3-836-4-52-9\/#primaryimage\"},\"image\":{\"@id\":\"https:\/\/galli.ch\/uhren\/longines\/performance\/conquest-chrono-ski-edition-l3-836-4-52-9\/#primaryimage\"},\"thumbnailUrl\":\"https:\/\/galli.ch\/wp-content\/uploads\/watch-collection-conquest-chrono-ski-edition-l3-836-4-52-9-1733411124-hero.png\",\"datePublished\":\"2025-01-15T08:26:01+00:00\",\"dateModified\":\"2026-04-20T16:11:55+00:00\",\"breadcrumb\":{\"@id\":\"https:\/\/galli.ch\/uhren\/longines\/performance\/conquest-chrono-ski-edition-l3-836-4-52-9\/#breadcrumb\"},\"inLanguage\":\"en-US\",\"potentialAction\":[{\"@type\":\"ReadAction\",\"target\":[\"https:\/\/galli.ch\/uhren\/longines\/performance\/conquest-chrono-ski-edition-l3-836-4-52-9\/\"]}]},{\"@type\":\"ImageObject\",\"inLanguage\":\"en-US\",\"@id\":\"https:\/\/galli.ch\/uhren\/longines\/performance\/conquest-chrono-ski-edition-l3-836-4-52-9\/#primaryimage\",\"url\":\"https:\/\/galli.ch\/wp-content\/uploads\/watch-collection-conquest-chrono-ski-edition-l3-836-4-52-9-1733411124-hero.png\",\"contentUrl\":\"https:\/\/galli.ch\/wp-content\/uploads\/watch-collection-conquest-chrono-ski-edition-l3-836-4-52-9-1733411124-hero.png\",\"width\":1000,\"height\":1400},{\"@type\":\"BreadcrumbList\",\"@id\":\"https:\/\/galli.ch\/uhren\/longines\/performance\/conquest-chrono-ski-edition-l3-836-4-52-9\/#breadcrumb\",\"itemListElement\":[{\"@type\":\"ListItem\",\"position\":1,\"name\":\"Home\",\"item\":\"https:\/\/galli.ch\/en\/\"},{\"@type\":\"ListItem\",\"position\":2,\"name\":\"Uhren\",\"item\":\"https:\/\/galli.ch\/en\/uhren\/\"},{\"@type\":\"ListItem\",\"position\":3,\"name\":\"Conquest Chrono Ski Edition\"}]},{\"@type\":\"WebSite\",\"@id\":\"http:\/\/galli.ch\/en\/#website\",\"url\":\"http:\/\/galli.ch\/en\/\",\"name\":\"Galli Uhren Bijouterie\",\"description\":\"\",\"potentialAction\":[{\"@type\":\"SearchAction\",\"target\":{\"@type\":\"EntryPoint\",\"urlTemplate\":\"http:\/\/galli.ch\/en\/?s={search_term_string}\"},\"query-input\":{\"@type\":\"PropertyValueSpecification\",\"valueRequired\":true,\"valueName\":\"search_term_string\"}}],\"inLanguage\":\"en-US\"}]}<\/script>\n<!-- \/ Yoast SEO plugin. -->","yoast_head_json":{"title":"Longines Conquest Chrono Ski Edition - Galli Uhren Bijouterie","robots":{"index":"index","follow":"follow","max-snippet":"max-snippet:-1","max-image-preview":"max-image-preview:large","max-video-preview":"max-video-preview:-1"},"canonical":"https:\/\/galli.ch\/uhren\/longines\/performance\/conquest-chrono-ski-edition-l3-836-4-52-9\/","og_locale":"en_US","og_type":"article","og_title":"Longines Conquest Chrono Ski Edition - Galli Uhren Bijouterie","og_description":"Die Conquest, die ultimative Uhr f\u00fcr jeden Tag, war auch die erste LONGINES Kollektion, deren Name 1954 durch das Eidgen\u00f6ssische Institut f\u00fcr Geistiges Eigentum gesch\u00fctzt wurde. Seitdem hat sich die Kollektion durch Design und Technologie weiterentwickelt, ist aber ihrer urspr\u00fcnglichen Identit\u00e4t treu geblieben und strahlt eine harmonische Mischung aus K\u00fchnheit, zeitgen\u00f6ssischem Design und sportlicher Eleganz... Weiter &raquo;","og_url":"https:\/\/galli.ch\/uhren\/longines\/performance\/conquest-chrono-ski-edition-l3-836-4-52-9\/","og_site_name":"Galli Uhren Bijouterie","article_modified_time":"2026-04-20T16:11:55+00:00","og_image":[{"width":1000,"height":1400,"url":"https:\/\/galli.ch\/wp-content\/uploads\/watch-collection-conquest-chrono-ski-edition-l3-836-4-52-9-1733411124-hero.png","type":"image\/png"}],"twitter_card":"summary_large_image","schema":{"@context":"https:\/\/schema.org","@graph":[{"@type":"WebPage","@id":"https:\/\/galli.ch\/uhren\/longines\/performance\/conquest-chrono-ski-edition-l3-836-4-52-9\/","url":"https:\/\/galli.ch\/uhren\/longines\/performance\/conquest-chrono-ski-edition-l3-836-4-52-9\/","name":"Longines Conquest Chrono Ski Edition - Galli Uhren Bijouterie","isPartOf":{"@id":"http:\/\/galli.ch\/en\/#website"},"primaryImageOfPage":{"@id":"https:\/\/galli.ch\/uhren\/longines\/performance\/conquest-chrono-ski-edition-l3-836-4-52-9\/#primaryimage"},"image":{"@id":"https:\/\/galli.ch\/uhren\/longines\/performance\/conquest-chrono-ski-edition-l3-836-4-52-9\/#primaryimage"},"thumbnailUrl":"https:\/\/galli.ch\/wp-content\/uploads\/watch-collection-conquest-chrono-ski-edition-l3-836-4-52-9-1733411124-hero.png","datePublished":"2025-01-15T08:26:01+00:00","dateModified":"2026-04-20T16:11:55+00:00","breadcrumb":{"@id":"https:\/\/galli.ch\/uhren\/longines\/performance\/conquest-chrono-ski-edition-l3-836-4-52-9\/#breadcrumb"},"inLanguage":"en-US","potentialAction":[{"@type":"ReadAction","target":["https:\/\/galli.ch\/uhren\/longines\/performance\/conquest-chrono-ski-edition-l3-836-4-52-9\/"]}]},{"@type":"ImageObject","inLanguage":"en-US","@id":"https:\/\/galli.ch\/uhren\/longines\/performance\/conquest-chrono-ski-edition-l3-836-4-52-9\/#primaryimage","url":"https:\/\/galli.ch\/wp-content\/uploads\/watch-collection-conquest-chrono-ski-edition-l3-836-4-52-9-1733411124-hero.png","contentUrl":"https:\/\/galli.ch\/wp-content\/uploads\/watch-collection-conquest-chrono-ski-edition-l3-836-4-52-9-1733411124-hero.png","width":1000,"height":1400},{"@type":"BreadcrumbList","@id":"https:\/\/galli.ch\/uhren\/longines\/performance\/conquest-chrono-ski-edition-l3-836-4-52-9\/#breadcrumb","itemListElement":[{"@type":"ListItem","position":1,"name":"Home","item":"https:\/\/galli.ch\/en\/"},{"@type":"ListItem","position":2,"name":"Uhren","item":"https:\/\/galli.ch\/en\/uhren\/"},{"@type":"ListItem","position":3,"name":"Conquest Chrono Ski Edition"}]},{"@type":"WebSite","@id":"http:\/\/galli.ch\/en\/#website","url":"http:\/\/galli.ch\/en\/","name":"Galli Uhren Bijouterie","description":"","potentialAction":[{"@type":"SearchAction","target":{"@type":"EntryPoint","urlTemplate":"http:\/\/galli.ch\/en\/?s={search_term_string}"},"query-input":{"@type":"PropertyValueSpecification","valueRequired":true,"valueName":"search_term_string"}}],"inLanguage":"en-US"}]}},"_links":{"self":[{"href":"https:\/\/galli.ch\/en\/wp-json\/wp\/v2\/product\/40908","targetHints":{"allow":["GET"]}}],"collection":[{"href":"https:\/\/galli.ch\/en\/wp-json\/wp\/v2\/product"}],"about":[{"href":"https:\/\/galli.ch\/en\/wp-json\/wp\/v2\/types\/product"}],"wp:featuredmedia":[{"embeddable":true,"href":"https:\/\/galli.ch\/en\/wp-json\/wp\/v2\/media\/40909"}],"wp:attachment":[{"href":"https:\/\/galli.ch\/en\/wp-json\/wp\/v2\/media?parent=40908"}],"wp:term":[{"taxonomy":"product_brand","embeddable":true,"href":"https:\/\/galli.ch\/en\/wp-json\/wp\/v2\/product_brand?post=40908"},{"taxonomy":"product_cat","embeddable":true,"href":"https:\/\/galli.ch\/en\/wp-json\/wp\/v2\/product_cat?post=40908"},{"taxonomy":"product_tag","embeddable":true,"href":"https:\/\/galli.ch\/en\/wp-json\/wp\/v2\/product_tag?post=40908"}],"curies":[{"name":"wp","href":"https:\/\/api.w.org\/{rel}","templated":true}]}}