{"id":40918,"date":"2025-01-15T09:59:36","date_gmt":"2025-01-15T08:59:36","guid":{"rendered":"https:\/\/galli.ch\/?post_type=product&#038;p=40918"},"modified":"2025-03-13T13:45:52","modified_gmt":"2025-03-13T12:45:52","slug":"pr516-automatic-chronograph-t149-462-11-011-00","status":"publish","type":"product","link":"https:\/\/galli.ch\/en\/uhren\/tissot\/t-sport\/pr516-automatic-chronograph-t149-462-11-011-00\/","title":{"rendered":"Tissot PR516 Automatic Chronograph"},"content":{"rendered":"<p>Erstmals in den 1960er Jahren vorgestellt, wurde die Tissot PR516 von der Hochgeschwindigkeitswelt der Autorennen inspiriert. Mit der Erweiterung der PR516 Kollektion befl\u00fcgelt Tissot weiterhin den Geist derjenigen, die einen Zeitmesser suchen, der so konsequent kompromisslos ist wie ihre Ambitionen \u2013 und sie dazu antreibt, sich selbstbewusst allen Herausforderungen zu stellen.<\/p>\n<p>Im Inneren der Tissot PR516 Automatic Chronograph mit 41 mm Durchmesser schl\u00e4gt das bew\u00e4hrte Valjoux-Automatikwerk. Durch den Mineralglas-Sichtboden l\u00e4sst es sich bei seiner unerm\u00fcdlichen Arbeit beobachten.<\/p>\n","protected":false},"excerpt":{"rendered":"<p>Erstmals in den 1960er Jahren vorgestellt, wurde die Tissot PR516 von der Hochgeschwindigkeitswelt der Autorennen inspiriert. Mit der Erweiterung der PR516 Kollektion befl\u00fcgelt Tissot weiterhin den Geist derjenigen, die einen Zeitmesser suchen, der so konsequent kompromisslos ist wie ihre Ambitionen \u2013 und sie dazu antreibt, sich selbstbewusst allen Herausforderungen zu stellen. Im Inneren der Tissot&#8230;  <a class=\"excerpt-read-more\" href=\"https:\/\/galli.ch\/en\/uhren\/tissot\/t-sport\/pr516-automatic-chronograph-t149-462-11-011-00\/\" title=\"Read Tissot PR516 Automatic Chronograph\">Weiter &raquo;<\/a><\/p>\n","protected":false},"featured_media":40911,"template":"","meta":{"_acf_changed":false,"inline_featured_image":false},"product_brand":[],"product_cat":[188],"product_tag":[],"class_list":{"0":"post-40918","1":"product","2":"type-product","3":"status-publish","4":"has-post-thumbnail","6":"uhrenhersteller-tissot","7":"uhrenhersteller-t-sport","8":"product_cat-uhren","10":"first","11":"outofstock","12":"taxable","13":"shipping-taxable","14":"purchasable","15":"product-type-simple"},"acf":[],"yoast_head":"<!-- This site is optimized with the Yoast SEO plugin v25.5 - https:\/\/yoast.com\/wordpress\/plugins\/seo\/ -->\n<title>Tissot PR516 Automatic Chronograph - Galli Uhren Bijouterie<\/title>\n<meta name=\"robots\" content=\"index, follow, max-snippet:-1, max-image-preview:large, max-video-preview:-1\" \/>\n<link rel=\"canonical\" href=\"https:\/\/galli.ch\/uhren\/tissot\/t-sport\/pr516-automatic-chronograph-t149-462-11-011-00\/\" \/>\n<meta property=\"og:locale\" content=\"en_US\" \/>\n<meta property=\"og:type\" content=\"article\" \/>\n<meta property=\"og:title\" content=\"Tissot PR516 Automatic Chronograph - Galli Uhren Bijouterie\" \/>\n<meta property=\"og:description\" content=\"Erstmals in den 1960er Jahren vorgestellt, wurde die Tissot PR516 von der Hochgeschwindigkeitswelt der Autorennen inspiriert. Mit der Erweiterung der PR516 Kollektion befl\u00fcgelt Tissot weiterhin den Geist derjenigen, die einen Zeitmesser suchen, der so konsequent kompromisslos ist wie ihre Ambitionen \u2013 und sie dazu antreibt, sich selbstbewusst allen Herausforderungen zu stellen. Im Inneren der Tissot... Weiter &raquo;\" \/>\n<meta property=\"og:url\" content=\"https:\/\/galli.ch\/uhren\/tissot\/t-sport\/pr516-automatic-chronograph-t149-462-11-011-00\/\" \/>\n<meta property=\"og:site_name\" content=\"Galli Uhren Bijouterie\" \/>\n<meta property=\"article:modified_time\" content=\"2025-03-13T12:45:52+00:00\" \/>\n<meta property=\"og:image\" content=\"https:\/\/galli.ch\/wp-content\/uploads\/T149-462-11-011-00.png\" \/>\n\t<meta property=\"og:image:width\" content=\"1000\" \/>\n\t<meta property=\"og:image:height\" content=\"1400\" \/>\n\t<meta property=\"og:image:type\" content=\"image\/png\" \/>\n<meta name=\"twitter:card\" content=\"summary_large_image\" \/>\n<script type=\"application\/ld+json\" class=\"yoast-schema-graph\">{\"@context\":\"https:\/\/schema.org\",\"@graph\":[{\"@type\":\"WebPage\",\"@id\":\"https:\/\/galli.ch\/uhren\/tissot\/t-sport\/pr516-automatic-chronograph-t149-462-11-011-00\/\",\"url\":\"https:\/\/galli.ch\/uhren\/tissot\/t-sport\/pr516-automatic-chronograph-t149-462-11-011-00\/\",\"name\":\"Tissot PR516 Automatic Chronograph - Galli Uhren Bijouterie\",\"isPartOf\":{\"@id\":\"http:\/\/galli.ch\/en\/#website\"},\"primaryImageOfPage\":{\"@id\":\"https:\/\/galli.ch\/uhren\/tissot\/t-sport\/pr516-automatic-chronograph-t149-462-11-011-00\/#primaryimage\"},\"image\":{\"@id\":\"https:\/\/galli.ch\/uhren\/tissot\/t-sport\/pr516-automatic-chronograph-t149-462-11-011-00\/#primaryimage\"},\"thumbnailUrl\":\"https:\/\/galli.ch\/wp-content\/uploads\/T149-462-11-011-00.png\",\"datePublished\":\"2025-01-15T08:59:36+00:00\",\"dateModified\":\"2025-03-13T12:45:52+00:00\",\"breadcrumb\":{\"@id\":\"https:\/\/galli.ch\/uhren\/tissot\/t-sport\/pr516-automatic-chronograph-t149-462-11-011-00\/#breadcrumb\"},\"inLanguage\":\"en-US\",\"potentialAction\":[{\"@type\":\"ReadAction\",\"target\":[\"https:\/\/galli.ch\/uhren\/tissot\/t-sport\/pr516-automatic-chronograph-t149-462-11-011-00\/\"]}]},{\"@type\":\"ImageObject\",\"inLanguage\":\"en-US\",\"@id\":\"https:\/\/galli.ch\/uhren\/tissot\/t-sport\/pr516-automatic-chronograph-t149-462-11-011-00\/#primaryimage\",\"url\":\"https:\/\/galli.ch\/wp-content\/uploads\/T149-462-11-011-00.png\",\"contentUrl\":\"https:\/\/galli.ch\/wp-content\/uploads\/T149-462-11-011-00.png\",\"width\":1000,\"height\":1400},{\"@type\":\"BreadcrumbList\",\"@id\":\"https:\/\/galli.ch\/uhren\/tissot\/t-sport\/pr516-automatic-chronograph-t149-462-11-011-00\/#breadcrumb\",\"itemListElement\":[{\"@type\":\"ListItem\",\"position\":1,\"name\":\"Home\",\"item\":\"https:\/\/galli.ch\/en\/\"},{\"@type\":\"ListItem\",\"position\":2,\"name\":\"Uhren\",\"item\":\"https:\/\/galli.ch\/en\/uhren\/\"},{\"@type\":\"ListItem\",\"position\":3,\"name\":\"PR516 Automatic Chronograph\"}]},{\"@type\":\"WebSite\",\"@id\":\"http:\/\/galli.ch\/en\/#website\",\"url\":\"http:\/\/galli.ch\/en\/\",\"name\":\"Galli Uhren Bijouterie\",\"description\":\"\",\"potentialAction\":[{\"@type\":\"SearchAction\",\"target\":{\"@type\":\"EntryPoint\",\"urlTemplate\":\"http:\/\/galli.ch\/en\/?s={search_term_string}\"},\"query-input\":{\"@type\":\"PropertyValueSpecification\",\"valueRequired\":true,\"valueName\":\"search_term_string\"}}],\"inLanguage\":\"en-US\"}]}<\/script>\n<!-- \/ Yoast SEO plugin. -->","yoast_head_json":{"title":"Tissot PR516 Automatic Chronograph - Galli Uhren Bijouterie","robots":{"index":"index","follow":"follow","max-snippet":"max-snippet:-1","max-image-preview":"max-image-preview:large","max-video-preview":"max-video-preview:-1"},"canonical":"https:\/\/galli.ch\/uhren\/tissot\/t-sport\/pr516-automatic-chronograph-t149-462-11-011-00\/","og_locale":"en_US","og_type":"article","og_title":"Tissot PR516 Automatic Chronograph - Galli Uhren Bijouterie","og_description":"Erstmals in den 1960er Jahren vorgestellt, wurde die Tissot PR516 von der Hochgeschwindigkeitswelt der Autorennen inspiriert. Mit der Erweiterung der PR516 Kollektion befl\u00fcgelt Tissot weiterhin den Geist derjenigen, die einen Zeitmesser suchen, der so konsequent kompromisslos ist wie ihre Ambitionen \u2013 und sie dazu antreibt, sich selbstbewusst allen Herausforderungen zu stellen. Im Inneren der Tissot... Weiter &raquo;","og_url":"https:\/\/galli.ch\/uhren\/tissot\/t-sport\/pr516-automatic-chronograph-t149-462-11-011-00\/","og_site_name":"Galli Uhren Bijouterie","article_modified_time":"2025-03-13T12:45:52+00:00","og_image":[{"width":1000,"height":1400,"url":"https:\/\/galli.ch\/wp-content\/uploads\/T149-462-11-011-00.png","type":"image\/png"}],"twitter_card":"summary_large_image","schema":{"@context":"https:\/\/schema.org","@graph":[{"@type":"WebPage","@id":"https:\/\/galli.ch\/uhren\/tissot\/t-sport\/pr516-automatic-chronograph-t149-462-11-011-00\/","url":"https:\/\/galli.ch\/uhren\/tissot\/t-sport\/pr516-automatic-chronograph-t149-462-11-011-00\/","name":"Tissot PR516 Automatic Chronograph - Galli Uhren Bijouterie","isPartOf":{"@id":"http:\/\/galli.ch\/en\/#website"},"primaryImageOfPage":{"@id":"https:\/\/galli.ch\/uhren\/tissot\/t-sport\/pr516-automatic-chronograph-t149-462-11-011-00\/#primaryimage"},"image":{"@id":"https:\/\/galli.ch\/uhren\/tissot\/t-sport\/pr516-automatic-chronograph-t149-462-11-011-00\/#primaryimage"},"thumbnailUrl":"https:\/\/galli.ch\/wp-content\/uploads\/T149-462-11-011-00.png","datePublished":"2025-01-15T08:59:36+00:00","dateModified":"2025-03-13T12:45:52+00:00","breadcrumb":{"@id":"https:\/\/galli.ch\/uhren\/tissot\/t-sport\/pr516-automatic-chronograph-t149-462-11-011-00\/#breadcrumb"},"inLanguage":"en-US","potentialAction":[{"@type":"ReadAction","target":["https:\/\/galli.ch\/uhren\/tissot\/t-sport\/pr516-automatic-chronograph-t149-462-11-011-00\/"]}]},{"@type":"ImageObject","inLanguage":"en-US","@id":"https:\/\/galli.ch\/uhren\/tissot\/t-sport\/pr516-automatic-chronograph-t149-462-11-011-00\/#primaryimage","url":"https:\/\/galli.ch\/wp-content\/uploads\/T149-462-11-011-00.png","contentUrl":"https:\/\/galli.ch\/wp-content\/uploads\/T149-462-11-011-00.png","width":1000,"height":1400},{"@type":"BreadcrumbList","@id":"https:\/\/galli.ch\/uhren\/tissot\/t-sport\/pr516-automatic-chronograph-t149-462-11-011-00\/#breadcrumb","itemListElement":[{"@type":"ListItem","position":1,"name":"Home","item":"https:\/\/galli.ch\/en\/"},{"@type":"ListItem","position":2,"name":"Uhren","item":"https:\/\/galli.ch\/en\/uhren\/"},{"@type":"ListItem","position":3,"name":"PR516 Automatic Chronograph"}]},{"@type":"WebSite","@id":"http:\/\/galli.ch\/en\/#website","url":"http:\/\/galli.ch\/en\/","name":"Galli Uhren Bijouterie","description":"","potentialAction":[{"@type":"SearchAction","target":{"@type":"EntryPoint","urlTemplate":"http:\/\/galli.ch\/en\/?s={search_term_string}"},"query-input":{"@type":"PropertyValueSpecification","valueRequired":true,"valueName":"search_term_string"}}],"inLanguage":"en-US"}]}},"_links":{"self":[{"href":"https:\/\/galli.ch\/en\/wp-json\/wp\/v2\/product\/40918","targetHints":{"allow":["GET"]}}],"collection":[{"href":"https:\/\/galli.ch\/en\/wp-json\/wp\/v2\/product"}],"about":[{"href":"https:\/\/galli.ch\/en\/wp-json\/wp\/v2\/types\/product"}],"wp:featuredmedia":[{"embeddable":true,"href":"https:\/\/galli.ch\/en\/wp-json\/wp\/v2\/media\/40911"}],"wp:attachment":[{"href":"https:\/\/galli.ch\/en\/wp-json\/wp\/v2\/media?parent=40918"}],"wp:term":[{"taxonomy":"product_brand","embeddable":true,"href":"https:\/\/galli.ch\/en\/wp-json\/wp\/v2\/product_brand?post=40918"},{"taxonomy":"product_cat","embeddable":true,"href":"https:\/\/galli.ch\/en\/wp-json\/wp\/v2\/product_cat?post=40918"},{"taxonomy":"product_tag","embeddable":true,"href":"https:\/\/galli.ch\/en\/wp-json\/wp\/v2\/product_tag?post=40918"}],"curies":[{"name":"wp","href":"https:\/\/api.w.org\/{rel}","templated":true}]}}