{"id":41156,"date":"2025-01-20T10:53:56","date_gmt":"2025-01-20T09:53:56","guid":{"rendered":"https:\/\/galli.ch\/?post_type=product&#038;p=41156"},"modified":"2025-11-01T14:55:45","modified_gmt":"2025-11-01T13:55:45","slug":"breitling-old-navitimer-a13022b140","status":"publish","type":"product","link":"https:\/\/galli.ch\/en\/uhren\/galli-cpo\/breitling-2\/breitling-old-navitimer-a13022b140\/","title":{"rendered":"Breitling Old Navitimer"},"content":{"rendered":"<p>Die Breitling Old Navitimer ist eine der legend\u00e4rsten Pilotenuhren und ein wahres Meisterwerk der Uhrmacherkunst. Seit ihrer Einf\u00fchrung 1952 hat sie sich als unverzichtbares Instrument f\u00fcr Luftfahrtprofis etabliert. Mit ihrem markanten Design und der einzigartigen Rechenschieber-L\u00fcnette erm\u00f6glicht die Old Navitimer pr\u00e4zise Berechnungen w\u00e4hrend des Fluges, sei es f\u00fcr Geschwindigkeit, Entfernung oder Treibstoffverbrauch.<\/p>\n<p>Jahrgang: 1994<\/p>\n<p>Zustand: Gut<\/p>\n<p>Original Papiere: Ja<\/p>\n<p>Original Box: Nein<\/p>\n","protected":false},"excerpt":{"rendered":"<p>Die Breitling Old Navitimer ist eine der legend\u00e4rsten Pilotenuhren und ein wahres Meisterwerk der Uhrmacherkunst. Seit ihrer Einf\u00fchrung 1952 hat sie sich als unverzichtbares Instrument f\u00fcr Luftfahrtprofis etabliert. Mit ihrem markanten Design und der einzigartigen Rechenschieber-L\u00fcnette erm\u00f6glicht die Old Navitimer pr\u00e4zise Berechnungen w\u00e4hrend des Fluges, sei es f\u00fcr Geschwindigkeit, Entfernung oder Treibstoffverbrauch. Jahrgang: 1994 Zustand:&#8230;  <a class=\"excerpt-read-more\" href=\"https:\/\/galli.ch\/en\/uhren\/galli-cpo\/breitling-2\/breitling-old-navitimer-a13022b140\/\" title=\"Read Breitling Old Navitimer\">Weiter &raquo;<\/a><\/p>\n","protected":false},"featured_media":41124,"template":"","meta":{"_acf_changed":false,"inline_featured_image":false},"product_brand":[],"product_cat":[188],"product_tag":[],"class_list":{"0":"post-41156","1":"product","2":"type-product","3":"status-publish","4":"has-post-thumbnail","6":"uhrenhersteller-galli-cpo","7":"uhrenhersteller-breitling-2","8":"product_cat-uhren","10":"first","11":"instock","12":"taxable","13":"shipping-taxable","14":"purchasable","15":"product-type-simple"},"acf":[],"yoast_head":"<!-- This site is optimized with the Yoast SEO plugin v25.5 - https:\/\/yoast.com\/wordpress\/plugins\/seo\/ -->\n<title>Breitling Old Navitimer - Galli Uhren Bijouterie<\/title>\n<meta name=\"robots\" content=\"index, follow, max-snippet:-1, max-image-preview:large, max-video-preview:-1\" \/>\n<link rel=\"canonical\" href=\"https:\/\/galli.ch\/uhren\/galli-cpo\/breitling-2\/breitling-old-navitimer-a13022b140\/\" \/>\n<meta property=\"og:locale\" content=\"en_US\" \/>\n<meta property=\"og:type\" content=\"article\" \/>\n<meta property=\"og:title\" content=\"Breitling Old Navitimer - Galli Uhren Bijouterie\" \/>\n<meta property=\"og:description\" content=\"Die Breitling Old Navitimer ist eine der legend\u00e4rsten Pilotenuhren und ein wahres Meisterwerk der Uhrmacherkunst. Seit ihrer Einf\u00fchrung 1952 hat sie sich als unverzichtbares Instrument f\u00fcr Luftfahrtprofis etabliert. Mit ihrem markanten Design und der einzigartigen Rechenschieber-L\u00fcnette erm\u00f6glicht die Old Navitimer pr\u00e4zise Berechnungen w\u00e4hrend des Fluges, sei es f\u00fcr Geschwindigkeit, Entfernung oder Treibstoffverbrauch. Jahrgang: 1994 Zustand:... Weiter &raquo;\" \/>\n<meta property=\"og:url\" content=\"https:\/\/galli.ch\/uhren\/galli-cpo\/breitling-2\/breitling-old-navitimer-a13022b140\/\" \/>\n<meta property=\"og:site_name\" content=\"Galli Uhren Bijouterie\" \/>\n<meta property=\"article:modified_time\" content=\"2025-11-01T13:55:45+00:00\" \/>\n<meta property=\"og:image\" content=\"https:\/\/galli.ch\/wp-content\/uploads\/image0-10.png\" \/>\n\t<meta property=\"og:image:width\" content=\"1000\" \/>\n\t<meta property=\"og:image:height\" content=\"1400\" \/>\n\t<meta property=\"og:image:type\" content=\"image\/png\" \/>\n<meta name=\"twitter:card\" content=\"summary_large_image\" \/>\n<script type=\"application\/ld+json\" class=\"yoast-schema-graph\">{\"@context\":\"https:\/\/schema.org\",\"@graph\":[{\"@type\":\"WebPage\",\"@id\":\"https:\/\/galli.ch\/uhren\/galli-cpo\/breitling-2\/breitling-old-navitimer-a13022b140\/\",\"url\":\"https:\/\/galli.ch\/uhren\/galli-cpo\/breitling-2\/breitling-old-navitimer-a13022b140\/\",\"name\":\"Breitling Old Navitimer - Galli Uhren Bijouterie\",\"isPartOf\":{\"@id\":\"http:\/\/galli.ch\/en\/#website\"},\"primaryImageOfPage\":{\"@id\":\"https:\/\/galli.ch\/uhren\/galli-cpo\/breitling-2\/breitling-old-navitimer-a13022b140\/#primaryimage\"},\"image\":{\"@id\":\"https:\/\/galli.ch\/uhren\/galli-cpo\/breitling-2\/breitling-old-navitimer-a13022b140\/#primaryimage\"},\"thumbnailUrl\":\"https:\/\/galli.ch\/wp-content\/uploads\/image0-10.png\",\"datePublished\":\"2025-01-20T09:53:56+00:00\",\"dateModified\":\"2025-11-01T13:55:45+00:00\",\"breadcrumb\":{\"@id\":\"https:\/\/galli.ch\/uhren\/galli-cpo\/breitling-2\/breitling-old-navitimer-a13022b140\/#breadcrumb\"},\"inLanguage\":\"en-US\",\"potentialAction\":[{\"@type\":\"ReadAction\",\"target\":[\"https:\/\/galli.ch\/uhren\/galli-cpo\/breitling-2\/breitling-old-navitimer-a13022b140\/\"]}]},{\"@type\":\"ImageObject\",\"inLanguage\":\"en-US\",\"@id\":\"https:\/\/galli.ch\/uhren\/galli-cpo\/breitling-2\/breitling-old-navitimer-a13022b140\/#primaryimage\",\"url\":\"https:\/\/galli.ch\/wp-content\/uploads\/image0-10.png\",\"contentUrl\":\"https:\/\/galli.ch\/wp-content\/uploads\/image0-10.png\",\"width\":1000,\"height\":1400},{\"@type\":\"BreadcrumbList\",\"@id\":\"https:\/\/galli.ch\/uhren\/galli-cpo\/breitling-2\/breitling-old-navitimer-a13022b140\/#breadcrumb\",\"itemListElement\":[{\"@type\":\"ListItem\",\"position\":1,\"name\":\"Home\",\"item\":\"https:\/\/galli.ch\/en\/\"},{\"@type\":\"ListItem\",\"position\":2,\"name\":\"Uhren\",\"item\":\"https:\/\/galli.ch\/en\/uhren\/\"},{\"@type\":\"ListItem\",\"position\":3,\"name\":\"Breitling Old Navitimer\"}]},{\"@type\":\"WebSite\",\"@id\":\"http:\/\/galli.ch\/en\/#website\",\"url\":\"http:\/\/galli.ch\/en\/\",\"name\":\"Galli Uhren Bijouterie\",\"description\":\"\",\"potentialAction\":[{\"@type\":\"SearchAction\",\"target\":{\"@type\":\"EntryPoint\",\"urlTemplate\":\"http:\/\/galli.ch\/en\/?s={search_term_string}\"},\"query-input\":{\"@type\":\"PropertyValueSpecification\",\"valueRequired\":true,\"valueName\":\"search_term_string\"}}],\"inLanguage\":\"en-US\"}]}<\/script>\n<!-- \/ Yoast SEO plugin. -->","yoast_head_json":{"title":"Breitling Old Navitimer - Galli Uhren Bijouterie","robots":{"index":"index","follow":"follow","max-snippet":"max-snippet:-1","max-image-preview":"max-image-preview:large","max-video-preview":"max-video-preview:-1"},"canonical":"https:\/\/galli.ch\/uhren\/galli-cpo\/breitling-2\/breitling-old-navitimer-a13022b140\/","og_locale":"en_US","og_type":"article","og_title":"Breitling Old Navitimer - Galli Uhren Bijouterie","og_description":"Die Breitling Old Navitimer ist eine der legend\u00e4rsten Pilotenuhren und ein wahres Meisterwerk der Uhrmacherkunst. Seit ihrer Einf\u00fchrung 1952 hat sie sich als unverzichtbares Instrument f\u00fcr Luftfahrtprofis etabliert. Mit ihrem markanten Design und der einzigartigen Rechenschieber-L\u00fcnette erm\u00f6glicht die Old Navitimer pr\u00e4zise Berechnungen w\u00e4hrend des Fluges, sei es f\u00fcr Geschwindigkeit, Entfernung oder Treibstoffverbrauch. Jahrgang: 1994 Zustand:... Weiter &raquo;","og_url":"https:\/\/galli.ch\/uhren\/galli-cpo\/breitling-2\/breitling-old-navitimer-a13022b140\/","og_site_name":"Galli Uhren Bijouterie","article_modified_time":"2025-11-01T13:55:45+00:00","og_image":[{"width":1000,"height":1400,"url":"https:\/\/galli.ch\/wp-content\/uploads\/image0-10.png","type":"image\/png"}],"twitter_card":"summary_large_image","schema":{"@context":"https:\/\/schema.org","@graph":[{"@type":"WebPage","@id":"https:\/\/galli.ch\/uhren\/galli-cpo\/breitling-2\/breitling-old-navitimer-a13022b140\/","url":"https:\/\/galli.ch\/uhren\/galli-cpo\/breitling-2\/breitling-old-navitimer-a13022b140\/","name":"Breitling Old Navitimer - Galli Uhren Bijouterie","isPartOf":{"@id":"http:\/\/galli.ch\/en\/#website"},"primaryImageOfPage":{"@id":"https:\/\/galli.ch\/uhren\/galli-cpo\/breitling-2\/breitling-old-navitimer-a13022b140\/#primaryimage"},"image":{"@id":"https:\/\/galli.ch\/uhren\/galli-cpo\/breitling-2\/breitling-old-navitimer-a13022b140\/#primaryimage"},"thumbnailUrl":"https:\/\/galli.ch\/wp-content\/uploads\/image0-10.png","datePublished":"2025-01-20T09:53:56+00:00","dateModified":"2025-11-01T13:55:45+00:00","breadcrumb":{"@id":"https:\/\/galli.ch\/uhren\/galli-cpo\/breitling-2\/breitling-old-navitimer-a13022b140\/#breadcrumb"},"inLanguage":"en-US","potentialAction":[{"@type":"ReadAction","target":["https:\/\/galli.ch\/uhren\/galli-cpo\/breitling-2\/breitling-old-navitimer-a13022b140\/"]}]},{"@type":"ImageObject","inLanguage":"en-US","@id":"https:\/\/galli.ch\/uhren\/galli-cpo\/breitling-2\/breitling-old-navitimer-a13022b140\/#primaryimage","url":"https:\/\/galli.ch\/wp-content\/uploads\/image0-10.png","contentUrl":"https:\/\/galli.ch\/wp-content\/uploads\/image0-10.png","width":1000,"height":1400},{"@type":"BreadcrumbList","@id":"https:\/\/galli.ch\/uhren\/galli-cpo\/breitling-2\/breitling-old-navitimer-a13022b140\/#breadcrumb","itemListElement":[{"@type":"ListItem","position":1,"name":"Home","item":"https:\/\/galli.ch\/en\/"},{"@type":"ListItem","position":2,"name":"Uhren","item":"https:\/\/galli.ch\/en\/uhren\/"},{"@type":"ListItem","position":3,"name":"Breitling Old Navitimer"}]},{"@type":"WebSite","@id":"http:\/\/galli.ch\/en\/#website","url":"http:\/\/galli.ch\/en\/","name":"Galli Uhren Bijouterie","description":"","potentialAction":[{"@type":"SearchAction","target":{"@type":"EntryPoint","urlTemplate":"http:\/\/galli.ch\/en\/?s={search_term_string}"},"query-input":{"@type":"PropertyValueSpecification","valueRequired":true,"valueName":"search_term_string"}}],"inLanguage":"en-US"}]}},"_links":{"self":[{"href":"https:\/\/galli.ch\/en\/wp-json\/wp\/v2\/product\/41156","targetHints":{"allow":["GET"]}}],"collection":[{"href":"https:\/\/galli.ch\/en\/wp-json\/wp\/v2\/product"}],"about":[{"href":"https:\/\/galli.ch\/en\/wp-json\/wp\/v2\/types\/product"}],"wp:featuredmedia":[{"embeddable":true,"href":"https:\/\/galli.ch\/en\/wp-json\/wp\/v2\/media\/41124"}],"wp:attachment":[{"href":"https:\/\/galli.ch\/en\/wp-json\/wp\/v2\/media?parent=41156"}],"wp:term":[{"taxonomy":"product_brand","embeddable":true,"href":"https:\/\/galli.ch\/en\/wp-json\/wp\/v2\/product_brand?post=41156"},{"taxonomy":"product_cat","embeddable":true,"href":"https:\/\/galli.ch\/en\/wp-json\/wp\/v2\/product_cat?post=41156"},{"taxonomy":"product_tag","embeddable":true,"href":"https:\/\/galli.ch\/en\/wp-json\/wp\/v2\/product_tag?post=41156"}],"curies":[{"name":"wp","href":"https:\/\/api.w.org\/{rel}","templated":true}]}}