{"id":41265,"date":"2025-01-28T13:28:16","date_gmt":"2025-01-28T12:28:16","guid":{"rendered":"https:\/\/galli.ch\/?post_type=product&#038;p=41265"},"modified":"2025-02-01T09:57:48","modified_gmt":"2025-02-01T08:57:48","slug":"rolex-submariner-date-126619lb","status":"publish","type":"product","link":"https:\/\/galli.ch\/en\/uhren\/galli-cpo\/rolex\/rolex-submariner-date-126619lb\/","title":{"rendered":"Rolex Submariner Date"},"content":{"rendered":"<p>Die Rolex Submariner Kollektion ist eine Reihe von ikonischen Taucheruhren, die f\u00fcr ihre Robustheit, Funktionalit\u00e4t und zeitlose \u00c4sthetik bekannt sind. Diese Version der Submariner Date ist in 18kt Weissgold mit einem Weissgoldarmband.<\/p>\n<p>Jahrgang: 2021<\/p>\n<p>Zustand: Ungetragen \/ Original abgeklebt<\/p>\n<p>Original Papiere: Ja<\/p>\n<p>Original Box: Ja<\/p>\n<p>Garantie: Bis Juli 2026<\/p>\n","protected":false},"excerpt":{"rendered":"<p>Die Rolex Submariner Kollektion ist eine Reihe von ikonischen Taucheruhren, die f\u00fcr ihre Robustheit, Funktionalit\u00e4t und zeitlose \u00c4sthetik bekannt sind. Diese Version der Submariner Date ist in 18kt Weissgold mit einem Weissgoldarmband. Jahrgang: 2021 Zustand: Ungetragen \/ Original abgeklebt Original Papiere: Ja Original Box: Ja Garantie: Bis Juli 2026<\/p>\n","protected":false},"featured_media":41256,"template":"","meta":{"_acf_changed":false,"inline_featured_image":false},"product_brand":[],"product_cat":[188],"product_tag":[],"class_list":{"0":"post-41265","1":"product","2":"type-product","3":"status-publish","4":"has-post-thumbnail","6":"uhrenhersteller-galli-cpo","7":"uhrenhersteller-rolex","8":"product_cat-uhren","10":"first","11":"instock","12":"taxable","13":"shipping-taxable","14":"purchasable","15":"product-type-simple"},"acf":[],"yoast_head":"<!-- This site is optimized with the Yoast SEO plugin v25.5 - https:\/\/yoast.com\/wordpress\/plugins\/seo\/ -->\n<title>Rolex Submariner Date - Galli Uhren Bijouterie<\/title>\n<meta name=\"robots\" content=\"index, follow, max-snippet:-1, max-image-preview:large, max-video-preview:-1\" \/>\n<link rel=\"canonical\" href=\"https:\/\/galli.ch\/uhren\/galli-cpo\/rolex-submariner-date-126619lb\/\" \/>\n<meta property=\"og:locale\" content=\"en_US\" \/>\n<meta property=\"og:type\" content=\"article\" \/>\n<meta property=\"og:title\" content=\"Rolex Submariner Date - Galli Uhren Bijouterie\" \/>\n<meta property=\"og:description\" content=\"Die Rolex Submariner Kollektion ist eine Reihe von ikonischen Taucheruhren, die f\u00fcr ihre Robustheit, Funktionalit\u00e4t und zeitlose \u00c4sthetik bekannt sind. Diese Version der Submariner Date ist in 18kt Weissgold mit einem Weissgoldarmband. Jahrgang: 2021 Zustand: Ungetragen \/ Original abgeklebt Original Papiere: Ja Original Box: Ja Garantie: Bis Juli 2026\" \/>\n<meta property=\"og:url\" content=\"https:\/\/galli.ch\/uhren\/galli-cpo\/rolex-submariner-date-126619lb\/\" \/>\n<meta property=\"og:site_name\" content=\"Galli Uhren Bijouterie\" \/>\n<meta property=\"article:modified_time\" content=\"2025-02-01T08:57:48+00:00\" \/>\n<meta property=\"og:image\" content=\"https:\/\/galli.ch\/wp-content\/uploads\/image1-4.png\" \/>\n\t<meta property=\"og:image:width\" content=\"1000\" \/>\n\t<meta property=\"og:image:height\" content=\"1400\" \/>\n\t<meta property=\"og:image:type\" content=\"image\/png\" \/>\n<meta name=\"twitter:card\" content=\"summary_large_image\" \/>\n<script type=\"application\/ld+json\" class=\"yoast-schema-graph\">{\"@context\":\"https:\/\/schema.org\",\"@graph\":[{\"@type\":\"WebPage\",\"@id\":\"https:\/\/galli.ch\/uhren\/galli-cpo\/rolex-submariner-date-126619lb\/\",\"url\":\"https:\/\/galli.ch\/uhren\/galli-cpo\/rolex-submariner-date-126619lb\/\",\"name\":\"Rolex Submariner Date - Galli Uhren Bijouterie\",\"isPartOf\":{\"@id\":\"http:\/\/galli.ch\/en\/#website\"},\"primaryImageOfPage\":{\"@id\":\"https:\/\/galli.ch\/uhren\/galli-cpo\/rolex-submariner-date-126619lb\/#primaryimage\"},\"image\":{\"@id\":\"https:\/\/galli.ch\/uhren\/galli-cpo\/rolex-submariner-date-126619lb\/#primaryimage\"},\"thumbnailUrl\":\"https:\/\/galli.ch\/wp-content\/uploads\/image1-4.png\",\"datePublished\":\"2025-01-28T12:28:16+00:00\",\"dateModified\":\"2025-02-01T08:57:48+00:00\",\"breadcrumb\":{\"@id\":\"https:\/\/galli.ch\/uhren\/galli-cpo\/rolex-submariner-date-126619lb\/#breadcrumb\"},\"inLanguage\":\"en-US\",\"potentialAction\":[{\"@type\":\"ReadAction\",\"target\":[\"https:\/\/galli.ch\/uhren\/galli-cpo\/rolex-submariner-date-126619lb\/\"]}]},{\"@type\":\"ImageObject\",\"inLanguage\":\"en-US\",\"@id\":\"https:\/\/galli.ch\/uhren\/galli-cpo\/rolex-submariner-date-126619lb\/#primaryimage\",\"url\":\"https:\/\/galli.ch\/wp-content\/uploads\/image1-4.png\",\"contentUrl\":\"https:\/\/galli.ch\/wp-content\/uploads\/image1-4.png\",\"width\":1000,\"height\":1400},{\"@type\":\"BreadcrumbList\",\"@id\":\"https:\/\/galli.ch\/uhren\/galli-cpo\/rolex-submariner-date-126619lb\/#breadcrumb\",\"itemListElement\":[{\"@type\":\"ListItem\",\"position\":1,\"name\":\"Home\",\"item\":\"https:\/\/galli.ch\/en\/\"},{\"@type\":\"ListItem\",\"position\":2,\"name\":\"Uhren\",\"item\":\"https:\/\/galli.ch\/en\/uhren\/\"},{\"@type\":\"ListItem\",\"position\":3,\"name\":\"Rolex Submariner Date\"}]},{\"@type\":\"WebSite\",\"@id\":\"http:\/\/galli.ch\/en\/#website\",\"url\":\"http:\/\/galli.ch\/en\/\",\"name\":\"Galli Uhren Bijouterie\",\"description\":\"\",\"potentialAction\":[{\"@type\":\"SearchAction\",\"target\":{\"@type\":\"EntryPoint\",\"urlTemplate\":\"http:\/\/galli.ch\/en\/?s={search_term_string}\"},\"query-input\":{\"@type\":\"PropertyValueSpecification\",\"valueRequired\":true,\"valueName\":\"search_term_string\"}}],\"inLanguage\":\"en-US\"}]}<\/script>\n<!-- \/ Yoast SEO plugin. -->","yoast_head_json":{"title":"Rolex Submariner Date - Galli Uhren Bijouterie","robots":{"index":"index","follow":"follow","max-snippet":"max-snippet:-1","max-image-preview":"max-image-preview:large","max-video-preview":"max-video-preview:-1"},"canonical":"https:\/\/galli.ch\/uhren\/galli-cpo\/rolex-submariner-date-126619lb\/","og_locale":"en_US","og_type":"article","og_title":"Rolex Submariner Date - Galli Uhren Bijouterie","og_description":"Die Rolex Submariner Kollektion ist eine Reihe von ikonischen Taucheruhren, die f\u00fcr ihre Robustheit, Funktionalit\u00e4t und zeitlose \u00c4sthetik bekannt sind. Diese Version der Submariner Date ist in 18kt Weissgold mit einem Weissgoldarmband. Jahrgang: 2021 Zustand: Ungetragen \/ Original abgeklebt Original Papiere: Ja Original Box: Ja Garantie: Bis Juli 2026","og_url":"https:\/\/galli.ch\/uhren\/galli-cpo\/rolex-submariner-date-126619lb\/","og_site_name":"Galli Uhren Bijouterie","article_modified_time":"2025-02-01T08:57:48+00:00","og_image":[{"width":1000,"height":1400,"url":"https:\/\/galli.ch\/wp-content\/uploads\/image1-4.png","type":"image\/png"}],"twitter_card":"summary_large_image","schema":{"@context":"https:\/\/schema.org","@graph":[{"@type":"WebPage","@id":"https:\/\/galli.ch\/uhren\/galli-cpo\/rolex-submariner-date-126619lb\/","url":"https:\/\/galli.ch\/uhren\/galli-cpo\/rolex-submariner-date-126619lb\/","name":"Rolex Submariner Date - Galli Uhren Bijouterie","isPartOf":{"@id":"http:\/\/galli.ch\/en\/#website"},"primaryImageOfPage":{"@id":"https:\/\/galli.ch\/uhren\/galli-cpo\/rolex-submariner-date-126619lb\/#primaryimage"},"image":{"@id":"https:\/\/galli.ch\/uhren\/galli-cpo\/rolex-submariner-date-126619lb\/#primaryimage"},"thumbnailUrl":"https:\/\/galli.ch\/wp-content\/uploads\/image1-4.png","datePublished":"2025-01-28T12:28:16+00:00","dateModified":"2025-02-01T08:57:48+00:00","breadcrumb":{"@id":"https:\/\/galli.ch\/uhren\/galli-cpo\/rolex-submariner-date-126619lb\/#breadcrumb"},"inLanguage":"en-US","potentialAction":[{"@type":"ReadAction","target":["https:\/\/galli.ch\/uhren\/galli-cpo\/rolex-submariner-date-126619lb\/"]}]},{"@type":"ImageObject","inLanguage":"en-US","@id":"https:\/\/galli.ch\/uhren\/galli-cpo\/rolex-submariner-date-126619lb\/#primaryimage","url":"https:\/\/galli.ch\/wp-content\/uploads\/image1-4.png","contentUrl":"https:\/\/galli.ch\/wp-content\/uploads\/image1-4.png","width":1000,"height":1400},{"@type":"BreadcrumbList","@id":"https:\/\/galli.ch\/uhren\/galli-cpo\/rolex-submariner-date-126619lb\/#breadcrumb","itemListElement":[{"@type":"ListItem","position":1,"name":"Home","item":"https:\/\/galli.ch\/en\/"},{"@type":"ListItem","position":2,"name":"Uhren","item":"https:\/\/galli.ch\/en\/uhren\/"},{"@type":"ListItem","position":3,"name":"Rolex Submariner Date"}]},{"@type":"WebSite","@id":"http:\/\/galli.ch\/en\/#website","url":"http:\/\/galli.ch\/en\/","name":"Galli Uhren Bijouterie","description":"","potentialAction":[{"@type":"SearchAction","target":{"@type":"EntryPoint","urlTemplate":"http:\/\/galli.ch\/en\/?s={search_term_string}"},"query-input":{"@type":"PropertyValueSpecification","valueRequired":true,"valueName":"search_term_string"}}],"inLanguage":"en-US"}]}},"_links":{"self":[{"href":"https:\/\/galli.ch\/en\/wp-json\/wp\/v2\/product\/41265","targetHints":{"allow":["GET"]}}],"collection":[{"href":"https:\/\/galli.ch\/en\/wp-json\/wp\/v2\/product"}],"about":[{"href":"https:\/\/galli.ch\/en\/wp-json\/wp\/v2\/types\/product"}],"wp:featuredmedia":[{"embeddable":true,"href":"https:\/\/galli.ch\/en\/wp-json\/wp\/v2\/media\/41256"}],"wp:attachment":[{"href":"https:\/\/galli.ch\/en\/wp-json\/wp\/v2\/media?parent=41265"}],"wp:term":[{"taxonomy":"product_brand","embeddable":true,"href":"https:\/\/galli.ch\/en\/wp-json\/wp\/v2\/product_brand?post=41265"},{"taxonomy":"product_cat","embeddable":true,"href":"https:\/\/galli.ch\/en\/wp-json\/wp\/v2\/product_cat?post=41265"},{"taxonomy":"product_tag","embeddable":true,"href":"https:\/\/galli.ch\/en\/wp-json\/wp\/v2\/product_tag?post=41265"}],"curies":[{"name":"wp","href":"https:\/\/api.w.org\/{rel}","templated":true}]}}