{"id":41658,"date":"2025-02-21T10:12:23","date_gmt":"2025-02-21T09:12:23","guid":{"rendered":"https:\/\/galli.ch\/?post_type=product&#038;p=41658"},"modified":"2026-03-02T11:13:04","modified_gmt":"2026-03-02T10:13:04","slug":"speedmaster-moonwatch-professional-310-55-42-50-13-001","status":"publish","type":"product","link":"https:\/\/galli.ch\/en\/uhren\/omega\/speedmaster\/speedmaster-moonwatch-professional-310-55-42-50-13-001\/","title":{"rendered":"Omega Speedmaster Moonwatch Professional"},"content":{"rendered":"<p>Die Speedmaster Moonwatch geh\u00f6rt zu den legend\u00e4rsten Zeitmessern der Welt. Der beeindruckende Chronograph, der bei allen sechs Mondlandungen dabei war, verk\u00f6rpert perfekt den risikofreudigen Pioniergeist der Marke.<\/p>\n<p>Das Armband dieser 42-mm-Moonwatch aus 18 K Sedna\u2122-Gold weist ein Design mit f\u00fcnf gebogenen Gliedern pro Reihe auf. Als Uhrglas und Geh\u00e4useboden dient Saphirglas. Sie sch\u00f6pft ihre Inspiration aus der 4. Speedmaster Generation, die auf dem Mond getragen wurde, und ist mit einem braun abgestuften Zifferblatt und einem asymmetrischen Geh\u00e4use mit diamantbesetzter L\u00fcnette versehen.<\/p>\n","protected":false},"excerpt":{"rendered":"<p>Die Speedmaster Moonwatch geh\u00f6rt zu den legend\u00e4rsten Zeitmessern der Welt. Der beeindruckende Chronograph, der bei allen sechs Mondlandungen dabei war, verk\u00f6rpert perfekt den risikofreudigen Pioniergeist der Marke. Das Armband dieser 42-mm-Moonwatch aus 18 K Sedna\u2122-Gold weist ein Design mit f\u00fcnf gebogenen Gliedern pro Reihe auf. Als Uhrglas und Geh\u00e4useboden dient Saphirglas. Sie sch\u00f6pft ihre Inspiration&#8230;  <a class=\"excerpt-read-more\" href=\"https:\/\/galli.ch\/en\/uhren\/omega\/speedmaster\/speedmaster-moonwatch-professional-310-55-42-50-13-001\/\" title=\"Read Omega Speedmaster Moonwatch Professional\">Weiter &raquo;<\/a><\/p>\n","protected":false},"featured_media":41653,"template":"","meta":{"_acf_changed":false,"inline_featured_image":false},"product_brand":[],"product_cat":[188],"product_tag":[],"class_list":{"0":"post-41658","1":"product","2":"type-product","3":"status-publish","4":"has-post-thumbnail","6":"uhrenhersteller-omega","7":"uhrenhersteller-speedmaster","8":"product_cat-uhren","10":"first","11":"outofstock","12":"taxable","13":"shipping-taxable","14":"purchasable","15":"product-type-simple"},"acf":[],"yoast_head":"<!-- This site is optimized with the Yoast SEO plugin v25.5 - https:\/\/yoast.com\/wordpress\/plugins\/seo\/ -->\n<title>Omega Speedmaster Moonwatch Professional - Galli Uhren Bijouterie<\/title>\n<meta name=\"robots\" content=\"index, follow, max-snippet:-1, max-image-preview:large, max-video-preview:-1\" \/>\n<link rel=\"canonical\" href=\"https:\/\/galli.ch\/uhren\/omega\/speedmaster\/speedmaster-moonwatch-professional-310-55-42-50-13-001\/\" \/>\n<meta property=\"og:locale\" content=\"en_US\" \/>\n<meta property=\"og:type\" content=\"article\" \/>\n<meta property=\"og:title\" content=\"Omega Speedmaster Moonwatch Professional - Galli Uhren Bijouterie\" \/>\n<meta property=\"og:description\" content=\"Die Speedmaster Moonwatch geh\u00f6rt zu den legend\u00e4rsten Zeitmessern der Welt. Der beeindruckende Chronograph, der bei allen sechs Mondlandungen dabei war, verk\u00f6rpert perfekt den risikofreudigen Pioniergeist der Marke. Das Armband dieser 42-mm-Moonwatch aus 18 K Sedna\u2122-Gold weist ein Design mit f\u00fcnf gebogenen Gliedern pro Reihe auf. Als Uhrglas und Geh\u00e4useboden dient Saphirglas. Sie sch\u00f6pft ihre Inspiration... Weiter &raquo;\" \/>\n<meta property=\"og:url\" content=\"https:\/\/galli.ch\/uhren\/omega\/speedmaster\/speedmaster-moonwatch-professional-310-55-42-50-13-001\/\" \/>\n<meta property=\"og:site_name\" content=\"Galli Uhren Bijouterie\" \/>\n<meta property=\"article:modified_time\" content=\"2026-03-02T10:13:04+00:00\" \/>\n<meta property=\"og:image\" content=\"https:\/\/galli.ch\/wp-content\/uploads\/omega-speedmaster-moonwatch-professional-co-axial-master-chronometer-chronograph-42-mm-31055425013001-56a108.png\" \/>\n\t<meta property=\"og:image:width\" content=\"1000\" \/>\n\t<meta property=\"og:image:height\" content=\"1400\" \/>\n\t<meta property=\"og:image:type\" content=\"image\/png\" \/>\n<meta name=\"twitter:card\" content=\"summary_large_image\" \/>\n<script type=\"application\/ld+json\" class=\"yoast-schema-graph\">{\"@context\":\"https:\/\/schema.org\",\"@graph\":[{\"@type\":\"WebPage\",\"@id\":\"https:\/\/galli.ch\/uhren\/omega\/speedmaster\/speedmaster-moonwatch-professional-310-55-42-50-13-001\/\",\"url\":\"https:\/\/galli.ch\/uhren\/omega\/speedmaster\/speedmaster-moonwatch-professional-310-55-42-50-13-001\/\",\"name\":\"Omega Speedmaster Moonwatch Professional - Galli Uhren Bijouterie\",\"isPartOf\":{\"@id\":\"http:\/\/galli.ch\/en\/#website\"},\"primaryImageOfPage\":{\"@id\":\"https:\/\/galli.ch\/uhren\/omega\/speedmaster\/speedmaster-moonwatch-professional-310-55-42-50-13-001\/#primaryimage\"},\"image\":{\"@id\":\"https:\/\/galli.ch\/uhren\/omega\/speedmaster\/speedmaster-moonwatch-professional-310-55-42-50-13-001\/#primaryimage\"},\"thumbnailUrl\":\"https:\/\/galli.ch\/wp-content\/uploads\/omega-speedmaster-moonwatch-professional-co-axial-master-chronometer-chronograph-42-mm-31055425013001-56a108.png\",\"datePublished\":\"2025-02-21T09:12:23+00:00\",\"dateModified\":\"2026-03-02T10:13:04+00:00\",\"breadcrumb\":{\"@id\":\"https:\/\/galli.ch\/uhren\/omega\/speedmaster\/speedmaster-moonwatch-professional-310-55-42-50-13-001\/#breadcrumb\"},\"inLanguage\":\"en-US\",\"potentialAction\":[{\"@type\":\"ReadAction\",\"target\":[\"https:\/\/galli.ch\/uhren\/omega\/speedmaster\/speedmaster-moonwatch-professional-310-55-42-50-13-001\/\"]}]},{\"@type\":\"ImageObject\",\"inLanguage\":\"en-US\",\"@id\":\"https:\/\/galli.ch\/uhren\/omega\/speedmaster\/speedmaster-moonwatch-professional-310-55-42-50-13-001\/#primaryimage\",\"url\":\"https:\/\/galli.ch\/wp-content\/uploads\/omega-speedmaster-moonwatch-professional-co-axial-master-chronometer-chronograph-42-mm-31055425013001-56a108.png\",\"contentUrl\":\"https:\/\/galli.ch\/wp-content\/uploads\/omega-speedmaster-moonwatch-professional-co-axial-master-chronometer-chronograph-42-mm-31055425013001-56a108.png\",\"width\":1000,\"height\":1400},{\"@type\":\"BreadcrumbList\",\"@id\":\"https:\/\/galli.ch\/uhren\/omega\/speedmaster\/speedmaster-moonwatch-professional-310-55-42-50-13-001\/#breadcrumb\",\"itemListElement\":[{\"@type\":\"ListItem\",\"position\":1,\"name\":\"Home\",\"item\":\"https:\/\/galli.ch\/en\/\"},{\"@type\":\"ListItem\",\"position\":2,\"name\":\"Uhren\",\"item\":\"https:\/\/galli.ch\/en\/uhren\/\"},{\"@type\":\"ListItem\",\"position\":3,\"name\":\"Omega Speedmaster Moonwatch Professional\"}]},{\"@type\":\"WebSite\",\"@id\":\"http:\/\/galli.ch\/en\/#website\",\"url\":\"http:\/\/galli.ch\/en\/\",\"name\":\"Galli Uhren Bijouterie\",\"description\":\"\",\"potentialAction\":[{\"@type\":\"SearchAction\",\"target\":{\"@type\":\"EntryPoint\",\"urlTemplate\":\"http:\/\/galli.ch\/en\/?s={search_term_string}\"},\"query-input\":{\"@type\":\"PropertyValueSpecification\",\"valueRequired\":true,\"valueName\":\"search_term_string\"}}],\"inLanguage\":\"en-US\"}]}<\/script>\n<!-- \/ Yoast SEO plugin. -->","yoast_head_json":{"title":"Omega Speedmaster Moonwatch Professional - Galli Uhren Bijouterie","robots":{"index":"index","follow":"follow","max-snippet":"max-snippet:-1","max-image-preview":"max-image-preview:large","max-video-preview":"max-video-preview:-1"},"canonical":"https:\/\/galli.ch\/uhren\/omega\/speedmaster\/speedmaster-moonwatch-professional-310-55-42-50-13-001\/","og_locale":"en_US","og_type":"article","og_title":"Omega Speedmaster Moonwatch Professional - Galli Uhren Bijouterie","og_description":"Die Speedmaster Moonwatch geh\u00f6rt zu den legend\u00e4rsten Zeitmessern der Welt. Der beeindruckende Chronograph, der bei allen sechs Mondlandungen dabei war, verk\u00f6rpert perfekt den risikofreudigen Pioniergeist der Marke. Das Armband dieser 42-mm-Moonwatch aus 18 K Sedna\u2122-Gold weist ein Design mit f\u00fcnf gebogenen Gliedern pro Reihe auf. Als Uhrglas und Geh\u00e4useboden dient Saphirglas. Sie sch\u00f6pft ihre Inspiration... Weiter &raquo;","og_url":"https:\/\/galli.ch\/uhren\/omega\/speedmaster\/speedmaster-moonwatch-professional-310-55-42-50-13-001\/","og_site_name":"Galli Uhren Bijouterie","article_modified_time":"2026-03-02T10:13:04+00:00","og_image":[{"width":1000,"height":1400,"url":"https:\/\/galli.ch\/wp-content\/uploads\/omega-speedmaster-moonwatch-professional-co-axial-master-chronometer-chronograph-42-mm-31055425013001-56a108.png","type":"image\/png"}],"twitter_card":"summary_large_image","schema":{"@context":"https:\/\/schema.org","@graph":[{"@type":"WebPage","@id":"https:\/\/galli.ch\/uhren\/omega\/speedmaster\/speedmaster-moonwatch-professional-310-55-42-50-13-001\/","url":"https:\/\/galli.ch\/uhren\/omega\/speedmaster\/speedmaster-moonwatch-professional-310-55-42-50-13-001\/","name":"Omega Speedmaster Moonwatch Professional - Galli Uhren Bijouterie","isPartOf":{"@id":"http:\/\/galli.ch\/en\/#website"},"primaryImageOfPage":{"@id":"https:\/\/galli.ch\/uhren\/omega\/speedmaster\/speedmaster-moonwatch-professional-310-55-42-50-13-001\/#primaryimage"},"image":{"@id":"https:\/\/galli.ch\/uhren\/omega\/speedmaster\/speedmaster-moonwatch-professional-310-55-42-50-13-001\/#primaryimage"},"thumbnailUrl":"https:\/\/galli.ch\/wp-content\/uploads\/omega-speedmaster-moonwatch-professional-co-axial-master-chronometer-chronograph-42-mm-31055425013001-56a108.png","datePublished":"2025-02-21T09:12:23+00:00","dateModified":"2026-03-02T10:13:04+00:00","breadcrumb":{"@id":"https:\/\/galli.ch\/uhren\/omega\/speedmaster\/speedmaster-moonwatch-professional-310-55-42-50-13-001\/#breadcrumb"},"inLanguage":"en-US","potentialAction":[{"@type":"ReadAction","target":["https:\/\/galli.ch\/uhren\/omega\/speedmaster\/speedmaster-moonwatch-professional-310-55-42-50-13-001\/"]}]},{"@type":"ImageObject","inLanguage":"en-US","@id":"https:\/\/galli.ch\/uhren\/omega\/speedmaster\/speedmaster-moonwatch-professional-310-55-42-50-13-001\/#primaryimage","url":"https:\/\/galli.ch\/wp-content\/uploads\/omega-speedmaster-moonwatch-professional-co-axial-master-chronometer-chronograph-42-mm-31055425013001-56a108.png","contentUrl":"https:\/\/galli.ch\/wp-content\/uploads\/omega-speedmaster-moonwatch-professional-co-axial-master-chronometer-chronograph-42-mm-31055425013001-56a108.png","width":1000,"height":1400},{"@type":"BreadcrumbList","@id":"https:\/\/galli.ch\/uhren\/omega\/speedmaster\/speedmaster-moonwatch-professional-310-55-42-50-13-001\/#breadcrumb","itemListElement":[{"@type":"ListItem","position":1,"name":"Home","item":"https:\/\/galli.ch\/en\/"},{"@type":"ListItem","position":2,"name":"Uhren","item":"https:\/\/galli.ch\/en\/uhren\/"},{"@type":"ListItem","position":3,"name":"Omega Speedmaster Moonwatch Professional"}]},{"@type":"WebSite","@id":"http:\/\/galli.ch\/en\/#website","url":"http:\/\/galli.ch\/en\/","name":"Galli Uhren Bijouterie","description":"","potentialAction":[{"@type":"SearchAction","target":{"@type":"EntryPoint","urlTemplate":"http:\/\/galli.ch\/en\/?s={search_term_string}"},"query-input":{"@type":"PropertyValueSpecification","valueRequired":true,"valueName":"search_term_string"}}],"inLanguage":"en-US"}]}},"_links":{"self":[{"href":"https:\/\/galli.ch\/en\/wp-json\/wp\/v2\/product\/41658","targetHints":{"allow":["GET"]}}],"collection":[{"href":"https:\/\/galli.ch\/en\/wp-json\/wp\/v2\/product"}],"about":[{"href":"https:\/\/galli.ch\/en\/wp-json\/wp\/v2\/types\/product"}],"wp:featuredmedia":[{"embeddable":true,"href":"https:\/\/galli.ch\/en\/wp-json\/wp\/v2\/media\/41653"}],"wp:attachment":[{"href":"https:\/\/galli.ch\/en\/wp-json\/wp\/v2\/media?parent=41658"}],"wp:term":[{"taxonomy":"product_brand","embeddable":true,"href":"https:\/\/galli.ch\/en\/wp-json\/wp\/v2\/product_brand?post=41658"},{"taxonomy":"product_cat","embeddable":true,"href":"https:\/\/galli.ch\/en\/wp-json\/wp\/v2\/product_cat?post=41658"},{"taxonomy":"product_tag","embeddable":true,"href":"https:\/\/galli.ch\/en\/wp-json\/wp\/v2\/product_tag?post=41658"}],"curies":[{"name":"wp","href":"https:\/\/api.w.org\/{rel}","templated":true}]}}