{"id":41689,"date":"2025-02-25T10:12:58","date_gmt":"2025-02-25T09:12:58","guid":{"rendered":"https:\/\/galli.ch\/?post_type=product&#038;p=41689"},"modified":"2026-03-30T10:13:49","modified_gmt":"2026-03-30T08:13:49","slug":"pilots-watch-mark-xx-mercedes-amg-petronas-formula-one-team-iw328210","status":"publish","type":"product","link":"https:\/\/galli.ch\/en\/uhren\/iwc\/pilots-watches\/pilots-watch-mark-xx-mercedes-amg-petronas-formula-one-team-iw328210\/","title":{"rendered":"IWC Pilot\u0092s Watch Mark XX Mercedes-AMG PETRONAS Formula One\u0099 Team"},"content":{"rendered":"<p>Seit 2013 ist IWC Schaffhausen der \u201eOfficial Engineering Partner\u201c des Mercedes-AMG PETRONAS Formula One\u2122 Teams. Das 40-Millimeter-Geh\u00e4use ist aus leichtem und bemerkenswert festen Titan Grad 5 gefertigt. Die Pilot\u2019s Watch Mark XX Mercedes-AMG PETRONAS Formula One\u2122 Team ist die dritte offizielle Teamuhr, die IWC Schaffhausen f\u00fcr Ihren langj\u00e4hrigen Motorsportpartner entwickelt hat. Titan weist das h\u00f6chste Verh\u00e4ltnis von Festigkeit zu Dichte aller Metalle auf und wird im Automobilbau f\u00fcr die Herstellung von stark beanspruchten Komponenten wie Motorventilen verwendet.<\/p>\n","protected":false},"excerpt":{"rendered":"<p>Seit 2013 ist IWC Schaffhausen der \u201eOfficial Engineering Partner\u201c des Mercedes-AMG PETRONAS Formula One\u2122 Teams. Das 40-Millimeter-Geh\u00e4use ist aus leichtem und bemerkenswert festen Titan Grad 5 gefertigt. Die Pilot\u2019s Watch Mark XX Mercedes-AMG PETRONAS Formula One\u2122 Team ist die dritte offizielle Teamuhr, die IWC Schaffhausen f\u00fcr Ihren langj\u00e4hrigen Motorsportpartner entwickelt hat. Titan weist das h\u00f6chste&#8230;  <a class=\"excerpt-read-more\" href=\"https:\/\/galli.ch\/en\/uhren\/iwc\/pilots-watches\/pilots-watch-mark-xx-mercedes-amg-petronas-formula-one-team-iw328210\/\" title=\"Read IWC Pilot\u0092s Watch Mark XX Mercedes-AMG PETRONAS Formula One\u0099 Team\">Weiter &raquo;<\/a><\/p>\n","protected":false},"featured_media":41690,"template":"","meta":{"_acf_changed":false,"inline_featured_image":false},"product_brand":[],"product_cat":[188],"product_tag":[],"class_list":{"0":"post-41689","1":"product","2":"type-product","3":"status-publish","4":"has-post-thumbnail","6":"uhrenhersteller-iwc","7":"uhrenhersteller-pilots-watches","8":"product_cat-uhren","10":"first","11":"outofstock","12":"taxable","13":"shipping-taxable","14":"purchasable","15":"product-type-simple"},"acf":[],"yoast_head":"<!-- This site is optimized with the Yoast SEO plugin v25.5 - https:\/\/yoast.com\/wordpress\/plugins\/seo\/ -->\n<title>IWC Pilot\u0092s Watch Mark XX Mercedes-AMG PETRONAS Formula One\u0099 Team - Galli Uhren Bijouterie<\/title>\n<meta name=\"robots\" content=\"index, follow, max-snippet:-1, max-image-preview:large, max-video-preview:-1\" \/>\n<link rel=\"canonical\" href=\"https:\/\/galli.ch\/uhren\/iwc\/pilots-watches\/pilots-watch-mark-xx-mercedes-amg-petronas-formula-one-team-iw328210\/\" \/>\n<meta property=\"og:locale\" content=\"en_US\" \/>\n<meta property=\"og:type\" content=\"article\" \/>\n<meta property=\"og:title\" content=\"IWC Pilot\u0092s Watch Mark XX Mercedes-AMG PETRONAS Formula One\u0099 Team - Galli Uhren Bijouterie\" \/>\n<meta property=\"og:description\" content=\"Seit 2013 ist IWC Schaffhausen der \u201eOfficial Engineering Partner\u201c des Mercedes-AMG PETRONAS Formula One\u2122 Teams. Das 40-Millimeter-Geh\u00e4use ist aus leichtem und bemerkenswert festen Titan Grad 5 gefertigt. Die Pilot\u2019s Watch Mark XX Mercedes-AMG PETRONAS Formula One\u2122 Team ist die dritte offizielle Teamuhr, die IWC Schaffhausen f\u00fcr Ihren langj\u00e4hrigen Motorsportpartner entwickelt hat. Titan weist das h\u00f6chste... Weiter &raquo;\" \/>\n<meta property=\"og:url\" content=\"https:\/\/galli.ch\/uhren\/iwc\/pilots-watches\/pilots-watch-mark-xx-mercedes-amg-petronas-formula-one-team-iw328210\/\" \/>\n<meta property=\"og:site_name\" content=\"Galli Uhren Bijouterie\" \/>\n<meta property=\"article:modified_time\" content=\"2026-03-30T08:13:49+00:00\" \/>\n<meta property=\"og:image\" content=\"https:\/\/galli.ch\/wp-content\/uploads\/n8LigEGCTvi5R3QNOK6CcQ.png\" \/>\n\t<meta property=\"og:image:width\" content=\"1000\" \/>\n\t<meta property=\"og:image:height\" content=\"1400\" \/>\n\t<meta property=\"og:image:type\" content=\"image\/png\" \/>\n<meta name=\"twitter:card\" content=\"summary_large_image\" \/>\n<script type=\"application\/ld+json\" class=\"yoast-schema-graph\">{\"@context\":\"https:\/\/schema.org\",\"@graph\":[{\"@type\":\"WebPage\",\"@id\":\"https:\/\/galli.ch\/uhren\/iwc\/pilots-watches\/pilots-watch-mark-xx-mercedes-amg-petronas-formula-one-team-iw328210\/\",\"url\":\"https:\/\/galli.ch\/uhren\/iwc\/pilots-watches\/pilots-watch-mark-xx-mercedes-amg-petronas-formula-one-team-iw328210\/\",\"name\":\"IWC Pilot\u0092s Watch Mark XX Mercedes-AMG PETRONAS Formula One\u0099 Team - Galli Uhren Bijouterie\",\"isPartOf\":{\"@id\":\"http:\/\/galli.ch\/en\/#website\"},\"primaryImageOfPage\":{\"@id\":\"https:\/\/galli.ch\/uhren\/iwc\/pilots-watches\/pilots-watch-mark-xx-mercedes-amg-petronas-formula-one-team-iw328210\/#primaryimage\"},\"image\":{\"@id\":\"https:\/\/galli.ch\/uhren\/iwc\/pilots-watches\/pilots-watch-mark-xx-mercedes-amg-petronas-formula-one-team-iw328210\/#primaryimage\"},\"thumbnailUrl\":\"https:\/\/galli.ch\/wp-content\/uploads\/n8LigEGCTvi5R3QNOK6CcQ.png\",\"datePublished\":\"2025-02-25T09:12:58+00:00\",\"dateModified\":\"2026-03-30T08:13:49+00:00\",\"breadcrumb\":{\"@id\":\"https:\/\/galli.ch\/uhren\/iwc\/pilots-watches\/pilots-watch-mark-xx-mercedes-amg-petronas-formula-one-team-iw328210\/#breadcrumb\"},\"inLanguage\":\"en-US\",\"potentialAction\":[{\"@type\":\"ReadAction\",\"target\":[\"https:\/\/galli.ch\/uhren\/iwc\/pilots-watches\/pilots-watch-mark-xx-mercedes-amg-petronas-formula-one-team-iw328210\/\"]}]},{\"@type\":\"ImageObject\",\"inLanguage\":\"en-US\",\"@id\":\"https:\/\/galli.ch\/uhren\/iwc\/pilots-watches\/pilots-watch-mark-xx-mercedes-amg-petronas-formula-one-team-iw328210\/#primaryimage\",\"url\":\"https:\/\/galli.ch\/wp-content\/uploads\/n8LigEGCTvi5R3QNOK6CcQ.png\",\"contentUrl\":\"https:\/\/galli.ch\/wp-content\/uploads\/n8LigEGCTvi5R3QNOK6CcQ.png\",\"width\":1000,\"height\":1400},{\"@type\":\"BreadcrumbList\",\"@id\":\"https:\/\/galli.ch\/uhren\/iwc\/pilots-watches\/pilots-watch-mark-xx-mercedes-amg-petronas-formula-one-team-iw328210\/#breadcrumb\",\"itemListElement\":[{\"@type\":\"ListItem\",\"position\":1,\"name\":\"Home\",\"item\":\"https:\/\/galli.ch\/en\/\"},{\"@type\":\"ListItem\",\"position\":2,\"name\":\"Uhren\",\"item\":\"https:\/\/galli.ch\/en\/uhren\/\"},{\"@type\":\"ListItem\",\"position\":3,\"name\":\"IWC Pilot\u0092s Watch Mark XX Mercedes-AMG PETRONAS Formula One\u0099 Team\"}]},{\"@type\":\"WebSite\",\"@id\":\"http:\/\/galli.ch\/en\/#website\",\"url\":\"http:\/\/galli.ch\/en\/\",\"name\":\"Galli Uhren Bijouterie\",\"description\":\"\",\"potentialAction\":[{\"@type\":\"SearchAction\",\"target\":{\"@type\":\"EntryPoint\",\"urlTemplate\":\"http:\/\/galli.ch\/en\/?s={search_term_string}\"},\"query-input\":{\"@type\":\"PropertyValueSpecification\",\"valueRequired\":true,\"valueName\":\"search_term_string\"}}],\"inLanguage\":\"en-US\"}]}<\/script>\n<!-- \/ Yoast SEO plugin. -->","yoast_head_json":{"title":"IWC Pilot\u0092s Watch Mark XX Mercedes-AMG PETRONAS Formula One\u0099 Team - Galli Uhren Bijouterie","robots":{"index":"index","follow":"follow","max-snippet":"max-snippet:-1","max-image-preview":"max-image-preview:large","max-video-preview":"max-video-preview:-1"},"canonical":"https:\/\/galli.ch\/uhren\/iwc\/pilots-watches\/pilots-watch-mark-xx-mercedes-amg-petronas-formula-one-team-iw328210\/","og_locale":"en_US","og_type":"article","og_title":"IWC Pilot\u0092s Watch Mark XX Mercedes-AMG PETRONAS Formula One\u0099 Team - Galli Uhren Bijouterie","og_description":"Seit 2013 ist IWC Schaffhausen der \u201eOfficial Engineering Partner\u201c des Mercedes-AMG PETRONAS Formula One\u2122 Teams. Das 40-Millimeter-Geh\u00e4use ist aus leichtem und bemerkenswert festen Titan Grad 5 gefertigt. Die Pilot\u2019s Watch Mark XX Mercedes-AMG PETRONAS Formula One\u2122 Team ist die dritte offizielle Teamuhr, die IWC Schaffhausen f\u00fcr Ihren langj\u00e4hrigen Motorsportpartner entwickelt hat. Titan weist das h\u00f6chste... Weiter &raquo;","og_url":"https:\/\/galli.ch\/uhren\/iwc\/pilots-watches\/pilots-watch-mark-xx-mercedes-amg-petronas-formula-one-team-iw328210\/","og_site_name":"Galli Uhren Bijouterie","article_modified_time":"2026-03-30T08:13:49+00:00","og_image":[{"width":1000,"height":1400,"url":"https:\/\/galli.ch\/wp-content\/uploads\/n8LigEGCTvi5R3QNOK6CcQ.png","type":"image\/png"}],"twitter_card":"summary_large_image","schema":{"@context":"https:\/\/schema.org","@graph":[{"@type":"WebPage","@id":"https:\/\/galli.ch\/uhren\/iwc\/pilots-watches\/pilots-watch-mark-xx-mercedes-amg-petronas-formula-one-team-iw328210\/","url":"https:\/\/galli.ch\/uhren\/iwc\/pilots-watches\/pilots-watch-mark-xx-mercedes-amg-petronas-formula-one-team-iw328210\/","name":"IWC Pilot\u0092s Watch Mark XX Mercedes-AMG PETRONAS Formula One\u0099 Team - Galli Uhren Bijouterie","isPartOf":{"@id":"http:\/\/galli.ch\/en\/#website"},"primaryImageOfPage":{"@id":"https:\/\/galli.ch\/uhren\/iwc\/pilots-watches\/pilots-watch-mark-xx-mercedes-amg-petronas-formula-one-team-iw328210\/#primaryimage"},"image":{"@id":"https:\/\/galli.ch\/uhren\/iwc\/pilots-watches\/pilots-watch-mark-xx-mercedes-amg-petronas-formula-one-team-iw328210\/#primaryimage"},"thumbnailUrl":"https:\/\/galli.ch\/wp-content\/uploads\/n8LigEGCTvi5R3QNOK6CcQ.png","datePublished":"2025-02-25T09:12:58+00:00","dateModified":"2026-03-30T08:13:49+00:00","breadcrumb":{"@id":"https:\/\/galli.ch\/uhren\/iwc\/pilots-watches\/pilots-watch-mark-xx-mercedes-amg-petronas-formula-one-team-iw328210\/#breadcrumb"},"inLanguage":"en-US","potentialAction":[{"@type":"ReadAction","target":["https:\/\/galli.ch\/uhren\/iwc\/pilots-watches\/pilots-watch-mark-xx-mercedes-amg-petronas-formula-one-team-iw328210\/"]}]},{"@type":"ImageObject","inLanguage":"en-US","@id":"https:\/\/galli.ch\/uhren\/iwc\/pilots-watches\/pilots-watch-mark-xx-mercedes-amg-petronas-formula-one-team-iw328210\/#primaryimage","url":"https:\/\/galli.ch\/wp-content\/uploads\/n8LigEGCTvi5R3QNOK6CcQ.png","contentUrl":"https:\/\/galli.ch\/wp-content\/uploads\/n8LigEGCTvi5R3QNOK6CcQ.png","width":1000,"height":1400},{"@type":"BreadcrumbList","@id":"https:\/\/galli.ch\/uhren\/iwc\/pilots-watches\/pilots-watch-mark-xx-mercedes-amg-petronas-formula-one-team-iw328210\/#breadcrumb","itemListElement":[{"@type":"ListItem","position":1,"name":"Home","item":"https:\/\/galli.ch\/en\/"},{"@type":"ListItem","position":2,"name":"Uhren","item":"https:\/\/galli.ch\/en\/uhren\/"},{"@type":"ListItem","position":3,"name":"IWC Pilot\u0092s Watch Mark XX Mercedes-AMG PETRONAS Formula One\u0099 Team"}]},{"@type":"WebSite","@id":"http:\/\/galli.ch\/en\/#website","url":"http:\/\/galli.ch\/en\/","name":"Galli Uhren Bijouterie","description":"","potentialAction":[{"@type":"SearchAction","target":{"@type":"EntryPoint","urlTemplate":"http:\/\/galli.ch\/en\/?s={search_term_string}"},"query-input":{"@type":"PropertyValueSpecification","valueRequired":true,"valueName":"search_term_string"}}],"inLanguage":"en-US"}]}},"_links":{"self":[{"href":"https:\/\/galli.ch\/en\/wp-json\/wp\/v2\/product\/41689","targetHints":{"allow":["GET"]}}],"collection":[{"href":"https:\/\/galli.ch\/en\/wp-json\/wp\/v2\/product"}],"about":[{"href":"https:\/\/galli.ch\/en\/wp-json\/wp\/v2\/types\/product"}],"wp:featuredmedia":[{"embeddable":true,"href":"https:\/\/galli.ch\/en\/wp-json\/wp\/v2\/media\/41690"}],"wp:attachment":[{"href":"https:\/\/galli.ch\/en\/wp-json\/wp\/v2\/media?parent=41689"}],"wp:term":[{"taxonomy":"product_brand","embeddable":true,"href":"https:\/\/galli.ch\/en\/wp-json\/wp\/v2\/product_brand?post=41689"},{"taxonomy":"product_cat","embeddable":true,"href":"https:\/\/galli.ch\/en\/wp-json\/wp\/v2\/product_cat?post=41689"},{"taxonomy":"product_tag","embeddable":true,"href":"https:\/\/galli.ch\/en\/wp-json\/wp\/v2\/product_tag?post=41689"}],"curies":[{"name":"wp","href":"https:\/\/api.w.org\/{rel}","templated":true}]}}