{"id":41703,"date":"2025-02-25T10:43:34","date_gmt":"2025-02-25T09:43:34","guid":{"rendered":"https:\/\/galli.ch\/?post_type=product&#038;p=41703"},"modified":"2025-03-13T13:45:53","modified_gmt":"2025-03-13T12:45:53","slug":"aikon-automatic-skeleton-ai6007-ss002-031-1","status":"publish","type":"product","link":"https:\/\/galli.ch\/en\/uhren\/maurice-lacroix\/aikon\/aikon-automatic-skeleton-ai6007-ss002-031-1\/","title":{"rendered":"Maurice Lacroix Aikon Automatic Skeleton"},"content":{"rendered":"<p>Inspiriert vom urbanen Stil, zeitgen\u00f6ssischer \u00c4sthetik, ergonomischem Design und einem mechanischen Herz ist dies der ideale Begleiter f\u00fcr das Stadtleben. Mit seinem verspielten Einsatz von Kontrasten und Formen setzt die AIKON Automatic ein mutiges Statement.<\/p>\n","protected":false},"excerpt":{"rendered":"<p>Inspiriert vom urbanen Stil, zeitgen\u00f6ssischer \u00c4sthetik, ergonomischem Design und einem mechanischen Herz ist dies der ideale Begleiter f\u00fcr das Stadtleben. Mit seinem verspielten Einsatz von Kontrasten und Formen setzt die AIKON Automatic ein mutiges Statement.<\/p>\n","protected":false},"featured_media":41696,"template":"","meta":{"_acf_changed":false,"inline_featured_image":false},"product_brand":[],"product_cat":[188],"product_tag":[],"class_list":{"0":"post-41703","1":"product","2":"type-product","3":"status-publish","4":"has-post-thumbnail","6":"uhrenhersteller-aikon","7":"uhrenhersteller-maurice-lacroix","8":"product_cat-uhren","10":"first","11":"outofstock","12":"taxable","13":"shipping-taxable","14":"purchasable","15":"product-type-simple"},"acf":[],"yoast_head":"<!-- This site is optimized with the Yoast SEO plugin v25.5 - https:\/\/yoast.com\/wordpress\/plugins\/seo\/ -->\n<title>Maurice Lacroix Aikon Automatic Skeleton - Galli Uhren Bijouterie<\/title>\n<meta name=\"robots\" content=\"index, follow, max-snippet:-1, max-image-preview:large, max-video-preview:-1\" \/>\n<link rel=\"canonical\" href=\"https:\/\/galli.ch\/uhren\/maurice-lacroix\/aikon\/aikon-automatic-skeleton-ai6007-ss002-031-1\/\" \/>\n<meta property=\"og:locale\" content=\"en_US\" \/>\n<meta property=\"og:type\" content=\"article\" \/>\n<meta property=\"og:title\" content=\"Maurice Lacroix Aikon Automatic Skeleton - Galli Uhren Bijouterie\" \/>\n<meta property=\"og:description\" content=\"Inspiriert vom urbanen Stil, zeitgen\u00f6ssischer \u00c4sthetik, ergonomischem Design und einem mechanischen Herz ist dies der ideale Begleiter f\u00fcr das Stadtleben. Mit seinem verspielten Einsatz von Kontrasten und Formen setzt die AIKON Automatic ein mutiges Statement.\" \/>\n<meta property=\"og:url\" content=\"https:\/\/galli.ch\/uhren\/maurice-lacroix\/aikon\/aikon-automatic-skeleton-ai6007-ss002-031-1\/\" \/>\n<meta property=\"og:site_name\" content=\"Galli Uhren Bijouterie\" \/>\n<meta property=\"article:modified_time\" content=\"2025-03-13T12:45:53+00:00\" \/>\n<meta property=\"og:image\" content=\"https:\/\/galli.ch\/wp-content\/uploads\/AI6007-SS002-031-1_soldat_1.png\" \/>\n\t<meta property=\"og:image:width\" content=\"1000\" \/>\n\t<meta property=\"og:image:height\" content=\"1400\" \/>\n\t<meta property=\"og:image:type\" content=\"image\/png\" \/>\n<meta name=\"twitter:card\" content=\"summary_large_image\" \/>\n<script type=\"application\/ld+json\" class=\"yoast-schema-graph\">{\"@context\":\"https:\/\/schema.org\",\"@graph\":[{\"@type\":\"WebPage\",\"@id\":\"https:\/\/galli.ch\/uhren\/maurice-lacroix\/aikon\/aikon-automatic-skeleton-ai6007-ss002-031-1\/\",\"url\":\"https:\/\/galli.ch\/uhren\/maurice-lacroix\/aikon\/aikon-automatic-skeleton-ai6007-ss002-031-1\/\",\"name\":\"Maurice Lacroix Aikon Automatic Skeleton - Galli Uhren Bijouterie\",\"isPartOf\":{\"@id\":\"http:\/\/galli.ch\/en\/#website\"},\"primaryImageOfPage\":{\"@id\":\"https:\/\/galli.ch\/uhren\/maurice-lacroix\/aikon\/aikon-automatic-skeleton-ai6007-ss002-031-1\/#primaryimage\"},\"image\":{\"@id\":\"https:\/\/galli.ch\/uhren\/maurice-lacroix\/aikon\/aikon-automatic-skeleton-ai6007-ss002-031-1\/#primaryimage\"},\"thumbnailUrl\":\"https:\/\/galli.ch\/wp-content\/uploads\/AI6007-SS002-031-1_soldat_1.png\",\"datePublished\":\"2025-02-25T09:43:34+00:00\",\"dateModified\":\"2025-03-13T12:45:53+00:00\",\"breadcrumb\":{\"@id\":\"https:\/\/galli.ch\/uhren\/maurice-lacroix\/aikon\/aikon-automatic-skeleton-ai6007-ss002-031-1\/#breadcrumb\"},\"inLanguage\":\"en-US\",\"potentialAction\":[{\"@type\":\"ReadAction\",\"target\":[\"https:\/\/galli.ch\/uhren\/maurice-lacroix\/aikon\/aikon-automatic-skeleton-ai6007-ss002-031-1\/\"]}]},{\"@type\":\"ImageObject\",\"inLanguage\":\"en-US\",\"@id\":\"https:\/\/galli.ch\/uhren\/maurice-lacroix\/aikon\/aikon-automatic-skeleton-ai6007-ss002-031-1\/#primaryimage\",\"url\":\"https:\/\/galli.ch\/wp-content\/uploads\/AI6007-SS002-031-1_soldat_1.png\",\"contentUrl\":\"https:\/\/galli.ch\/wp-content\/uploads\/AI6007-SS002-031-1_soldat_1.png\",\"width\":1000,\"height\":1400},{\"@type\":\"BreadcrumbList\",\"@id\":\"https:\/\/galli.ch\/uhren\/maurice-lacroix\/aikon\/aikon-automatic-skeleton-ai6007-ss002-031-1\/#breadcrumb\",\"itemListElement\":[{\"@type\":\"ListItem\",\"position\":1,\"name\":\"Home\",\"item\":\"https:\/\/galli.ch\/en\/\"},{\"@type\":\"ListItem\",\"position\":2,\"name\":\"Uhren\",\"item\":\"https:\/\/galli.ch\/en\/uhren\/\"},{\"@type\":\"ListItem\",\"position\":3,\"name\":\"Aikon Automatic Skeleton\"}]},{\"@type\":\"WebSite\",\"@id\":\"http:\/\/galli.ch\/en\/#website\",\"url\":\"http:\/\/galli.ch\/en\/\",\"name\":\"Galli Uhren Bijouterie\",\"description\":\"\",\"potentialAction\":[{\"@type\":\"SearchAction\",\"target\":{\"@type\":\"EntryPoint\",\"urlTemplate\":\"http:\/\/galli.ch\/en\/?s={search_term_string}\"},\"query-input\":{\"@type\":\"PropertyValueSpecification\",\"valueRequired\":true,\"valueName\":\"search_term_string\"}}],\"inLanguage\":\"en-US\"}]}<\/script>\n<!-- \/ Yoast SEO plugin. -->","yoast_head_json":{"title":"Maurice Lacroix Aikon Automatic Skeleton - Galli Uhren Bijouterie","robots":{"index":"index","follow":"follow","max-snippet":"max-snippet:-1","max-image-preview":"max-image-preview:large","max-video-preview":"max-video-preview:-1"},"canonical":"https:\/\/galli.ch\/uhren\/maurice-lacroix\/aikon\/aikon-automatic-skeleton-ai6007-ss002-031-1\/","og_locale":"en_US","og_type":"article","og_title":"Maurice Lacroix Aikon Automatic Skeleton - Galli Uhren Bijouterie","og_description":"Inspiriert vom urbanen Stil, zeitgen\u00f6ssischer \u00c4sthetik, ergonomischem Design und einem mechanischen Herz ist dies der ideale Begleiter f\u00fcr das Stadtleben. Mit seinem verspielten Einsatz von Kontrasten und Formen setzt die AIKON Automatic ein mutiges Statement.","og_url":"https:\/\/galli.ch\/uhren\/maurice-lacroix\/aikon\/aikon-automatic-skeleton-ai6007-ss002-031-1\/","og_site_name":"Galli Uhren Bijouterie","article_modified_time":"2025-03-13T12:45:53+00:00","og_image":[{"width":1000,"height":1400,"url":"https:\/\/galli.ch\/wp-content\/uploads\/AI6007-SS002-031-1_soldat_1.png","type":"image\/png"}],"twitter_card":"summary_large_image","schema":{"@context":"https:\/\/schema.org","@graph":[{"@type":"WebPage","@id":"https:\/\/galli.ch\/uhren\/maurice-lacroix\/aikon\/aikon-automatic-skeleton-ai6007-ss002-031-1\/","url":"https:\/\/galli.ch\/uhren\/maurice-lacroix\/aikon\/aikon-automatic-skeleton-ai6007-ss002-031-1\/","name":"Maurice Lacroix Aikon Automatic Skeleton - Galli Uhren Bijouterie","isPartOf":{"@id":"http:\/\/galli.ch\/en\/#website"},"primaryImageOfPage":{"@id":"https:\/\/galli.ch\/uhren\/maurice-lacroix\/aikon\/aikon-automatic-skeleton-ai6007-ss002-031-1\/#primaryimage"},"image":{"@id":"https:\/\/galli.ch\/uhren\/maurice-lacroix\/aikon\/aikon-automatic-skeleton-ai6007-ss002-031-1\/#primaryimage"},"thumbnailUrl":"https:\/\/galli.ch\/wp-content\/uploads\/AI6007-SS002-031-1_soldat_1.png","datePublished":"2025-02-25T09:43:34+00:00","dateModified":"2025-03-13T12:45:53+00:00","breadcrumb":{"@id":"https:\/\/galli.ch\/uhren\/maurice-lacroix\/aikon\/aikon-automatic-skeleton-ai6007-ss002-031-1\/#breadcrumb"},"inLanguage":"en-US","potentialAction":[{"@type":"ReadAction","target":["https:\/\/galli.ch\/uhren\/maurice-lacroix\/aikon\/aikon-automatic-skeleton-ai6007-ss002-031-1\/"]}]},{"@type":"ImageObject","inLanguage":"en-US","@id":"https:\/\/galli.ch\/uhren\/maurice-lacroix\/aikon\/aikon-automatic-skeleton-ai6007-ss002-031-1\/#primaryimage","url":"https:\/\/galli.ch\/wp-content\/uploads\/AI6007-SS002-031-1_soldat_1.png","contentUrl":"https:\/\/galli.ch\/wp-content\/uploads\/AI6007-SS002-031-1_soldat_1.png","width":1000,"height":1400},{"@type":"BreadcrumbList","@id":"https:\/\/galli.ch\/uhren\/maurice-lacroix\/aikon\/aikon-automatic-skeleton-ai6007-ss002-031-1\/#breadcrumb","itemListElement":[{"@type":"ListItem","position":1,"name":"Home","item":"https:\/\/galli.ch\/en\/"},{"@type":"ListItem","position":2,"name":"Uhren","item":"https:\/\/galli.ch\/en\/uhren\/"},{"@type":"ListItem","position":3,"name":"Aikon Automatic Skeleton"}]},{"@type":"WebSite","@id":"http:\/\/galli.ch\/en\/#website","url":"http:\/\/galli.ch\/en\/","name":"Galli Uhren Bijouterie","description":"","potentialAction":[{"@type":"SearchAction","target":{"@type":"EntryPoint","urlTemplate":"http:\/\/galli.ch\/en\/?s={search_term_string}"},"query-input":{"@type":"PropertyValueSpecification","valueRequired":true,"valueName":"search_term_string"}}],"inLanguage":"en-US"}]}},"_links":{"self":[{"href":"https:\/\/galli.ch\/en\/wp-json\/wp\/v2\/product\/41703","targetHints":{"allow":["GET"]}}],"collection":[{"href":"https:\/\/galli.ch\/en\/wp-json\/wp\/v2\/product"}],"about":[{"href":"https:\/\/galli.ch\/en\/wp-json\/wp\/v2\/types\/product"}],"wp:featuredmedia":[{"embeddable":true,"href":"https:\/\/galli.ch\/en\/wp-json\/wp\/v2\/media\/41696"}],"wp:attachment":[{"href":"https:\/\/galli.ch\/en\/wp-json\/wp\/v2\/media?parent=41703"}],"wp:term":[{"taxonomy":"product_brand","embeddable":true,"href":"https:\/\/galli.ch\/en\/wp-json\/wp\/v2\/product_brand?post=41703"},{"taxonomy":"product_cat","embeddable":true,"href":"https:\/\/galli.ch\/en\/wp-json\/wp\/v2\/product_cat?post=41703"},{"taxonomy":"product_tag","embeddable":true,"href":"https:\/\/galli.ch\/en\/wp-json\/wp\/v2\/product_tag?post=41703"}],"curies":[{"name":"wp","href":"https:\/\/api.w.org\/{rel}","templated":true}]}}