{"id":41806,"date":"2025-03-12T16:16:01","date_gmt":"2025-03-12T15:16:01","guid":{"rendered":"https:\/\/galli.ch\/?post_type=product&#038;p=41806"},"modified":"2025-03-14T16:56:28","modified_gmt":"2025-03-14T15:56:28","slug":"rolex-cosmograph-daytona-16520","status":"publish","type":"product","link":"https:\/\/galli.ch\/en\/uhren\/galli-cpo\/rolex\/rolex-cosmograph-daytona-16520\/","title":{"rendered":"Rolex Cosmograph Daytona"},"content":{"rendered":"<p>Die Rolex Cosmograph Daytona ist eine ikonische Chronographenuhr, die f\u00fcr ihre Pr\u00e4zision und ihr sportliches Design bekannt ist. Diese Uhr wurde \u00fcber einen bestimmten Zeitraum gefertigt und ist ein Symbol f\u00fcr die Verbindung von Rolex mit dem Motorsport. Mit ihrem Edelstahlgeh\u00e4use, der Tachymeter-L\u00fcnette und den charakteristischen Hilfszifferbl\u00e4ttern bleibt sie ein begehrtes Sammlerst\u00fcck.<\/p>\n<p>Jahrgang: 1995<\/p>\n<p>Zustand: Gut<\/p>\n<p>Original Papiere: Ja<\/p>\n<p>Original Box: Ja<\/p>\n","protected":false},"excerpt":{"rendered":"<p>Die Rolex Cosmograph Daytona ist eine ikonische Chronographenuhr, die f\u00fcr ihre Pr\u00e4zision und ihr sportliches Design bekannt ist. Diese Uhr wurde \u00fcber einen bestimmten Zeitraum gefertigt und ist ein Symbol f\u00fcr die Verbindung von Rolex mit dem Motorsport. Mit ihrem Edelstahlgeh\u00e4use, der Tachymeter-L\u00fcnette und den charakteristischen Hilfszifferbl\u00e4ttern bleibt sie ein begehrtes Sammlerst\u00fcck. Jahrgang: 1995 Zustand:&#8230;  <a class=\"excerpt-read-more\" href=\"https:\/\/galli.ch\/en\/uhren\/galli-cpo\/rolex\/rolex-cosmograph-daytona-16520\/\" title=\"Read Rolex Cosmograph Daytona\">Weiter &raquo;<\/a><\/p>\n","protected":false},"featured_media":41850,"template":"","meta":{"_acf_changed":false,"inline_featured_image":false},"product_brand":[],"product_cat":[188],"product_tag":[],"class_list":{"0":"post-41806","1":"product","2":"type-product","3":"status-publish","4":"has-post-thumbnail","6":"uhrenhersteller-galli-cpo","7":"uhrenhersteller-rolex","8":"product_cat-uhren","10":"first","11":"instock","12":"taxable","13":"shipping-taxable","14":"purchasable","15":"product-type-simple"},"acf":[],"yoast_head":"<!-- This site is optimized with the Yoast SEO plugin v25.5 - https:\/\/yoast.com\/wordpress\/plugins\/seo\/ -->\n<title>Rolex Cosmograph Daytona - Galli Uhren Bijouterie<\/title>\n<meta name=\"robots\" content=\"index, follow, max-snippet:-1, max-image-preview:large, max-video-preview:-1\" \/>\n<link rel=\"canonical\" href=\"https:\/\/galli.ch\/uhren\/galli-cpo\/rolex-cosmograph-daytona-16520\/\" \/>\n<meta property=\"og:locale\" content=\"en_US\" \/>\n<meta property=\"og:type\" content=\"article\" \/>\n<meta property=\"og:title\" content=\"Rolex Cosmograph Daytona - Galli Uhren Bijouterie\" \/>\n<meta property=\"og:description\" content=\"Die Rolex Cosmograph Daytona ist eine ikonische Chronographenuhr, die f\u00fcr ihre Pr\u00e4zision und ihr sportliches Design bekannt ist. Diese Uhr wurde \u00fcber einen bestimmten Zeitraum gefertigt und ist ein Symbol f\u00fcr die Verbindung von Rolex mit dem Motorsport. Mit ihrem Edelstahlgeh\u00e4use, der Tachymeter-L\u00fcnette und den charakteristischen Hilfszifferbl\u00e4ttern bleibt sie ein begehrtes Sammlerst\u00fcck. Jahrgang: 1995 Zustand:... Weiter &raquo;\" \/>\n<meta property=\"og:url\" content=\"https:\/\/galli.ch\/uhren\/galli-cpo\/rolex-cosmograph-daytona-16520\/\" \/>\n<meta property=\"og:site_name\" content=\"Galli Uhren Bijouterie\" \/>\n<meta property=\"article:modified_time\" content=\"2025-03-14T15:56:28+00:00\" \/>\n<meta property=\"og:image\" content=\"https:\/\/galli.ch\/wp-content\/uploads\/IMG_3916.png\" \/>\n\t<meta property=\"og:image:width\" content=\"1000\" \/>\n\t<meta property=\"og:image:height\" content=\"1400\" \/>\n\t<meta property=\"og:image:type\" content=\"image\/png\" \/>\n<meta name=\"twitter:card\" content=\"summary_large_image\" \/>\n<script type=\"application\/ld+json\" class=\"yoast-schema-graph\">{\"@context\":\"https:\/\/schema.org\",\"@graph\":[{\"@type\":\"WebPage\",\"@id\":\"https:\/\/galli.ch\/uhren\/galli-cpo\/rolex-cosmograph-daytona-16520\/\",\"url\":\"https:\/\/galli.ch\/uhren\/galli-cpo\/rolex-cosmograph-daytona-16520\/\",\"name\":\"Rolex Cosmograph Daytona - Galli Uhren Bijouterie\",\"isPartOf\":{\"@id\":\"http:\/\/galli.ch\/en\/#website\"},\"primaryImageOfPage\":{\"@id\":\"https:\/\/galli.ch\/uhren\/galli-cpo\/rolex-cosmograph-daytona-16520\/#primaryimage\"},\"image\":{\"@id\":\"https:\/\/galli.ch\/uhren\/galli-cpo\/rolex-cosmograph-daytona-16520\/#primaryimage\"},\"thumbnailUrl\":\"https:\/\/galli.ch\/wp-content\/uploads\/IMG_3916.png\",\"datePublished\":\"2025-03-12T15:16:01+00:00\",\"dateModified\":\"2025-03-14T15:56:28+00:00\",\"breadcrumb\":{\"@id\":\"https:\/\/galli.ch\/uhren\/galli-cpo\/rolex-cosmograph-daytona-16520\/#breadcrumb\"},\"inLanguage\":\"en-US\",\"potentialAction\":[{\"@type\":\"ReadAction\",\"target\":[\"https:\/\/galli.ch\/uhren\/galli-cpo\/rolex-cosmograph-daytona-16520\/\"]}]},{\"@type\":\"ImageObject\",\"inLanguage\":\"en-US\",\"@id\":\"https:\/\/galli.ch\/uhren\/galli-cpo\/rolex-cosmograph-daytona-16520\/#primaryimage\",\"url\":\"https:\/\/galli.ch\/wp-content\/uploads\/IMG_3916.png\",\"contentUrl\":\"https:\/\/galli.ch\/wp-content\/uploads\/IMG_3916.png\",\"width\":1000,\"height\":1400},{\"@type\":\"BreadcrumbList\",\"@id\":\"https:\/\/galli.ch\/uhren\/galli-cpo\/rolex-cosmograph-daytona-16520\/#breadcrumb\",\"itemListElement\":[{\"@type\":\"ListItem\",\"position\":1,\"name\":\"Home\",\"item\":\"https:\/\/galli.ch\/en\/\"},{\"@type\":\"ListItem\",\"position\":2,\"name\":\"Uhren\",\"item\":\"https:\/\/galli.ch\/en\/uhren\/\"},{\"@type\":\"ListItem\",\"position\":3,\"name\":\"Rolex Cosmograph Daytona\"}]},{\"@type\":\"WebSite\",\"@id\":\"http:\/\/galli.ch\/en\/#website\",\"url\":\"http:\/\/galli.ch\/en\/\",\"name\":\"Galli Uhren Bijouterie\",\"description\":\"\",\"potentialAction\":[{\"@type\":\"SearchAction\",\"target\":{\"@type\":\"EntryPoint\",\"urlTemplate\":\"http:\/\/galli.ch\/en\/?s={search_term_string}\"},\"query-input\":{\"@type\":\"PropertyValueSpecification\",\"valueRequired\":true,\"valueName\":\"search_term_string\"}}],\"inLanguage\":\"en-US\"}]}<\/script>\n<!-- \/ Yoast SEO plugin. -->","yoast_head_json":{"title":"Rolex Cosmograph Daytona - Galli Uhren Bijouterie","robots":{"index":"index","follow":"follow","max-snippet":"max-snippet:-1","max-image-preview":"max-image-preview:large","max-video-preview":"max-video-preview:-1"},"canonical":"https:\/\/galli.ch\/uhren\/galli-cpo\/rolex-cosmograph-daytona-16520\/","og_locale":"en_US","og_type":"article","og_title":"Rolex Cosmograph Daytona - Galli Uhren Bijouterie","og_description":"Die Rolex Cosmograph Daytona ist eine ikonische Chronographenuhr, die f\u00fcr ihre Pr\u00e4zision und ihr sportliches Design bekannt ist. Diese Uhr wurde \u00fcber einen bestimmten Zeitraum gefertigt und ist ein Symbol f\u00fcr die Verbindung von Rolex mit dem Motorsport. Mit ihrem Edelstahlgeh\u00e4use, der Tachymeter-L\u00fcnette und den charakteristischen Hilfszifferbl\u00e4ttern bleibt sie ein begehrtes Sammlerst\u00fcck. Jahrgang: 1995 Zustand:... Weiter &raquo;","og_url":"https:\/\/galli.ch\/uhren\/galli-cpo\/rolex-cosmograph-daytona-16520\/","og_site_name":"Galli Uhren Bijouterie","article_modified_time":"2025-03-14T15:56:28+00:00","og_image":[{"width":1000,"height":1400,"url":"https:\/\/galli.ch\/wp-content\/uploads\/IMG_3916.png","type":"image\/png"}],"twitter_card":"summary_large_image","schema":{"@context":"https:\/\/schema.org","@graph":[{"@type":"WebPage","@id":"https:\/\/galli.ch\/uhren\/galli-cpo\/rolex-cosmograph-daytona-16520\/","url":"https:\/\/galli.ch\/uhren\/galli-cpo\/rolex-cosmograph-daytona-16520\/","name":"Rolex Cosmograph Daytona - Galli Uhren Bijouterie","isPartOf":{"@id":"http:\/\/galli.ch\/en\/#website"},"primaryImageOfPage":{"@id":"https:\/\/galli.ch\/uhren\/galli-cpo\/rolex-cosmograph-daytona-16520\/#primaryimage"},"image":{"@id":"https:\/\/galli.ch\/uhren\/galli-cpo\/rolex-cosmograph-daytona-16520\/#primaryimage"},"thumbnailUrl":"https:\/\/galli.ch\/wp-content\/uploads\/IMG_3916.png","datePublished":"2025-03-12T15:16:01+00:00","dateModified":"2025-03-14T15:56:28+00:00","breadcrumb":{"@id":"https:\/\/galli.ch\/uhren\/galli-cpo\/rolex-cosmograph-daytona-16520\/#breadcrumb"},"inLanguage":"en-US","potentialAction":[{"@type":"ReadAction","target":["https:\/\/galli.ch\/uhren\/galli-cpo\/rolex-cosmograph-daytona-16520\/"]}]},{"@type":"ImageObject","inLanguage":"en-US","@id":"https:\/\/galli.ch\/uhren\/galli-cpo\/rolex-cosmograph-daytona-16520\/#primaryimage","url":"https:\/\/galli.ch\/wp-content\/uploads\/IMG_3916.png","contentUrl":"https:\/\/galli.ch\/wp-content\/uploads\/IMG_3916.png","width":1000,"height":1400},{"@type":"BreadcrumbList","@id":"https:\/\/galli.ch\/uhren\/galli-cpo\/rolex-cosmograph-daytona-16520\/#breadcrumb","itemListElement":[{"@type":"ListItem","position":1,"name":"Home","item":"https:\/\/galli.ch\/en\/"},{"@type":"ListItem","position":2,"name":"Uhren","item":"https:\/\/galli.ch\/en\/uhren\/"},{"@type":"ListItem","position":3,"name":"Rolex Cosmograph Daytona"}]},{"@type":"WebSite","@id":"http:\/\/galli.ch\/en\/#website","url":"http:\/\/galli.ch\/en\/","name":"Galli Uhren Bijouterie","description":"","potentialAction":[{"@type":"SearchAction","target":{"@type":"EntryPoint","urlTemplate":"http:\/\/galli.ch\/en\/?s={search_term_string}"},"query-input":{"@type":"PropertyValueSpecification","valueRequired":true,"valueName":"search_term_string"}}],"inLanguage":"en-US"}]}},"_links":{"self":[{"href":"https:\/\/galli.ch\/en\/wp-json\/wp\/v2\/product\/41806","targetHints":{"allow":["GET"]}}],"collection":[{"href":"https:\/\/galli.ch\/en\/wp-json\/wp\/v2\/product"}],"about":[{"href":"https:\/\/galli.ch\/en\/wp-json\/wp\/v2\/types\/product"}],"wp:featuredmedia":[{"embeddable":true,"href":"https:\/\/galli.ch\/en\/wp-json\/wp\/v2\/media\/41850"}],"wp:attachment":[{"href":"https:\/\/galli.ch\/en\/wp-json\/wp\/v2\/media?parent=41806"}],"wp:term":[{"taxonomy":"product_brand","embeddable":true,"href":"https:\/\/galli.ch\/en\/wp-json\/wp\/v2\/product_brand?post=41806"},{"taxonomy":"product_cat","embeddable":true,"href":"https:\/\/galli.ch\/en\/wp-json\/wp\/v2\/product_cat?post=41806"},{"taxonomy":"product_tag","embeddable":true,"href":"https:\/\/galli.ch\/en\/wp-json\/wp\/v2\/product_tag?post=41806"}],"curies":[{"name":"wp","href":"https:\/\/api.w.org\/{rel}","templated":true}]}}