{"id":41814,"date":"2025-03-12T17:31:34","date_gmt":"2025-03-12T16:31:34","guid":{"rendered":"https:\/\/galli.ch\/?post_type=product&#038;p=41814"},"modified":"2025-03-15T19:47:00","modified_gmt":"2025-03-15T18:47:00","slug":"audemars-piquet-royal-oak-offshore-sachin-tendulkar-26182st-oo-d018cr-01","status":"publish","type":"product","link":"https:\/\/galli.ch\/en\/uhren\/galli-cpo\/audemars-piguet\/audemars-piquet-royal-oak-offshore-sachin-tendulkar-26182st-oo-d018cr-01\/","title":{"rendered":"Audemars Piquet Royal Oak Offshore &#8220;Sachin Tendulkar&#8221;"},"content":{"rendered":"<p>Die Audemars Piguet Royal Oak Offshore Sachin Tendulkar ist eine limitierte Sonderedition, die zu Ehren der indischen Cricket-Legende Sachin Tendulkar entworfen wurde. Sie kombiniert sportliche Eleganz mit markanter \u00c4sthetik und verf\u00fcgt \u00fcber ein robustes Edelstahlgeh\u00e4use, ein blaues Zifferblatt mit \u201eM\u00e9ga Tapisserie\u201c-Muster und Chronographen-Funktionen.<\/p>\n<p>Jahrgang: 2009<\/p>\n<p>Zustand: Ungetragen<\/p>\n<p>Original Papiere: Nein<\/p>\n<p>Original Box: Ja<\/p>\n<p>Garantie: Service Garantie bis\u00a0Juni 2026<\/p>\n","protected":false},"excerpt":{"rendered":"<p>Die Audemars Piguet Royal Oak Offshore Sachin Tendulkar ist eine limitierte Sonderedition, die zu Ehren der indischen Cricket-Legende Sachin Tendulkar entworfen wurde. Sie kombiniert sportliche Eleganz mit markanter \u00c4sthetik und verf\u00fcgt \u00fcber ein robustes Edelstahlgeh\u00e4use, ein blaues Zifferblatt mit \u201eM\u00e9ga Tapisserie\u201c-Muster und Chronographen-Funktionen. Jahrgang: 2009 Zustand: Ungetragen Original Papiere: Nein Original Box: Ja Garantie: Service&#8230;  <a class=\"excerpt-read-more\" href=\"https:\/\/galli.ch\/en\/uhren\/galli-cpo\/audemars-piguet\/audemars-piquet-royal-oak-offshore-sachin-tendulkar-26182st-oo-d018cr-01\/\" title=\"Read Audemars Piquet Royal Oak Offshore &#8220;Sachin Tendulkar&#8221;\">Weiter &raquo;<\/a><\/p>\n","protected":false},"featured_media":41856,"template":"","meta":{"_acf_changed":false,"inline_featured_image":false},"product_brand":[],"product_cat":[188],"product_tag":[],"class_list":{"0":"post-41814","1":"product","2":"type-product","3":"status-publish","4":"has-post-thumbnail","6":"uhrenhersteller-galli-cpo","7":"uhrenhersteller-audemars-piguet","8":"product_cat-uhren","10":"first","11":"instock","12":"taxable","13":"shipping-taxable","14":"purchasable","15":"product-type-simple"},"acf":[],"yoast_head":"<!-- This site is optimized with the Yoast SEO plugin v25.5 - https:\/\/yoast.com\/wordpress\/plugins\/seo\/ -->\n<title>Audemars Piquet Royal Oak Offshore &quot;Sachin Tendulkar&quot; - Galli Uhren Bijouterie<\/title>\n<meta name=\"robots\" content=\"index, follow, max-snippet:-1, max-image-preview:large, max-video-preview:-1\" \/>\n<link rel=\"canonical\" href=\"https:\/\/galli.ch\/uhren\/galli-cpo\/audemars-piquet-royal-oak-offshore-sachin-tendulkar-26182st-oo-d018cr-01\/\" \/>\n<meta property=\"og:locale\" content=\"en_US\" \/>\n<meta property=\"og:type\" content=\"article\" \/>\n<meta property=\"og:title\" content=\"Audemars Piquet Royal Oak Offshore &quot;Sachin Tendulkar&quot; - Galli Uhren Bijouterie\" \/>\n<meta property=\"og:description\" content=\"Die Audemars Piguet Royal Oak Offshore Sachin Tendulkar ist eine limitierte Sonderedition, die zu Ehren der indischen Cricket-Legende Sachin Tendulkar entworfen wurde. Sie kombiniert sportliche Eleganz mit markanter \u00c4sthetik und verf\u00fcgt \u00fcber ein robustes Edelstahlgeh\u00e4use, ein blaues Zifferblatt mit \u201eM\u00e9ga Tapisserie\u201c-Muster und Chronographen-Funktionen. Jahrgang: 2009 Zustand: Ungetragen Original Papiere: Nein Original Box: Ja Garantie: Service... Weiter &raquo;\" \/>\n<meta property=\"og:url\" content=\"https:\/\/galli.ch\/uhren\/galli-cpo\/audemars-piquet-royal-oak-offshore-sachin-tendulkar-26182st-oo-d018cr-01\/\" \/>\n<meta property=\"og:site_name\" content=\"Galli Uhren Bijouterie\" \/>\n<meta property=\"article:modified_time\" content=\"2025-03-15T18:47:00+00:00\" \/>\n<meta property=\"og:image\" content=\"https:\/\/galli.ch\/wp-content\/uploads\/IMG_3932.png\" \/>\n\t<meta property=\"og:image:width\" content=\"1000\" \/>\n\t<meta property=\"og:image:height\" content=\"1400\" \/>\n\t<meta property=\"og:image:type\" content=\"image\/png\" \/>\n<meta name=\"twitter:card\" content=\"summary_large_image\" \/>\n<script type=\"application\/ld+json\" class=\"yoast-schema-graph\">{\"@context\":\"https:\/\/schema.org\",\"@graph\":[{\"@type\":\"WebPage\",\"@id\":\"https:\/\/galli.ch\/uhren\/galli-cpo\/audemars-piquet-royal-oak-offshore-sachin-tendulkar-26182st-oo-d018cr-01\/\",\"url\":\"https:\/\/galli.ch\/uhren\/galli-cpo\/audemars-piquet-royal-oak-offshore-sachin-tendulkar-26182st-oo-d018cr-01\/\",\"name\":\"Audemars Piquet Royal Oak Offshore \\\"Sachin Tendulkar\\\" - Galli Uhren Bijouterie\",\"isPartOf\":{\"@id\":\"http:\/\/galli.ch\/en\/#website\"},\"primaryImageOfPage\":{\"@id\":\"https:\/\/galli.ch\/uhren\/galli-cpo\/audemars-piquet-royal-oak-offshore-sachin-tendulkar-26182st-oo-d018cr-01\/#primaryimage\"},\"image\":{\"@id\":\"https:\/\/galli.ch\/uhren\/galli-cpo\/audemars-piquet-royal-oak-offshore-sachin-tendulkar-26182st-oo-d018cr-01\/#primaryimage\"},\"thumbnailUrl\":\"https:\/\/galli.ch\/wp-content\/uploads\/IMG_3932.png\",\"datePublished\":\"2025-03-12T16:31:34+00:00\",\"dateModified\":\"2025-03-15T18:47:00+00:00\",\"breadcrumb\":{\"@id\":\"https:\/\/galli.ch\/uhren\/galli-cpo\/audemars-piquet-royal-oak-offshore-sachin-tendulkar-26182st-oo-d018cr-01\/#breadcrumb\"},\"inLanguage\":\"en-US\",\"potentialAction\":[{\"@type\":\"ReadAction\",\"target\":[\"https:\/\/galli.ch\/uhren\/galli-cpo\/audemars-piquet-royal-oak-offshore-sachin-tendulkar-26182st-oo-d018cr-01\/\"]}]},{\"@type\":\"ImageObject\",\"inLanguage\":\"en-US\",\"@id\":\"https:\/\/galli.ch\/uhren\/galli-cpo\/audemars-piquet-royal-oak-offshore-sachin-tendulkar-26182st-oo-d018cr-01\/#primaryimage\",\"url\":\"https:\/\/galli.ch\/wp-content\/uploads\/IMG_3932.png\",\"contentUrl\":\"https:\/\/galli.ch\/wp-content\/uploads\/IMG_3932.png\",\"width\":1000,\"height\":1400},{\"@type\":\"BreadcrumbList\",\"@id\":\"https:\/\/galli.ch\/uhren\/galli-cpo\/audemars-piquet-royal-oak-offshore-sachin-tendulkar-26182st-oo-d018cr-01\/#breadcrumb\",\"itemListElement\":[{\"@type\":\"ListItem\",\"position\":1,\"name\":\"Home\",\"item\":\"https:\/\/galli.ch\/en\/\"},{\"@type\":\"ListItem\",\"position\":2,\"name\":\"Uhren\",\"item\":\"https:\/\/galli.ch\/en\/uhren\/\"},{\"@type\":\"ListItem\",\"position\":3,\"name\":\"Audemars Piquet Royal Oak Offshore &#8220;Sachin Tendulkar&#8221;\"}]},{\"@type\":\"WebSite\",\"@id\":\"http:\/\/galli.ch\/en\/#website\",\"url\":\"http:\/\/galli.ch\/en\/\",\"name\":\"Galli Uhren Bijouterie\",\"description\":\"\",\"potentialAction\":[{\"@type\":\"SearchAction\",\"target\":{\"@type\":\"EntryPoint\",\"urlTemplate\":\"http:\/\/galli.ch\/en\/?s={search_term_string}\"},\"query-input\":{\"@type\":\"PropertyValueSpecification\",\"valueRequired\":true,\"valueName\":\"search_term_string\"}}],\"inLanguage\":\"en-US\"}]}<\/script>\n<!-- \/ Yoast SEO plugin. -->","yoast_head_json":{"title":"Audemars Piquet Royal Oak Offshore \"Sachin Tendulkar\" - Galli Uhren Bijouterie","robots":{"index":"index","follow":"follow","max-snippet":"max-snippet:-1","max-image-preview":"max-image-preview:large","max-video-preview":"max-video-preview:-1"},"canonical":"https:\/\/galli.ch\/uhren\/galli-cpo\/audemars-piquet-royal-oak-offshore-sachin-tendulkar-26182st-oo-d018cr-01\/","og_locale":"en_US","og_type":"article","og_title":"Audemars Piquet Royal Oak Offshore \"Sachin Tendulkar\" - Galli Uhren Bijouterie","og_description":"Die Audemars Piguet Royal Oak Offshore Sachin Tendulkar ist eine limitierte Sonderedition, die zu Ehren der indischen Cricket-Legende Sachin Tendulkar entworfen wurde. Sie kombiniert sportliche Eleganz mit markanter \u00c4sthetik und verf\u00fcgt \u00fcber ein robustes Edelstahlgeh\u00e4use, ein blaues Zifferblatt mit \u201eM\u00e9ga Tapisserie\u201c-Muster und Chronographen-Funktionen. Jahrgang: 2009 Zustand: Ungetragen Original Papiere: Nein Original Box: Ja Garantie: Service... Weiter &raquo;","og_url":"https:\/\/galli.ch\/uhren\/galli-cpo\/audemars-piquet-royal-oak-offshore-sachin-tendulkar-26182st-oo-d018cr-01\/","og_site_name":"Galli Uhren Bijouterie","article_modified_time":"2025-03-15T18:47:00+00:00","og_image":[{"width":1000,"height":1400,"url":"https:\/\/galli.ch\/wp-content\/uploads\/IMG_3932.png","type":"image\/png"}],"twitter_card":"summary_large_image","schema":{"@context":"https:\/\/schema.org","@graph":[{"@type":"WebPage","@id":"https:\/\/galli.ch\/uhren\/galli-cpo\/audemars-piquet-royal-oak-offshore-sachin-tendulkar-26182st-oo-d018cr-01\/","url":"https:\/\/galli.ch\/uhren\/galli-cpo\/audemars-piquet-royal-oak-offshore-sachin-tendulkar-26182st-oo-d018cr-01\/","name":"Audemars Piquet Royal Oak Offshore \"Sachin Tendulkar\" - Galli Uhren Bijouterie","isPartOf":{"@id":"http:\/\/galli.ch\/en\/#website"},"primaryImageOfPage":{"@id":"https:\/\/galli.ch\/uhren\/galli-cpo\/audemars-piquet-royal-oak-offshore-sachin-tendulkar-26182st-oo-d018cr-01\/#primaryimage"},"image":{"@id":"https:\/\/galli.ch\/uhren\/galli-cpo\/audemars-piquet-royal-oak-offshore-sachin-tendulkar-26182st-oo-d018cr-01\/#primaryimage"},"thumbnailUrl":"https:\/\/galli.ch\/wp-content\/uploads\/IMG_3932.png","datePublished":"2025-03-12T16:31:34+00:00","dateModified":"2025-03-15T18:47:00+00:00","breadcrumb":{"@id":"https:\/\/galli.ch\/uhren\/galli-cpo\/audemars-piquet-royal-oak-offshore-sachin-tendulkar-26182st-oo-d018cr-01\/#breadcrumb"},"inLanguage":"en-US","potentialAction":[{"@type":"ReadAction","target":["https:\/\/galli.ch\/uhren\/galli-cpo\/audemars-piquet-royal-oak-offshore-sachin-tendulkar-26182st-oo-d018cr-01\/"]}]},{"@type":"ImageObject","inLanguage":"en-US","@id":"https:\/\/galli.ch\/uhren\/galli-cpo\/audemars-piquet-royal-oak-offshore-sachin-tendulkar-26182st-oo-d018cr-01\/#primaryimage","url":"https:\/\/galli.ch\/wp-content\/uploads\/IMG_3932.png","contentUrl":"https:\/\/galli.ch\/wp-content\/uploads\/IMG_3932.png","width":1000,"height":1400},{"@type":"BreadcrumbList","@id":"https:\/\/galli.ch\/uhren\/galli-cpo\/audemars-piquet-royal-oak-offshore-sachin-tendulkar-26182st-oo-d018cr-01\/#breadcrumb","itemListElement":[{"@type":"ListItem","position":1,"name":"Home","item":"https:\/\/galli.ch\/en\/"},{"@type":"ListItem","position":2,"name":"Uhren","item":"https:\/\/galli.ch\/en\/uhren\/"},{"@type":"ListItem","position":3,"name":"Audemars Piquet Royal Oak Offshore &#8220;Sachin Tendulkar&#8221;"}]},{"@type":"WebSite","@id":"http:\/\/galli.ch\/en\/#website","url":"http:\/\/galli.ch\/en\/","name":"Galli Uhren Bijouterie","description":"","potentialAction":[{"@type":"SearchAction","target":{"@type":"EntryPoint","urlTemplate":"http:\/\/galli.ch\/en\/?s={search_term_string}"},"query-input":{"@type":"PropertyValueSpecification","valueRequired":true,"valueName":"search_term_string"}}],"inLanguage":"en-US"}]}},"_links":{"self":[{"href":"https:\/\/galli.ch\/en\/wp-json\/wp\/v2\/product\/41814","targetHints":{"allow":["GET"]}}],"collection":[{"href":"https:\/\/galli.ch\/en\/wp-json\/wp\/v2\/product"}],"about":[{"href":"https:\/\/galli.ch\/en\/wp-json\/wp\/v2\/types\/product"}],"wp:featuredmedia":[{"embeddable":true,"href":"https:\/\/galli.ch\/en\/wp-json\/wp\/v2\/media\/41856"}],"wp:attachment":[{"href":"https:\/\/galli.ch\/en\/wp-json\/wp\/v2\/media?parent=41814"}],"wp:term":[{"taxonomy":"product_brand","embeddable":true,"href":"https:\/\/galli.ch\/en\/wp-json\/wp\/v2\/product_brand?post=41814"},{"taxonomy":"product_cat","embeddable":true,"href":"https:\/\/galli.ch\/en\/wp-json\/wp\/v2\/product_cat?post=41814"},{"taxonomy":"product_tag","embeddable":true,"href":"https:\/\/galli.ch\/en\/wp-json\/wp\/v2\/product_tag?post=41814"}],"curies":[{"name":"wp","href":"https:\/\/api.w.org\/{rel}","templated":true}]}}