{"id":41860,"date":"2025-03-14T17:56:21","date_gmt":"2025-03-14T16:56:21","guid":{"rendered":"https:\/\/galli.ch\/?post_type=product&#038;p=41860"},"modified":"2025-04-19T15:33:25","modified_gmt":"2025-04-19T13:33:25","slug":"audemars-piguet-royal-oak-15300st-oo-1220st-01","status":"publish","type":"product","link":"https:\/\/galli.ch\/en\/uhren\/galli-cpo\/audemars-piguet\/audemars-piguet-royal-oak-15300st-oo-1220st-01\/","title":{"rendered":"Audemars Piguet Royal Oak"},"content":{"rendered":"<p>Die Audemars Piguet Royal Oak ist eine au\u00dfergew\u00f6hnliche Luxusuhr, die f\u00fcr ihr revolution\u00e4res Design und ihre exquisite Handwerkskunst bekannt ist. Sie ist ein Symbol f\u00fcr Eleganz und Sportlichkeit und wird von Uhrenliebhabern und Sammlern weltweit gesch\u00e4tzt.<\/p>\n<p>Jahrgang: 2009<\/p>\n<p>Zustand: Gut<\/p>\n<p>Original Papiere: Nein<\/p>\n<p>Original Box: Ja<\/p>\n","protected":false},"excerpt":{"rendered":"<p>Die Audemars Piguet Royal Oak ist eine au\u00dfergew\u00f6hnliche Luxusuhr, die f\u00fcr ihr revolution\u00e4res Design und ihre exquisite Handwerkskunst bekannt ist. Sie ist ein Symbol f\u00fcr Eleganz und Sportlichkeit und wird von Uhrenliebhabern und Sammlern weltweit gesch\u00e4tzt. Jahrgang: 2009 Zustand: Gut Original Papiere: Nein Original Box: Ja<\/p>\n","protected":false},"featured_media":41861,"template":"","meta":{"_acf_changed":false,"inline_featured_image":false},"product_brand":[],"product_cat":[188],"product_tag":[],"class_list":{"0":"post-41860","1":"product","2":"type-product","3":"status-publish","4":"has-post-thumbnail","6":"uhrenhersteller-galli-cpo","7":"uhrenhersteller-audemars-piguet","8":"product_cat-uhren","10":"first","11":"instock","12":"taxable","13":"shipping-taxable","14":"purchasable","15":"product-type-simple"},"acf":[],"yoast_head":"<!-- This site is optimized with the Yoast SEO plugin v25.5 - https:\/\/yoast.com\/wordpress\/plugins\/seo\/ -->\n<title>Audemars Piguet Royal Oak - Galli Uhren Bijouterie<\/title>\n<meta name=\"robots\" content=\"index, follow, max-snippet:-1, max-image-preview:large, max-video-preview:-1\" \/>\n<link rel=\"canonical\" href=\"https:\/\/galli.ch\/uhren\/galli-cpo\/audemars-piguet-royal-oak-15300st-oo-1220st-01\/\" \/>\n<meta property=\"og:locale\" content=\"en_US\" \/>\n<meta property=\"og:type\" content=\"article\" \/>\n<meta property=\"og:title\" content=\"Audemars Piguet Royal Oak - Galli Uhren Bijouterie\" \/>\n<meta property=\"og:description\" content=\"Die Audemars Piguet Royal Oak ist eine au\u00dfergew\u00f6hnliche Luxusuhr, die f\u00fcr ihr revolution\u00e4res Design und ihre exquisite Handwerkskunst bekannt ist. Sie ist ein Symbol f\u00fcr Eleganz und Sportlichkeit und wird von Uhrenliebhabern und Sammlern weltweit gesch\u00e4tzt. Jahrgang: 2009 Zustand: Gut Original Papiere: Nein Original Box: Ja\" \/>\n<meta property=\"og:url\" content=\"https:\/\/galli.ch\/uhren\/galli-cpo\/audemars-piguet-royal-oak-15300st-oo-1220st-01\/\" \/>\n<meta property=\"og:site_name\" content=\"Galli Uhren Bijouterie\" \/>\n<meta property=\"article:modified_time\" content=\"2025-04-19T13:33:25+00:00\" \/>\n<meta property=\"og:image\" content=\"https:\/\/galli.ch\/wp-content\/uploads\/IMG_3909.png\" \/>\n\t<meta property=\"og:image:width\" content=\"1000\" \/>\n\t<meta property=\"og:image:height\" content=\"1400\" \/>\n\t<meta property=\"og:image:type\" content=\"image\/png\" \/>\n<meta name=\"twitter:card\" content=\"summary_large_image\" \/>\n<script type=\"application\/ld+json\" class=\"yoast-schema-graph\">{\"@context\":\"https:\/\/schema.org\",\"@graph\":[{\"@type\":\"WebPage\",\"@id\":\"https:\/\/galli.ch\/uhren\/galli-cpo\/audemars-piguet-royal-oak-15300st-oo-1220st-01\/\",\"url\":\"https:\/\/galli.ch\/uhren\/galli-cpo\/audemars-piguet-royal-oak-15300st-oo-1220st-01\/\",\"name\":\"Audemars Piguet Royal Oak - Galli Uhren Bijouterie\",\"isPartOf\":{\"@id\":\"http:\/\/galli.ch\/en\/#website\"},\"primaryImageOfPage\":{\"@id\":\"https:\/\/galli.ch\/uhren\/galli-cpo\/audemars-piguet-royal-oak-15300st-oo-1220st-01\/#primaryimage\"},\"image\":{\"@id\":\"https:\/\/galli.ch\/uhren\/galli-cpo\/audemars-piguet-royal-oak-15300st-oo-1220st-01\/#primaryimage\"},\"thumbnailUrl\":\"https:\/\/galli.ch\/wp-content\/uploads\/IMG_3909.png\",\"datePublished\":\"2025-03-14T16:56:21+00:00\",\"dateModified\":\"2025-04-19T13:33:25+00:00\",\"breadcrumb\":{\"@id\":\"https:\/\/galli.ch\/uhren\/galli-cpo\/audemars-piguet-royal-oak-15300st-oo-1220st-01\/#breadcrumb\"},\"inLanguage\":\"en-US\",\"potentialAction\":[{\"@type\":\"ReadAction\",\"target\":[\"https:\/\/galli.ch\/uhren\/galli-cpo\/audemars-piguet-royal-oak-15300st-oo-1220st-01\/\"]}]},{\"@type\":\"ImageObject\",\"inLanguage\":\"en-US\",\"@id\":\"https:\/\/galli.ch\/uhren\/galli-cpo\/audemars-piguet-royal-oak-15300st-oo-1220st-01\/#primaryimage\",\"url\":\"https:\/\/galli.ch\/wp-content\/uploads\/IMG_3909.png\",\"contentUrl\":\"https:\/\/galli.ch\/wp-content\/uploads\/IMG_3909.png\",\"width\":1000,\"height\":1400},{\"@type\":\"BreadcrumbList\",\"@id\":\"https:\/\/galli.ch\/uhren\/galli-cpo\/audemars-piguet-royal-oak-15300st-oo-1220st-01\/#breadcrumb\",\"itemListElement\":[{\"@type\":\"ListItem\",\"position\":1,\"name\":\"Home\",\"item\":\"https:\/\/galli.ch\/en\/\"},{\"@type\":\"ListItem\",\"position\":2,\"name\":\"Uhren\",\"item\":\"https:\/\/galli.ch\/en\/uhren\/\"},{\"@type\":\"ListItem\",\"position\":3,\"name\":\"Audemars Piguet Royal Oak\"}]},{\"@type\":\"WebSite\",\"@id\":\"http:\/\/galli.ch\/en\/#website\",\"url\":\"http:\/\/galli.ch\/en\/\",\"name\":\"Galli Uhren Bijouterie\",\"description\":\"\",\"potentialAction\":[{\"@type\":\"SearchAction\",\"target\":{\"@type\":\"EntryPoint\",\"urlTemplate\":\"http:\/\/galli.ch\/en\/?s={search_term_string}\"},\"query-input\":{\"@type\":\"PropertyValueSpecification\",\"valueRequired\":true,\"valueName\":\"search_term_string\"}}],\"inLanguage\":\"en-US\"}]}<\/script>\n<!-- \/ Yoast SEO plugin. -->","yoast_head_json":{"title":"Audemars Piguet Royal Oak - Galli Uhren Bijouterie","robots":{"index":"index","follow":"follow","max-snippet":"max-snippet:-1","max-image-preview":"max-image-preview:large","max-video-preview":"max-video-preview:-1"},"canonical":"https:\/\/galli.ch\/uhren\/galli-cpo\/audemars-piguet-royal-oak-15300st-oo-1220st-01\/","og_locale":"en_US","og_type":"article","og_title":"Audemars Piguet Royal Oak - Galli Uhren Bijouterie","og_description":"Die Audemars Piguet Royal Oak ist eine au\u00dfergew\u00f6hnliche Luxusuhr, die f\u00fcr ihr revolution\u00e4res Design und ihre exquisite Handwerkskunst bekannt ist. Sie ist ein Symbol f\u00fcr Eleganz und Sportlichkeit und wird von Uhrenliebhabern und Sammlern weltweit gesch\u00e4tzt. Jahrgang: 2009 Zustand: Gut Original Papiere: Nein Original Box: Ja","og_url":"https:\/\/galli.ch\/uhren\/galli-cpo\/audemars-piguet-royal-oak-15300st-oo-1220st-01\/","og_site_name":"Galli Uhren Bijouterie","article_modified_time":"2025-04-19T13:33:25+00:00","og_image":[{"width":1000,"height":1400,"url":"https:\/\/galli.ch\/wp-content\/uploads\/IMG_3909.png","type":"image\/png"}],"twitter_card":"summary_large_image","schema":{"@context":"https:\/\/schema.org","@graph":[{"@type":"WebPage","@id":"https:\/\/galli.ch\/uhren\/galli-cpo\/audemars-piguet-royal-oak-15300st-oo-1220st-01\/","url":"https:\/\/galli.ch\/uhren\/galli-cpo\/audemars-piguet-royal-oak-15300st-oo-1220st-01\/","name":"Audemars Piguet Royal Oak - Galli Uhren Bijouterie","isPartOf":{"@id":"http:\/\/galli.ch\/en\/#website"},"primaryImageOfPage":{"@id":"https:\/\/galli.ch\/uhren\/galli-cpo\/audemars-piguet-royal-oak-15300st-oo-1220st-01\/#primaryimage"},"image":{"@id":"https:\/\/galli.ch\/uhren\/galli-cpo\/audemars-piguet-royal-oak-15300st-oo-1220st-01\/#primaryimage"},"thumbnailUrl":"https:\/\/galli.ch\/wp-content\/uploads\/IMG_3909.png","datePublished":"2025-03-14T16:56:21+00:00","dateModified":"2025-04-19T13:33:25+00:00","breadcrumb":{"@id":"https:\/\/galli.ch\/uhren\/galli-cpo\/audemars-piguet-royal-oak-15300st-oo-1220st-01\/#breadcrumb"},"inLanguage":"en-US","potentialAction":[{"@type":"ReadAction","target":["https:\/\/galli.ch\/uhren\/galli-cpo\/audemars-piguet-royal-oak-15300st-oo-1220st-01\/"]}]},{"@type":"ImageObject","inLanguage":"en-US","@id":"https:\/\/galli.ch\/uhren\/galli-cpo\/audemars-piguet-royal-oak-15300st-oo-1220st-01\/#primaryimage","url":"https:\/\/galli.ch\/wp-content\/uploads\/IMG_3909.png","contentUrl":"https:\/\/galli.ch\/wp-content\/uploads\/IMG_3909.png","width":1000,"height":1400},{"@type":"BreadcrumbList","@id":"https:\/\/galli.ch\/uhren\/galli-cpo\/audemars-piguet-royal-oak-15300st-oo-1220st-01\/#breadcrumb","itemListElement":[{"@type":"ListItem","position":1,"name":"Home","item":"https:\/\/galli.ch\/en\/"},{"@type":"ListItem","position":2,"name":"Uhren","item":"https:\/\/galli.ch\/en\/uhren\/"},{"@type":"ListItem","position":3,"name":"Audemars Piguet Royal Oak"}]},{"@type":"WebSite","@id":"http:\/\/galli.ch\/en\/#website","url":"http:\/\/galli.ch\/en\/","name":"Galli Uhren Bijouterie","description":"","potentialAction":[{"@type":"SearchAction","target":{"@type":"EntryPoint","urlTemplate":"http:\/\/galli.ch\/en\/?s={search_term_string}"},"query-input":{"@type":"PropertyValueSpecification","valueRequired":true,"valueName":"search_term_string"}}],"inLanguage":"en-US"}]}},"_links":{"self":[{"href":"https:\/\/galli.ch\/en\/wp-json\/wp\/v2\/product\/41860","targetHints":{"allow":["GET"]}}],"collection":[{"href":"https:\/\/galli.ch\/en\/wp-json\/wp\/v2\/product"}],"about":[{"href":"https:\/\/galli.ch\/en\/wp-json\/wp\/v2\/types\/product"}],"wp:featuredmedia":[{"embeddable":true,"href":"https:\/\/galli.ch\/en\/wp-json\/wp\/v2\/media\/41861"}],"wp:attachment":[{"href":"https:\/\/galli.ch\/en\/wp-json\/wp\/v2\/media?parent=41860"}],"wp:term":[{"taxonomy":"product_brand","embeddable":true,"href":"https:\/\/galli.ch\/en\/wp-json\/wp\/v2\/product_brand?post=41860"},{"taxonomy":"product_cat","embeddable":true,"href":"https:\/\/galli.ch\/en\/wp-json\/wp\/v2\/product_cat?post=41860"},{"taxonomy":"product_tag","embeddable":true,"href":"https:\/\/galli.ch\/en\/wp-json\/wp\/v2\/product_tag?post=41860"}],"curies":[{"name":"wp","href":"https:\/\/api.w.org\/{rel}","templated":true}]}}