{"id":41876,"date":"2025-03-15T15:09:34","date_gmt":"2025-03-15T14:09:34","guid":{"rendered":"https:\/\/galli.ch\/?post_type=product&#038;p=41876"},"modified":"2025-11-24T09:54:13","modified_gmt":"2025-11-24T08:54:13","slug":"iwc-da-vinci-3736-001","status":"publish","type":"product","link":"https:\/\/galli.ch\/en\/uhren\/galli-cpo\/iwc-2\/iwc-da-vinci-3736-001\/","title":{"rendered":"IWC Da Vinci"},"content":{"rendered":"<p>Die IWC Da Vinci ist ein bemerkenswertes Beispiel f\u00fcr die Uhrmacherkunst von IWC, das sowohl durch sein elegantes Design als auch durch seine technischen Komplikationen besticht. Als Teil der legend\u00e4ren Da Vinci-Kollektion verk\u00f6rpert sie die Verbindung von Innovation und \u00c4sthetik, f\u00fcr die IWC bekannt ist.<\/p>\n<p>Jahrgang: 1989<\/p>\n<p>Zustand: Sehr gut<\/p>\n<p>Original Papiere: ja<\/p>\n<p>Original Box: nein<\/p>\n","protected":false},"excerpt":{"rendered":"<p>Die IWC Da Vinci ist ein bemerkenswertes Beispiel f\u00fcr die Uhrmacherkunst von IWC, das sowohl durch sein elegantes Design als auch durch seine technischen Komplikationen besticht. Als Teil der legend\u00e4ren Da Vinci-Kollektion verk\u00f6rpert sie die Verbindung von Innovation und \u00c4sthetik, f\u00fcr die IWC bekannt ist. Jahrgang: 1989 Zustand: Sehr gut Original Papiere: ja Original Box:&#8230;  <a class=\"excerpt-read-more\" href=\"https:\/\/galli.ch\/en\/uhren\/galli-cpo\/iwc-2\/iwc-da-vinci-3736-001\/\" title=\"Read IWC Da Vinci\">Weiter &raquo;<\/a><\/p>\n","protected":false},"featured_media":41877,"template":"","meta":{"_acf_changed":false,"inline_featured_image":false},"product_brand":[],"product_cat":[188],"product_tag":[],"class_list":{"0":"post-41876","1":"product","2":"type-product","3":"status-publish","4":"has-post-thumbnail","6":"uhrenhersteller-galli-cpo","7":"uhrenhersteller-iwc-2","8":"product_cat-uhren","10":"first","11":"instock","12":"taxable","13":"shipping-taxable","14":"purchasable","15":"product-type-simple"},"acf":[],"yoast_head":"<!-- This site is optimized with the Yoast SEO plugin v25.5 - https:\/\/yoast.com\/wordpress\/plugins\/seo\/ -->\n<title>IWC Da Vinci - Galli Uhren Bijouterie<\/title>\n<meta name=\"robots\" content=\"index, follow, max-snippet:-1, max-image-preview:large, max-video-preview:-1\" \/>\n<link rel=\"canonical\" href=\"https:\/\/galli.ch\/uhren\/galli-cpo\/iwc-2\/iwc-da-vinci-3736-001\/\" \/>\n<meta property=\"og:locale\" content=\"en_US\" \/>\n<meta property=\"og:type\" content=\"article\" \/>\n<meta property=\"og:title\" content=\"IWC Da Vinci - Galli Uhren Bijouterie\" \/>\n<meta property=\"og:description\" content=\"Die IWC Da Vinci ist ein bemerkenswertes Beispiel f\u00fcr die Uhrmacherkunst von IWC, das sowohl durch sein elegantes Design als auch durch seine technischen Komplikationen besticht. Als Teil der legend\u00e4ren Da Vinci-Kollektion verk\u00f6rpert sie die Verbindung von Innovation und \u00c4sthetik, f\u00fcr die IWC bekannt ist. Jahrgang: 1989 Zustand: Sehr gut Original Papiere: ja Original Box:... Weiter &raquo;\" \/>\n<meta property=\"og:url\" content=\"https:\/\/galli.ch\/uhren\/galli-cpo\/iwc-2\/iwc-da-vinci-3736-001\/\" \/>\n<meta property=\"og:site_name\" content=\"Galli Uhren Bijouterie\" \/>\n<meta property=\"article:modified_time\" content=\"2025-11-24T08:54:13+00:00\" \/>\n<meta property=\"og:image\" content=\"https:\/\/galli.ch\/wp-content\/uploads\/IMG_3908.png\" \/>\n\t<meta property=\"og:image:width\" content=\"1000\" \/>\n\t<meta property=\"og:image:height\" content=\"1400\" \/>\n\t<meta property=\"og:image:type\" content=\"image\/png\" \/>\n<meta name=\"twitter:card\" content=\"summary_large_image\" \/>\n<script type=\"application\/ld+json\" class=\"yoast-schema-graph\">{\"@context\":\"https:\/\/schema.org\",\"@graph\":[{\"@type\":\"WebPage\",\"@id\":\"https:\/\/galli.ch\/uhren\/galli-cpo\/iwc-2\/iwc-da-vinci-3736-001\/\",\"url\":\"https:\/\/galli.ch\/uhren\/galli-cpo\/iwc-2\/iwc-da-vinci-3736-001\/\",\"name\":\"IWC Da Vinci - Galli Uhren Bijouterie\",\"isPartOf\":{\"@id\":\"http:\/\/galli.ch\/en\/#website\"},\"primaryImageOfPage\":{\"@id\":\"https:\/\/galli.ch\/uhren\/galli-cpo\/iwc-2\/iwc-da-vinci-3736-001\/#primaryimage\"},\"image\":{\"@id\":\"https:\/\/galli.ch\/uhren\/galli-cpo\/iwc-2\/iwc-da-vinci-3736-001\/#primaryimage\"},\"thumbnailUrl\":\"https:\/\/galli.ch\/wp-content\/uploads\/IMG_3908.png\",\"datePublished\":\"2025-03-15T14:09:34+00:00\",\"dateModified\":\"2025-11-24T08:54:13+00:00\",\"breadcrumb\":{\"@id\":\"https:\/\/galli.ch\/uhren\/galli-cpo\/iwc-2\/iwc-da-vinci-3736-001\/#breadcrumb\"},\"inLanguage\":\"en-US\",\"potentialAction\":[{\"@type\":\"ReadAction\",\"target\":[\"https:\/\/galli.ch\/uhren\/galli-cpo\/iwc-2\/iwc-da-vinci-3736-001\/\"]}]},{\"@type\":\"ImageObject\",\"inLanguage\":\"en-US\",\"@id\":\"https:\/\/galli.ch\/uhren\/galli-cpo\/iwc-2\/iwc-da-vinci-3736-001\/#primaryimage\",\"url\":\"https:\/\/galli.ch\/wp-content\/uploads\/IMG_3908.png\",\"contentUrl\":\"https:\/\/galli.ch\/wp-content\/uploads\/IMG_3908.png\",\"width\":1000,\"height\":1400},{\"@type\":\"BreadcrumbList\",\"@id\":\"https:\/\/galli.ch\/uhren\/galli-cpo\/iwc-2\/iwc-da-vinci-3736-001\/#breadcrumb\",\"itemListElement\":[{\"@type\":\"ListItem\",\"position\":1,\"name\":\"Home\",\"item\":\"https:\/\/galli.ch\/en\/\"},{\"@type\":\"ListItem\",\"position\":2,\"name\":\"Uhren\",\"item\":\"https:\/\/galli.ch\/en\/uhren\/\"},{\"@type\":\"ListItem\",\"position\":3,\"name\":\"IWC Da Vinci\"}]},{\"@type\":\"WebSite\",\"@id\":\"http:\/\/galli.ch\/en\/#website\",\"url\":\"http:\/\/galli.ch\/en\/\",\"name\":\"Galli Uhren Bijouterie\",\"description\":\"\",\"potentialAction\":[{\"@type\":\"SearchAction\",\"target\":{\"@type\":\"EntryPoint\",\"urlTemplate\":\"http:\/\/galli.ch\/en\/?s={search_term_string}\"},\"query-input\":{\"@type\":\"PropertyValueSpecification\",\"valueRequired\":true,\"valueName\":\"search_term_string\"}}],\"inLanguage\":\"en-US\"}]}<\/script>\n<!-- \/ Yoast SEO plugin. -->","yoast_head_json":{"title":"IWC Da Vinci - Galli Uhren Bijouterie","robots":{"index":"index","follow":"follow","max-snippet":"max-snippet:-1","max-image-preview":"max-image-preview:large","max-video-preview":"max-video-preview:-1"},"canonical":"https:\/\/galli.ch\/uhren\/galli-cpo\/iwc-2\/iwc-da-vinci-3736-001\/","og_locale":"en_US","og_type":"article","og_title":"IWC Da Vinci - Galli Uhren Bijouterie","og_description":"Die IWC Da Vinci ist ein bemerkenswertes Beispiel f\u00fcr die Uhrmacherkunst von IWC, das sowohl durch sein elegantes Design als auch durch seine technischen Komplikationen besticht. Als Teil der legend\u00e4ren Da Vinci-Kollektion verk\u00f6rpert sie die Verbindung von Innovation und \u00c4sthetik, f\u00fcr die IWC bekannt ist. Jahrgang: 1989 Zustand: Sehr gut Original Papiere: ja Original Box:... Weiter &raquo;","og_url":"https:\/\/galli.ch\/uhren\/galli-cpo\/iwc-2\/iwc-da-vinci-3736-001\/","og_site_name":"Galli Uhren Bijouterie","article_modified_time":"2025-11-24T08:54:13+00:00","og_image":[{"width":1000,"height":1400,"url":"https:\/\/galli.ch\/wp-content\/uploads\/IMG_3908.png","type":"image\/png"}],"twitter_card":"summary_large_image","schema":{"@context":"https:\/\/schema.org","@graph":[{"@type":"WebPage","@id":"https:\/\/galli.ch\/uhren\/galli-cpo\/iwc-2\/iwc-da-vinci-3736-001\/","url":"https:\/\/galli.ch\/uhren\/galli-cpo\/iwc-2\/iwc-da-vinci-3736-001\/","name":"IWC Da Vinci - Galli Uhren Bijouterie","isPartOf":{"@id":"http:\/\/galli.ch\/en\/#website"},"primaryImageOfPage":{"@id":"https:\/\/galli.ch\/uhren\/galli-cpo\/iwc-2\/iwc-da-vinci-3736-001\/#primaryimage"},"image":{"@id":"https:\/\/galli.ch\/uhren\/galli-cpo\/iwc-2\/iwc-da-vinci-3736-001\/#primaryimage"},"thumbnailUrl":"https:\/\/galli.ch\/wp-content\/uploads\/IMG_3908.png","datePublished":"2025-03-15T14:09:34+00:00","dateModified":"2025-11-24T08:54:13+00:00","breadcrumb":{"@id":"https:\/\/galli.ch\/uhren\/galli-cpo\/iwc-2\/iwc-da-vinci-3736-001\/#breadcrumb"},"inLanguage":"en-US","potentialAction":[{"@type":"ReadAction","target":["https:\/\/galli.ch\/uhren\/galli-cpo\/iwc-2\/iwc-da-vinci-3736-001\/"]}]},{"@type":"ImageObject","inLanguage":"en-US","@id":"https:\/\/galli.ch\/uhren\/galli-cpo\/iwc-2\/iwc-da-vinci-3736-001\/#primaryimage","url":"https:\/\/galli.ch\/wp-content\/uploads\/IMG_3908.png","contentUrl":"https:\/\/galli.ch\/wp-content\/uploads\/IMG_3908.png","width":1000,"height":1400},{"@type":"BreadcrumbList","@id":"https:\/\/galli.ch\/uhren\/galli-cpo\/iwc-2\/iwc-da-vinci-3736-001\/#breadcrumb","itemListElement":[{"@type":"ListItem","position":1,"name":"Home","item":"https:\/\/galli.ch\/en\/"},{"@type":"ListItem","position":2,"name":"Uhren","item":"https:\/\/galli.ch\/en\/uhren\/"},{"@type":"ListItem","position":3,"name":"IWC Da Vinci"}]},{"@type":"WebSite","@id":"http:\/\/galli.ch\/en\/#website","url":"http:\/\/galli.ch\/en\/","name":"Galli Uhren Bijouterie","description":"","potentialAction":[{"@type":"SearchAction","target":{"@type":"EntryPoint","urlTemplate":"http:\/\/galli.ch\/en\/?s={search_term_string}"},"query-input":{"@type":"PropertyValueSpecification","valueRequired":true,"valueName":"search_term_string"}}],"inLanguage":"en-US"}]}},"_links":{"self":[{"href":"https:\/\/galli.ch\/en\/wp-json\/wp\/v2\/product\/41876","targetHints":{"allow":["GET"]}}],"collection":[{"href":"https:\/\/galli.ch\/en\/wp-json\/wp\/v2\/product"}],"about":[{"href":"https:\/\/galli.ch\/en\/wp-json\/wp\/v2\/types\/product"}],"wp:featuredmedia":[{"embeddable":true,"href":"https:\/\/galli.ch\/en\/wp-json\/wp\/v2\/media\/41877"}],"wp:attachment":[{"href":"https:\/\/galli.ch\/en\/wp-json\/wp\/v2\/media?parent=41876"}],"wp:term":[{"taxonomy":"product_brand","embeddable":true,"href":"https:\/\/galli.ch\/en\/wp-json\/wp\/v2\/product_brand?post=41876"},{"taxonomy":"product_cat","embeddable":true,"href":"https:\/\/galli.ch\/en\/wp-json\/wp\/v2\/product_cat?post=41876"},{"taxonomy":"product_tag","embeddable":true,"href":"https:\/\/galli.ch\/en\/wp-json\/wp\/v2\/product_tag?post=41876"}],"curies":[{"name":"wp","href":"https:\/\/api.w.org\/{rel}","templated":true}]}}