{"id":4192,"date":"2019-02-08T18:31:48","date_gmt":"2019-02-08T16:31:48","guid":{"rendered":"http:\/\/galli.ch\/?post_type=uhren&#038;p=4192"},"modified":"2026-04-20T18:10:26","modified_gmt":"2026-04-20T16:10:26","slug":"ai6038-ss002-132-1","status":"publish","type":"product","link":"https:\/\/galli.ch\/en\/uhren\/maurice-lacroix\/aikon\/ai6038-ss002-132-1\/","title":{"rendered":"Maurice Lacroix Aikon Chronograph Automatic"},"content":{"rendered":"<p>Die aus dynamischen Winkeln sowie ausdrucksstarken polierten und satinierten Fl\u00e4chenbestehende AIKON Automatic Chronograph sorgt dank ihres Durchmessers<br \/>\nvon 44 mm, der ausgepr\u00e4gten Details und ihrer energischen Ausstrahlung f\u00fcr eine deutliche Pr\u00e4senz am Handgelenk. Durch die Farbkombination, die Komplikation und die Veredelungsdetails des\u00a0 Armbands sch\u00f6pft sie ihre Inspiration aus der Designkultur und der Architektur, die alle AIKON Kreationen von Maurice Lacroix pr\u00e4gen.<\/p>\n<p>Die AIKON Automatic Modelle sind Nachfahren der Maurice Lacroix Calypso. Diese Uhr aus Edelstahl der 1980er- und 90er-Jahre war ein Referenzmodell der Marke sowie ihrer Epoche und besass bereits die noch heute in der AIKON bestehenden Codes.<\/p>\n","protected":false},"excerpt":{"rendered":"<p>Die aus dynamischen Winkeln sowie ausdrucksstarken polierten und satinierten Fl\u00e4chenbestehende AIKON Automatic Chronograph sorgt dank ihres Durchmessers von 44 mm, der ausgepr\u00e4gten Details und ihrer energischen Ausstrahlung f\u00fcr eine deutliche Pr\u00e4senz am Handgelenk. Durch die Farbkombination, die Komplikation und die Veredelungsdetails des\u00a0 Armbands sch\u00f6pft sie ihre Inspiration aus der Designkultur und der Architektur, die alle&#8230;  <a class=\"excerpt-read-more\" href=\"https:\/\/galli.ch\/en\/uhren\/maurice-lacroix\/aikon\/ai6038-ss002-132-1\/\" title=\"Read Maurice Lacroix Aikon Chronograph Automatic\">Weiter &raquo;<\/a><\/p>\n","protected":false},"featured_media":4193,"template":"","meta":{"_acf_changed":false,"inline_featured_image":false},"product_brand":[],"product_cat":[188],"product_tag":[],"class_list":{"0":"post-4192","1":"product","2":"type-product","3":"status-publish","4":"has-post-thumbnail","6":"uhrenhersteller-maurice-lacroix","7":"uhrenhersteller-aikon","8":"product_cat-uhren","10":"first","11":"outofstock","12":"taxable","13":"shipping-taxable","14":"purchasable","15":"product-type-simple"},"acf":[],"yoast_head":"<!-- This site is optimized with the Yoast SEO plugin v25.5 - https:\/\/yoast.com\/wordpress\/plugins\/seo\/ -->\n<title>Maurice Lacroix Aikon Chronograph Automatic - Galli Uhren Bijouterie<\/title>\n<meta name=\"robots\" content=\"index, follow, max-snippet:-1, max-image-preview:large, max-video-preview:-1\" \/>\n<link rel=\"canonical\" href=\"https:\/\/galli.ch\/uhren\/maurice-lacroix\/aikon\/ai6038-ss002-132-1\/\" \/>\n<meta property=\"og:locale\" content=\"en_US\" \/>\n<meta property=\"og:type\" content=\"article\" \/>\n<meta property=\"og:title\" content=\"Maurice Lacroix Aikon Chronograph Automatic - Galli Uhren Bijouterie\" \/>\n<meta property=\"og:description\" content=\"Die aus dynamischen Winkeln sowie ausdrucksstarken polierten und satinierten Fl\u00e4chenbestehende AIKON Automatic Chronograph sorgt dank ihres Durchmessers von 44 mm, der ausgepr\u00e4gten Details und ihrer energischen Ausstrahlung f\u00fcr eine deutliche Pr\u00e4senz am Handgelenk. Durch die Farbkombination, die Komplikation und die Veredelungsdetails des\u00a0 Armbands sch\u00f6pft sie ihre Inspiration aus der Designkultur und der Architektur, die alle... Weiter &raquo;\" \/>\n<meta property=\"og:url\" content=\"https:\/\/galli.ch\/uhren\/maurice-lacroix\/aikon\/ai6038-ss002-132-1\/\" \/>\n<meta property=\"og:site_name\" content=\"Galli Uhren Bijouterie\" \/>\n<meta property=\"article:modified_time\" content=\"2026-04-20T16:10:26+00:00\" \/>\n<meta property=\"og:image\" content=\"https:\/\/galli.ch\/wp-content\/uploads\/AI6038_SS002_132_1.png\" \/>\n\t<meta property=\"og:image:width\" content=\"1000\" \/>\n\t<meta property=\"og:image:height\" content=\"1400\" \/>\n\t<meta property=\"og:image:type\" content=\"image\/png\" \/>\n<meta name=\"twitter:card\" content=\"summary_large_image\" \/>\n<script type=\"application\/ld+json\" class=\"yoast-schema-graph\">{\"@context\":\"https:\/\/schema.org\",\"@graph\":[{\"@type\":\"WebPage\",\"@id\":\"https:\/\/galli.ch\/uhren\/maurice-lacroix\/aikon\/ai6038-ss002-132-1\/\",\"url\":\"https:\/\/galli.ch\/uhren\/maurice-lacroix\/aikon\/ai6038-ss002-132-1\/\",\"name\":\"Maurice Lacroix Aikon Chronograph Automatic - Galli Uhren Bijouterie\",\"isPartOf\":{\"@id\":\"http:\/\/galli.ch\/en\/#website\"},\"primaryImageOfPage\":{\"@id\":\"https:\/\/galli.ch\/uhren\/maurice-lacroix\/aikon\/ai6038-ss002-132-1\/#primaryimage\"},\"image\":{\"@id\":\"https:\/\/galli.ch\/uhren\/maurice-lacroix\/aikon\/ai6038-ss002-132-1\/#primaryimage\"},\"thumbnailUrl\":\"https:\/\/galli.ch\/wp-content\/uploads\/AI6038_SS002_132_1.png\",\"datePublished\":\"2019-02-08T16:31:48+00:00\",\"dateModified\":\"2026-04-20T16:10:26+00:00\",\"breadcrumb\":{\"@id\":\"https:\/\/galli.ch\/uhren\/maurice-lacroix\/aikon\/ai6038-ss002-132-1\/#breadcrumb\"},\"inLanguage\":\"en-US\",\"potentialAction\":[{\"@type\":\"ReadAction\",\"target\":[\"https:\/\/galli.ch\/uhren\/maurice-lacroix\/aikon\/ai6038-ss002-132-1\/\"]}]},{\"@type\":\"ImageObject\",\"inLanguage\":\"en-US\",\"@id\":\"https:\/\/galli.ch\/uhren\/maurice-lacroix\/aikon\/ai6038-ss002-132-1\/#primaryimage\",\"url\":\"https:\/\/galli.ch\/wp-content\/uploads\/AI6038_SS002_132_1.png\",\"contentUrl\":\"https:\/\/galli.ch\/wp-content\/uploads\/AI6038_SS002_132_1.png\",\"width\":1000,\"height\":1400,\"caption\":\"Aikon Chronograph Zurich\"},{\"@type\":\"BreadcrumbList\",\"@id\":\"https:\/\/galli.ch\/uhren\/maurice-lacroix\/aikon\/ai6038-ss002-132-1\/#breadcrumb\",\"itemListElement\":[{\"@type\":\"ListItem\",\"position\":1,\"name\":\"Home\",\"item\":\"https:\/\/galli.ch\/en\/\"},{\"@type\":\"ListItem\",\"position\":2,\"name\":\"Uhren\",\"item\":\"https:\/\/galli.ch\/en\/uhren\/\"},{\"@type\":\"ListItem\",\"position\":3,\"name\":\"Aikon Chronograph Automatic\"}]},{\"@type\":\"WebSite\",\"@id\":\"http:\/\/galli.ch\/en\/#website\",\"url\":\"http:\/\/galli.ch\/en\/\",\"name\":\"Galli Uhren Bijouterie\",\"description\":\"\",\"potentialAction\":[{\"@type\":\"SearchAction\",\"target\":{\"@type\":\"EntryPoint\",\"urlTemplate\":\"http:\/\/galli.ch\/en\/?s={search_term_string}\"},\"query-input\":{\"@type\":\"PropertyValueSpecification\",\"valueRequired\":true,\"valueName\":\"search_term_string\"}}],\"inLanguage\":\"en-US\"}]}<\/script>\n<!-- \/ Yoast SEO plugin. -->","yoast_head_json":{"title":"Maurice Lacroix Aikon Chronograph Automatic - Galli Uhren Bijouterie","robots":{"index":"index","follow":"follow","max-snippet":"max-snippet:-1","max-image-preview":"max-image-preview:large","max-video-preview":"max-video-preview:-1"},"canonical":"https:\/\/galli.ch\/uhren\/maurice-lacroix\/aikon\/ai6038-ss002-132-1\/","og_locale":"en_US","og_type":"article","og_title":"Maurice Lacroix Aikon Chronograph Automatic - Galli Uhren Bijouterie","og_description":"Die aus dynamischen Winkeln sowie ausdrucksstarken polierten und satinierten Fl\u00e4chenbestehende AIKON Automatic Chronograph sorgt dank ihres Durchmessers von 44 mm, der ausgepr\u00e4gten Details und ihrer energischen Ausstrahlung f\u00fcr eine deutliche Pr\u00e4senz am Handgelenk. Durch die Farbkombination, die Komplikation und die Veredelungsdetails des\u00a0 Armbands sch\u00f6pft sie ihre Inspiration aus der Designkultur und der Architektur, die alle... Weiter &raquo;","og_url":"https:\/\/galli.ch\/uhren\/maurice-lacroix\/aikon\/ai6038-ss002-132-1\/","og_site_name":"Galli Uhren Bijouterie","article_modified_time":"2026-04-20T16:10:26+00:00","og_image":[{"width":1000,"height":1400,"url":"https:\/\/galli.ch\/wp-content\/uploads\/AI6038_SS002_132_1.png","type":"image\/png"}],"twitter_card":"summary_large_image","schema":{"@context":"https:\/\/schema.org","@graph":[{"@type":"WebPage","@id":"https:\/\/galli.ch\/uhren\/maurice-lacroix\/aikon\/ai6038-ss002-132-1\/","url":"https:\/\/galli.ch\/uhren\/maurice-lacroix\/aikon\/ai6038-ss002-132-1\/","name":"Maurice Lacroix Aikon Chronograph Automatic - Galli Uhren Bijouterie","isPartOf":{"@id":"http:\/\/galli.ch\/en\/#website"},"primaryImageOfPage":{"@id":"https:\/\/galli.ch\/uhren\/maurice-lacroix\/aikon\/ai6038-ss002-132-1\/#primaryimage"},"image":{"@id":"https:\/\/galli.ch\/uhren\/maurice-lacroix\/aikon\/ai6038-ss002-132-1\/#primaryimage"},"thumbnailUrl":"https:\/\/galli.ch\/wp-content\/uploads\/AI6038_SS002_132_1.png","datePublished":"2019-02-08T16:31:48+00:00","dateModified":"2026-04-20T16:10:26+00:00","breadcrumb":{"@id":"https:\/\/galli.ch\/uhren\/maurice-lacroix\/aikon\/ai6038-ss002-132-1\/#breadcrumb"},"inLanguage":"en-US","potentialAction":[{"@type":"ReadAction","target":["https:\/\/galli.ch\/uhren\/maurice-lacroix\/aikon\/ai6038-ss002-132-1\/"]}]},{"@type":"ImageObject","inLanguage":"en-US","@id":"https:\/\/galli.ch\/uhren\/maurice-lacroix\/aikon\/ai6038-ss002-132-1\/#primaryimage","url":"https:\/\/galli.ch\/wp-content\/uploads\/AI6038_SS002_132_1.png","contentUrl":"https:\/\/galli.ch\/wp-content\/uploads\/AI6038_SS002_132_1.png","width":1000,"height":1400,"caption":"Aikon Chronograph Zurich"},{"@type":"BreadcrumbList","@id":"https:\/\/galli.ch\/uhren\/maurice-lacroix\/aikon\/ai6038-ss002-132-1\/#breadcrumb","itemListElement":[{"@type":"ListItem","position":1,"name":"Home","item":"https:\/\/galli.ch\/en\/"},{"@type":"ListItem","position":2,"name":"Uhren","item":"https:\/\/galli.ch\/en\/uhren\/"},{"@type":"ListItem","position":3,"name":"Aikon Chronograph Automatic"}]},{"@type":"WebSite","@id":"http:\/\/galli.ch\/en\/#website","url":"http:\/\/galli.ch\/en\/","name":"Galli Uhren Bijouterie","description":"","potentialAction":[{"@type":"SearchAction","target":{"@type":"EntryPoint","urlTemplate":"http:\/\/galli.ch\/en\/?s={search_term_string}"},"query-input":{"@type":"PropertyValueSpecification","valueRequired":true,"valueName":"search_term_string"}}],"inLanguage":"en-US"}]}},"_links":{"self":[{"href":"https:\/\/galli.ch\/en\/wp-json\/wp\/v2\/product\/4192","targetHints":{"allow":["GET"]}}],"collection":[{"href":"https:\/\/galli.ch\/en\/wp-json\/wp\/v2\/product"}],"about":[{"href":"https:\/\/galli.ch\/en\/wp-json\/wp\/v2\/types\/product"}],"wp:featuredmedia":[{"embeddable":true,"href":"https:\/\/galli.ch\/en\/wp-json\/wp\/v2\/media\/4193"}],"wp:attachment":[{"href":"https:\/\/galli.ch\/en\/wp-json\/wp\/v2\/media?parent=4192"}],"wp:term":[{"taxonomy":"product_brand","embeddable":true,"href":"https:\/\/galli.ch\/en\/wp-json\/wp\/v2\/product_brand?post=4192"},{"taxonomy":"product_cat","embeddable":true,"href":"https:\/\/galli.ch\/en\/wp-json\/wp\/v2\/product_cat?post=4192"},{"taxonomy":"product_tag","embeddable":true,"href":"https:\/\/galli.ch\/en\/wp-json\/wp\/v2\/product_tag?post=4192"}],"curies":[{"name":"wp","href":"https:\/\/api.w.org\/{rel}","templated":true}]}}