{"id":41993,"date":"2025-03-28T10:50:19","date_gmt":"2025-03-28T09:50:19","guid":{"rendered":"https:\/\/galli.ch\/?post_type=product&#038;p=41993"},"modified":"2025-12-02T16:42:59","modified_gmt":"2025-12-02T15:42:59","slug":"b31-ab3113a71c1a1","status":"publish","type":"product","link":"https:\/\/galli.ch\/en\/uhren\/breitling\/top-time\/b31-ab3113a71c1a1\/","title":{"rendered":"Breitling Top Time B31"},"content":{"rendered":"<p>Die im Jahr 2025 neu lancierte Top Time B31 stellt das Deb\u00fct des Manufakturwerks B31 im Hause Breitling dar. Das 38-mm-Geh\u00e4use bleibt der DNA der Top Time treu und gew\u00e4hrleistet einen makellosen Stil, der an jedes Handgelenk passt. Die Top Time B31 vereint Retro-\u00c4sthetik mit modernem Anspruch. Das Design des Zifferblatts ist von den Armaturenbrettern der Oldtimer inspiriert, w\u00e4hrend das 38-mm-Geh\u00e4use ein Gleichgewicht zwischen Vintage-Proportionen und modernem Design schafft und dank seiner universellen Gr\u00f6sse an jedes Handgelenk passt.<\/p>\n","protected":false},"excerpt":{"rendered":"<p>Die im Jahr 2025 neu lancierte Top Time B31 stellt das Deb\u00fct des Manufakturwerks B31 im Hause Breitling dar. Das 38-mm-Geh\u00e4use bleibt der DNA der Top Time treu und gew\u00e4hrleistet einen makellosen Stil, der an jedes Handgelenk passt. Die Top Time B31 vereint Retro-\u00c4sthetik mit modernem Anspruch. Das Design des Zifferblatts ist von den Armaturenbrettern&#8230;  <a class=\"excerpt-read-more\" href=\"https:\/\/galli.ch\/en\/uhren\/breitling\/top-time\/b31-ab3113a71c1a1\/\" title=\"Read Breitling Top Time B31\">Weiter &raquo;<\/a><\/p>\n","protected":false},"featured_media":41954,"template":"","meta":{"_acf_changed":false,"inline_featured_image":false},"product_brand":[],"product_cat":[188],"product_tag":[],"class_list":{"0":"post-41993","1":"product","2":"type-product","3":"status-publish","4":"has-post-thumbnail","6":"uhrenhersteller-breitling","7":"uhrenhersteller-top-time","8":"product_cat-uhren","10":"first","11":"outofstock","12":"taxable","13":"shipping-taxable","14":"purchasable","15":"product-type-simple"},"acf":[],"yoast_head":"<!-- This site is optimized with the Yoast SEO plugin v25.5 - https:\/\/yoast.com\/wordpress\/plugins\/seo\/ -->\n<title>Breitling Top Time B31 - Galli Uhren Bijouterie<\/title>\n<meta name=\"robots\" content=\"index, follow, max-snippet:-1, max-image-preview:large, max-video-preview:-1\" \/>\n<link rel=\"canonical\" href=\"https:\/\/galli.ch\/uhren\/breitling\/top-time\/b31-ab3113a71c1a1\/\" \/>\n<meta property=\"og:locale\" content=\"en_US\" \/>\n<meta property=\"og:type\" content=\"article\" \/>\n<meta property=\"og:title\" content=\"Breitling Top Time B31 - Galli Uhren Bijouterie\" \/>\n<meta property=\"og:description\" content=\"Die im Jahr 2025 neu lancierte Top Time B31 stellt das Deb\u00fct des Manufakturwerks B31 im Hause Breitling dar. Das 38-mm-Geh\u00e4use bleibt der DNA der Top Time treu und gew\u00e4hrleistet einen makellosen Stil, der an jedes Handgelenk passt. Die Top Time B31 vereint Retro-\u00c4sthetik mit modernem Anspruch. Das Design des Zifferblatts ist von den Armaturenbrettern... Weiter &raquo;\" \/>\n<meta property=\"og:url\" content=\"https:\/\/galli.ch\/uhren\/breitling\/top-time\/b31-ab3113a71c1a1\/\" \/>\n<meta property=\"og:site_name\" content=\"Galli Uhren Bijouterie\" \/>\n<meta property=\"article:modified_time\" content=\"2025-12-02T15:42:59+00:00\" \/>\n<meta property=\"og:image\" content=\"https:\/\/galli.ch\/wp-content\/uploads\/ECOM_TopTime_TopTime38_AB3113A71C1A1_BlueMetal_Soldier.png\" \/>\n\t<meta property=\"og:image:width\" content=\"1000\" \/>\n\t<meta property=\"og:image:height\" content=\"1400\" \/>\n\t<meta property=\"og:image:type\" content=\"image\/png\" \/>\n<meta name=\"twitter:card\" content=\"summary_large_image\" \/>\n<script type=\"application\/ld+json\" class=\"yoast-schema-graph\">{\"@context\":\"https:\/\/schema.org\",\"@graph\":[{\"@type\":\"WebPage\",\"@id\":\"https:\/\/galli.ch\/uhren\/breitling\/top-time\/b31-ab3113a71c1a1\/\",\"url\":\"https:\/\/galli.ch\/uhren\/breitling\/top-time\/b31-ab3113a71c1a1\/\",\"name\":\"Breitling Top Time B31 - Galli Uhren Bijouterie\",\"isPartOf\":{\"@id\":\"http:\/\/galli.ch\/en\/#website\"},\"primaryImageOfPage\":{\"@id\":\"https:\/\/galli.ch\/uhren\/breitling\/top-time\/b31-ab3113a71c1a1\/#primaryimage\"},\"image\":{\"@id\":\"https:\/\/galli.ch\/uhren\/breitling\/top-time\/b31-ab3113a71c1a1\/#primaryimage\"},\"thumbnailUrl\":\"https:\/\/galli.ch\/wp-content\/uploads\/ECOM_TopTime_TopTime38_AB3113A71C1A1_BlueMetal_Soldier.png\",\"datePublished\":\"2025-03-28T09:50:19+00:00\",\"dateModified\":\"2025-12-02T15:42:59+00:00\",\"breadcrumb\":{\"@id\":\"https:\/\/galli.ch\/uhren\/breitling\/top-time\/b31-ab3113a71c1a1\/#breadcrumb\"},\"inLanguage\":\"en-US\",\"potentialAction\":[{\"@type\":\"ReadAction\",\"target\":[\"https:\/\/galli.ch\/uhren\/breitling\/top-time\/b31-ab3113a71c1a1\/\"]}]},{\"@type\":\"ImageObject\",\"inLanguage\":\"en-US\",\"@id\":\"https:\/\/galli.ch\/uhren\/breitling\/top-time\/b31-ab3113a71c1a1\/#primaryimage\",\"url\":\"https:\/\/galli.ch\/wp-content\/uploads\/ECOM_TopTime_TopTime38_AB3113A71C1A1_BlueMetal_Soldier.png\",\"contentUrl\":\"https:\/\/galli.ch\/wp-content\/uploads\/ECOM_TopTime_TopTime38_AB3113A71C1A1_BlueMetal_Soldier.png\",\"width\":1000,\"height\":1400},{\"@type\":\"BreadcrumbList\",\"@id\":\"https:\/\/galli.ch\/uhren\/breitling\/top-time\/b31-ab3113a71c1a1\/#breadcrumb\",\"itemListElement\":[{\"@type\":\"ListItem\",\"position\":1,\"name\":\"Home\",\"item\":\"https:\/\/galli.ch\/en\/\"},{\"@type\":\"ListItem\",\"position\":2,\"name\":\"Uhren\",\"item\":\"https:\/\/galli.ch\/en\/uhren\/\"},{\"@type\":\"ListItem\",\"position\":3,\"name\":\"Breitling Top Time B31\"}]},{\"@type\":\"WebSite\",\"@id\":\"http:\/\/galli.ch\/en\/#website\",\"url\":\"http:\/\/galli.ch\/en\/\",\"name\":\"Galli Uhren Bijouterie\",\"description\":\"\",\"potentialAction\":[{\"@type\":\"SearchAction\",\"target\":{\"@type\":\"EntryPoint\",\"urlTemplate\":\"http:\/\/galli.ch\/en\/?s={search_term_string}\"},\"query-input\":{\"@type\":\"PropertyValueSpecification\",\"valueRequired\":true,\"valueName\":\"search_term_string\"}}],\"inLanguage\":\"en-US\"}]}<\/script>\n<!-- \/ Yoast SEO plugin. -->","yoast_head_json":{"title":"Breitling Top Time B31 - Galli Uhren Bijouterie","robots":{"index":"index","follow":"follow","max-snippet":"max-snippet:-1","max-image-preview":"max-image-preview:large","max-video-preview":"max-video-preview:-1"},"canonical":"https:\/\/galli.ch\/uhren\/breitling\/top-time\/b31-ab3113a71c1a1\/","og_locale":"en_US","og_type":"article","og_title":"Breitling Top Time B31 - Galli Uhren Bijouterie","og_description":"Die im Jahr 2025 neu lancierte Top Time B31 stellt das Deb\u00fct des Manufakturwerks B31 im Hause Breitling dar. Das 38-mm-Geh\u00e4use bleibt der DNA der Top Time treu und gew\u00e4hrleistet einen makellosen Stil, der an jedes Handgelenk passt. Die Top Time B31 vereint Retro-\u00c4sthetik mit modernem Anspruch. Das Design des Zifferblatts ist von den Armaturenbrettern... Weiter &raquo;","og_url":"https:\/\/galli.ch\/uhren\/breitling\/top-time\/b31-ab3113a71c1a1\/","og_site_name":"Galli Uhren Bijouterie","article_modified_time":"2025-12-02T15:42:59+00:00","og_image":[{"width":1000,"height":1400,"url":"https:\/\/galli.ch\/wp-content\/uploads\/ECOM_TopTime_TopTime38_AB3113A71C1A1_BlueMetal_Soldier.png","type":"image\/png"}],"twitter_card":"summary_large_image","schema":{"@context":"https:\/\/schema.org","@graph":[{"@type":"WebPage","@id":"https:\/\/galli.ch\/uhren\/breitling\/top-time\/b31-ab3113a71c1a1\/","url":"https:\/\/galli.ch\/uhren\/breitling\/top-time\/b31-ab3113a71c1a1\/","name":"Breitling Top Time B31 - Galli Uhren Bijouterie","isPartOf":{"@id":"http:\/\/galli.ch\/en\/#website"},"primaryImageOfPage":{"@id":"https:\/\/galli.ch\/uhren\/breitling\/top-time\/b31-ab3113a71c1a1\/#primaryimage"},"image":{"@id":"https:\/\/galli.ch\/uhren\/breitling\/top-time\/b31-ab3113a71c1a1\/#primaryimage"},"thumbnailUrl":"https:\/\/galli.ch\/wp-content\/uploads\/ECOM_TopTime_TopTime38_AB3113A71C1A1_BlueMetal_Soldier.png","datePublished":"2025-03-28T09:50:19+00:00","dateModified":"2025-12-02T15:42:59+00:00","breadcrumb":{"@id":"https:\/\/galli.ch\/uhren\/breitling\/top-time\/b31-ab3113a71c1a1\/#breadcrumb"},"inLanguage":"en-US","potentialAction":[{"@type":"ReadAction","target":["https:\/\/galli.ch\/uhren\/breitling\/top-time\/b31-ab3113a71c1a1\/"]}]},{"@type":"ImageObject","inLanguage":"en-US","@id":"https:\/\/galli.ch\/uhren\/breitling\/top-time\/b31-ab3113a71c1a1\/#primaryimage","url":"https:\/\/galli.ch\/wp-content\/uploads\/ECOM_TopTime_TopTime38_AB3113A71C1A1_BlueMetal_Soldier.png","contentUrl":"https:\/\/galli.ch\/wp-content\/uploads\/ECOM_TopTime_TopTime38_AB3113A71C1A1_BlueMetal_Soldier.png","width":1000,"height":1400},{"@type":"BreadcrumbList","@id":"https:\/\/galli.ch\/uhren\/breitling\/top-time\/b31-ab3113a71c1a1\/#breadcrumb","itemListElement":[{"@type":"ListItem","position":1,"name":"Home","item":"https:\/\/galli.ch\/en\/"},{"@type":"ListItem","position":2,"name":"Uhren","item":"https:\/\/galli.ch\/en\/uhren\/"},{"@type":"ListItem","position":3,"name":"Breitling Top Time B31"}]},{"@type":"WebSite","@id":"http:\/\/galli.ch\/en\/#website","url":"http:\/\/galli.ch\/en\/","name":"Galli Uhren Bijouterie","description":"","potentialAction":[{"@type":"SearchAction","target":{"@type":"EntryPoint","urlTemplate":"http:\/\/galli.ch\/en\/?s={search_term_string}"},"query-input":{"@type":"PropertyValueSpecification","valueRequired":true,"valueName":"search_term_string"}}],"inLanguage":"en-US"}]}},"_links":{"self":[{"href":"https:\/\/galli.ch\/en\/wp-json\/wp\/v2\/product\/41993","targetHints":{"allow":["GET"]}}],"collection":[{"href":"https:\/\/galli.ch\/en\/wp-json\/wp\/v2\/product"}],"about":[{"href":"https:\/\/galli.ch\/en\/wp-json\/wp\/v2\/types\/product"}],"wp:featuredmedia":[{"embeddable":true,"href":"https:\/\/galli.ch\/en\/wp-json\/wp\/v2\/media\/41954"}],"wp:attachment":[{"href":"https:\/\/galli.ch\/en\/wp-json\/wp\/v2\/media?parent=41993"}],"wp:term":[{"taxonomy":"product_brand","embeddable":true,"href":"https:\/\/galli.ch\/en\/wp-json\/wp\/v2\/product_brand?post=41993"},{"taxonomy":"product_cat","embeddable":true,"href":"https:\/\/galli.ch\/en\/wp-json\/wp\/v2\/product_cat?post=41993"},{"taxonomy":"product_tag","embeddable":true,"href":"https:\/\/galli.ch\/en\/wp-json\/wp\/v2\/product_tag?post=41993"}],"curies":[{"name":"wp","href":"https:\/\/api.w.org\/{rel}","templated":true}]}}