{"id":4201,"date":"2019-02-08T18:52:41","date_gmt":"2019-02-08T16:52:41","guid":{"rendered":"http:\/\/galli.ch\/?post_type=uhren&#038;p=4201"},"modified":"2026-04-20T18:10:24","modified_gmt":"2026-04-20T16:10:24","slug":"ai6008-pvb01-330-1","status":"publish","type":"product","link":"https:\/\/galli.ch\/en\/uhren\/maurice-lacroix\/aikon\/ai6008-pvb01-330-1\/","title":{"rendered":"Maurice Lacroix Aikon Automatic PVD"},"content":{"rendered":"<p><span class=\"tlid-translation translation\"><span class=\"\" title=\"\">BLACK IS BEAUTIFUL &#8211; Die AIKON Automatic ist das Herz und die Essenz der AIKON-Kollektion.<\/span> <span class=\"\" title=\"\">Schwarz gekleidet, erreicht dieses St\u00fcck einen neuen Status.<\/span> <span class=\"\" title=\"\">Die Leistung des schwarzen PVD verdeckt nicht die sandgestrahlte Behandlung der Uhr.<\/span> <span title=\"\">Sein mattes Finish umfasst das Geh\u00e4use mit einem Durchmesser von 42 mm, die verschraubte Krone und die L\u00fcnette mit den sechs f\u00fcr AIKON charakteristischen Armen.<\/span><\/span><\/p>\n<p><span title=\"\">Die Wasserdichtigkeit von 200 Metern wurde nat\u00fcrlich beibehalten.<\/span> <span title=\"\">Das Zifferblatt Clou de Paris der AIKON Automatic Black er\u00f6ffnet eine neue Spielweise mit Licht.<\/span> <span title=\"\">Die gleiche Farbe wie der Rest der Uhr, sie leuchtet besonders lebendig, ebenso wie die polierten aufgebrachten Stundenmarkierungen und anthrazitfarbenen Zeiger, die mit schwarzem Super-LumiNova beschichtet sind.<\/span> <span title=\"\">Der absolute Monochrom-Charakter der Uhr wird durch nichts beeintr\u00e4chtigt.<\/span><\/p>\n","protected":false},"excerpt":{"rendered":"<p>BLACK IS BEAUTIFUL &#8211; Die AIKON Automatic ist das Herz und die Essenz der AIKON-Kollektion. Schwarz gekleidet, erreicht dieses St\u00fcck einen neuen Status. Die Leistung des schwarzen PVD verdeckt nicht die sandgestrahlte Behandlung der Uhr. Sein mattes Finish umfasst das Geh\u00e4use mit einem Durchmesser von 42 mm, die verschraubte Krone und die L\u00fcnette mit den&#8230;  <a class=\"excerpt-read-more\" href=\"https:\/\/galli.ch\/en\/uhren\/maurice-lacroix\/aikon\/ai6008-pvb01-330-1\/\" title=\"Read Maurice Lacroix Aikon Automatic PVD\">Weiter &raquo;<\/a><\/p>\n","protected":false},"featured_media":4202,"template":"","meta":{"_acf_changed":false,"inline_featured_image":false},"product_brand":[],"product_cat":[188],"product_tag":[],"class_list":{"0":"post-4201","1":"product","2":"type-product","3":"status-publish","4":"has-post-thumbnail","6":"uhrenhersteller-maurice-lacroix","7":"uhrenhersteller-aikon","8":"product_cat-uhren","10":"first","11":"outofstock","12":"taxable","13":"shipping-taxable","14":"purchasable","15":"product-type-simple"},"acf":[],"yoast_head":"<!-- This site is optimized with the Yoast SEO plugin v25.5 - https:\/\/yoast.com\/wordpress\/plugins\/seo\/ -->\n<title>Maurice Lacroix Aikon Automatic PVD - Galli Uhren Bijouterie<\/title>\n<meta name=\"robots\" content=\"index, follow, max-snippet:-1, max-image-preview:large, max-video-preview:-1\" \/>\n<link rel=\"canonical\" href=\"https:\/\/galli.ch\/uhren\/maurice-lacroix\/aikon\/ai6008-pvb01-330-1\/\" \/>\n<meta property=\"og:locale\" content=\"en_US\" \/>\n<meta property=\"og:type\" content=\"article\" \/>\n<meta property=\"og:title\" content=\"Maurice Lacroix Aikon Automatic PVD - Galli Uhren Bijouterie\" \/>\n<meta property=\"og:description\" content=\"BLACK IS BEAUTIFUL &#8211; Die AIKON Automatic ist das Herz und die Essenz der AIKON-Kollektion. Schwarz gekleidet, erreicht dieses St\u00fcck einen neuen Status. Die Leistung des schwarzen PVD verdeckt nicht die sandgestrahlte Behandlung der Uhr. Sein mattes Finish umfasst das Geh\u00e4use mit einem Durchmesser von 42 mm, die verschraubte Krone und die L\u00fcnette mit den... Weiter &raquo;\" \/>\n<meta property=\"og:url\" content=\"https:\/\/galli.ch\/uhren\/maurice-lacroix\/aikon\/ai6008-pvb01-330-1\/\" \/>\n<meta property=\"og:site_name\" content=\"Galli Uhren Bijouterie\" \/>\n<meta property=\"article:modified_time\" content=\"2026-04-20T16:10:24+00:00\" \/>\n<meta property=\"og:image\" content=\"https:\/\/galli.ch\/wp-content\/uploads\/AI6008_PVB01_330_1.png\" \/>\n\t<meta property=\"og:image:width\" content=\"1000\" \/>\n\t<meta property=\"og:image:height\" content=\"1400\" \/>\n\t<meta property=\"og:image:type\" content=\"image\/png\" \/>\n<meta name=\"twitter:card\" content=\"summary_large_image\" \/>\n<script type=\"application\/ld+json\" class=\"yoast-schema-graph\">{\"@context\":\"https:\/\/schema.org\",\"@graph\":[{\"@type\":\"WebPage\",\"@id\":\"https:\/\/galli.ch\/uhren\/maurice-lacroix\/aikon\/ai6008-pvb01-330-1\/\",\"url\":\"https:\/\/galli.ch\/uhren\/maurice-lacroix\/aikon\/ai6008-pvb01-330-1\/\",\"name\":\"Maurice Lacroix Aikon Automatic PVD - Galli Uhren Bijouterie\",\"isPartOf\":{\"@id\":\"http:\/\/galli.ch\/en\/#website\"},\"primaryImageOfPage\":{\"@id\":\"https:\/\/galli.ch\/uhren\/maurice-lacroix\/aikon\/ai6008-pvb01-330-1\/#primaryimage\"},\"image\":{\"@id\":\"https:\/\/galli.ch\/uhren\/maurice-lacroix\/aikon\/ai6008-pvb01-330-1\/#primaryimage\"},\"thumbnailUrl\":\"https:\/\/galli.ch\/wp-content\/uploads\/AI6008_PVB01_330_1.png\",\"datePublished\":\"2019-02-08T16:52:41+00:00\",\"dateModified\":\"2026-04-20T16:10:24+00:00\",\"breadcrumb\":{\"@id\":\"https:\/\/galli.ch\/uhren\/maurice-lacroix\/aikon\/ai6008-pvb01-330-1\/#breadcrumb\"},\"inLanguage\":\"en-US\",\"potentialAction\":[{\"@type\":\"ReadAction\",\"target\":[\"https:\/\/galli.ch\/uhren\/maurice-lacroix\/aikon\/ai6008-pvb01-330-1\/\"]}]},{\"@type\":\"ImageObject\",\"inLanguage\":\"en-US\",\"@id\":\"https:\/\/galli.ch\/uhren\/maurice-lacroix\/aikon\/ai6008-pvb01-330-1\/#primaryimage\",\"url\":\"https:\/\/galli.ch\/wp-content\/uploads\/AI6008_PVB01_330_1.png\",\"contentUrl\":\"https:\/\/galli.ch\/wp-content\/uploads\/AI6008_PVB01_330_1.png\",\"width\":1000,\"height\":1400,\"caption\":\"Aikon Automatic PVD\"},{\"@type\":\"BreadcrumbList\",\"@id\":\"https:\/\/galli.ch\/uhren\/maurice-lacroix\/aikon\/ai6008-pvb01-330-1\/#breadcrumb\",\"itemListElement\":[{\"@type\":\"ListItem\",\"position\":1,\"name\":\"Home\",\"item\":\"https:\/\/galli.ch\/en\/\"},{\"@type\":\"ListItem\",\"position\":2,\"name\":\"Uhren\",\"item\":\"https:\/\/galli.ch\/en\/uhren\/\"},{\"@type\":\"ListItem\",\"position\":3,\"name\":\"Aikon Automatic PVD\"}]},{\"@type\":\"WebSite\",\"@id\":\"http:\/\/galli.ch\/en\/#website\",\"url\":\"http:\/\/galli.ch\/en\/\",\"name\":\"Galli Uhren Bijouterie\",\"description\":\"\",\"potentialAction\":[{\"@type\":\"SearchAction\",\"target\":{\"@type\":\"EntryPoint\",\"urlTemplate\":\"http:\/\/galli.ch\/en\/?s={search_term_string}\"},\"query-input\":{\"@type\":\"PropertyValueSpecification\",\"valueRequired\":true,\"valueName\":\"search_term_string\"}}],\"inLanguage\":\"en-US\"}]}<\/script>\n<!-- \/ Yoast SEO plugin. -->","yoast_head_json":{"title":"Maurice Lacroix Aikon Automatic PVD - Galli Uhren Bijouterie","robots":{"index":"index","follow":"follow","max-snippet":"max-snippet:-1","max-image-preview":"max-image-preview:large","max-video-preview":"max-video-preview:-1"},"canonical":"https:\/\/galli.ch\/uhren\/maurice-lacroix\/aikon\/ai6008-pvb01-330-1\/","og_locale":"en_US","og_type":"article","og_title":"Maurice Lacroix Aikon Automatic PVD - Galli Uhren Bijouterie","og_description":"BLACK IS BEAUTIFUL &#8211; Die AIKON Automatic ist das Herz und die Essenz der AIKON-Kollektion. Schwarz gekleidet, erreicht dieses St\u00fcck einen neuen Status. Die Leistung des schwarzen PVD verdeckt nicht die sandgestrahlte Behandlung der Uhr. Sein mattes Finish umfasst das Geh\u00e4use mit einem Durchmesser von 42 mm, die verschraubte Krone und die L\u00fcnette mit den... Weiter &raquo;","og_url":"https:\/\/galli.ch\/uhren\/maurice-lacroix\/aikon\/ai6008-pvb01-330-1\/","og_site_name":"Galli Uhren Bijouterie","article_modified_time":"2026-04-20T16:10:24+00:00","og_image":[{"width":1000,"height":1400,"url":"https:\/\/galli.ch\/wp-content\/uploads\/AI6008_PVB01_330_1.png","type":"image\/png"}],"twitter_card":"summary_large_image","schema":{"@context":"https:\/\/schema.org","@graph":[{"@type":"WebPage","@id":"https:\/\/galli.ch\/uhren\/maurice-lacroix\/aikon\/ai6008-pvb01-330-1\/","url":"https:\/\/galli.ch\/uhren\/maurice-lacroix\/aikon\/ai6008-pvb01-330-1\/","name":"Maurice Lacroix Aikon Automatic PVD - Galli Uhren Bijouterie","isPartOf":{"@id":"http:\/\/galli.ch\/en\/#website"},"primaryImageOfPage":{"@id":"https:\/\/galli.ch\/uhren\/maurice-lacroix\/aikon\/ai6008-pvb01-330-1\/#primaryimage"},"image":{"@id":"https:\/\/galli.ch\/uhren\/maurice-lacroix\/aikon\/ai6008-pvb01-330-1\/#primaryimage"},"thumbnailUrl":"https:\/\/galli.ch\/wp-content\/uploads\/AI6008_PVB01_330_1.png","datePublished":"2019-02-08T16:52:41+00:00","dateModified":"2026-04-20T16:10:24+00:00","breadcrumb":{"@id":"https:\/\/galli.ch\/uhren\/maurice-lacroix\/aikon\/ai6008-pvb01-330-1\/#breadcrumb"},"inLanguage":"en-US","potentialAction":[{"@type":"ReadAction","target":["https:\/\/galli.ch\/uhren\/maurice-lacroix\/aikon\/ai6008-pvb01-330-1\/"]}]},{"@type":"ImageObject","inLanguage":"en-US","@id":"https:\/\/galli.ch\/uhren\/maurice-lacroix\/aikon\/ai6008-pvb01-330-1\/#primaryimage","url":"https:\/\/galli.ch\/wp-content\/uploads\/AI6008_PVB01_330_1.png","contentUrl":"https:\/\/galli.ch\/wp-content\/uploads\/AI6008_PVB01_330_1.png","width":1000,"height":1400,"caption":"Aikon Automatic PVD"},{"@type":"BreadcrumbList","@id":"https:\/\/galli.ch\/uhren\/maurice-lacroix\/aikon\/ai6008-pvb01-330-1\/#breadcrumb","itemListElement":[{"@type":"ListItem","position":1,"name":"Home","item":"https:\/\/galli.ch\/en\/"},{"@type":"ListItem","position":2,"name":"Uhren","item":"https:\/\/galli.ch\/en\/uhren\/"},{"@type":"ListItem","position":3,"name":"Aikon Automatic PVD"}]},{"@type":"WebSite","@id":"http:\/\/galli.ch\/en\/#website","url":"http:\/\/galli.ch\/en\/","name":"Galli Uhren Bijouterie","description":"","potentialAction":[{"@type":"SearchAction","target":{"@type":"EntryPoint","urlTemplate":"http:\/\/galli.ch\/en\/?s={search_term_string}"},"query-input":{"@type":"PropertyValueSpecification","valueRequired":true,"valueName":"search_term_string"}}],"inLanguage":"en-US"}]}},"_links":{"self":[{"href":"https:\/\/galli.ch\/en\/wp-json\/wp\/v2\/product\/4201","targetHints":{"allow":["GET"]}}],"collection":[{"href":"https:\/\/galli.ch\/en\/wp-json\/wp\/v2\/product"}],"about":[{"href":"https:\/\/galli.ch\/en\/wp-json\/wp\/v2\/types\/product"}],"wp:featuredmedia":[{"embeddable":true,"href":"https:\/\/galli.ch\/en\/wp-json\/wp\/v2\/media\/4202"}],"wp:attachment":[{"href":"https:\/\/galli.ch\/en\/wp-json\/wp\/v2\/media?parent=4201"}],"wp:term":[{"taxonomy":"product_brand","embeddable":true,"href":"https:\/\/galli.ch\/en\/wp-json\/wp\/v2\/product_brand?post=4201"},{"taxonomy":"product_cat","embeddable":true,"href":"https:\/\/galli.ch\/en\/wp-json\/wp\/v2\/product_cat?post=4201"},{"taxonomy":"product_tag","embeddable":true,"href":"https:\/\/galli.ch\/en\/wp-json\/wp\/v2\/product_tag?post=4201"}],"curies":[{"name":"wp","href":"https:\/\/api.w.org\/{rel}","templated":true}]}}