{"id":42165,"date":"2025-04-03T15:24:25","date_gmt":"2025-04-03T13:24:25","guid":{"rendered":"https:\/\/galli.ch\/?post_type=product&#038;p=42165"},"modified":"2026-03-30T10:15:32","modified_gmt":"2026-03-30T08:15:32","slug":"m7943a1a0nu-0002","status":"publish","type":"product","link":"https:\/\/galli.ch\/en\/uhren\/tudor\/black-bay-68\/m7943a1a0nu-0002\/","title":{"rendered":"Tudor Black Bay 68"},"content":{"rendered":"<p>Die Tudor Black Bay 68: Eine seit 2025 existierende Erweiterung der ikonischen Black Bay-Linie. Mit ihrem vergr\u00f6sserten Geh\u00e4use bietet Tudor nun eine optimale Passform f\u00fcr jedes Handgelenk.<\/p>\n<p>Diese Uhr ist eine Hommage an das Jahr 1968, als der legend\u00e4re &#8220;Snowflake&#8221;-Zeiger, ein Markenzeichen von Tudor, entworfen wurde.<\/p>\n","protected":false},"excerpt":{"rendered":"<p>Die Tudor Black Bay 68: Eine seit 2025 existierende Erweiterung der ikonischen Black Bay-Linie. Mit ihrem vergr\u00f6sserten Geh\u00e4use bietet Tudor nun eine optimale Passform f\u00fcr jedes Handgelenk. Diese Uhr ist eine Hommage an das Jahr 1968, als der legend\u00e4re &#8220;Snowflake&#8221;-Zeiger, ein Markenzeichen von Tudor, entworfen wurde.<\/p>\n","protected":false},"featured_media":42087,"template":"","meta":{"_acf_changed":false,"inline_featured_image":false},"product_brand":[],"product_cat":[188],"product_tag":[],"class_list":{"0":"post-42165","1":"product","2":"type-product","3":"status-publish","4":"has-post-thumbnail","6":"uhrenhersteller-tudor","7":"uhrenhersteller-black-bay-68","8":"product_cat-uhren","10":"first","11":"instock","12":"taxable","13":"shipping-taxable","14":"purchasable","15":"product-type-simple"},"acf":[],"yoast_head":"<!-- This site is optimized with the Yoast SEO plugin v25.5 - https:\/\/yoast.com\/wordpress\/plugins\/seo\/ -->\n<title>Tudor Black Bay 68 - Galli Uhren Bijouterie<\/title>\n<meta name=\"robots\" content=\"index, follow, max-snippet:-1, max-image-preview:large, max-video-preview:-1\" \/>\n<link rel=\"canonical\" href=\"https:\/\/galli.ch\/uhren\/tudor\/black-bay-68\/m7943a1a0nu-0002\/\" \/>\n<meta property=\"og:locale\" content=\"en_US\" \/>\n<meta property=\"og:type\" content=\"article\" \/>\n<meta property=\"og:title\" content=\"Tudor Black Bay 68 - Galli Uhren Bijouterie\" \/>\n<meta property=\"og:description\" content=\"Die Tudor Black Bay 68: Eine seit 2025 existierende Erweiterung der ikonischen Black Bay-Linie. Mit ihrem vergr\u00f6sserten Geh\u00e4use bietet Tudor nun eine optimale Passform f\u00fcr jedes Handgelenk. Diese Uhr ist eine Hommage an das Jahr 1968, als der legend\u00e4re &#8220;Snowflake&#8221;-Zeiger, ein Markenzeichen von Tudor, entworfen wurde.\" \/>\n<meta property=\"og:url\" content=\"https:\/\/galli.ch\/uhren\/tudor\/black-bay-68\/m7943a1a0nu-0002\/\" \/>\n<meta property=\"og:site_name\" content=\"Galli Uhren Bijouterie\" \/>\n<meta property=\"article:modified_time\" content=\"2026-03-30T08:15:32+00:00\" \/>\n<meta property=\"og:image\" content=\"https:\/\/galli.ch\/wp-content\/uploads\/tudor-m7943a1a0nu-0002.png\" \/>\n\t<meta property=\"og:image:width\" content=\"1000\" \/>\n\t<meta property=\"og:image:height\" content=\"1400\" \/>\n\t<meta property=\"og:image:type\" content=\"image\/png\" \/>\n<meta name=\"twitter:card\" content=\"summary_large_image\" \/>\n<script type=\"application\/ld+json\" class=\"yoast-schema-graph\">{\"@context\":\"https:\/\/schema.org\",\"@graph\":[{\"@type\":\"WebPage\",\"@id\":\"https:\/\/galli.ch\/uhren\/tudor\/black-bay-68\/m7943a1a0nu-0002\/\",\"url\":\"https:\/\/galli.ch\/uhren\/tudor\/black-bay-68\/m7943a1a0nu-0002\/\",\"name\":\"Tudor Black Bay 68 - Galli Uhren Bijouterie\",\"isPartOf\":{\"@id\":\"http:\/\/galli.ch\/en\/#website\"},\"primaryImageOfPage\":{\"@id\":\"https:\/\/galli.ch\/uhren\/tudor\/black-bay-68\/m7943a1a0nu-0002\/#primaryimage\"},\"image\":{\"@id\":\"https:\/\/galli.ch\/uhren\/tudor\/black-bay-68\/m7943a1a0nu-0002\/#primaryimage\"},\"thumbnailUrl\":\"https:\/\/galli.ch\/wp-content\/uploads\/tudor-m7943a1a0nu-0002.png\",\"datePublished\":\"2025-04-03T13:24:25+00:00\",\"dateModified\":\"2026-03-30T08:15:32+00:00\",\"breadcrumb\":{\"@id\":\"https:\/\/galli.ch\/uhren\/tudor\/black-bay-68\/m7943a1a0nu-0002\/#breadcrumb\"},\"inLanguage\":\"en-US\",\"potentialAction\":[{\"@type\":\"ReadAction\",\"target\":[\"https:\/\/galli.ch\/uhren\/tudor\/black-bay-68\/m7943a1a0nu-0002\/\"]}]},{\"@type\":\"ImageObject\",\"inLanguage\":\"en-US\",\"@id\":\"https:\/\/galli.ch\/uhren\/tudor\/black-bay-68\/m7943a1a0nu-0002\/#primaryimage\",\"url\":\"https:\/\/galli.ch\/wp-content\/uploads\/tudor-m7943a1a0nu-0002.png\",\"contentUrl\":\"https:\/\/galli.ch\/wp-content\/uploads\/tudor-m7943a1a0nu-0002.png\",\"width\":1000,\"height\":1400,\"caption\":\"tudor-black-bay-68-m7943a1a0nu-0002\"},{\"@type\":\"BreadcrumbList\",\"@id\":\"https:\/\/galli.ch\/uhren\/tudor\/black-bay-68\/m7943a1a0nu-0002\/#breadcrumb\",\"itemListElement\":[{\"@type\":\"ListItem\",\"position\":1,\"name\":\"Home\",\"item\":\"https:\/\/galli.ch\/en\/\"},{\"@type\":\"ListItem\",\"position\":2,\"name\":\"Uhren\",\"item\":\"https:\/\/galli.ch\/en\/uhren\/\"},{\"@type\":\"ListItem\",\"position\":3,\"name\":\"Tudor Black Bay 68\"}]},{\"@type\":\"WebSite\",\"@id\":\"http:\/\/galli.ch\/en\/#website\",\"url\":\"http:\/\/galli.ch\/en\/\",\"name\":\"Galli Uhren Bijouterie\",\"description\":\"\",\"potentialAction\":[{\"@type\":\"SearchAction\",\"target\":{\"@type\":\"EntryPoint\",\"urlTemplate\":\"http:\/\/galli.ch\/en\/?s={search_term_string}\"},\"query-input\":{\"@type\":\"PropertyValueSpecification\",\"valueRequired\":true,\"valueName\":\"search_term_string\"}}],\"inLanguage\":\"en-US\"}]}<\/script>\n<!-- \/ Yoast SEO plugin. -->","yoast_head_json":{"title":"Tudor Black Bay 68 - Galli Uhren Bijouterie","robots":{"index":"index","follow":"follow","max-snippet":"max-snippet:-1","max-image-preview":"max-image-preview:large","max-video-preview":"max-video-preview:-1"},"canonical":"https:\/\/galli.ch\/uhren\/tudor\/black-bay-68\/m7943a1a0nu-0002\/","og_locale":"en_US","og_type":"article","og_title":"Tudor Black Bay 68 - Galli Uhren Bijouterie","og_description":"Die Tudor Black Bay 68: Eine seit 2025 existierende Erweiterung der ikonischen Black Bay-Linie. Mit ihrem vergr\u00f6sserten Geh\u00e4use bietet Tudor nun eine optimale Passform f\u00fcr jedes Handgelenk. Diese Uhr ist eine Hommage an das Jahr 1968, als der legend\u00e4re &#8220;Snowflake&#8221;-Zeiger, ein Markenzeichen von Tudor, entworfen wurde.","og_url":"https:\/\/galli.ch\/uhren\/tudor\/black-bay-68\/m7943a1a0nu-0002\/","og_site_name":"Galli Uhren Bijouterie","article_modified_time":"2026-03-30T08:15:32+00:00","og_image":[{"width":1000,"height":1400,"url":"https:\/\/galli.ch\/wp-content\/uploads\/tudor-m7943a1a0nu-0002.png","type":"image\/png"}],"twitter_card":"summary_large_image","schema":{"@context":"https:\/\/schema.org","@graph":[{"@type":"WebPage","@id":"https:\/\/galli.ch\/uhren\/tudor\/black-bay-68\/m7943a1a0nu-0002\/","url":"https:\/\/galli.ch\/uhren\/tudor\/black-bay-68\/m7943a1a0nu-0002\/","name":"Tudor Black Bay 68 - Galli Uhren Bijouterie","isPartOf":{"@id":"http:\/\/galli.ch\/en\/#website"},"primaryImageOfPage":{"@id":"https:\/\/galli.ch\/uhren\/tudor\/black-bay-68\/m7943a1a0nu-0002\/#primaryimage"},"image":{"@id":"https:\/\/galli.ch\/uhren\/tudor\/black-bay-68\/m7943a1a0nu-0002\/#primaryimage"},"thumbnailUrl":"https:\/\/galli.ch\/wp-content\/uploads\/tudor-m7943a1a0nu-0002.png","datePublished":"2025-04-03T13:24:25+00:00","dateModified":"2026-03-30T08:15:32+00:00","breadcrumb":{"@id":"https:\/\/galli.ch\/uhren\/tudor\/black-bay-68\/m7943a1a0nu-0002\/#breadcrumb"},"inLanguage":"en-US","potentialAction":[{"@type":"ReadAction","target":["https:\/\/galli.ch\/uhren\/tudor\/black-bay-68\/m7943a1a0nu-0002\/"]}]},{"@type":"ImageObject","inLanguage":"en-US","@id":"https:\/\/galli.ch\/uhren\/tudor\/black-bay-68\/m7943a1a0nu-0002\/#primaryimage","url":"https:\/\/galli.ch\/wp-content\/uploads\/tudor-m7943a1a0nu-0002.png","contentUrl":"https:\/\/galli.ch\/wp-content\/uploads\/tudor-m7943a1a0nu-0002.png","width":1000,"height":1400,"caption":"tudor-black-bay-68-m7943a1a0nu-0002"},{"@type":"BreadcrumbList","@id":"https:\/\/galli.ch\/uhren\/tudor\/black-bay-68\/m7943a1a0nu-0002\/#breadcrumb","itemListElement":[{"@type":"ListItem","position":1,"name":"Home","item":"https:\/\/galli.ch\/en\/"},{"@type":"ListItem","position":2,"name":"Uhren","item":"https:\/\/galli.ch\/en\/uhren\/"},{"@type":"ListItem","position":3,"name":"Tudor Black Bay 68"}]},{"@type":"WebSite","@id":"http:\/\/galli.ch\/en\/#website","url":"http:\/\/galli.ch\/en\/","name":"Galli Uhren Bijouterie","description":"","potentialAction":[{"@type":"SearchAction","target":{"@type":"EntryPoint","urlTemplate":"http:\/\/galli.ch\/en\/?s={search_term_string}"},"query-input":{"@type":"PropertyValueSpecification","valueRequired":true,"valueName":"search_term_string"}}],"inLanguage":"en-US"}]}},"_links":{"self":[{"href":"https:\/\/galli.ch\/en\/wp-json\/wp\/v2\/product\/42165","targetHints":{"allow":["GET"]}}],"collection":[{"href":"https:\/\/galli.ch\/en\/wp-json\/wp\/v2\/product"}],"about":[{"href":"https:\/\/galli.ch\/en\/wp-json\/wp\/v2\/types\/product"}],"wp:featuredmedia":[{"embeddable":true,"href":"https:\/\/galli.ch\/en\/wp-json\/wp\/v2\/media\/42087"}],"wp:attachment":[{"href":"https:\/\/galli.ch\/en\/wp-json\/wp\/v2\/media?parent=42165"}],"wp:term":[{"taxonomy":"product_brand","embeddable":true,"href":"https:\/\/galli.ch\/en\/wp-json\/wp\/v2\/product_brand?post=42165"},{"taxonomy":"product_cat","embeddable":true,"href":"https:\/\/galli.ch\/en\/wp-json\/wp\/v2\/product_cat?post=42165"},{"taxonomy":"product_tag","embeddable":true,"href":"https:\/\/galli.ch\/en\/wp-json\/wp\/v2\/product_tag?post=42165"}],"curies":[{"name":"wp","href":"https:\/\/api.w.org\/{rel}","templated":true}]}}