{"id":42176,"date":"2025-04-03T17:58:13","date_gmt":"2025-04-03T15:58:13","guid":{"rendered":"https:\/\/galli.ch\/?post_type=product&#038;p=42176"},"modified":"2026-03-16T11:09:34","modified_gmt":"2026-03-16T10:09:34","slug":"automatic-35-iw324903","status":"publish","type":"product","link":"https:\/\/galli.ch\/en\/uhren\/iwc\/ingenieur\/automatic-35-iw324903\/","title":{"rendered":"IWC Ingenieur Automatic 35"},"content":{"rendered":"<p>Die moderne Ingenieur greift die mutigen Designcodes der Ingenieur SL, Referenz 1832, wieder auf \u2013 eine Luxus-Sportuhr, die der renommierte Uhrendesigner G\u00e9rald Genta in den 1970er-Jahren entworfen hat. Dieses Modell verf\u00fcgt \u00fcber ein Geh\u00e4use und integriertes Armband aus 18 Karat Rotgold, ein goldfarbenes Zifferblatt, Appliken aus Gold sowie vergoldete Zeiger. Um jede Komponente und jedes Design-Merkmal der Ingenieur originalgetreu f\u00fcr ein 35-Millimeter-Geh\u00e4use zu definieren, zu proportionieren und fertigzustellen, haben Designer und Ingenieure Hand in Hand zusammengearbeitet.<\/p>\n","protected":false},"excerpt":{"rendered":"<p>Die moderne Ingenieur greift die mutigen Designcodes der Ingenieur SL, Referenz 1832, wieder auf \u2013 eine Luxus-Sportuhr, die der renommierte Uhrendesigner G\u00e9rald Genta in den 1970er-Jahren entworfen hat. Dieses Modell verf\u00fcgt \u00fcber ein Geh\u00e4use und integriertes Armband aus 18 Karat Rotgold, ein goldfarbenes Zifferblatt, Appliken aus Gold sowie vergoldete Zeiger. Um jede Komponente und jedes&#8230;  <a class=\"excerpt-read-more\" href=\"https:\/\/galli.ch\/en\/uhren\/iwc\/ingenieur\/automatic-35-iw324903\/\" title=\"Read IWC Ingenieur Automatic 35\">Weiter &raquo;<\/a><\/p>\n","protected":false},"featured_media":42063,"template":"","meta":{"_acf_changed":false,"inline_featured_image":false},"product_brand":[],"product_cat":[188],"product_tag":[],"class_list":{"0":"post-42176","1":"product","2":"type-product","3":"status-publish","4":"has-post-thumbnail","6":"uhrenhersteller-iwc","7":"uhrenhersteller-ingenieur","8":"product_cat-uhren","10":"first","11":"outofstock","12":"taxable","13":"shipping-taxable","14":"purchasable","15":"product-type-simple"},"acf":[],"yoast_head":"<!-- This site is optimized with the Yoast SEO plugin v25.5 - https:\/\/yoast.com\/wordpress\/plugins\/seo\/ -->\n<title>IWC Ingenieur Automatic 35 - Galli Uhren Bijouterie<\/title>\n<meta name=\"robots\" content=\"index, follow, max-snippet:-1, max-image-preview:large, max-video-preview:-1\" \/>\n<link rel=\"canonical\" href=\"https:\/\/galli.ch\/uhren\/iwc\/ingenieur\/automatic-35-iw324903\/\" \/>\n<meta property=\"og:locale\" content=\"en_US\" \/>\n<meta property=\"og:type\" content=\"article\" \/>\n<meta property=\"og:title\" content=\"IWC Ingenieur Automatic 35 - Galli Uhren Bijouterie\" \/>\n<meta property=\"og:description\" content=\"Die moderne Ingenieur greift die mutigen Designcodes der Ingenieur SL, Referenz 1832, wieder auf \u2013 eine Luxus-Sportuhr, die der renommierte Uhrendesigner G\u00e9rald Genta in den 1970er-Jahren entworfen hat. Dieses Modell verf\u00fcgt \u00fcber ein Geh\u00e4use und integriertes Armband aus 18 Karat Rotgold, ein goldfarbenes Zifferblatt, Appliken aus Gold sowie vergoldete Zeiger. Um jede Komponente und jedes... Weiter &raquo;\" \/>\n<meta property=\"og:url\" content=\"https:\/\/galli.ch\/uhren\/iwc\/ingenieur\/automatic-35-iw324903\/\" \/>\n<meta property=\"og:site_name\" content=\"Galli Uhren Bijouterie\" \/>\n<meta property=\"article:modified_time\" content=\"2026-03-16T10:09:34+00:00\" \/>\n<meta property=\"og:image\" content=\"https:\/\/galli.ch\/wp-content\/uploads\/HS0Z_S4QQHy08UpBhncKPw.png\" \/>\n\t<meta property=\"og:image:width\" content=\"1000\" \/>\n\t<meta property=\"og:image:height\" content=\"1400\" \/>\n\t<meta property=\"og:image:type\" content=\"image\/png\" \/>\n<meta name=\"twitter:card\" content=\"summary_large_image\" \/>\n<script type=\"application\/ld+json\" class=\"yoast-schema-graph\">{\"@context\":\"https:\/\/schema.org\",\"@graph\":[{\"@type\":\"WebPage\",\"@id\":\"https:\/\/galli.ch\/uhren\/iwc\/ingenieur\/automatic-35-iw324903\/\",\"url\":\"https:\/\/galli.ch\/uhren\/iwc\/ingenieur\/automatic-35-iw324903\/\",\"name\":\"IWC Ingenieur Automatic 35 - Galli Uhren Bijouterie\",\"isPartOf\":{\"@id\":\"http:\/\/galli.ch\/en\/#website\"},\"primaryImageOfPage\":{\"@id\":\"https:\/\/galli.ch\/uhren\/iwc\/ingenieur\/automatic-35-iw324903\/#primaryimage\"},\"image\":{\"@id\":\"https:\/\/galli.ch\/uhren\/iwc\/ingenieur\/automatic-35-iw324903\/#primaryimage\"},\"thumbnailUrl\":\"https:\/\/galli.ch\/wp-content\/uploads\/HS0Z_S4QQHy08UpBhncKPw.png\",\"datePublished\":\"2025-04-03T15:58:13+00:00\",\"dateModified\":\"2026-03-16T10:09:34+00:00\",\"breadcrumb\":{\"@id\":\"https:\/\/galli.ch\/uhren\/iwc\/ingenieur\/automatic-35-iw324903\/#breadcrumb\"},\"inLanguage\":\"en-US\",\"potentialAction\":[{\"@type\":\"ReadAction\",\"target\":[\"https:\/\/galli.ch\/uhren\/iwc\/ingenieur\/automatic-35-iw324903\/\"]}]},{\"@type\":\"ImageObject\",\"inLanguage\":\"en-US\",\"@id\":\"https:\/\/galli.ch\/uhren\/iwc\/ingenieur\/automatic-35-iw324903\/#primaryimage\",\"url\":\"https:\/\/galli.ch\/wp-content\/uploads\/HS0Z_S4QQHy08UpBhncKPw.png\",\"contentUrl\":\"https:\/\/galli.ch\/wp-content\/uploads\/HS0Z_S4QQHy08UpBhncKPw.png\",\"width\":1000,\"height\":1400},{\"@type\":\"BreadcrumbList\",\"@id\":\"https:\/\/galli.ch\/uhren\/iwc\/ingenieur\/automatic-35-iw324903\/#breadcrumb\",\"itemListElement\":[{\"@type\":\"ListItem\",\"position\":1,\"name\":\"Home\",\"item\":\"https:\/\/galli.ch\/en\/\"},{\"@type\":\"ListItem\",\"position\":2,\"name\":\"Uhren\",\"item\":\"https:\/\/galli.ch\/en\/uhren\/\"},{\"@type\":\"ListItem\",\"position\":3,\"name\":\"IWC Ingenieur Automatic 35\"}]},{\"@type\":\"WebSite\",\"@id\":\"http:\/\/galli.ch\/en\/#website\",\"url\":\"http:\/\/galli.ch\/en\/\",\"name\":\"Galli Uhren Bijouterie\",\"description\":\"\",\"potentialAction\":[{\"@type\":\"SearchAction\",\"target\":{\"@type\":\"EntryPoint\",\"urlTemplate\":\"http:\/\/galli.ch\/en\/?s={search_term_string}\"},\"query-input\":{\"@type\":\"PropertyValueSpecification\",\"valueRequired\":true,\"valueName\":\"search_term_string\"}}],\"inLanguage\":\"en-US\"}]}<\/script>\n<!-- \/ Yoast SEO plugin. -->","yoast_head_json":{"title":"IWC Ingenieur Automatic 35 - Galli Uhren Bijouterie","robots":{"index":"index","follow":"follow","max-snippet":"max-snippet:-1","max-image-preview":"max-image-preview:large","max-video-preview":"max-video-preview:-1"},"canonical":"https:\/\/galli.ch\/uhren\/iwc\/ingenieur\/automatic-35-iw324903\/","og_locale":"en_US","og_type":"article","og_title":"IWC Ingenieur Automatic 35 - Galli Uhren Bijouterie","og_description":"Die moderne Ingenieur greift die mutigen Designcodes der Ingenieur SL, Referenz 1832, wieder auf \u2013 eine Luxus-Sportuhr, die der renommierte Uhrendesigner G\u00e9rald Genta in den 1970er-Jahren entworfen hat. Dieses Modell verf\u00fcgt \u00fcber ein Geh\u00e4use und integriertes Armband aus 18 Karat Rotgold, ein goldfarbenes Zifferblatt, Appliken aus Gold sowie vergoldete Zeiger. Um jede Komponente und jedes... Weiter &raquo;","og_url":"https:\/\/galli.ch\/uhren\/iwc\/ingenieur\/automatic-35-iw324903\/","og_site_name":"Galli Uhren Bijouterie","article_modified_time":"2026-03-16T10:09:34+00:00","og_image":[{"width":1000,"height":1400,"url":"https:\/\/galli.ch\/wp-content\/uploads\/HS0Z_S4QQHy08UpBhncKPw.png","type":"image\/png"}],"twitter_card":"summary_large_image","schema":{"@context":"https:\/\/schema.org","@graph":[{"@type":"WebPage","@id":"https:\/\/galli.ch\/uhren\/iwc\/ingenieur\/automatic-35-iw324903\/","url":"https:\/\/galli.ch\/uhren\/iwc\/ingenieur\/automatic-35-iw324903\/","name":"IWC Ingenieur Automatic 35 - Galli Uhren Bijouterie","isPartOf":{"@id":"http:\/\/galli.ch\/en\/#website"},"primaryImageOfPage":{"@id":"https:\/\/galli.ch\/uhren\/iwc\/ingenieur\/automatic-35-iw324903\/#primaryimage"},"image":{"@id":"https:\/\/galli.ch\/uhren\/iwc\/ingenieur\/automatic-35-iw324903\/#primaryimage"},"thumbnailUrl":"https:\/\/galli.ch\/wp-content\/uploads\/HS0Z_S4QQHy08UpBhncKPw.png","datePublished":"2025-04-03T15:58:13+00:00","dateModified":"2026-03-16T10:09:34+00:00","breadcrumb":{"@id":"https:\/\/galli.ch\/uhren\/iwc\/ingenieur\/automatic-35-iw324903\/#breadcrumb"},"inLanguage":"en-US","potentialAction":[{"@type":"ReadAction","target":["https:\/\/galli.ch\/uhren\/iwc\/ingenieur\/automatic-35-iw324903\/"]}]},{"@type":"ImageObject","inLanguage":"en-US","@id":"https:\/\/galli.ch\/uhren\/iwc\/ingenieur\/automatic-35-iw324903\/#primaryimage","url":"https:\/\/galli.ch\/wp-content\/uploads\/HS0Z_S4QQHy08UpBhncKPw.png","contentUrl":"https:\/\/galli.ch\/wp-content\/uploads\/HS0Z_S4QQHy08UpBhncKPw.png","width":1000,"height":1400},{"@type":"BreadcrumbList","@id":"https:\/\/galli.ch\/uhren\/iwc\/ingenieur\/automatic-35-iw324903\/#breadcrumb","itemListElement":[{"@type":"ListItem","position":1,"name":"Home","item":"https:\/\/galli.ch\/en\/"},{"@type":"ListItem","position":2,"name":"Uhren","item":"https:\/\/galli.ch\/en\/uhren\/"},{"@type":"ListItem","position":3,"name":"IWC Ingenieur Automatic 35"}]},{"@type":"WebSite","@id":"http:\/\/galli.ch\/en\/#website","url":"http:\/\/galli.ch\/en\/","name":"Galli Uhren Bijouterie","description":"","potentialAction":[{"@type":"SearchAction","target":{"@type":"EntryPoint","urlTemplate":"http:\/\/galli.ch\/en\/?s={search_term_string}"},"query-input":{"@type":"PropertyValueSpecification","valueRequired":true,"valueName":"search_term_string"}}],"inLanguage":"en-US"}]}},"_links":{"self":[{"href":"https:\/\/galli.ch\/en\/wp-json\/wp\/v2\/product\/42176","targetHints":{"allow":["GET"]}}],"collection":[{"href":"https:\/\/galli.ch\/en\/wp-json\/wp\/v2\/product"}],"about":[{"href":"https:\/\/galli.ch\/en\/wp-json\/wp\/v2\/types\/product"}],"wp:featuredmedia":[{"embeddable":true,"href":"https:\/\/galli.ch\/en\/wp-json\/wp\/v2\/media\/42063"}],"wp:attachment":[{"href":"https:\/\/galli.ch\/en\/wp-json\/wp\/v2\/media?parent=42176"}],"wp:term":[{"taxonomy":"product_brand","embeddable":true,"href":"https:\/\/galli.ch\/en\/wp-json\/wp\/v2\/product_brand?post=42176"},{"taxonomy":"product_cat","embeddable":true,"href":"https:\/\/galli.ch\/en\/wp-json\/wp\/v2\/product_cat?post=42176"},{"taxonomy":"product_tag","embeddable":true,"href":"https:\/\/galli.ch\/en\/wp-json\/wp\/v2\/product_tag?post=42176"}],"curies":[{"name":"wp","href":"https:\/\/api.w.org\/{rel}","templated":true}]}}