{"id":42183,"date":"2025-04-03T18:17:05","date_gmt":"2025-04-03T16:17:05","guid":{"rendered":"https:\/\/galli.ch\/?post_type=product&#038;p=42183"},"modified":"2025-04-05T12:55:16","modified_gmt":"2025-04-05T10:55:16","slug":"automatic-42-iw338903","status":"publish","type":"product","link":"https:\/\/galli.ch\/en\/uhren\/iwc\/ingenieur\/automatic-42-iw338903\/","title":{"rendered":"IWC Ingenieur Automatic 42"},"content":{"rendered":"<p>Um eine m\u00f6glichst schlanke und proportionstreue Keramik-Umsetzung des Ingenieur-Designs zu erreichen, setzt IWC eine innovative mehrteilige Geh\u00e4usekonstruktion aus reiner Keramik ein. Der Geh\u00e4usering, die L\u00fcnette und der Bodenring sind alle aus schwarzer Zirkonoxid-Keramik gefertigt. Selbst Anbauteile wie die Krone oder der Kronenschutz sind aus diesem extrem harten und kratzfesten Material. Ein d\u00fcnner innerer Titanring nimmt die funktionalen Schrauben der L\u00fcnette und des Bodenrings auf, h\u00e4lt das Uhrwerk und gew\u00e4hrleistet eine hohe Wasserdichtigkeit von 10 bar.<\/p>\n","protected":false},"excerpt":{"rendered":"<p>Um eine m\u00f6glichst schlanke und proportionstreue Keramik-Umsetzung des Ingenieur-Designs zu erreichen, setzt IWC eine innovative mehrteilige Geh\u00e4usekonstruktion aus reiner Keramik ein. Der Geh\u00e4usering, die L\u00fcnette und der Bodenring sind alle aus schwarzer Zirkonoxid-Keramik gefertigt. Selbst Anbauteile wie die Krone oder der Kronenschutz sind aus diesem extrem harten und kratzfesten Material. Ein d\u00fcnner innerer Titanring nimmt&#8230;  <a class=\"excerpt-read-more\" href=\"https:\/\/galli.ch\/en\/uhren\/iwc\/ingenieur\/automatic-42-iw338903\/\" title=\"Read IWC Ingenieur Automatic 42\">Weiter &raquo;<\/a><\/p>\n","protected":false},"featured_media":42071,"template":"","meta":{"_acf_changed":false,"inline_featured_image":false},"product_brand":[],"product_cat":[188],"product_tag":[],"class_list":{"0":"post-42183","1":"product","2":"type-product","3":"status-publish","4":"has-post-thumbnail","6":"uhrenhersteller-iwc","7":"uhrenhersteller-ingenieur","8":"product_cat-uhren","10":"first","11":"outofstock","12":"taxable","13":"shipping-taxable","14":"purchasable","15":"product-type-simple"},"acf":[],"yoast_head":"<!-- This site is optimized with the Yoast SEO plugin v25.5 - https:\/\/yoast.com\/wordpress\/plugins\/seo\/ -->\n<title>IWC Ingenieur Automatic 42 - Galli Uhren Bijouterie<\/title>\n<meta name=\"robots\" content=\"index, follow, max-snippet:-1, max-image-preview:large, max-video-preview:-1\" \/>\n<link rel=\"canonical\" href=\"https:\/\/galli.ch\/uhren\/iwc\/ingenieur\/automatic-42-iw338903\/\" \/>\n<meta property=\"og:locale\" content=\"en_US\" \/>\n<meta property=\"og:type\" content=\"article\" \/>\n<meta property=\"og:title\" content=\"IWC Ingenieur Automatic 42 - Galli Uhren Bijouterie\" \/>\n<meta property=\"og:description\" content=\"Um eine m\u00f6glichst schlanke und proportionstreue Keramik-Umsetzung des Ingenieur-Designs zu erreichen, setzt IWC eine innovative mehrteilige Geh\u00e4usekonstruktion aus reiner Keramik ein. Der Geh\u00e4usering, die L\u00fcnette und der Bodenring sind alle aus schwarzer Zirkonoxid-Keramik gefertigt. Selbst Anbauteile wie die Krone oder der Kronenschutz sind aus diesem extrem harten und kratzfesten Material. Ein d\u00fcnner innerer Titanring nimmt... Weiter &raquo;\" \/>\n<meta property=\"og:url\" content=\"https:\/\/galli.ch\/uhren\/iwc\/ingenieur\/automatic-42-iw338903\/\" \/>\n<meta property=\"og:site_name\" content=\"Galli Uhren Bijouterie\" \/>\n<meta property=\"article:modified_time\" content=\"2025-04-05T10:55:16+00:00\" \/>\n<meta property=\"og:image\" content=\"https:\/\/galli.ch\/wp-content\/uploads\/Nbm4nbbCT9G2nRpasoFXvQ.png\" \/>\n\t<meta property=\"og:image:width\" content=\"1000\" \/>\n\t<meta property=\"og:image:height\" content=\"1400\" \/>\n\t<meta property=\"og:image:type\" content=\"image\/png\" \/>\n<meta name=\"twitter:card\" content=\"summary_large_image\" \/>\n<script type=\"application\/ld+json\" class=\"yoast-schema-graph\">{\"@context\":\"https:\/\/schema.org\",\"@graph\":[{\"@type\":\"WebPage\",\"@id\":\"https:\/\/galli.ch\/uhren\/iwc\/ingenieur\/automatic-42-iw338903\/\",\"url\":\"https:\/\/galli.ch\/uhren\/iwc\/ingenieur\/automatic-42-iw338903\/\",\"name\":\"IWC Ingenieur Automatic 42 - Galli Uhren Bijouterie\",\"isPartOf\":{\"@id\":\"http:\/\/galli.ch\/en\/#website\"},\"primaryImageOfPage\":{\"@id\":\"https:\/\/galli.ch\/uhren\/iwc\/ingenieur\/automatic-42-iw338903\/#primaryimage\"},\"image\":{\"@id\":\"https:\/\/galli.ch\/uhren\/iwc\/ingenieur\/automatic-42-iw338903\/#primaryimage\"},\"thumbnailUrl\":\"https:\/\/galli.ch\/wp-content\/uploads\/Nbm4nbbCT9G2nRpasoFXvQ.png\",\"datePublished\":\"2025-04-03T16:17:05+00:00\",\"dateModified\":\"2025-04-05T10:55:16+00:00\",\"breadcrumb\":{\"@id\":\"https:\/\/galli.ch\/uhren\/iwc\/ingenieur\/automatic-42-iw338903\/#breadcrumb\"},\"inLanguage\":\"en-US\",\"potentialAction\":[{\"@type\":\"ReadAction\",\"target\":[\"https:\/\/galli.ch\/uhren\/iwc\/ingenieur\/automatic-42-iw338903\/\"]}]},{\"@type\":\"ImageObject\",\"inLanguage\":\"en-US\",\"@id\":\"https:\/\/galli.ch\/uhren\/iwc\/ingenieur\/automatic-42-iw338903\/#primaryimage\",\"url\":\"https:\/\/galli.ch\/wp-content\/uploads\/Nbm4nbbCT9G2nRpasoFXvQ.png\",\"contentUrl\":\"https:\/\/galli.ch\/wp-content\/uploads\/Nbm4nbbCT9G2nRpasoFXvQ.png\",\"width\":1000,\"height\":1400},{\"@type\":\"BreadcrumbList\",\"@id\":\"https:\/\/galli.ch\/uhren\/iwc\/ingenieur\/automatic-42-iw338903\/#breadcrumb\",\"itemListElement\":[{\"@type\":\"ListItem\",\"position\":1,\"name\":\"Home\",\"item\":\"https:\/\/galli.ch\/en\/\"},{\"@type\":\"ListItem\",\"position\":2,\"name\":\"Uhren\",\"item\":\"https:\/\/galli.ch\/en\/uhren\/\"},{\"@type\":\"ListItem\",\"position\":3,\"name\":\"IWC Ingenieur Automatic 42\"}]},{\"@type\":\"WebSite\",\"@id\":\"http:\/\/galli.ch\/en\/#website\",\"url\":\"http:\/\/galli.ch\/en\/\",\"name\":\"Galli Uhren Bijouterie\",\"description\":\"\",\"potentialAction\":[{\"@type\":\"SearchAction\",\"target\":{\"@type\":\"EntryPoint\",\"urlTemplate\":\"http:\/\/galli.ch\/en\/?s={search_term_string}\"},\"query-input\":{\"@type\":\"PropertyValueSpecification\",\"valueRequired\":true,\"valueName\":\"search_term_string\"}}],\"inLanguage\":\"en-US\"}]}<\/script>\n<!-- \/ Yoast SEO plugin. -->","yoast_head_json":{"title":"IWC Ingenieur Automatic 42 - Galli Uhren Bijouterie","robots":{"index":"index","follow":"follow","max-snippet":"max-snippet:-1","max-image-preview":"max-image-preview:large","max-video-preview":"max-video-preview:-1"},"canonical":"https:\/\/galli.ch\/uhren\/iwc\/ingenieur\/automatic-42-iw338903\/","og_locale":"en_US","og_type":"article","og_title":"IWC Ingenieur Automatic 42 - Galli Uhren Bijouterie","og_description":"Um eine m\u00f6glichst schlanke und proportionstreue Keramik-Umsetzung des Ingenieur-Designs zu erreichen, setzt IWC eine innovative mehrteilige Geh\u00e4usekonstruktion aus reiner Keramik ein. Der Geh\u00e4usering, die L\u00fcnette und der Bodenring sind alle aus schwarzer Zirkonoxid-Keramik gefertigt. Selbst Anbauteile wie die Krone oder der Kronenschutz sind aus diesem extrem harten und kratzfesten Material. Ein d\u00fcnner innerer Titanring nimmt... Weiter &raquo;","og_url":"https:\/\/galli.ch\/uhren\/iwc\/ingenieur\/automatic-42-iw338903\/","og_site_name":"Galli Uhren Bijouterie","article_modified_time":"2025-04-05T10:55:16+00:00","og_image":[{"width":1000,"height":1400,"url":"https:\/\/galli.ch\/wp-content\/uploads\/Nbm4nbbCT9G2nRpasoFXvQ.png","type":"image\/png"}],"twitter_card":"summary_large_image","schema":{"@context":"https:\/\/schema.org","@graph":[{"@type":"WebPage","@id":"https:\/\/galli.ch\/uhren\/iwc\/ingenieur\/automatic-42-iw338903\/","url":"https:\/\/galli.ch\/uhren\/iwc\/ingenieur\/automatic-42-iw338903\/","name":"IWC Ingenieur Automatic 42 - Galli Uhren Bijouterie","isPartOf":{"@id":"http:\/\/galli.ch\/en\/#website"},"primaryImageOfPage":{"@id":"https:\/\/galli.ch\/uhren\/iwc\/ingenieur\/automatic-42-iw338903\/#primaryimage"},"image":{"@id":"https:\/\/galli.ch\/uhren\/iwc\/ingenieur\/automatic-42-iw338903\/#primaryimage"},"thumbnailUrl":"https:\/\/galli.ch\/wp-content\/uploads\/Nbm4nbbCT9G2nRpasoFXvQ.png","datePublished":"2025-04-03T16:17:05+00:00","dateModified":"2025-04-05T10:55:16+00:00","breadcrumb":{"@id":"https:\/\/galli.ch\/uhren\/iwc\/ingenieur\/automatic-42-iw338903\/#breadcrumb"},"inLanguage":"en-US","potentialAction":[{"@type":"ReadAction","target":["https:\/\/galli.ch\/uhren\/iwc\/ingenieur\/automatic-42-iw338903\/"]}]},{"@type":"ImageObject","inLanguage":"en-US","@id":"https:\/\/galli.ch\/uhren\/iwc\/ingenieur\/automatic-42-iw338903\/#primaryimage","url":"https:\/\/galli.ch\/wp-content\/uploads\/Nbm4nbbCT9G2nRpasoFXvQ.png","contentUrl":"https:\/\/galli.ch\/wp-content\/uploads\/Nbm4nbbCT9G2nRpasoFXvQ.png","width":1000,"height":1400},{"@type":"BreadcrumbList","@id":"https:\/\/galli.ch\/uhren\/iwc\/ingenieur\/automatic-42-iw338903\/#breadcrumb","itemListElement":[{"@type":"ListItem","position":1,"name":"Home","item":"https:\/\/galli.ch\/en\/"},{"@type":"ListItem","position":2,"name":"Uhren","item":"https:\/\/galli.ch\/en\/uhren\/"},{"@type":"ListItem","position":3,"name":"IWC Ingenieur Automatic 42"}]},{"@type":"WebSite","@id":"http:\/\/galli.ch\/en\/#website","url":"http:\/\/galli.ch\/en\/","name":"Galli Uhren Bijouterie","description":"","potentialAction":[{"@type":"SearchAction","target":{"@type":"EntryPoint","urlTemplate":"http:\/\/galli.ch\/en\/?s={search_term_string}"},"query-input":{"@type":"PropertyValueSpecification","valueRequired":true,"valueName":"search_term_string"}}],"inLanguage":"en-US"}]}},"_links":{"self":[{"href":"https:\/\/galli.ch\/en\/wp-json\/wp\/v2\/product\/42183","targetHints":{"allow":["GET"]}}],"collection":[{"href":"https:\/\/galli.ch\/en\/wp-json\/wp\/v2\/product"}],"about":[{"href":"https:\/\/galli.ch\/en\/wp-json\/wp\/v2\/types\/product"}],"wp:featuredmedia":[{"embeddable":true,"href":"https:\/\/galli.ch\/en\/wp-json\/wp\/v2\/media\/42071"}],"wp:attachment":[{"href":"https:\/\/galli.ch\/en\/wp-json\/wp\/v2\/media?parent=42183"}],"wp:term":[{"taxonomy":"product_brand","embeddable":true,"href":"https:\/\/galli.ch\/en\/wp-json\/wp\/v2\/product_brand?post=42183"},{"taxonomy":"product_cat","embeddable":true,"href":"https:\/\/galli.ch\/en\/wp-json\/wp\/v2\/product_cat?post=42183"},{"taxonomy":"product_tag","embeddable":true,"href":"https:\/\/galli.ch\/en\/wp-json\/wp\/v2\/product_tag?post=42183"}],"curies":[{"name":"wp","href":"https:\/\/api.w.org\/{rel}","templated":true}]}}