{"id":42185,"date":"2025-04-03T18:20:49","date_gmt":"2025-04-03T16:20:49","guid":{"rendered":"https:\/\/galli.ch\/?post_type=product&#038;p=42185"},"modified":"2026-03-16T11:10:20","modified_gmt":"2026-03-16T10:10:20","slug":"automatic-40-iw328702","status":"publish","type":"product","link":"https:\/\/galli.ch\/en\/uhren\/iwc\/ingenieur\/automatic-40-iw328702\/","title":{"rendered":"IWC Ingenieur Automatic 40"},"content":{"rendered":"<p>Die Ingenieur Automatic 40 ist die erste Modell in der Kollektion, das vollst\u00e4ndig aus 18 Karat Rotgold gefertigt ist. Geh\u00e4use, Bodenring, L\u00fcnette, Kronenschutz, Krone und die Glieder des Armbands sind aus Gold gefertigt. Mit einer Geh\u00e4usegr\u00f6sse von 40 Millimetern sorgt die Uhr f\u00fcr perfekte Ergonomie und Tragbarkeit. Dar\u00fcber hinaus besticht sie durch ihre hochwertige Verarbeitung mit einer Kombination aus satinierten und polierten Oberfl\u00e4chen.<\/p>\n","protected":false},"excerpt":{"rendered":"<p>Die Ingenieur Automatic 40 ist die erste Modell in der Kollektion, das vollst\u00e4ndig aus 18 Karat Rotgold gefertigt ist. Geh\u00e4use, Bodenring, L\u00fcnette, Kronenschutz, Krone und die Glieder des Armbands sind aus Gold gefertigt. Mit einer Geh\u00e4usegr\u00f6sse von 40 Millimetern sorgt die Uhr f\u00fcr perfekte Ergonomie und Tragbarkeit. Dar\u00fcber hinaus besticht sie durch ihre hochwertige Verarbeitung&#8230;  <a class=\"excerpt-read-more\" href=\"https:\/\/galli.ch\/en\/uhren\/iwc\/ingenieur\/automatic-40-iw328702\/\" title=\"Read IWC Ingenieur Automatic 40\">Weiter &raquo;<\/a><\/p>\n","protected":false},"featured_media":42075,"template":"","meta":{"_acf_changed":false,"inline_featured_image":false},"product_brand":[],"product_cat":[188],"product_tag":[],"class_list":{"0":"post-42185","1":"product","2":"type-product","3":"status-publish","4":"has-post-thumbnail","6":"uhrenhersteller-iwc","7":"uhrenhersteller-ingenieur","8":"product_cat-uhren","10":"first","11":"outofstock","12":"taxable","13":"shipping-taxable","14":"purchasable","15":"product-type-simple"},"acf":[],"yoast_head":"<!-- This site is optimized with the Yoast SEO plugin v25.5 - https:\/\/yoast.com\/wordpress\/plugins\/seo\/ -->\n<title>IWC Ingenieur Automatic 40 - Galli Uhren Bijouterie<\/title>\n<meta name=\"robots\" content=\"index, follow, max-snippet:-1, max-image-preview:large, max-video-preview:-1\" \/>\n<link rel=\"canonical\" href=\"https:\/\/galli.ch\/uhren\/iwc\/ingenieur\/automatic-40-iw328702\/\" \/>\n<meta property=\"og:locale\" content=\"en_US\" \/>\n<meta property=\"og:type\" content=\"article\" \/>\n<meta property=\"og:title\" content=\"IWC Ingenieur Automatic 40 - Galli Uhren Bijouterie\" \/>\n<meta property=\"og:description\" content=\"Die Ingenieur Automatic 40 ist die erste Modell in der Kollektion, das vollst\u00e4ndig aus 18 Karat Rotgold gefertigt ist. Geh\u00e4use, Bodenring, L\u00fcnette, Kronenschutz, Krone und die Glieder des Armbands sind aus Gold gefertigt. Mit einer Geh\u00e4usegr\u00f6sse von 40 Millimetern sorgt die Uhr f\u00fcr perfekte Ergonomie und Tragbarkeit. Dar\u00fcber hinaus besticht sie durch ihre hochwertige Verarbeitung... Weiter &raquo;\" \/>\n<meta property=\"og:url\" content=\"https:\/\/galli.ch\/uhren\/iwc\/ingenieur\/automatic-40-iw328702\/\" \/>\n<meta property=\"og:site_name\" content=\"Galli Uhren Bijouterie\" \/>\n<meta property=\"article:modified_time\" content=\"2026-03-16T10:10:20+00:00\" \/>\n<meta property=\"og:image\" content=\"https:\/\/galli.ch\/wp-content\/uploads\/rJGW_hr2S06H3xXcZ26kjg.png.png\" \/>\n\t<meta property=\"og:image:width\" content=\"1000\" \/>\n\t<meta property=\"og:image:height\" content=\"1400\" \/>\n\t<meta property=\"og:image:type\" content=\"image\/png\" \/>\n<meta name=\"twitter:card\" content=\"summary_large_image\" \/>\n<script type=\"application\/ld+json\" class=\"yoast-schema-graph\">{\"@context\":\"https:\/\/schema.org\",\"@graph\":[{\"@type\":\"WebPage\",\"@id\":\"https:\/\/galli.ch\/uhren\/iwc\/ingenieur\/automatic-40-iw328702\/\",\"url\":\"https:\/\/galli.ch\/uhren\/iwc\/ingenieur\/automatic-40-iw328702\/\",\"name\":\"IWC Ingenieur Automatic 40 - Galli Uhren Bijouterie\",\"isPartOf\":{\"@id\":\"http:\/\/galli.ch\/en\/#website\"},\"primaryImageOfPage\":{\"@id\":\"https:\/\/galli.ch\/uhren\/iwc\/ingenieur\/automatic-40-iw328702\/#primaryimage\"},\"image\":{\"@id\":\"https:\/\/galli.ch\/uhren\/iwc\/ingenieur\/automatic-40-iw328702\/#primaryimage\"},\"thumbnailUrl\":\"https:\/\/galli.ch\/wp-content\/uploads\/rJGW_hr2S06H3xXcZ26kjg.png.png\",\"datePublished\":\"2025-04-03T16:20:49+00:00\",\"dateModified\":\"2026-03-16T10:10:20+00:00\",\"breadcrumb\":{\"@id\":\"https:\/\/galli.ch\/uhren\/iwc\/ingenieur\/automatic-40-iw328702\/#breadcrumb\"},\"inLanguage\":\"en-US\",\"potentialAction\":[{\"@type\":\"ReadAction\",\"target\":[\"https:\/\/galli.ch\/uhren\/iwc\/ingenieur\/automatic-40-iw328702\/\"]}]},{\"@type\":\"ImageObject\",\"inLanguage\":\"en-US\",\"@id\":\"https:\/\/galli.ch\/uhren\/iwc\/ingenieur\/automatic-40-iw328702\/#primaryimage\",\"url\":\"https:\/\/galli.ch\/wp-content\/uploads\/rJGW_hr2S06H3xXcZ26kjg.png.png\",\"contentUrl\":\"https:\/\/galli.ch\/wp-content\/uploads\/rJGW_hr2S06H3xXcZ26kjg.png.png\",\"width\":1000,\"height\":1400},{\"@type\":\"BreadcrumbList\",\"@id\":\"https:\/\/galli.ch\/uhren\/iwc\/ingenieur\/automatic-40-iw328702\/#breadcrumb\",\"itemListElement\":[{\"@type\":\"ListItem\",\"position\":1,\"name\":\"Home\",\"item\":\"https:\/\/galli.ch\/en\/\"},{\"@type\":\"ListItem\",\"position\":2,\"name\":\"Uhren\",\"item\":\"https:\/\/galli.ch\/en\/uhren\/\"},{\"@type\":\"ListItem\",\"position\":3,\"name\":\"IWC Ingenieur Automatic 40\"}]},{\"@type\":\"WebSite\",\"@id\":\"http:\/\/galli.ch\/en\/#website\",\"url\":\"http:\/\/galli.ch\/en\/\",\"name\":\"Galli Uhren Bijouterie\",\"description\":\"\",\"potentialAction\":[{\"@type\":\"SearchAction\",\"target\":{\"@type\":\"EntryPoint\",\"urlTemplate\":\"http:\/\/galli.ch\/en\/?s={search_term_string}\"},\"query-input\":{\"@type\":\"PropertyValueSpecification\",\"valueRequired\":true,\"valueName\":\"search_term_string\"}}],\"inLanguage\":\"en-US\"}]}<\/script>\n<!-- \/ Yoast SEO plugin. -->","yoast_head_json":{"title":"IWC Ingenieur Automatic 40 - Galli Uhren Bijouterie","robots":{"index":"index","follow":"follow","max-snippet":"max-snippet:-1","max-image-preview":"max-image-preview:large","max-video-preview":"max-video-preview:-1"},"canonical":"https:\/\/galli.ch\/uhren\/iwc\/ingenieur\/automatic-40-iw328702\/","og_locale":"en_US","og_type":"article","og_title":"IWC Ingenieur Automatic 40 - Galli Uhren Bijouterie","og_description":"Die Ingenieur Automatic 40 ist die erste Modell in der Kollektion, das vollst\u00e4ndig aus 18 Karat Rotgold gefertigt ist. Geh\u00e4use, Bodenring, L\u00fcnette, Kronenschutz, Krone und die Glieder des Armbands sind aus Gold gefertigt. Mit einer Geh\u00e4usegr\u00f6sse von 40 Millimetern sorgt die Uhr f\u00fcr perfekte Ergonomie und Tragbarkeit. Dar\u00fcber hinaus besticht sie durch ihre hochwertige Verarbeitung... Weiter &raquo;","og_url":"https:\/\/galli.ch\/uhren\/iwc\/ingenieur\/automatic-40-iw328702\/","og_site_name":"Galli Uhren Bijouterie","article_modified_time":"2026-03-16T10:10:20+00:00","og_image":[{"width":1000,"height":1400,"url":"https:\/\/galli.ch\/wp-content\/uploads\/rJGW_hr2S06H3xXcZ26kjg.png.png","type":"image\/png"}],"twitter_card":"summary_large_image","schema":{"@context":"https:\/\/schema.org","@graph":[{"@type":"WebPage","@id":"https:\/\/galli.ch\/uhren\/iwc\/ingenieur\/automatic-40-iw328702\/","url":"https:\/\/galli.ch\/uhren\/iwc\/ingenieur\/automatic-40-iw328702\/","name":"IWC Ingenieur Automatic 40 - Galli Uhren Bijouterie","isPartOf":{"@id":"http:\/\/galli.ch\/en\/#website"},"primaryImageOfPage":{"@id":"https:\/\/galli.ch\/uhren\/iwc\/ingenieur\/automatic-40-iw328702\/#primaryimage"},"image":{"@id":"https:\/\/galli.ch\/uhren\/iwc\/ingenieur\/automatic-40-iw328702\/#primaryimage"},"thumbnailUrl":"https:\/\/galli.ch\/wp-content\/uploads\/rJGW_hr2S06H3xXcZ26kjg.png.png","datePublished":"2025-04-03T16:20:49+00:00","dateModified":"2026-03-16T10:10:20+00:00","breadcrumb":{"@id":"https:\/\/galli.ch\/uhren\/iwc\/ingenieur\/automatic-40-iw328702\/#breadcrumb"},"inLanguage":"en-US","potentialAction":[{"@type":"ReadAction","target":["https:\/\/galli.ch\/uhren\/iwc\/ingenieur\/automatic-40-iw328702\/"]}]},{"@type":"ImageObject","inLanguage":"en-US","@id":"https:\/\/galli.ch\/uhren\/iwc\/ingenieur\/automatic-40-iw328702\/#primaryimage","url":"https:\/\/galli.ch\/wp-content\/uploads\/rJGW_hr2S06H3xXcZ26kjg.png.png","contentUrl":"https:\/\/galli.ch\/wp-content\/uploads\/rJGW_hr2S06H3xXcZ26kjg.png.png","width":1000,"height":1400},{"@type":"BreadcrumbList","@id":"https:\/\/galli.ch\/uhren\/iwc\/ingenieur\/automatic-40-iw328702\/#breadcrumb","itemListElement":[{"@type":"ListItem","position":1,"name":"Home","item":"https:\/\/galli.ch\/en\/"},{"@type":"ListItem","position":2,"name":"Uhren","item":"https:\/\/galli.ch\/en\/uhren\/"},{"@type":"ListItem","position":3,"name":"IWC Ingenieur Automatic 40"}]},{"@type":"WebSite","@id":"http:\/\/galli.ch\/en\/#website","url":"http:\/\/galli.ch\/en\/","name":"Galli Uhren Bijouterie","description":"","potentialAction":[{"@type":"SearchAction","target":{"@type":"EntryPoint","urlTemplate":"http:\/\/galli.ch\/en\/?s={search_term_string}"},"query-input":{"@type":"PropertyValueSpecification","valueRequired":true,"valueName":"search_term_string"}}],"inLanguage":"en-US"}]}},"_links":{"self":[{"href":"https:\/\/galli.ch\/en\/wp-json\/wp\/v2\/product\/42185","targetHints":{"allow":["GET"]}}],"collection":[{"href":"https:\/\/galli.ch\/en\/wp-json\/wp\/v2\/product"}],"about":[{"href":"https:\/\/galli.ch\/en\/wp-json\/wp\/v2\/types\/product"}],"wp:featuredmedia":[{"embeddable":true,"href":"https:\/\/galli.ch\/en\/wp-json\/wp\/v2\/media\/42075"}],"wp:attachment":[{"href":"https:\/\/galli.ch\/en\/wp-json\/wp\/v2\/media?parent=42185"}],"wp:term":[{"taxonomy":"product_brand","embeddable":true,"href":"https:\/\/galli.ch\/en\/wp-json\/wp\/v2\/product_brand?post=42185"},{"taxonomy":"product_cat","embeddable":true,"href":"https:\/\/galli.ch\/en\/wp-json\/wp\/v2\/product_cat?post=42185"},{"taxonomy":"product_tag","embeddable":true,"href":"https:\/\/galli.ch\/en\/wp-json\/wp\/v2\/product_tag?post=42185"}],"curies":[{"name":"wp","href":"https:\/\/api.w.org\/{rel}","templated":true}]}}