{"id":42188,"date":"2025-04-03T18:32:45","date_gmt":"2025-04-03T16:32:45","guid":{"rendered":"https:\/\/galli.ch\/?post_type=product&#038;p=42188"},"modified":"2026-03-30T10:13:47","modified_gmt":"2026-03-30T08:13:47","slug":"automatic-41-top-gun-lake-tahoe-iw328104","status":"publish","type":"product","link":"https:\/\/galli.ch\/en\/uhren\/iwc\/pilots-watches\/automatic-41-top-gun-lake-tahoe-iw328104\/","title":{"rendered":"IWC Pilot&#8217;s Watch Automatic 41 TOP GUN Lake Tahoe"},"content":{"rendered":"<p>Die Pilot\u2019s Watch Automatic 41 TOP GUN Lake Tahoe pr\u00e4sentiert sich mit einem markanten 41-mm-Geh\u00e4use aus weisser Keramik. Die Keramikfarbe \u201eLake Tahoe\u201c ist von der winterlichen Landschaft rund um den Lake Tahoe inspiriert \u2013 einer Gebirgsregion, die h\u00e4ufig als Trainingsgel\u00e4nde f\u00fcr Piloten des Strike Fighter Tactics Instructor Program (SFTI) dient. Der dezente, aber markante Weisston hat sich als eine der ikonischsten Keramikfarben von IWC Schaffhausen etabliert.<\/p>\n","protected":false},"excerpt":{"rendered":"<p>Die Pilot\u2019s Watch Automatic 41 TOP GUN Lake Tahoe pr\u00e4sentiert sich mit einem markanten 41-mm-Geh\u00e4use aus weisser Keramik. Die Keramikfarbe \u201eLake Tahoe\u201c ist von der winterlichen Landschaft rund um den Lake Tahoe inspiriert \u2013 einer Gebirgsregion, die h\u00e4ufig als Trainingsgel\u00e4nde f\u00fcr Piloten des Strike Fighter Tactics Instructor Program (SFTI) dient. Der dezente, aber markante Weisston&#8230;  <a class=\"excerpt-read-more\" href=\"https:\/\/galli.ch\/en\/uhren\/iwc\/pilots-watches\/automatic-41-top-gun-lake-tahoe-iw328104\/\" title=\"Read IWC Pilot&#8217;s Watch Automatic 41 TOP GUN Lake Tahoe\">Weiter &raquo;<\/a><\/p>\n","protected":false},"featured_media":42065,"template":"","meta":{"_acf_changed":false,"inline_featured_image":false},"product_brand":[],"product_cat":[188],"product_tag":[],"class_list":{"0":"post-42188","1":"product","2":"type-product","3":"status-publish","4":"has-post-thumbnail","6":"uhrenhersteller-iwc","7":"uhrenhersteller-pilots-watches","8":"product_cat-uhren","10":"first","11":"instock","12":"taxable","13":"shipping-taxable","14":"purchasable","15":"product-type-simple"},"acf":[],"yoast_head":"<!-- This site is optimized with the Yoast SEO plugin v25.5 - https:\/\/yoast.com\/wordpress\/plugins\/seo\/ -->\n<title>IWC Pilot&#039;s Watch Automatic 41 TOP GUN Lake Tahoe - Galli Uhren Bijouterie<\/title>\n<meta name=\"robots\" content=\"index, follow, max-snippet:-1, max-image-preview:large, max-video-preview:-1\" \/>\n<link rel=\"canonical\" href=\"https:\/\/galli.ch\/uhren\/iwc\/pilots-watches\/automatic-41-top-gun-lake-tahoe-iw328104\/\" \/>\n<meta property=\"og:locale\" content=\"en_US\" \/>\n<meta property=\"og:type\" content=\"article\" \/>\n<meta property=\"og:title\" content=\"IWC Pilot&#039;s Watch Automatic 41 TOP GUN Lake Tahoe - Galli Uhren Bijouterie\" \/>\n<meta property=\"og:description\" content=\"Die Pilot\u2019s Watch Automatic 41 TOP GUN Lake Tahoe pr\u00e4sentiert sich mit einem markanten 41-mm-Geh\u00e4use aus weisser Keramik. Die Keramikfarbe \u201eLake Tahoe\u201c ist von der winterlichen Landschaft rund um den Lake Tahoe inspiriert \u2013 einer Gebirgsregion, die h\u00e4ufig als Trainingsgel\u00e4nde f\u00fcr Piloten des Strike Fighter Tactics Instructor Program (SFTI) dient. Der dezente, aber markante Weisston... Weiter &raquo;\" \/>\n<meta property=\"og:url\" content=\"https:\/\/galli.ch\/uhren\/iwc\/pilots-watches\/automatic-41-top-gun-lake-tahoe-iw328104\/\" \/>\n<meta property=\"og:site_name\" content=\"Galli Uhren Bijouterie\" \/>\n<meta property=\"article:modified_time\" content=\"2026-03-30T08:13:47+00:00\" \/>\n<meta property=\"og:image\" content=\"https:\/\/galli.ch\/wp-content\/uploads\/IW328104_1_transp.png\" \/>\n\t<meta property=\"og:image:width\" content=\"1000\" \/>\n\t<meta property=\"og:image:height\" content=\"1400\" \/>\n\t<meta property=\"og:image:type\" content=\"image\/png\" \/>\n<meta name=\"twitter:card\" content=\"summary_large_image\" \/>\n<script type=\"application\/ld+json\" class=\"yoast-schema-graph\">{\"@context\":\"https:\/\/schema.org\",\"@graph\":[{\"@type\":\"WebPage\",\"@id\":\"https:\/\/galli.ch\/uhren\/iwc\/pilots-watches\/automatic-41-top-gun-lake-tahoe-iw328104\/\",\"url\":\"https:\/\/galli.ch\/uhren\/iwc\/pilots-watches\/automatic-41-top-gun-lake-tahoe-iw328104\/\",\"name\":\"IWC Pilot's Watch Automatic 41 TOP GUN Lake Tahoe - Galli Uhren Bijouterie\",\"isPartOf\":{\"@id\":\"http:\/\/galli.ch\/en\/#website\"},\"primaryImageOfPage\":{\"@id\":\"https:\/\/galli.ch\/uhren\/iwc\/pilots-watches\/automatic-41-top-gun-lake-tahoe-iw328104\/#primaryimage\"},\"image\":{\"@id\":\"https:\/\/galli.ch\/uhren\/iwc\/pilots-watches\/automatic-41-top-gun-lake-tahoe-iw328104\/#primaryimage\"},\"thumbnailUrl\":\"https:\/\/galli.ch\/wp-content\/uploads\/IW328104_1_transp.png\",\"datePublished\":\"2025-04-03T16:32:45+00:00\",\"dateModified\":\"2026-03-30T08:13:47+00:00\",\"breadcrumb\":{\"@id\":\"https:\/\/galli.ch\/uhren\/iwc\/pilots-watches\/automatic-41-top-gun-lake-tahoe-iw328104\/#breadcrumb\"},\"inLanguage\":\"en-US\",\"potentialAction\":[{\"@type\":\"ReadAction\",\"target\":[\"https:\/\/galli.ch\/uhren\/iwc\/pilots-watches\/automatic-41-top-gun-lake-tahoe-iw328104\/\"]}]},{\"@type\":\"ImageObject\",\"inLanguage\":\"en-US\",\"@id\":\"https:\/\/galli.ch\/uhren\/iwc\/pilots-watches\/automatic-41-top-gun-lake-tahoe-iw328104\/#primaryimage\",\"url\":\"https:\/\/galli.ch\/wp-content\/uploads\/IW328104_1_transp.png\",\"contentUrl\":\"https:\/\/galli.ch\/wp-content\/uploads\/IW328104_1_transp.png\",\"width\":1000,\"height\":1400},{\"@type\":\"BreadcrumbList\",\"@id\":\"https:\/\/galli.ch\/uhren\/iwc\/pilots-watches\/automatic-41-top-gun-lake-tahoe-iw328104\/#breadcrumb\",\"itemListElement\":[{\"@type\":\"ListItem\",\"position\":1,\"name\":\"Home\",\"item\":\"https:\/\/galli.ch\/en\/\"},{\"@type\":\"ListItem\",\"position\":2,\"name\":\"Uhren\",\"item\":\"https:\/\/galli.ch\/en\/uhren\/\"},{\"@type\":\"ListItem\",\"position\":3,\"name\":\"IWC Pilot&#8217;s Watch Automatic 41 TOP GUN Lake Tahoe\"}]},{\"@type\":\"WebSite\",\"@id\":\"http:\/\/galli.ch\/en\/#website\",\"url\":\"http:\/\/galli.ch\/en\/\",\"name\":\"Galli Uhren Bijouterie\",\"description\":\"\",\"potentialAction\":[{\"@type\":\"SearchAction\",\"target\":{\"@type\":\"EntryPoint\",\"urlTemplate\":\"http:\/\/galli.ch\/en\/?s={search_term_string}\"},\"query-input\":{\"@type\":\"PropertyValueSpecification\",\"valueRequired\":true,\"valueName\":\"search_term_string\"}}],\"inLanguage\":\"en-US\"}]}<\/script>\n<!-- \/ Yoast SEO plugin. -->","yoast_head_json":{"title":"IWC Pilot's Watch Automatic 41 TOP GUN Lake Tahoe - Galli Uhren Bijouterie","robots":{"index":"index","follow":"follow","max-snippet":"max-snippet:-1","max-image-preview":"max-image-preview:large","max-video-preview":"max-video-preview:-1"},"canonical":"https:\/\/galli.ch\/uhren\/iwc\/pilots-watches\/automatic-41-top-gun-lake-tahoe-iw328104\/","og_locale":"en_US","og_type":"article","og_title":"IWC Pilot's Watch Automatic 41 TOP GUN Lake Tahoe - Galli Uhren Bijouterie","og_description":"Die Pilot\u2019s Watch Automatic 41 TOP GUN Lake Tahoe pr\u00e4sentiert sich mit einem markanten 41-mm-Geh\u00e4use aus weisser Keramik. Die Keramikfarbe \u201eLake Tahoe\u201c ist von der winterlichen Landschaft rund um den Lake Tahoe inspiriert \u2013 einer Gebirgsregion, die h\u00e4ufig als Trainingsgel\u00e4nde f\u00fcr Piloten des Strike Fighter Tactics Instructor Program (SFTI) dient. Der dezente, aber markante Weisston... Weiter &raquo;","og_url":"https:\/\/galli.ch\/uhren\/iwc\/pilots-watches\/automatic-41-top-gun-lake-tahoe-iw328104\/","og_site_name":"Galli Uhren Bijouterie","article_modified_time":"2026-03-30T08:13:47+00:00","og_image":[{"width":1000,"height":1400,"url":"https:\/\/galli.ch\/wp-content\/uploads\/IW328104_1_transp.png","type":"image\/png"}],"twitter_card":"summary_large_image","schema":{"@context":"https:\/\/schema.org","@graph":[{"@type":"WebPage","@id":"https:\/\/galli.ch\/uhren\/iwc\/pilots-watches\/automatic-41-top-gun-lake-tahoe-iw328104\/","url":"https:\/\/galli.ch\/uhren\/iwc\/pilots-watches\/automatic-41-top-gun-lake-tahoe-iw328104\/","name":"IWC Pilot's Watch Automatic 41 TOP GUN Lake Tahoe - Galli Uhren Bijouterie","isPartOf":{"@id":"http:\/\/galli.ch\/en\/#website"},"primaryImageOfPage":{"@id":"https:\/\/galli.ch\/uhren\/iwc\/pilots-watches\/automatic-41-top-gun-lake-tahoe-iw328104\/#primaryimage"},"image":{"@id":"https:\/\/galli.ch\/uhren\/iwc\/pilots-watches\/automatic-41-top-gun-lake-tahoe-iw328104\/#primaryimage"},"thumbnailUrl":"https:\/\/galli.ch\/wp-content\/uploads\/IW328104_1_transp.png","datePublished":"2025-04-03T16:32:45+00:00","dateModified":"2026-03-30T08:13:47+00:00","breadcrumb":{"@id":"https:\/\/galli.ch\/uhren\/iwc\/pilots-watches\/automatic-41-top-gun-lake-tahoe-iw328104\/#breadcrumb"},"inLanguage":"en-US","potentialAction":[{"@type":"ReadAction","target":["https:\/\/galli.ch\/uhren\/iwc\/pilots-watches\/automatic-41-top-gun-lake-tahoe-iw328104\/"]}]},{"@type":"ImageObject","inLanguage":"en-US","@id":"https:\/\/galli.ch\/uhren\/iwc\/pilots-watches\/automatic-41-top-gun-lake-tahoe-iw328104\/#primaryimage","url":"https:\/\/galli.ch\/wp-content\/uploads\/IW328104_1_transp.png","contentUrl":"https:\/\/galli.ch\/wp-content\/uploads\/IW328104_1_transp.png","width":1000,"height":1400},{"@type":"BreadcrumbList","@id":"https:\/\/galli.ch\/uhren\/iwc\/pilots-watches\/automatic-41-top-gun-lake-tahoe-iw328104\/#breadcrumb","itemListElement":[{"@type":"ListItem","position":1,"name":"Home","item":"https:\/\/galli.ch\/en\/"},{"@type":"ListItem","position":2,"name":"Uhren","item":"https:\/\/galli.ch\/en\/uhren\/"},{"@type":"ListItem","position":3,"name":"IWC Pilot&#8217;s Watch Automatic 41 TOP GUN Lake Tahoe"}]},{"@type":"WebSite","@id":"http:\/\/galli.ch\/en\/#website","url":"http:\/\/galli.ch\/en\/","name":"Galli Uhren Bijouterie","description":"","potentialAction":[{"@type":"SearchAction","target":{"@type":"EntryPoint","urlTemplate":"http:\/\/galli.ch\/en\/?s={search_term_string}"},"query-input":{"@type":"PropertyValueSpecification","valueRequired":true,"valueName":"search_term_string"}}],"inLanguage":"en-US"}]}},"_links":{"self":[{"href":"https:\/\/galli.ch\/en\/wp-json\/wp\/v2\/product\/42188","targetHints":{"allow":["GET"]}}],"collection":[{"href":"https:\/\/galli.ch\/en\/wp-json\/wp\/v2\/product"}],"about":[{"href":"https:\/\/galli.ch\/en\/wp-json\/wp\/v2\/types\/product"}],"wp:featuredmedia":[{"embeddable":true,"href":"https:\/\/galli.ch\/en\/wp-json\/wp\/v2\/media\/42065"}],"wp:attachment":[{"href":"https:\/\/galli.ch\/en\/wp-json\/wp\/v2\/media?parent=42188"}],"wp:term":[{"taxonomy":"product_brand","embeddable":true,"href":"https:\/\/galli.ch\/en\/wp-json\/wp\/v2\/product_brand?post=42188"},{"taxonomy":"product_cat","embeddable":true,"href":"https:\/\/galli.ch\/en\/wp-json\/wp\/v2\/product_cat?post=42188"},{"taxonomy":"product_tag","embeddable":true,"href":"https:\/\/galli.ch\/en\/wp-json\/wp\/v2\/product_tag?post=42188"}],"curies":[{"name":"wp","href":"https:\/\/api.w.org\/{rel}","templated":true}]}}