{"id":42640,"date":"2025-05-12T15:50:19","date_gmt":"2025-05-12T13:50:19","guid":{"rendered":"https:\/\/galli.ch\/?post_type=product&#038;p=42640"},"modified":"2025-09-05T11:17:31","modified_gmt":"2025-09-05T09:17:31","slug":"grand-seiko-us-only-sbgj259g","status":"publish","type":"product","link":"https:\/\/galli.ch\/en\/uhren\/galli-cpo\/weitere-marken\/grand-seiko-us-only-sbgj259g\/","title":{"rendered":"Grand Seiko US Only"},"content":{"rendered":"<p>F\u00fcr Liebhaber exklusiver Zeitmesser in den USA pr\u00e4sentiert Grand Seiko eine faszinierende Sonderedition. Im Herzen dieser Uhr schl\u00e4gt ein pr\u00e4zises High-Beat-Uhrwerk, eingebettet in ein Design, dessen markantes bambusgr\u00fcnes Zifferblatt eine Hommage an die Sch\u00f6nheit der Natur darstellt.<\/p>\n<p>Jahrgang: 2024<\/p>\n<p>Zustand: Gut<\/p>\n<p>Original Papiere: Ja<\/p>\n<p>Original Box: Ja<\/p>\n<p>Garantie: Bis Mai 2029<\/p>\n","protected":false},"excerpt":{"rendered":"<p>F\u00fcr Liebhaber exklusiver Zeitmesser in den USA pr\u00e4sentiert Grand Seiko eine faszinierende Sonderedition. Im Herzen dieser Uhr schl\u00e4gt ein pr\u00e4zises High-Beat-Uhrwerk, eingebettet in ein Design, dessen markantes bambusgr\u00fcnes Zifferblatt eine Hommage an die Sch\u00f6nheit der Natur darstellt. Jahrgang: 2024 Zustand: Gut Original Papiere: Ja Original Box: Ja Garantie: Bis Mai 2029<\/p>\n","protected":false},"featured_media":42641,"template":"","meta":{"_acf_changed":false,"inline_featured_image":false},"product_brand":[],"product_cat":[188],"product_tag":[],"class_list":{"0":"post-42640","1":"product","2":"type-product","3":"status-publish","4":"has-post-thumbnail","6":"uhrenhersteller-galli-cpo","7":"uhrenhersteller-weitere-marken","8":"product_cat-uhren","10":"first","11":"instock","12":"taxable","13":"shipping-taxable","14":"purchasable","15":"product-type-simple"},"acf":[],"yoast_head":"<!-- This site is optimized with the Yoast SEO plugin v25.5 - https:\/\/yoast.com\/wordpress\/plugins\/seo\/ -->\n<title>Grand Seiko US Only - Galli Uhren Bijouterie<\/title>\n<meta name=\"robots\" content=\"index, follow, max-snippet:-1, max-image-preview:large, max-video-preview:-1\" \/>\n<link rel=\"canonical\" href=\"https:\/\/galli.ch\/uhren\/galli-cpo\/grand-seiko-us-only-sbgj259g\/\" \/>\n<meta property=\"og:locale\" content=\"en_US\" \/>\n<meta property=\"og:type\" content=\"article\" \/>\n<meta property=\"og:title\" content=\"Grand Seiko US Only - Galli Uhren Bijouterie\" \/>\n<meta property=\"og:description\" content=\"F\u00fcr Liebhaber exklusiver Zeitmesser in den USA pr\u00e4sentiert Grand Seiko eine faszinierende Sonderedition. Im Herzen dieser Uhr schl\u00e4gt ein pr\u00e4zises High-Beat-Uhrwerk, eingebettet in ein Design, dessen markantes bambusgr\u00fcnes Zifferblatt eine Hommage an die Sch\u00f6nheit der Natur darstellt. Jahrgang: 2024 Zustand: Gut Original Papiere: Ja Original Box: Ja Garantie: Bis Mai 2029\" \/>\n<meta property=\"og:url\" content=\"https:\/\/galli.ch\/uhren\/galli-cpo\/grand-seiko-us-only-sbgj259g\/\" \/>\n<meta property=\"og:site_name\" content=\"Galli Uhren Bijouterie\" \/>\n<meta property=\"article:modified_time\" content=\"2025-09-05T09:17:31+00:00\" \/>\n<meta property=\"og:image\" content=\"https:\/\/galli.ch\/wp-content\/uploads\/IMG_4312.png\" \/>\n\t<meta property=\"og:image:width\" content=\"1000\" \/>\n\t<meta property=\"og:image:height\" content=\"1400\" \/>\n\t<meta property=\"og:image:type\" content=\"image\/png\" \/>\n<meta name=\"twitter:card\" content=\"summary_large_image\" \/>\n<script type=\"application\/ld+json\" class=\"yoast-schema-graph\">{\"@context\":\"https:\/\/schema.org\",\"@graph\":[{\"@type\":\"WebPage\",\"@id\":\"https:\/\/galli.ch\/uhren\/galli-cpo\/grand-seiko-us-only-sbgj259g\/\",\"url\":\"https:\/\/galli.ch\/uhren\/galli-cpo\/grand-seiko-us-only-sbgj259g\/\",\"name\":\"Grand Seiko US Only - Galli Uhren Bijouterie\",\"isPartOf\":{\"@id\":\"http:\/\/galli.ch\/en\/#website\"},\"primaryImageOfPage\":{\"@id\":\"https:\/\/galli.ch\/uhren\/galli-cpo\/grand-seiko-us-only-sbgj259g\/#primaryimage\"},\"image\":{\"@id\":\"https:\/\/galli.ch\/uhren\/galli-cpo\/grand-seiko-us-only-sbgj259g\/#primaryimage\"},\"thumbnailUrl\":\"https:\/\/galli.ch\/wp-content\/uploads\/IMG_4312.png\",\"datePublished\":\"2025-05-12T13:50:19+00:00\",\"dateModified\":\"2025-09-05T09:17:31+00:00\",\"breadcrumb\":{\"@id\":\"https:\/\/galli.ch\/uhren\/galli-cpo\/grand-seiko-us-only-sbgj259g\/#breadcrumb\"},\"inLanguage\":\"en-US\",\"potentialAction\":[{\"@type\":\"ReadAction\",\"target\":[\"https:\/\/galli.ch\/uhren\/galli-cpo\/grand-seiko-us-only-sbgj259g\/\"]}]},{\"@type\":\"ImageObject\",\"inLanguage\":\"en-US\",\"@id\":\"https:\/\/galli.ch\/uhren\/galli-cpo\/grand-seiko-us-only-sbgj259g\/#primaryimage\",\"url\":\"https:\/\/galli.ch\/wp-content\/uploads\/IMG_4312.png\",\"contentUrl\":\"https:\/\/galli.ch\/wp-content\/uploads\/IMG_4312.png\",\"width\":1000,\"height\":1400},{\"@type\":\"BreadcrumbList\",\"@id\":\"https:\/\/galli.ch\/uhren\/galli-cpo\/grand-seiko-us-only-sbgj259g\/#breadcrumb\",\"itemListElement\":[{\"@type\":\"ListItem\",\"position\":1,\"name\":\"Home\",\"item\":\"https:\/\/galli.ch\/en\/\"},{\"@type\":\"ListItem\",\"position\":2,\"name\":\"Uhren\",\"item\":\"https:\/\/galli.ch\/en\/uhren\/\"},{\"@type\":\"ListItem\",\"position\":3,\"name\":\"Grand Seiko US Only\"}]},{\"@type\":\"WebSite\",\"@id\":\"http:\/\/galli.ch\/en\/#website\",\"url\":\"http:\/\/galli.ch\/en\/\",\"name\":\"Galli Uhren Bijouterie\",\"description\":\"\",\"potentialAction\":[{\"@type\":\"SearchAction\",\"target\":{\"@type\":\"EntryPoint\",\"urlTemplate\":\"http:\/\/galli.ch\/en\/?s={search_term_string}\"},\"query-input\":{\"@type\":\"PropertyValueSpecification\",\"valueRequired\":true,\"valueName\":\"search_term_string\"}}],\"inLanguage\":\"en-US\"}]}<\/script>\n<!-- \/ Yoast SEO plugin. -->","yoast_head_json":{"title":"Grand Seiko US Only - Galli Uhren Bijouterie","robots":{"index":"index","follow":"follow","max-snippet":"max-snippet:-1","max-image-preview":"max-image-preview:large","max-video-preview":"max-video-preview:-1"},"canonical":"https:\/\/galli.ch\/uhren\/galli-cpo\/grand-seiko-us-only-sbgj259g\/","og_locale":"en_US","og_type":"article","og_title":"Grand Seiko US Only - Galli Uhren Bijouterie","og_description":"F\u00fcr Liebhaber exklusiver Zeitmesser in den USA pr\u00e4sentiert Grand Seiko eine faszinierende Sonderedition. Im Herzen dieser Uhr schl\u00e4gt ein pr\u00e4zises High-Beat-Uhrwerk, eingebettet in ein Design, dessen markantes bambusgr\u00fcnes Zifferblatt eine Hommage an die Sch\u00f6nheit der Natur darstellt. Jahrgang: 2024 Zustand: Gut Original Papiere: Ja Original Box: Ja Garantie: Bis Mai 2029","og_url":"https:\/\/galli.ch\/uhren\/galli-cpo\/grand-seiko-us-only-sbgj259g\/","og_site_name":"Galli Uhren Bijouterie","article_modified_time":"2025-09-05T09:17:31+00:00","og_image":[{"width":1000,"height":1400,"url":"https:\/\/galli.ch\/wp-content\/uploads\/IMG_4312.png","type":"image\/png"}],"twitter_card":"summary_large_image","schema":{"@context":"https:\/\/schema.org","@graph":[{"@type":"WebPage","@id":"https:\/\/galli.ch\/uhren\/galli-cpo\/grand-seiko-us-only-sbgj259g\/","url":"https:\/\/galli.ch\/uhren\/galli-cpo\/grand-seiko-us-only-sbgj259g\/","name":"Grand Seiko US Only - Galli Uhren Bijouterie","isPartOf":{"@id":"http:\/\/galli.ch\/en\/#website"},"primaryImageOfPage":{"@id":"https:\/\/galli.ch\/uhren\/galli-cpo\/grand-seiko-us-only-sbgj259g\/#primaryimage"},"image":{"@id":"https:\/\/galli.ch\/uhren\/galli-cpo\/grand-seiko-us-only-sbgj259g\/#primaryimage"},"thumbnailUrl":"https:\/\/galli.ch\/wp-content\/uploads\/IMG_4312.png","datePublished":"2025-05-12T13:50:19+00:00","dateModified":"2025-09-05T09:17:31+00:00","breadcrumb":{"@id":"https:\/\/galli.ch\/uhren\/galli-cpo\/grand-seiko-us-only-sbgj259g\/#breadcrumb"},"inLanguage":"en-US","potentialAction":[{"@type":"ReadAction","target":["https:\/\/galli.ch\/uhren\/galli-cpo\/grand-seiko-us-only-sbgj259g\/"]}]},{"@type":"ImageObject","inLanguage":"en-US","@id":"https:\/\/galli.ch\/uhren\/galli-cpo\/grand-seiko-us-only-sbgj259g\/#primaryimage","url":"https:\/\/galli.ch\/wp-content\/uploads\/IMG_4312.png","contentUrl":"https:\/\/galli.ch\/wp-content\/uploads\/IMG_4312.png","width":1000,"height":1400},{"@type":"BreadcrumbList","@id":"https:\/\/galli.ch\/uhren\/galli-cpo\/grand-seiko-us-only-sbgj259g\/#breadcrumb","itemListElement":[{"@type":"ListItem","position":1,"name":"Home","item":"https:\/\/galli.ch\/en\/"},{"@type":"ListItem","position":2,"name":"Uhren","item":"https:\/\/galli.ch\/en\/uhren\/"},{"@type":"ListItem","position":3,"name":"Grand Seiko US Only"}]},{"@type":"WebSite","@id":"http:\/\/galli.ch\/en\/#website","url":"http:\/\/galli.ch\/en\/","name":"Galli Uhren Bijouterie","description":"","potentialAction":[{"@type":"SearchAction","target":{"@type":"EntryPoint","urlTemplate":"http:\/\/galli.ch\/en\/?s={search_term_string}"},"query-input":{"@type":"PropertyValueSpecification","valueRequired":true,"valueName":"search_term_string"}}],"inLanguage":"en-US"}]}},"_links":{"self":[{"href":"https:\/\/galli.ch\/en\/wp-json\/wp\/v2\/product\/42640","targetHints":{"allow":["GET"]}}],"collection":[{"href":"https:\/\/galli.ch\/en\/wp-json\/wp\/v2\/product"}],"about":[{"href":"https:\/\/galli.ch\/en\/wp-json\/wp\/v2\/types\/product"}],"wp:featuredmedia":[{"embeddable":true,"href":"https:\/\/galli.ch\/en\/wp-json\/wp\/v2\/media\/42641"}],"wp:attachment":[{"href":"https:\/\/galli.ch\/en\/wp-json\/wp\/v2\/media?parent=42640"}],"wp:term":[{"taxonomy":"product_brand","embeddable":true,"href":"https:\/\/galli.ch\/en\/wp-json\/wp\/v2\/product_brand?post=42640"},{"taxonomy":"product_cat","embeddable":true,"href":"https:\/\/galli.ch\/en\/wp-json\/wp\/v2\/product_cat?post=42640"},{"taxonomy":"product_tag","embeddable":true,"href":"https:\/\/galli.ch\/en\/wp-json\/wp\/v2\/product_tag?post=42640"}],"curies":[{"name":"wp","href":"https:\/\/api.w.org\/{rel}","templated":true}]}}