{"id":42678,"date":"2025-05-14T09:29:40","date_gmt":"2025-05-14T07:29:40","guid":{"rendered":"https:\/\/galli.ch\/?post_type=product&#038;p=42678"},"modified":"2026-04-20T18:11:43","modified_gmt":"2026-04-20T16:11:43","slug":"hydroconquest-l3-781-4-76-9","status":"publish","type":"product","link":"https:\/\/galli.ch\/en\/uhren\/longines\/diving\/hydroconquest-l3-781-4-76-9\/","title":{"rendered":"Longines HydroConquest 41"},"content":{"rendered":"<p>Die von der Welt des Wassersports inspirierte HydroConquest Kollektion besticht durch ihr gewagtes Design. Wasserdicht bis 30 bar (300 m), mit einseitig drehbarer L\u00fcnette und verschraubter Krone und Geh\u00e4useboden, garantiert sie jederzeit aussergew\u00f6hnliche Zuverl\u00e4ssigkeit.<\/p>\n","protected":false},"excerpt":{"rendered":"<p>Die von der Welt des Wassersports inspirierte HydroConquest Kollektion besticht durch ihr gewagtes Design. Wasserdicht bis 30 bar (300 m), mit einseitig drehbarer L\u00fcnette und verschraubter Krone und Geh\u00e4useboden, garantiert sie jederzeit aussergew\u00f6hnliche Zuverl\u00e4ssigkeit.<\/p>\n","protected":false},"featured_media":42667,"template":"","meta":{"_acf_changed":false,"inline_featured_image":false},"product_brand":[],"product_cat":[188],"product_tag":[],"class_list":{"0":"post-42678","1":"product","2":"type-product","3":"status-publish","4":"has-post-thumbnail","6":"uhrenhersteller-longines","7":"uhrenhersteller-diving","8":"product_cat-uhren","10":"first","11":"instock","12":"taxable","13":"shipping-taxable","14":"purchasable","15":"product-type-simple"},"acf":[],"yoast_head":"<!-- This site is optimized with the Yoast SEO plugin v25.5 - https:\/\/yoast.com\/wordpress\/plugins\/seo\/ -->\n<title>Longines HydroConquest 41 - Galli Uhren Bijouterie<\/title>\n<meta name=\"robots\" content=\"index, follow, max-snippet:-1, max-image-preview:large, max-video-preview:-1\" \/>\n<link rel=\"canonical\" href=\"https:\/\/galli.ch\/uhren\/longines\/diving\/hydroconquest-l3-781-4-76-9\/\" \/>\n<meta property=\"og:locale\" content=\"en_US\" \/>\n<meta property=\"og:type\" content=\"article\" \/>\n<meta property=\"og:title\" content=\"Longines HydroConquest 41 - Galli Uhren Bijouterie\" \/>\n<meta property=\"og:description\" content=\"Die von der Welt des Wassersports inspirierte HydroConquest Kollektion besticht durch ihr gewagtes Design. Wasserdicht bis 30 bar (300 m), mit einseitig drehbarer L\u00fcnette und verschraubter Krone und Geh\u00e4useboden, garantiert sie jederzeit aussergew\u00f6hnliche Zuverl\u00e4ssigkeit.\" \/>\n<meta property=\"og:url\" content=\"https:\/\/galli.ch\/uhren\/longines\/diving\/hydroconquest-l3-781-4-76-9\/\" \/>\n<meta property=\"og:site_name\" content=\"Galli Uhren Bijouterie\" \/>\n<meta property=\"article:modified_time\" content=\"2026-04-20T16:11:43+00:00\" \/>\n<meta property=\"og:image\" content=\"https:\/\/galli.ch\/wp-content\/uploads\/watch-collection-hydroconquest-l3-781-4-76-9-1733402530-hero.png\" \/>\n\t<meta property=\"og:image:width\" content=\"1000\" \/>\n\t<meta property=\"og:image:height\" content=\"1400\" \/>\n\t<meta property=\"og:image:type\" content=\"image\/png\" \/>\n<meta name=\"twitter:card\" content=\"summary_large_image\" \/>\n<script type=\"application\/ld+json\" class=\"yoast-schema-graph\">{\"@context\":\"https:\/\/schema.org\",\"@graph\":[{\"@type\":\"WebPage\",\"@id\":\"https:\/\/galli.ch\/uhren\/longines\/diving\/hydroconquest-l3-781-4-76-9\/\",\"url\":\"https:\/\/galli.ch\/uhren\/longines\/diving\/hydroconquest-l3-781-4-76-9\/\",\"name\":\"Longines HydroConquest 41 - Galli Uhren Bijouterie\",\"isPartOf\":{\"@id\":\"http:\/\/galli.ch\/en\/#website\"},\"primaryImageOfPage\":{\"@id\":\"https:\/\/galli.ch\/uhren\/longines\/diving\/hydroconquest-l3-781-4-76-9\/#primaryimage\"},\"image\":{\"@id\":\"https:\/\/galli.ch\/uhren\/longines\/diving\/hydroconquest-l3-781-4-76-9\/#primaryimage\"},\"thumbnailUrl\":\"https:\/\/galli.ch\/wp-content\/uploads\/watch-collection-hydroconquest-l3-781-4-76-9-1733402530-hero.png\",\"datePublished\":\"2025-05-14T07:29:40+00:00\",\"dateModified\":\"2026-04-20T16:11:43+00:00\",\"breadcrumb\":{\"@id\":\"https:\/\/galli.ch\/uhren\/longines\/diving\/hydroconquest-l3-781-4-76-9\/#breadcrumb\"},\"inLanguage\":\"en-US\",\"potentialAction\":[{\"@type\":\"ReadAction\",\"target\":[\"https:\/\/galli.ch\/uhren\/longines\/diving\/hydroconquest-l3-781-4-76-9\/\"]}]},{\"@type\":\"ImageObject\",\"inLanguage\":\"en-US\",\"@id\":\"https:\/\/galli.ch\/uhren\/longines\/diving\/hydroconquest-l3-781-4-76-9\/#primaryimage\",\"url\":\"https:\/\/galli.ch\/wp-content\/uploads\/watch-collection-hydroconquest-l3-781-4-76-9-1733402530-hero.png\",\"contentUrl\":\"https:\/\/galli.ch\/wp-content\/uploads\/watch-collection-hydroconquest-l3-781-4-76-9-1733402530-hero.png\",\"width\":1000,\"height\":1400},{\"@type\":\"BreadcrumbList\",\"@id\":\"https:\/\/galli.ch\/uhren\/longines\/diving\/hydroconquest-l3-781-4-76-9\/#breadcrumb\",\"itemListElement\":[{\"@type\":\"ListItem\",\"position\":1,\"name\":\"Home\",\"item\":\"https:\/\/galli.ch\/en\/\"},{\"@type\":\"ListItem\",\"position\":2,\"name\":\"Uhren\",\"item\":\"https:\/\/galli.ch\/en\/uhren\/\"},{\"@type\":\"ListItem\",\"position\":3,\"name\":\"Longines HydroConquest 41\"}]},{\"@type\":\"WebSite\",\"@id\":\"http:\/\/galli.ch\/en\/#website\",\"url\":\"http:\/\/galli.ch\/en\/\",\"name\":\"Galli Uhren Bijouterie\",\"description\":\"\",\"potentialAction\":[{\"@type\":\"SearchAction\",\"target\":{\"@type\":\"EntryPoint\",\"urlTemplate\":\"http:\/\/galli.ch\/en\/?s={search_term_string}\"},\"query-input\":{\"@type\":\"PropertyValueSpecification\",\"valueRequired\":true,\"valueName\":\"search_term_string\"}}],\"inLanguage\":\"en-US\"}]}<\/script>\n<!-- \/ Yoast SEO plugin. -->","yoast_head_json":{"title":"Longines HydroConquest 41 - Galli Uhren Bijouterie","robots":{"index":"index","follow":"follow","max-snippet":"max-snippet:-1","max-image-preview":"max-image-preview:large","max-video-preview":"max-video-preview:-1"},"canonical":"https:\/\/galli.ch\/uhren\/longines\/diving\/hydroconquest-l3-781-4-76-9\/","og_locale":"en_US","og_type":"article","og_title":"Longines HydroConquest 41 - Galli Uhren Bijouterie","og_description":"Die von der Welt des Wassersports inspirierte HydroConquest Kollektion besticht durch ihr gewagtes Design. Wasserdicht bis 30 bar (300 m), mit einseitig drehbarer L\u00fcnette und verschraubter Krone und Geh\u00e4useboden, garantiert sie jederzeit aussergew\u00f6hnliche Zuverl\u00e4ssigkeit.","og_url":"https:\/\/galli.ch\/uhren\/longines\/diving\/hydroconquest-l3-781-4-76-9\/","og_site_name":"Galli Uhren Bijouterie","article_modified_time":"2026-04-20T16:11:43+00:00","og_image":[{"width":1000,"height":1400,"url":"https:\/\/galli.ch\/wp-content\/uploads\/watch-collection-hydroconquest-l3-781-4-76-9-1733402530-hero.png","type":"image\/png"}],"twitter_card":"summary_large_image","schema":{"@context":"https:\/\/schema.org","@graph":[{"@type":"WebPage","@id":"https:\/\/galli.ch\/uhren\/longines\/diving\/hydroconquest-l3-781-4-76-9\/","url":"https:\/\/galli.ch\/uhren\/longines\/diving\/hydroconquest-l3-781-4-76-9\/","name":"Longines HydroConquest 41 - Galli Uhren Bijouterie","isPartOf":{"@id":"http:\/\/galli.ch\/en\/#website"},"primaryImageOfPage":{"@id":"https:\/\/galli.ch\/uhren\/longines\/diving\/hydroconquest-l3-781-4-76-9\/#primaryimage"},"image":{"@id":"https:\/\/galli.ch\/uhren\/longines\/diving\/hydroconquest-l3-781-4-76-9\/#primaryimage"},"thumbnailUrl":"https:\/\/galli.ch\/wp-content\/uploads\/watch-collection-hydroconquest-l3-781-4-76-9-1733402530-hero.png","datePublished":"2025-05-14T07:29:40+00:00","dateModified":"2026-04-20T16:11:43+00:00","breadcrumb":{"@id":"https:\/\/galli.ch\/uhren\/longines\/diving\/hydroconquest-l3-781-4-76-9\/#breadcrumb"},"inLanguage":"en-US","potentialAction":[{"@type":"ReadAction","target":["https:\/\/galli.ch\/uhren\/longines\/diving\/hydroconquest-l3-781-4-76-9\/"]}]},{"@type":"ImageObject","inLanguage":"en-US","@id":"https:\/\/galli.ch\/uhren\/longines\/diving\/hydroconquest-l3-781-4-76-9\/#primaryimage","url":"https:\/\/galli.ch\/wp-content\/uploads\/watch-collection-hydroconquest-l3-781-4-76-9-1733402530-hero.png","contentUrl":"https:\/\/galli.ch\/wp-content\/uploads\/watch-collection-hydroconquest-l3-781-4-76-9-1733402530-hero.png","width":1000,"height":1400},{"@type":"BreadcrumbList","@id":"https:\/\/galli.ch\/uhren\/longines\/diving\/hydroconquest-l3-781-4-76-9\/#breadcrumb","itemListElement":[{"@type":"ListItem","position":1,"name":"Home","item":"https:\/\/galli.ch\/en\/"},{"@type":"ListItem","position":2,"name":"Uhren","item":"https:\/\/galli.ch\/en\/uhren\/"},{"@type":"ListItem","position":3,"name":"Longines HydroConquest 41"}]},{"@type":"WebSite","@id":"http:\/\/galli.ch\/en\/#website","url":"http:\/\/galli.ch\/en\/","name":"Galli Uhren Bijouterie","description":"","potentialAction":[{"@type":"SearchAction","target":{"@type":"EntryPoint","urlTemplate":"http:\/\/galli.ch\/en\/?s={search_term_string}"},"query-input":{"@type":"PropertyValueSpecification","valueRequired":true,"valueName":"search_term_string"}}],"inLanguage":"en-US"}]}},"_links":{"self":[{"href":"https:\/\/galli.ch\/en\/wp-json\/wp\/v2\/product\/42678","targetHints":{"allow":["GET"]}}],"collection":[{"href":"https:\/\/galli.ch\/en\/wp-json\/wp\/v2\/product"}],"about":[{"href":"https:\/\/galli.ch\/en\/wp-json\/wp\/v2\/types\/product"}],"wp:featuredmedia":[{"embeddable":true,"href":"https:\/\/galli.ch\/en\/wp-json\/wp\/v2\/media\/42667"}],"wp:attachment":[{"href":"https:\/\/galli.ch\/en\/wp-json\/wp\/v2\/media?parent=42678"}],"wp:term":[{"taxonomy":"product_brand","embeddable":true,"href":"https:\/\/galli.ch\/en\/wp-json\/wp\/v2\/product_brand?post=42678"},{"taxonomy":"product_cat","embeddable":true,"href":"https:\/\/galli.ch\/en\/wp-json\/wp\/v2\/product_cat?post=42678"},{"taxonomy":"product_tag","embeddable":true,"href":"https:\/\/galli.ch\/en\/wp-json\/wp\/v2\/product_tag?post=42678"}],"curies":[{"name":"wp","href":"https:\/\/api.w.org\/{rel}","templated":true}]}}