{"id":42801,"date":"2025-05-22T09:43:35","date_gmt":"2025-05-22T07:43:35","guid":{"rendered":"https:\/\/galli.ch\/?post_type=product&#038;p=42801"},"modified":"2025-05-22T09:44:58","modified_gmt":"2025-05-22T07:44:58","slug":"square-fa1205-pvp02-110-1","status":"publish","type":"product","link":"https:\/\/galli.ch\/en\/uhren\/maurice-lacroix\/fiaba\/square-fa1205-pvp02-110-1\/","title":{"rendered":"Maurice Lacroix Fiaba Square"},"content":{"rendered":"<p>Die FIABA erweckt M\u00e4rchen zum Leben, zelebriert Feinheit und ist f\u00fcr die stilbewusste Frau von heute gedacht. Mit elegantem Design und pr\u00e4chtigen Details bieten diese Damenuhren zug\u00e4nglichen Luxus und sind der perfekte Begleiter f\u00fcr einen Abend.<\/p>\n","protected":false},"excerpt":{"rendered":"<p>Die FIABA erweckt M\u00e4rchen zum Leben, zelebriert Feinheit und ist f\u00fcr die stilbewusste Frau von heute gedacht. Mit elegantem Design und pr\u00e4chtigen Details bieten diese Damenuhren zug\u00e4nglichen Luxus und sind der perfekte Begleiter f\u00fcr einen Abend.<\/p>\n","protected":false},"featured_media":42610,"template":"","meta":{"_acf_changed":false,"inline_featured_image":false},"product_brand":[],"product_cat":[188],"product_tag":[],"class_list":{"0":"post-42801","1":"product","2":"type-product","3":"status-publish","4":"has-post-thumbnail","6":"uhrenhersteller-fiaba","7":"uhrenhersteller-maurice-lacroix","8":"product_cat-uhren","10":"first","11":"outofstock","12":"taxable","13":"shipping-taxable","14":"purchasable","15":"product-type-simple"},"acf":[],"yoast_head":"<!-- This site is optimized with the Yoast SEO plugin v25.5 - https:\/\/yoast.com\/wordpress\/plugins\/seo\/ -->\n<title>Maurice Lacroix Fiaba Square - Galli Uhren Bijouterie<\/title>\n<meta name=\"robots\" content=\"index, follow, max-snippet:-1, max-image-preview:large, max-video-preview:-1\" \/>\n<link rel=\"canonical\" href=\"https:\/\/galli.ch\/uhren\/maurice-lacroix\/fiaba\/square-fa1205-pvp02-110-1\/\" \/>\n<meta property=\"og:locale\" content=\"en_US\" \/>\n<meta property=\"og:type\" content=\"article\" \/>\n<meta property=\"og:title\" content=\"Maurice Lacroix Fiaba Square - Galli Uhren Bijouterie\" \/>\n<meta property=\"og:description\" content=\"Die FIABA erweckt M\u00e4rchen zum Leben, zelebriert Feinheit und ist f\u00fcr die stilbewusste Frau von heute gedacht. Mit elegantem Design und pr\u00e4chtigen Details bieten diese Damenuhren zug\u00e4nglichen Luxus und sind der perfekte Begleiter f\u00fcr einen Abend.\" \/>\n<meta property=\"og:url\" content=\"https:\/\/galli.ch\/uhren\/maurice-lacroix\/fiaba\/square-fa1205-pvp02-110-1\/\" \/>\n<meta property=\"og:site_name\" content=\"Galli Uhren Bijouterie\" \/>\n<meta property=\"article:modified_time\" content=\"2025-05-22T07:44:58+00:00\" \/>\n<meta property=\"og:image\" content=\"https:\/\/galli.ch\/wp-content\/uploads\/FA1205-PVP02-110-1_PACKSHOT_FIABA_SQUARE_FULL_4N-13.png\" \/>\n\t<meta property=\"og:image:width\" content=\"1000\" \/>\n\t<meta property=\"og:image:height\" content=\"1400\" \/>\n\t<meta property=\"og:image:type\" content=\"image\/png\" \/>\n<meta name=\"twitter:card\" content=\"summary_large_image\" \/>\n<script type=\"application\/ld+json\" class=\"yoast-schema-graph\">{\"@context\":\"https:\/\/schema.org\",\"@graph\":[{\"@type\":\"WebPage\",\"@id\":\"https:\/\/galli.ch\/uhren\/maurice-lacroix\/fiaba\/square-fa1205-pvp02-110-1\/\",\"url\":\"https:\/\/galli.ch\/uhren\/maurice-lacroix\/fiaba\/square-fa1205-pvp02-110-1\/\",\"name\":\"Maurice Lacroix Fiaba Square - Galli Uhren Bijouterie\",\"isPartOf\":{\"@id\":\"http:\/\/galli.ch\/en\/#website\"},\"primaryImageOfPage\":{\"@id\":\"https:\/\/galli.ch\/uhren\/maurice-lacroix\/fiaba\/square-fa1205-pvp02-110-1\/#primaryimage\"},\"image\":{\"@id\":\"https:\/\/galli.ch\/uhren\/maurice-lacroix\/fiaba\/square-fa1205-pvp02-110-1\/#primaryimage\"},\"thumbnailUrl\":\"https:\/\/galli.ch\/wp-content\/uploads\/FA1205-PVP02-110-1_PACKSHOT_FIABA_SQUARE_FULL_4N-13.png\",\"datePublished\":\"2025-05-22T07:43:35+00:00\",\"dateModified\":\"2025-05-22T07:44:58+00:00\",\"breadcrumb\":{\"@id\":\"https:\/\/galli.ch\/uhren\/maurice-lacroix\/fiaba\/square-fa1205-pvp02-110-1\/#breadcrumb\"},\"inLanguage\":\"en-US\",\"potentialAction\":[{\"@type\":\"ReadAction\",\"target\":[\"https:\/\/galli.ch\/uhren\/maurice-lacroix\/fiaba\/square-fa1205-pvp02-110-1\/\"]}]},{\"@type\":\"ImageObject\",\"inLanguage\":\"en-US\",\"@id\":\"https:\/\/galli.ch\/uhren\/maurice-lacroix\/fiaba\/square-fa1205-pvp02-110-1\/#primaryimage\",\"url\":\"https:\/\/galli.ch\/wp-content\/uploads\/FA1205-PVP02-110-1_PACKSHOT_FIABA_SQUARE_FULL_4N-13.png\",\"contentUrl\":\"https:\/\/galli.ch\/wp-content\/uploads\/FA1205-PVP02-110-1_PACKSHOT_FIABA_SQUARE_FULL_4N-13.png\",\"width\":1000,\"height\":1400},{\"@type\":\"BreadcrumbList\",\"@id\":\"https:\/\/galli.ch\/uhren\/maurice-lacroix\/fiaba\/square-fa1205-pvp02-110-1\/#breadcrumb\",\"itemListElement\":[{\"@type\":\"ListItem\",\"position\":1,\"name\":\"Home\",\"item\":\"https:\/\/galli.ch\/en\/\"},{\"@type\":\"ListItem\",\"position\":2,\"name\":\"Uhren\",\"item\":\"https:\/\/galli.ch\/en\/uhren\/\"},{\"@type\":\"ListItem\",\"position\":3,\"name\":\"Maurice Lacroix Fiaba Square\"}]},{\"@type\":\"WebSite\",\"@id\":\"http:\/\/galli.ch\/en\/#website\",\"url\":\"http:\/\/galli.ch\/en\/\",\"name\":\"Galli Uhren Bijouterie\",\"description\":\"\",\"potentialAction\":[{\"@type\":\"SearchAction\",\"target\":{\"@type\":\"EntryPoint\",\"urlTemplate\":\"http:\/\/galli.ch\/en\/?s={search_term_string}\"},\"query-input\":{\"@type\":\"PropertyValueSpecification\",\"valueRequired\":true,\"valueName\":\"search_term_string\"}}],\"inLanguage\":\"en-US\"}]}<\/script>\n<!-- \/ Yoast SEO plugin. -->","yoast_head_json":{"title":"Maurice Lacroix Fiaba Square - Galli Uhren Bijouterie","robots":{"index":"index","follow":"follow","max-snippet":"max-snippet:-1","max-image-preview":"max-image-preview:large","max-video-preview":"max-video-preview:-1"},"canonical":"https:\/\/galli.ch\/uhren\/maurice-lacroix\/fiaba\/square-fa1205-pvp02-110-1\/","og_locale":"en_US","og_type":"article","og_title":"Maurice Lacroix Fiaba Square - Galli Uhren Bijouterie","og_description":"Die FIABA erweckt M\u00e4rchen zum Leben, zelebriert Feinheit und ist f\u00fcr die stilbewusste Frau von heute gedacht. Mit elegantem Design und pr\u00e4chtigen Details bieten diese Damenuhren zug\u00e4nglichen Luxus und sind der perfekte Begleiter f\u00fcr einen Abend.","og_url":"https:\/\/galli.ch\/uhren\/maurice-lacroix\/fiaba\/square-fa1205-pvp02-110-1\/","og_site_name":"Galli Uhren Bijouterie","article_modified_time":"2025-05-22T07:44:58+00:00","og_image":[{"width":1000,"height":1400,"url":"https:\/\/galli.ch\/wp-content\/uploads\/FA1205-PVP02-110-1_PACKSHOT_FIABA_SQUARE_FULL_4N-13.png","type":"image\/png"}],"twitter_card":"summary_large_image","schema":{"@context":"https:\/\/schema.org","@graph":[{"@type":"WebPage","@id":"https:\/\/galli.ch\/uhren\/maurice-lacroix\/fiaba\/square-fa1205-pvp02-110-1\/","url":"https:\/\/galli.ch\/uhren\/maurice-lacroix\/fiaba\/square-fa1205-pvp02-110-1\/","name":"Maurice Lacroix Fiaba Square - Galli Uhren Bijouterie","isPartOf":{"@id":"http:\/\/galli.ch\/en\/#website"},"primaryImageOfPage":{"@id":"https:\/\/galli.ch\/uhren\/maurice-lacroix\/fiaba\/square-fa1205-pvp02-110-1\/#primaryimage"},"image":{"@id":"https:\/\/galli.ch\/uhren\/maurice-lacroix\/fiaba\/square-fa1205-pvp02-110-1\/#primaryimage"},"thumbnailUrl":"https:\/\/galli.ch\/wp-content\/uploads\/FA1205-PVP02-110-1_PACKSHOT_FIABA_SQUARE_FULL_4N-13.png","datePublished":"2025-05-22T07:43:35+00:00","dateModified":"2025-05-22T07:44:58+00:00","breadcrumb":{"@id":"https:\/\/galli.ch\/uhren\/maurice-lacroix\/fiaba\/square-fa1205-pvp02-110-1\/#breadcrumb"},"inLanguage":"en-US","potentialAction":[{"@type":"ReadAction","target":["https:\/\/galli.ch\/uhren\/maurice-lacroix\/fiaba\/square-fa1205-pvp02-110-1\/"]}]},{"@type":"ImageObject","inLanguage":"en-US","@id":"https:\/\/galli.ch\/uhren\/maurice-lacroix\/fiaba\/square-fa1205-pvp02-110-1\/#primaryimage","url":"https:\/\/galli.ch\/wp-content\/uploads\/FA1205-PVP02-110-1_PACKSHOT_FIABA_SQUARE_FULL_4N-13.png","contentUrl":"https:\/\/galli.ch\/wp-content\/uploads\/FA1205-PVP02-110-1_PACKSHOT_FIABA_SQUARE_FULL_4N-13.png","width":1000,"height":1400},{"@type":"BreadcrumbList","@id":"https:\/\/galli.ch\/uhren\/maurice-lacroix\/fiaba\/square-fa1205-pvp02-110-1\/#breadcrumb","itemListElement":[{"@type":"ListItem","position":1,"name":"Home","item":"https:\/\/galli.ch\/en\/"},{"@type":"ListItem","position":2,"name":"Uhren","item":"https:\/\/galli.ch\/en\/uhren\/"},{"@type":"ListItem","position":3,"name":"Maurice Lacroix Fiaba Square"}]},{"@type":"WebSite","@id":"http:\/\/galli.ch\/en\/#website","url":"http:\/\/galli.ch\/en\/","name":"Galli Uhren Bijouterie","description":"","potentialAction":[{"@type":"SearchAction","target":{"@type":"EntryPoint","urlTemplate":"http:\/\/galli.ch\/en\/?s={search_term_string}"},"query-input":{"@type":"PropertyValueSpecification","valueRequired":true,"valueName":"search_term_string"}}],"inLanguage":"en-US"}]}},"_links":{"self":[{"href":"https:\/\/galli.ch\/en\/wp-json\/wp\/v2\/product\/42801","targetHints":{"allow":["GET"]}}],"collection":[{"href":"https:\/\/galli.ch\/en\/wp-json\/wp\/v2\/product"}],"about":[{"href":"https:\/\/galli.ch\/en\/wp-json\/wp\/v2\/types\/product"}],"wp:featuredmedia":[{"embeddable":true,"href":"https:\/\/galli.ch\/en\/wp-json\/wp\/v2\/media\/42610"}],"wp:attachment":[{"href":"https:\/\/galli.ch\/en\/wp-json\/wp\/v2\/media?parent=42801"}],"wp:term":[{"taxonomy":"product_brand","embeddable":true,"href":"https:\/\/galli.ch\/en\/wp-json\/wp\/v2\/product_brand?post=42801"},{"taxonomy":"product_cat","embeddable":true,"href":"https:\/\/galli.ch\/en\/wp-json\/wp\/v2\/product_cat?post=42801"},{"taxonomy":"product_tag","embeddable":true,"href":"https:\/\/galli.ch\/en\/wp-json\/wp\/v2\/product_tag?post=42801"}],"curies":[{"name":"wp","href":"https:\/\/api.w.org\/{rel}","templated":true}]}}