{"id":42818,"date":"2025-05-22T10:16:53","date_gmt":"2025-05-22T08:16:53","guid":{"rendered":"https:\/\/galli.ch\/?post_type=product&#038;p=42818"},"modified":"2026-04-20T18:14:02","modified_gmt":"2026-04-20T16:14:02","slug":"automatic-pointer-date-laureus-iw359202","status":"publish","type":"product","link":"https:\/\/galli.ch\/en\/uhren\/iwc\/portofino\/automatic-pointer-date-laureus-iw359202\/","title":{"rendered":"IWC Portofino Automatic Pointer Date Laureus"},"content":{"rendered":"<p>Mit der Portofino Automatic Pointer Date Laureus setzt IWC Schaffhausen seine Tradition von Sondereditionen zur Unterst\u00fctzung der Arbeit von Laureus Sport for Good fort. IWC ist seit 2005 Global Partner der Stiftung und hat bei zahlreichen Gelegenheiten mit Laureus zusammengearbeitet. Die auf 500 St\u00fcck limitierte Sonderedition verf\u00fcgt \u00fcber ein Edelstahlgeh\u00e4use mit einem angenehm zu tragenden Durchmesser von 39 Millimetern und ein Zifferblatt in der charakteristischen Laureus-Farbe Blau.<\/p>\n","protected":false},"excerpt":{"rendered":"<p>Mit der Portofino Automatic Pointer Date Laureus setzt IWC Schaffhausen seine Tradition von Sondereditionen zur Unterst\u00fctzung der Arbeit von Laureus Sport for Good fort. IWC ist seit 2005 Global Partner der Stiftung und hat bei zahlreichen Gelegenheiten mit Laureus zusammengearbeitet. Die auf 500 St\u00fcck limitierte Sonderedition verf\u00fcgt \u00fcber ein Edelstahlgeh\u00e4use mit einem angenehm zu tragenden&#8230;  <a class=\"excerpt-read-more\" href=\"https:\/\/galli.ch\/en\/uhren\/iwc\/portofino\/automatic-pointer-date-laureus-iw359202\/\" title=\"Read IWC Portofino Automatic Pointer Date Laureus\">Weiter &raquo;<\/a><\/p>\n","protected":false},"featured_media":42786,"template":"","meta":{"_acf_changed":false,"inline_featured_image":false},"product_brand":[],"product_cat":[188],"product_tag":[],"class_list":{"0":"post-42818","1":"product","2":"type-product","3":"status-publish","4":"has-post-thumbnail","6":"uhrenhersteller-iwc","7":"uhrenhersteller-portofino","8":"product_cat-uhren","10":"first","11":"instock","12":"taxable","13":"shipping-taxable","14":"purchasable","15":"product-type-simple"},"acf":[],"yoast_head":"<!-- This site is optimized with the Yoast SEO plugin v25.5 - https:\/\/yoast.com\/wordpress\/plugins\/seo\/ -->\n<title>IWC Portofino Automatic Pointer Date Laureus - Galli Uhren Bijouterie<\/title>\n<meta name=\"robots\" content=\"index, follow, max-snippet:-1, max-image-preview:large, max-video-preview:-1\" \/>\n<link rel=\"canonical\" href=\"https:\/\/galli.ch\/uhren\/iwc\/portofino\/automatic-pointer-date-laureus-iw359202\/\" \/>\n<meta property=\"og:locale\" content=\"en_US\" \/>\n<meta property=\"og:type\" content=\"article\" \/>\n<meta property=\"og:title\" content=\"IWC Portofino Automatic Pointer Date Laureus - Galli Uhren Bijouterie\" \/>\n<meta property=\"og:description\" content=\"Mit der Portofino Automatic Pointer Date Laureus setzt IWC Schaffhausen seine Tradition von Sondereditionen zur Unterst\u00fctzung der Arbeit von Laureus Sport for Good fort. IWC ist seit 2005 Global Partner der Stiftung und hat bei zahlreichen Gelegenheiten mit Laureus zusammengearbeitet. Die auf 500 St\u00fcck limitierte Sonderedition verf\u00fcgt \u00fcber ein Edelstahlgeh\u00e4use mit einem angenehm zu tragenden... Weiter &raquo;\" \/>\n<meta property=\"og:url\" content=\"https:\/\/galli.ch\/uhren\/iwc\/portofino\/automatic-pointer-date-laureus-iw359202\/\" \/>\n<meta property=\"og:site_name\" content=\"Galli Uhren Bijouterie\" \/>\n<meta property=\"article:modified_time\" content=\"2026-04-20T16:14:02+00:00\" \/>\n<meta property=\"og:image\" content=\"https:\/\/galli.ch\/wp-content\/uploads\/CUT-20.png\" \/>\n\t<meta property=\"og:image:width\" content=\"1000\" \/>\n\t<meta property=\"og:image:height\" content=\"1400\" \/>\n\t<meta property=\"og:image:type\" content=\"image\/png\" \/>\n<meta name=\"twitter:card\" content=\"summary_large_image\" \/>\n<script type=\"application\/ld+json\" class=\"yoast-schema-graph\">{\"@context\":\"https:\/\/schema.org\",\"@graph\":[{\"@type\":\"WebPage\",\"@id\":\"https:\/\/galli.ch\/uhren\/iwc\/portofino\/automatic-pointer-date-laureus-iw359202\/\",\"url\":\"https:\/\/galli.ch\/uhren\/iwc\/portofino\/automatic-pointer-date-laureus-iw359202\/\",\"name\":\"IWC Portofino Automatic Pointer Date Laureus - Galli Uhren Bijouterie\",\"isPartOf\":{\"@id\":\"http:\/\/galli.ch\/en\/#website\"},\"primaryImageOfPage\":{\"@id\":\"https:\/\/galli.ch\/uhren\/iwc\/portofino\/automatic-pointer-date-laureus-iw359202\/#primaryimage\"},\"image\":{\"@id\":\"https:\/\/galli.ch\/uhren\/iwc\/portofino\/automatic-pointer-date-laureus-iw359202\/#primaryimage\"},\"thumbnailUrl\":\"https:\/\/galli.ch\/wp-content\/uploads\/CUT-20.png\",\"datePublished\":\"2025-05-22T08:16:53+00:00\",\"dateModified\":\"2026-04-20T16:14:02+00:00\",\"breadcrumb\":{\"@id\":\"https:\/\/galli.ch\/uhren\/iwc\/portofino\/automatic-pointer-date-laureus-iw359202\/#breadcrumb\"},\"inLanguage\":\"en-US\",\"potentialAction\":[{\"@type\":\"ReadAction\",\"target\":[\"https:\/\/galli.ch\/uhren\/iwc\/portofino\/automatic-pointer-date-laureus-iw359202\/\"]}]},{\"@type\":\"ImageObject\",\"inLanguage\":\"en-US\",\"@id\":\"https:\/\/galli.ch\/uhren\/iwc\/portofino\/automatic-pointer-date-laureus-iw359202\/#primaryimage\",\"url\":\"https:\/\/galli.ch\/wp-content\/uploads\/CUT-20.png\",\"contentUrl\":\"https:\/\/galli.ch\/wp-content\/uploads\/CUT-20.png\",\"width\":1000,\"height\":1400},{\"@type\":\"BreadcrumbList\",\"@id\":\"https:\/\/galli.ch\/uhren\/iwc\/portofino\/automatic-pointer-date-laureus-iw359202\/#breadcrumb\",\"itemListElement\":[{\"@type\":\"ListItem\",\"position\":1,\"name\":\"Home\",\"item\":\"https:\/\/galli.ch\/en\/\"},{\"@type\":\"ListItem\",\"position\":2,\"name\":\"Uhren\",\"item\":\"https:\/\/galli.ch\/en\/uhren\/\"},{\"@type\":\"ListItem\",\"position\":3,\"name\":\"IWC Portofino Automatic Pointer Date Laureus\"}]},{\"@type\":\"WebSite\",\"@id\":\"http:\/\/galli.ch\/en\/#website\",\"url\":\"http:\/\/galli.ch\/en\/\",\"name\":\"Galli Uhren Bijouterie\",\"description\":\"\",\"potentialAction\":[{\"@type\":\"SearchAction\",\"target\":{\"@type\":\"EntryPoint\",\"urlTemplate\":\"http:\/\/galli.ch\/en\/?s={search_term_string}\"},\"query-input\":{\"@type\":\"PropertyValueSpecification\",\"valueRequired\":true,\"valueName\":\"search_term_string\"}}],\"inLanguage\":\"en-US\"}]}<\/script>\n<!-- \/ Yoast SEO plugin. -->","yoast_head_json":{"title":"IWC Portofino Automatic Pointer Date Laureus - Galli Uhren Bijouterie","robots":{"index":"index","follow":"follow","max-snippet":"max-snippet:-1","max-image-preview":"max-image-preview:large","max-video-preview":"max-video-preview:-1"},"canonical":"https:\/\/galli.ch\/uhren\/iwc\/portofino\/automatic-pointer-date-laureus-iw359202\/","og_locale":"en_US","og_type":"article","og_title":"IWC Portofino Automatic Pointer Date Laureus - Galli Uhren Bijouterie","og_description":"Mit der Portofino Automatic Pointer Date Laureus setzt IWC Schaffhausen seine Tradition von Sondereditionen zur Unterst\u00fctzung der Arbeit von Laureus Sport for Good fort. IWC ist seit 2005 Global Partner der Stiftung und hat bei zahlreichen Gelegenheiten mit Laureus zusammengearbeitet. Die auf 500 St\u00fcck limitierte Sonderedition verf\u00fcgt \u00fcber ein Edelstahlgeh\u00e4use mit einem angenehm zu tragenden... Weiter &raquo;","og_url":"https:\/\/galli.ch\/uhren\/iwc\/portofino\/automatic-pointer-date-laureus-iw359202\/","og_site_name":"Galli Uhren Bijouterie","article_modified_time":"2026-04-20T16:14:02+00:00","og_image":[{"width":1000,"height":1400,"url":"https:\/\/galli.ch\/wp-content\/uploads\/CUT-20.png","type":"image\/png"}],"twitter_card":"summary_large_image","schema":{"@context":"https:\/\/schema.org","@graph":[{"@type":"WebPage","@id":"https:\/\/galli.ch\/uhren\/iwc\/portofino\/automatic-pointer-date-laureus-iw359202\/","url":"https:\/\/galli.ch\/uhren\/iwc\/portofino\/automatic-pointer-date-laureus-iw359202\/","name":"IWC Portofino Automatic Pointer Date Laureus - Galli Uhren Bijouterie","isPartOf":{"@id":"http:\/\/galli.ch\/en\/#website"},"primaryImageOfPage":{"@id":"https:\/\/galli.ch\/uhren\/iwc\/portofino\/automatic-pointer-date-laureus-iw359202\/#primaryimage"},"image":{"@id":"https:\/\/galli.ch\/uhren\/iwc\/portofino\/automatic-pointer-date-laureus-iw359202\/#primaryimage"},"thumbnailUrl":"https:\/\/galli.ch\/wp-content\/uploads\/CUT-20.png","datePublished":"2025-05-22T08:16:53+00:00","dateModified":"2026-04-20T16:14:02+00:00","breadcrumb":{"@id":"https:\/\/galli.ch\/uhren\/iwc\/portofino\/automatic-pointer-date-laureus-iw359202\/#breadcrumb"},"inLanguage":"en-US","potentialAction":[{"@type":"ReadAction","target":["https:\/\/galli.ch\/uhren\/iwc\/portofino\/automatic-pointer-date-laureus-iw359202\/"]}]},{"@type":"ImageObject","inLanguage":"en-US","@id":"https:\/\/galli.ch\/uhren\/iwc\/portofino\/automatic-pointer-date-laureus-iw359202\/#primaryimage","url":"https:\/\/galli.ch\/wp-content\/uploads\/CUT-20.png","contentUrl":"https:\/\/galli.ch\/wp-content\/uploads\/CUT-20.png","width":1000,"height":1400},{"@type":"BreadcrumbList","@id":"https:\/\/galli.ch\/uhren\/iwc\/portofino\/automatic-pointer-date-laureus-iw359202\/#breadcrumb","itemListElement":[{"@type":"ListItem","position":1,"name":"Home","item":"https:\/\/galli.ch\/en\/"},{"@type":"ListItem","position":2,"name":"Uhren","item":"https:\/\/galli.ch\/en\/uhren\/"},{"@type":"ListItem","position":3,"name":"IWC Portofino Automatic Pointer Date Laureus"}]},{"@type":"WebSite","@id":"http:\/\/galli.ch\/en\/#website","url":"http:\/\/galli.ch\/en\/","name":"Galli Uhren Bijouterie","description":"","potentialAction":[{"@type":"SearchAction","target":{"@type":"EntryPoint","urlTemplate":"http:\/\/galli.ch\/en\/?s={search_term_string}"},"query-input":{"@type":"PropertyValueSpecification","valueRequired":true,"valueName":"search_term_string"}}],"inLanguage":"en-US"}]}},"_links":{"self":[{"href":"https:\/\/galli.ch\/en\/wp-json\/wp\/v2\/product\/42818","targetHints":{"allow":["GET"]}}],"collection":[{"href":"https:\/\/galli.ch\/en\/wp-json\/wp\/v2\/product"}],"about":[{"href":"https:\/\/galli.ch\/en\/wp-json\/wp\/v2\/types\/product"}],"wp:featuredmedia":[{"embeddable":true,"href":"https:\/\/galli.ch\/en\/wp-json\/wp\/v2\/media\/42786"}],"wp:attachment":[{"href":"https:\/\/galli.ch\/en\/wp-json\/wp\/v2\/media?parent=42818"}],"wp:term":[{"taxonomy":"product_brand","embeddable":true,"href":"https:\/\/galli.ch\/en\/wp-json\/wp\/v2\/product_brand?post=42818"},{"taxonomy":"product_cat","embeddable":true,"href":"https:\/\/galli.ch\/en\/wp-json\/wp\/v2\/product_cat?post=42818"},{"taxonomy":"product_tag","embeddable":true,"href":"https:\/\/galli.ch\/en\/wp-json\/wp\/v2\/product_tag?post=42818"}],"curies":[{"name":"wp","href":"https:\/\/api.w.org\/{rel}","templated":true}]}}