{"id":43001,"date":"2025-06-06T16:18:31","date_gmt":"2025-06-06T14:18:31","guid":{"rendered":"https:\/\/galli.ch\/?post_type=product&#038;p=43001"},"modified":"2025-06-06T16:40:01","modified_gmt":"2025-06-06T14:40:01","slug":"pr-100-jungfraubahn-quartz-40mm-t150-410-11-031-00","status":"publish","type":"product","link":"https:\/\/galli.ch\/en\/uhren\/tissot\/t-classic\/pr-100-jungfraubahn-quartz-40mm-t150-410-11-031-00\/","title":{"rendered":"Tissot PR 100 Jungfraubahn Quartz 40mm"},"content":{"rendered":"<p>Tissot und Jungfrau, langj\u00e4hrige Partner, feiern ihr Schweizer Erbe mit exklusiven Zeitmessern, inspiriert von den ungez\u00e4hmten Alpen und Schweizer Handwerkskunst.<br \/>\nHoch oben, wo Himmel und Erde sich treffen, die Luft d\u00fcnner wird und der Horizont sich ins Unendliche ausdehnt, nimmt die Zeit einen anderen Rhythmus an \u2013 einen Rhythmus, den die von einem zuverl\u00e4ssigen Quarzwerk angetriebenen Tissot PR 100 Jungfraubahn Editionen einfangen. Die Uhren sind in zwei Gr\u00f6\u00dfen, 34 mm und 40 mm, erh\u00e4ltlich und passen sich dadurch perfekt an unterschiedliche Handgelenke an.<\/p>\n","protected":false},"excerpt":{"rendered":"<p>Tissot und Jungfrau, langj\u00e4hrige Partner, feiern ihr Schweizer Erbe mit exklusiven Zeitmessern, inspiriert von den ungez\u00e4hmten Alpen und Schweizer Handwerkskunst. Hoch oben, wo Himmel und Erde sich treffen, die Luft d\u00fcnner wird und der Horizont sich ins Unendliche ausdehnt, nimmt die Zeit einen anderen Rhythmus an \u2013 einen Rhythmus, den die von einem zuverl\u00e4ssigen Quarzwerk&#8230;  <a class=\"excerpt-read-more\" href=\"https:\/\/galli.ch\/en\/uhren\/tissot\/t-classic\/pr-100-jungfraubahn-quartz-40mm-t150-410-11-031-00\/\" title=\"Read Tissot PR 100 Jungfraubahn Quartz 40mm\">Weiter &raquo;<\/a><\/p>\n","protected":false},"featured_media":42979,"template":"","meta":{"_acf_changed":false,"inline_featured_image":false},"product_brand":[],"product_cat":[188],"product_tag":[],"class_list":{"0":"post-43001","1":"product","2":"type-product","3":"status-publish","4":"has-post-thumbnail","6":"uhrenhersteller-tissot","7":"uhrenhersteller-t-classic","8":"product_cat-uhren","10":"first","11":"outofstock","12":"taxable","13":"shipping-taxable","14":"purchasable","15":"product-type-simple"},"acf":[],"yoast_head":"<!-- This site is optimized with the Yoast SEO plugin v25.5 - https:\/\/yoast.com\/wordpress\/plugins\/seo\/ -->\n<title>Tissot PR 100 Jungfraubahn Quartz 40mm - Galli Uhren Bijouterie<\/title>\n<meta name=\"robots\" content=\"index, follow, max-snippet:-1, max-image-preview:large, max-video-preview:-1\" \/>\n<link rel=\"canonical\" href=\"https:\/\/galli.ch\/uhren\/tissot\/t-classic\/pr-100-jungfraubahn-quartz-40mm-t150-410-11-031-00\/\" \/>\n<meta property=\"og:locale\" content=\"en_US\" \/>\n<meta property=\"og:type\" content=\"article\" \/>\n<meta property=\"og:title\" content=\"Tissot PR 100 Jungfraubahn Quartz 40mm - Galli Uhren Bijouterie\" \/>\n<meta property=\"og:description\" content=\"Tissot und Jungfrau, langj\u00e4hrige Partner, feiern ihr Schweizer Erbe mit exklusiven Zeitmessern, inspiriert von den ungez\u00e4hmten Alpen und Schweizer Handwerkskunst. Hoch oben, wo Himmel und Erde sich treffen, die Luft d\u00fcnner wird und der Horizont sich ins Unendliche ausdehnt, nimmt die Zeit einen anderen Rhythmus an \u2013 einen Rhythmus, den die von einem zuverl\u00e4ssigen Quarzwerk... Weiter &raquo;\" \/>\n<meta property=\"og:url\" content=\"https:\/\/galli.ch\/uhren\/tissot\/t-classic\/pr-100-jungfraubahn-quartz-40mm-t150-410-11-031-00\/\" \/>\n<meta property=\"og:site_name\" content=\"Galli Uhren Bijouterie\" \/>\n<meta property=\"article:modified_time\" content=\"2025-06-06T14:40:01+00:00\" \/>\n<meta property=\"og:image\" content=\"https:\/\/galli.ch\/wp-content\/uploads\/T150-410-11-031-00_shadow.png\" \/>\n\t<meta property=\"og:image:width\" content=\"1000\" \/>\n\t<meta property=\"og:image:height\" content=\"1400\" \/>\n\t<meta property=\"og:image:type\" content=\"image\/png\" \/>\n<meta name=\"twitter:card\" content=\"summary_large_image\" \/>\n<script type=\"application\/ld+json\" class=\"yoast-schema-graph\">{\"@context\":\"https:\/\/schema.org\",\"@graph\":[{\"@type\":\"WebPage\",\"@id\":\"https:\/\/galli.ch\/uhren\/tissot\/t-classic\/pr-100-jungfraubahn-quartz-40mm-t150-410-11-031-00\/\",\"url\":\"https:\/\/galli.ch\/uhren\/tissot\/t-classic\/pr-100-jungfraubahn-quartz-40mm-t150-410-11-031-00\/\",\"name\":\"Tissot PR 100 Jungfraubahn Quartz 40mm - Galli Uhren Bijouterie\",\"isPartOf\":{\"@id\":\"http:\/\/galli.ch\/en\/#website\"},\"primaryImageOfPage\":{\"@id\":\"https:\/\/galli.ch\/uhren\/tissot\/t-classic\/pr-100-jungfraubahn-quartz-40mm-t150-410-11-031-00\/#primaryimage\"},\"image\":{\"@id\":\"https:\/\/galli.ch\/uhren\/tissot\/t-classic\/pr-100-jungfraubahn-quartz-40mm-t150-410-11-031-00\/#primaryimage\"},\"thumbnailUrl\":\"https:\/\/galli.ch\/wp-content\/uploads\/T150-410-11-031-00_shadow.png\",\"datePublished\":\"2025-06-06T14:18:31+00:00\",\"dateModified\":\"2025-06-06T14:40:01+00:00\",\"breadcrumb\":{\"@id\":\"https:\/\/galli.ch\/uhren\/tissot\/t-classic\/pr-100-jungfraubahn-quartz-40mm-t150-410-11-031-00\/#breadcrumb\"},\"inLanguage\":\"en-US\",\"potentialAction\":[{\"@type\":\"ReadAction\",\"target\":[\"https:\/\/galli.ch\/uhren\/tissot\/t-classic\/pr-100-jungfraubahn-quartz-40mm-t150-410-11-031-00\/\"]}]},{\"@type\":\"ImageObject\",\"inLanguage\":\"en-US\",\"@id\":\"https:\/\/galli.ch\/uhren\/tissot\/t-classic\/pr-100-jungfraubahn-quartz-40mm-t150-410-11-031-00\/#primaryimage\",\"url\":\"https:\/\/galli.ch\/wp-content\/uploads\/T150-410-11-031-00_shadow.png\",\"contentUrl\":\"https:\/\/galli.ch\/wp-content\/uploads\/T150-410-11-031-00_shadow.png\",\"width\":1000,\"height\":1400},{\"@type\":\"BreadcrumbList\",\"@id\":\"https:\/\/galli.ch\/uhren\/tissot\/t-classic\/pr-100-jungfraubahn-quartz-40mm-t150-410-11-031-00\/#breadcrumb\",\"itemListElement\":[{\"@type\":\"ListItem\",\"position\":1,\"name\":\"Home\",\"item\":\"https:\/\/galli.ch\/en\/\"},{\"@type\":\"ListItem\",\"position\":2,\"name\":\"Uhren\",\"item\":\"https:\/\/galli.ch\/en\/uhren\/\"},{\"@type\":\"ListItem\",\"position\":3,\"name\":\"Tissot PR 100 Jungfraubahn Quartz 40mm\"}]},{\"@type\":\"WebSite\",\"@id\":\"http:\/\/galli.ch\/en\/#website\",\"url\":\"http:\/\/galli.ch\/en\/\",\"name\":\"Galli Uhren Bijouterie\",\"description\":\"\",\"potentialAction\":[{\"@type\":\"SearchAction\",\"target\":{\"@type\":\"EntryPoint\",\"urlTemplate\":\"http:\/\/galli.ch\/en\/?s={search_term_string}\"},\"query-input\":{\"@type\":\"PropertyValueSpecification\",\"valueRequired\":true,\"valueName\":\"search_term_string\"}}],\"inLanguage\":\"en-US\"}]}<\/script>\n<!-- \/ Yoast SEO plugin. -->","yoast_head_json":{"title":"Tissot PR 100 Jungfraubahn Quartz 40mm - Galli Uhren Bijouterie","robots":{"index":"index","follow":"follow","max-snippet":"max-snippet:-1","max-image-preview":"max-image-preview:large","max-video-preview":"max-video-preview:-1"},"canonical":"https:\/\/galli.ch\/uhren\/tissot\/t-classic\/pr-100-jungfraubahn-quartz-40mm-t150-410-11-031-00\/","og_locale":"en_US","og_type":"article","og_title":"Tissot PR 100 Jungfraubahn Quartz 40mm - Galli Uhren Bijouterie","og_description":"Tissot und Jungfrau, langj\u00e4hrige Partner, feiern ihr Schweizer Erbe mit exklusiven Zeitmessern, inspiriert von den ungez\u00e4hmten Alpen und Schweizer Handwerkskunst. Hoch oben, wo Himmel und Erde sich treffen, die Luft d\u00fcnner wird und der Horizont sich ins Unendliche ausdehnt, nimmt die Zeit einen anderen Rhythmus an \u2013 einen Rhythmus, den die von einem zuverl\u00e4ssigen Quarzwerk... Weiter &raquo;","og_url":"https:\/\/galli.ch\/uhren\/tissot\/t-classic\/pr-100-jungfraubahn-quartz-40mm-t150-410-11-031-00\/","og_site_name":"Galli Uhren Bijouterie","article_modified_time":"2025-06-06T14:40:01+00:00","og_image":[{"width":1000,"height":1400,"url":"https:\/\/galli.ch\/wp-content\/uploads\/T150-410-11-031-00_shadow.png","type":"image\/png"}],"twitter_card":"summary_large_image","schema":{"@context":"https:\/\/schema.org","@graph":[{"@type":"WebPage","@id":"https:\/\/galli.ch\/uhren\/tissot\/t-classic\/pr-100-jungfraubahn-quartz-40mm-t150-410-11-031-00\/","url":"https:\/\/galli.ch\/uhren\/tissot\/t-classic\/pr-100-jungfraubahn-quartz-40mm-t150-410-11-031-00\/","name":"Tissot PR 100 Jungfraubahn Quartz 40mm - Galli Uhren Bijouterie","isPartOf":{"@id":"http:\/\/galli.ch\/en\/#website"},"primaryImageOfPage":{"@id":"https:\/\/galli.ch\/uhren\/tissot\/t-classic\/pr-100-jungfraubahn-quartz-40mm-t150-410-11-031-00\/#primaryimage"},"image":{"@id":"https:\/\/galli.ch\/uhren\/tissot\/t-classic\/pr-100-jungfraubahn-quartz-40mm-t150-410-11-031-00\/#primaryimage"},"thumbnailUrl":"https:\/\/galli.ch\/wp-content\/uploads\/T150-410-11-031-00_shadow.png","datePublished":"2025-06-06T14:18:31+00:00","dateModified":"2025-06-06T14:40:01+00:00","breadcrumb":{"@id":"https:\/\/galli.ch\/uhren\/tissot\/t-classic\/pr-100-jungfraubahn-quartz-40mm-t150-410-11-031-00\/#breadcrumb"},"inLanguage":"en-US","potentialAction":[{"@type":"ReadAction","target":["https:\/\/galli.ch\/uhren\/tissot\/t-classic\/pr-100-jungfraubahn-quartz-40mm-t150-410-11-031-00\/"]}]},{"@type":"ImageObject","inLanguage":"en-US","@id":"https:\/\/galli.ch\/uhren\/tissot\/t-classic\/pr-100-jungfraubahn-quartz-40mm-t150-410-11-031-00\/#primaryimage","url":"https:\/\/galli.ch\/wp-content\/uploads\/T150-410-11-031-00_shadow.png","contentUrl":"https:\/\/galli.ch\/wp-content\/uploads\/T150-410-11-031-00_shadow.png","width":1000,"height":1400},{"@type":"BreadcrumbList","@id":"https:\/\/galli.ch\/uhren\/tissot\/t-classic\/pr-100-jungfraubahn-quartz-40mm-t150-410-11-031-00\/#breadcrumb","itemListElement":[{"@type":"ListItem","position":1,"name":"Home","item":"https:\/\/galli.ch\/en\/"},{"@type":"ListItem","position":2,"name":"Uhren","item":"https:\/\/galli.ch\/en\/uhren\/"},{"@type":"ListItem","position":3,"name":"Tissot PR 100 Jungfraubahn Quartz 40mm"}]},{"@type":"WebSite","@id":"http:\/\/galli.ch\/en\/#website","url":"http:\/\/galli.ch\/en\/","name":"Galli Uhren Bijouterie","description":"","potentialAction":[{"@type":"SearchAction","target":{"@type":"EntryPoint","urlTemplate":"http:\/\/galli.ch\/en\/?s={search_term_string}"},"query-input":{"@type":"PropertyValueSpecification","valueRequired":true,"valueName":"search_term_string"}}],"inLanguage":"en-US"}]}},"_links":{"self":[{"href":"https:\/\/galli.ch\/en\/wp-json\/wp\/v2\/product\/43001","targetHints":{"allow":["GET"]}}],"collection":[{"href":"https:\/\/galli.ch\/en\/wp-json\/wp\/v2\/product"}],"about":[{"href":"https:\/\/galli.ch\/en\/wp-json\/wp\/v2\/types\/product"}],"wp:featuredmedia":[{"embeddable":true,"href":"https:\/\/galli.ch\/en\/wp-json\/wp\/v2\/media\/42979"}],"wp:attachment":[{"href":"https:\/\/galli.ch\/en\/wp-json\/wp\/v2\/media?parent=43001"}],"wp:term":[{"taxonomy":"product_brand","embeddable":true,"href":"https:\/\/galli.ch\/en\/wp-json\/wp\/v2\/product_brand?post=43001"},{"taxonomy":"product_cat","embeddable":true,"href":"https:\/\/galli.ch\/en\/wp-json\/wp\/v2\/product_cat?post=43001"},{"taxonomy":"product_tag","embeddable":true,"href":"https:\/\/galli.ch\/en\/wp-json\/wp\/v2\/product_tag?post=43001"}],"curies":[{"name":"wp","href":"https:\/\/api.w.org\/{rel}","templated":true}]}}