{"id":43140,"date":"2025-06-12T17:58:36","date_gmt":"2025-06-12T15:58:36","guid":{"rendered":"https:\/\/galli.ch\/?post_type=product&#038;p=43140"},"modified":"2026-03-30T10:15:12","modified_gmt":"2026-03-30T08:15:12","slug":"lagoon-blue-m79000-0001","status":"publish","type":"product","link":"https:\/\/galli.ch\/en\/uhren\/tudor\/black-bay-54\/lagoon-blue-m79000-0001\/","title":{"rendered":"Tudor Black Bay 54"},"content":{"rendered":"<p>Die Black Bay 54 &#8220;Lagoon Blue&#8221; entf\u00fchrt Sie gedanklich an einen warmen Ort: Sonne auf azurblauen Wellen, weisser Sand. Eine Uhr ist mehr als ein Zeitmesser \u2013 sie ist ein Stimmungsaufheller.<\/p>\n<p>Mit ihren perfekt abgestimmten Merkmalen \u2013 einem 37mm Geh\u00e4use, einem Zifferblatt mit feiner Sandstruktur, einer spiegelglatt polierten L\u00fcnette und einem eleganten f\u00fcnfreihigen Armband \u2013 f\u00fchlen Sie sich, als w\u00fcrden Sie in einer H\u00e4ngematte schaukeln, genau dort, wo das Meer den Strand ber\u00fchrt.<\/p>\n","protected":false},"excerpt":{"rendered":"<p>Die Black Bay 54 &#8220;Lagoon Blue&#8221; entf\u00fchrt Sie gedanklich an einen warmen Ort: Sonne auf azurblauen Wellen, weisser Sand. Eine Uhr ist mehr als ein Zeitmesser \u2013 sie ist ein Stimmungsaufheller. Mit ihren perfekt abgestimmten Merkmalen \u2013 einem 37mm Geh\u00e4use, einem Zifferblatt mit feiner Sandstruktur, einer spiegelglatt polierten L\u00fcnette und einem eleganten f\u00fcnfreihigen Armband \u2013&#8230;  <a class=\"excerpt-read-more\" href=\"https:\/\/galli.ch\/en\/uhren\/tudor\/black-bay-54\/lagoon-blue-m79000-0001\/\" title=\"Read Tudor Black Bay 54\">Weiter &raquo;<\/a><\/p>\n","protected":false},"featured_media":43139,"template":"","meta":{"_acf_changed":false,"inline_featured_image":false},"product_brand":[],"product_cat":[188],"product_tag":[],"class_list":{"0":"post-43140","1":"product","2":"type-product","3":"status-publish","4":"has-post-thumbnail","6":"uhrenhersteller-tudor","7":"uhrenhersteller-black-bay-54","8":"product_cat-uhren","10":"first","11":"outofstock","12":"taxable","13":"shipping-taxable","14":"purchasable","15":"product-type-simple"},"acf":[],"yoast_head":"<!-- This site is optimized with the Yoast SEO plugin v25.5 - https:\/\/yoast.com\/wordpress\/plugins\/seo\/ -->\n<title>Tudor Black Bay 54 - Galli Uhren Bijouterie<\/title>\n<meta name=\"robots\" content=\"index, follow, max-snippet:-1, max-image-preview:large, max-video-preview:-1\" \/>\n<link rel=\"canonical\" href=\"https:\/\/galli.ch\/uhren\/tudor\/black-bay-54\/lagoon-blue-m79000-0001\/\" \/>\n<meta property=\"og:locale\" content=\"en_US\" \/>\n<meta property=\"og:type\" content=\"article\" \/>\n<meta property=\"og:title\" content=\"Tudor Black Bay 54 - Galli Uhren Bijouterie\" \/>\n<meta property=\"og:description\" content=\"Die Black Bay 54 &#8220;Lagoon Blue&#8221; entf\u00fchrt Sie gedanklich an einen warmen Ort: Sonne auf azurblauen Wellen, weisser Sand. Eine Uhr ist mehr als ein Zeitmesser \u2013 sie ist ein Stimmungsaufheller. Mit ihren perfekt abgestimmten Merkmalen \u2013 einem 37mm Geh\u00e4use, einem Zifferblatt mit feiner Sandstruktur, einer spiegelglatt polierten L\u00fcnette und einem eleganten f\u00fcnfreihigen Armband \u2013... Weiter &raquo;\" \/>\n<meta property=\"og:url\" content=\"https:\/\/galli.ch\/uhren\/tudor\/black-bay-54\/lagoon-blue-m79000-0001\/\" \/>\n<meta property=\"og:site_name\" content=\"Galli Uhren Bijouterie\" \/>\n<meta property=\"article:modified_time\" content=\"2026-03-30T08:15:12+00:00\" \/>\n<meta property=\"og:image\" content=\"https:\/\/galli.ch\/wp-content\/uploads\/m79000-0001_upright-tr-std.png\" \/>\n\t<meta property=\"og:image:width\" content=\"1000\" \/>\n\t<meta property=\"og:image:height\" content=\"1400\" \/>\n\t<meta property=\"og:image:type\" content=\"image\/png\" \/>\n<meta name=\"twitter:card\" content=\"summary_large_image\" \/>\n<script type=\"application\/ld+json\" class=\"yoast-schema-graph\">{\"@context\":\"https:\/\/schema.org\",\"@graph\":[{\"@type\":\"WebPage\",\"@id\":\"https:\/\/galli.ch\/uhren\/tudor\/black-bay-54\/lagoon-blue-m79000-0001\/\",\"url\":\"https:\/\/galli.ch\/uhren\/tudor\/black-bay-54\/lagoon-blue-m79000-0001\/\",\"name\":\"Tudor Black Bay 54 - Galli Uhren Bijouterie\",\"isPartOf\":{\"@id\":\"http:\/\/galli.ch\/en\/#website\"},\"primaryImageOfPage\":{\"@id\":\"https:\/\/galli.ch\/uhren\/tudor\/black-bay-54\/lagoon-blue-m79000-0001\/#primaryimage\"},\"image\":{\"@id\":\"https:\/\/galli.ch\/uhren\/tudor\/black-bay-54\/lagoon-blue-m79000-0001\/#primaryimage\"},\"thumbnailUrl\":\"https:\/\/galli.ch\/wp-content\/uploads\/m79000-0001_upright-tr-std.png\",\"datePublished\":\"2025-06-12T15:58:36+00:00\",\"dateModified\":\"2026-03-30T08:15:12+00:00\",\"breadcrumb\":{\"@id\":\"https:\/\/galli.ch\/uhren\/tudor\/black-bay-54\/lagoon-blue-m79000-0001\/#breadcrumb\"},\"inLanguage\":\"en-US\",\"potentialAction\":[{\"@type\":\"ReadAction\",\"target\":[\"https:\/\/galli.ch\/uhren\/tudor\/black-bay-54\/lagoon-blue-m79000-0001\/\"]}]},{\"@type\":\"ImageObject\",\"inLanguage\":\"en-US\",\"@id\":\"https:\/\/galli.ch\/uhren\/tudor\/black-bay-54\/lagoon-blue-m79000-0001\/#primaryimage\",\"url\":\"https:\/\/galli.ch\/wp-content\/uploads\/m79000-0001_upright-tr-std.png\",\"contentUrl\":\"https:\/\/galli.ch\/wp-content\/uploads\/m79000-0001_upright-tr-std.png\",\"width\":1000,\"height\":1400,\"caption\":\"tudor-black-bay-54-lagoon-blue\"},{\"@type\":\"BreadcrumbList\",\"@id\":\"https:\/\/galli.ch\/uhren\/tudor\/black-bay-54\/lagoon-blue-m79000-0001\/#breadcrumb\",\"itemListElement\":[{\"@type\":\"ListItem\",\"position\":1,\"name\":\"Home\",\"item\":\"https:\/\/galli.ch\/en\/\"},{\"@type\":\"ListItem\",\"position\":2,\"name\":\"Uhren\",\"item\":\"https:\/\/galli.ch\/en\/uhren\/\"},{\"@type\":\"ListItem\",\"position\":3,\"name\":\"Tudor Black Bay 54\"}]},{\"@type\":\"WebSite\",\"@id\":\"http:\/\/galli.ch\/en\/#website\",\"url\":\"http:\/\/galli.ch\/en\/\",\"name\":\"Galli Uhren Bijouterie\",\"description\":\"\",\"potentialAction\":[{\"@type\":\"SearchAction\",\"target\":{\"@type\":\"EntryPoint\",\"urlTemplate\":\"http:\/\/galli.ch\/en\/?s={search_term_string}\"},\"query-input\":{\"@type\":\"PropertyValueSpecification\",\"valueRequired\":true,\"valueName\":\"search_term_string\"}}],\"inLanguage\":\"en-US\"}]}<\/script>\n<!-- \/ Yoast SEO plugin. -->","yoast_head_json":{"title":"Tudor Black Bay 54 - Galli Uhren Bijouterie","robots":{"index":"index","follow":"follow","max-snippet":"max-snippet:-1","max-image-preview":"max-image-preview:large","max-video-preview":"max-video-preview:-1"},"canonical":"https:\/\/galli.ch\/uhren\/tudor\/black-bay-54\/lagoon-blue-m79000-0001\/","og_locale":"en_US","og_type":"article","og_title":"Tudor Black Bay 54 - Galli Uhren Bijouterie","og_description":"Die Black Bay 54 &#8220;Lagoon Blue&#8221; entf\u00fchrt Sie gedanklich an einen warmen Ort: Sonne auf azurblauen Wellen, weisser Sand. Eine Uhr ist mehr als ein Zeitmesser \u2013 sie ist ein Stimmungsaufheller. Mit ihren perfekt abgestimmten Merkmalen \u2013 einem 37mm Geh\u00e4use, einem Zifferblatt mit feiner Sandstruktur, einer spiegelglatt polierten L\u00fcnette und einem eleganten f\u00fcnfreihigen Armband \u2013... Weiter &raquo;","og_url":"https:\/\/galli.ch\/uhren\/tudor\/black-bay-54\/lagoon-blue-m79000-0001\/","og_site_name":"Galli Uhren Bijouterie","article_modified_time":"2026-03-30T08:15:12+00:00","og_image":[{"width":1000,"height":1400,"url":"https:\/\/galli.ch\/wp-content\/uploads\/m79000-0001_upright-tr-std.png","type":"image\/png"}],"twitter_card":"summary_large_image","schema":{"@context":"https:\/\/schema.org","@graph":[{"@type":"WebPage","@id":"https:\/\/galli.ch\/uhren\/tudor\/black-bay-54\/lagoon-blue-m79000-0001\/","url":"https:\/\/galli.ch\/uhren\/tudor\/black-bay-54\/lagoon-blue-m79000-0001\/","name":"Tudor Black Bay 54 - Galli Uhren Bijouterie","isPartOf":{"@id":"http:\/\/galli.ch\/en\/#website"},"primaryImageOfPage":{"@id":"https:\/\/galli.ch\/uhren\/tudor\/black-bay-54\/lagoon-blue-m79000-0001\/#primaryimage"},"image":{"@id":"https:\/\/galli.ch\/uhren\/tudor\/black-bay-54\/lagoon-blue-m79000-0001\/#primaryimage"},"thumbnailUrl":"https:\/\/galli.ch\/wp-content\/uploads\/m79000-0001_upright-tr-std.png","datePublished":"2025-06-12T15:58:36+00:00","dateModified":"2026-03-30T08:15:12+00:00","breadcrumb":{"@id":"https:\/\/galli.ch\/uhren\/tudor\/black-bay-54\/lagoon-blue-m79000-0001\/#breadcrumb"},"inLanguage":"en-US","potentialAction":[{"@type":"ReadAction","target":["https:\/\/galli.ch\/uhren\/tudor\/black-bay-54\/lagoon-blue-m79000-0001\/"]}]},{"@type":"ImageObject","inLanguage":"en-US","@id":"https:\/\/galli.ch\/uhren\/tudor\/black-bay-54\/lagoon-blue-m79000-0001\/#primaryimage","url":"https:\/\/galli.ch\/wp-content\/uploads\/m79000-0001_upright-tr-std.png","contentUrl":"https:\/\/galli.ch\/wp-content\/uploads\/m79000-0001_upright-tr-std.png","width":1000,"height":1400,"caption":"tudor-black-bay-54-lagoon-blue"},{"@type":"BreadcrumbList","@id":"https:\/\/galli.ch\/uhren\/tudor\/black-bay-54\/lagoon-blue-m79000-0001\/#breadcrumb","itemListElement":[{"@type":"ListItem","position":1,"name":"Home","item":"https:\/\/galli.ch\/en\/"},{"@type":"ListItem","position":2,"name":"Uhren","item":"https:\/\/galli.ch\/en\/uhren\/"},{"@type":"ListItem","position":3,"name":"Tudor Black Bay 54"}]},{"@type":"WebSite","@id":"http:\/\/galli.ch\/en\/#website","url":"http:\/\/galli.ch\/en\/","name":"Galli Uhren Bijouterie","description":"","potentialAction":[{"@type":"SearchAction","target":{"@type":"EntryPoint","urlTemplate":"http:\/\/galli.ch\/en\/?s={search_term_string}"},"query-input":{"@type":"PropertyValueSpecification","valueRequired":true,"valueName":"search_term_string"}}],"inLanguage":"en-US"}]}},"_links":{"self":[{"href":"https:\/\/galli.ch\/en\/wp-json\/wp\/v2\/product\/43140","targetHints":{"allow":["GET"]}}],"collection":[{"href":"https:\/\/galli.ch\/en\/wp-json\/wp\/v2\/product"}],"about":[{"href":"https:\/\/galli.ch\/en\/wp-json\/wp\/v2\/types\/product"}],"wp:featuredmedia":[{"embeddable":true,"href":"https:\/\/galli.ch\/en\/wp-json\/wp\/v2\/media\/43139"}],"wp:attachment":[{"href":"https:\/\/galli.ch\/en\/wp-json\/wp\/v2\/media?parent=43140"}],"wp:term":[{"taxonomy":"product_brand","embeddable":true,"href":"https:\/\/galli.ch\/en\/wp-json\/wp\/v2\/product_brand?post=43140"},{"taxonomy":"product_cat","embeddable":true,"href":"https:\/\/galli.ch\/en\/wp-json\/wp\/v2\/product_cat?post=43140"},{"taxonomy":"product_tag","embeddable":true,"href":"https:\/\/galli.ch\/en\/wp-json\/wp\/v2\/product_tag?post=43140"}],"curies":[{"name":"wp","href":"https:\/\/api.w.org\/{rel}","templated":true}]}}