{"id":43164,"date":"2025-06-13T10:20:35","date_gmt":"2025-06-13T08:20:35","guid":{"rendered":"https:\/\/galli.ch\/?post_type=product&#038;p=43164"},"modified":"2025-12-03T15:53:04","modified_gmt":"2025-12-03T14:53:04","slug":"b01-chronograph-42-ab0156161c1a1","status":"publish","type":"product","link":"https:\/\/galli.ch\/en\/uhren\/breitling\/superocean-heritage\/b01-chronograph-42-ab0156161c1a1\/","title":{"rendered":"Breitling Superocean Heritage B01 Chronograph 42"},"content":{"rendered":"<p>Gemacht, um sich zwischen den Wellen und dem Ufer zu bewegen. Die Superocean Heritage ist keine gew\u00f6hnliche Seeuhr \u2013 das war sie nie. Als Breitling sie 1957 erstmals auf den Markt brachte, verfolgte das Unternehmen einen anderen Ansatz als andere Taucheruhren dieser Zeit. Bei der Ref. 1004 (einem schlanken Schmuckst\u00fcck, das nur die Zeit anzeigt) und der Ref. 807 (dem weltweit ersten speziellen Tauchchronographen) ging es nicht nur darum, die Unterwasserwelt zu erkunden, sondern auch darum, dabei gut Die Speer-und-Pfeil-Zeiger, die eloxierte drehbare L\u00fcnette und die nat\u00fcrlich schlanken Proportionen machten sie schnell zu einem Favoriten von stilvollen Abenteurern, die f\u00fcr das Meer und die Szene lebten.<\/p>\n","protected":false},"excerpt":{"rendered":"<p>Gemacht, um sich zwischen den Wellen und dem Ufer zu bewegen. Die Superocean Heritage ist keine gew\u00f6hnliche Seeuhr \u2013 das war sie nie. Als Breitling sie 1957 erstmals auf den Markt brachte, verfolgte das Unternehmen einen anderen Ansatz als andere Taucheruhren dieser Zeit. Bei der Ref. 1004 (einem schlanken Schmuckst\u00fcck, das nur die Zeit anzeigt)&#8230;  <a class=\"excerpt-read-more\" href=\"https:\/\/galli.ch\/en\/uhren\/breitling\/superocean-heritage\/b01-chronograph-42-ab0156161c1a1\/\" title=\"Read Breitling Superocean Heritage B01 Chronograph 42\">Weiter &raquo;<\/a><\/p>\n","protected":false},"featured_media":43082,"template":"","meta":{"_acf_changed":false,"inline_featured_image":false},"product_brand":[],"product_cat":[188],"product_tag":[],"class_list":{"0":"post-43164","1":"product","2":"type-product","3":"status-publish","4":"has-post-thumbnail","6":"uhrenhersteller-breitling","7":"uhrenhersteller-superocean-heritage","8":"product_cat-uhren","10":"first","11":"outofstock","12":"taxable","13":"shipping-taxable","14":"purchasable","15":"product-type-simple"},"acf":[],"yoast_head":"<!-- This site is optimized with the Yoast SEO plugin v25.5 - https:\/\/yoast.com\/wordpress\/plugins\/seo\/ -->\n<title>Breitling Superocean Heritage B01 Chronograph 42 - Galli Uhren Bijouterie<\/title>\n<meta name=\"robots\" content=\"index, follow, max-snippet:-1, max-image-preview:large, max-video-preview:-1\" \/>\n<link rel=\"canonical\" href=\"https:\/\/galli.ch\/uhren\/breitling\/superocean-heritage\/b01-chronograph-42-ab0156161c1a1\/\" \/>\n<meta property=\"og:locale\" content=\"en_US\" \/>\n<meta property=\"og:type\" content=\"article\" \/>\n<meta property=\"og:title\" content=\"Breitling Superocean Heritage B01 Chronograph 42 - Galli Uhren Bijouterie\" \/>\n<meta property=\"og:description\" content=\"Gemacht, um sich zwischen den Wellen und dem Ufer zu bewegen. Die Superocean Heritage ist keine gew\u00f6hnliche Seeuhr \u2013 das war sie nie. Als Breitling sie 1957 erstmals auf den Markt brachte, verfolgte das Unternehmen einen anderen Ansatz als andere Taucheruhren dieser Zeit. Bei der Ref. 1004 (einem schlanken Schmuckst\u00fcck, das nur die Zeit anzeigt)... Weiter &raquo;\" \/>\n<meta property=\"og:url\" content=\"https:\/\/galli.ch\/uhren\/breitling\/superocean-heritage\/b01-chronograph-42-ab0156161c1a1\/\" \/>\n<meta property=\"og:site_name\" content=\"Galli Uhren Bijouterie\" \/>\n<meta property=\"article:modified_time\" content=\"2025-12-03T14:53:04+00:00\" \/>\n<meta property=\"og:image\" content=\"https:\/\/galli.ch\/wp-content\/uploads\/ab0156161c1a1-soldier_31cb0756_thumbnail_2048.png\" \/>\n\t<meta property=\"og:image:width\" content=\"1000\" \/>\n\t<meta property=\"og:image:height\" content=\"1400\" \/>\n\t<meta property=\"og:image:type\" content=\"image\/png\" \/>\n<meta name=\"twitter:card\" content=\"summary_large_image\" \/>\n<script type=\"application\/ld+json\" class=\"yoast-schema-graph\">{\"@context\":\"https:\/\/schema.org\",\"@graph\":[{\"@type\":\"WebPage\",\"@id\":\"https:\/\/galli.ch\/uhren\/breitling\/superocean-heritage\/b01-chronograph-42-ab0156161c1a1\/\",\"url\":\"https:\/\/galli.ch\/uhren\/breitling\/superocean-heritage\/b01-chronograph-42-ab0156161c1a1\/\",\"name\":\"Breitling Superocean Heritage B01 Chronograph 42 - Galli Uhren Bijouterie\",\"isPartOf\":{\"@id\":\"http:\/\/galli.ch\/en\/#website\"},\"primaryImageOfPage\":{\"@id\":\"https:\/\/galli.ch\/uhren\/breitling\/superocean-heritage\/b01-chronograph-42-ab0156161c1a1\/#primaryimage\"},\"image\":{\"@id\":\"https:\/\/galli.ch\/uhren\/breitling\/superocean-heritage\/b01-chronograph-42-ab0156161c1a1\/#primaryimage\"},\"thumbnailUrl\":\"https:\/\/galli.ch\/wp-content\/uploads\/ab0156161c1a1-soldier_31cb0756_thumbnail_2048.png\",\"datePublished\":\"2025-06-13T08:20:35+00:00\",\"dateModified\":\"2025-12-03T14:53:04+00:00\",\"breadcrumb\":{\"@id\":\"https:\/\/galli.ch\/uhren\/breitling\/superocean-heritage\/b01-chronograph-42-ab0156161c1a1\/#breadcrumb\"},\"inLanguage\":\"en-US\",\"potentialAction\":[{\"@type\":\"ReadAction\",\"target\":[\"https:\/\/galli.ch\/uhren\/breitling\/superocean-heritage\/b01-chronograph-42-ab0156161c1a1\/\"]}]},{\"@type\":\"ImageObject\",\"inLanguage\":\"en-US\",\"@id\":\"https:\/\/galli.ch\/uhren\/breitling\/superocean-heritage\/b01-chronograph-42-ab0156161c1a1\/#primaryimage\",\"url\":\"https:\/\/galli.ch\/wp-content\/uploads\/ab0156161c1a1-soldier_31cb0756_thumbnail_2048.png\",\"contentUrl\":\"https:\/\/galli.ch\/wp-content\/uploads\/ab0156161c1a1-soldier_31cb0756_thumbnail_2048.png\",\"width\":1000,\"height\":1400},{\"@type\":\"BreadcrumbList\",\"@id\":\"https:\/\/galli.ch\/uhren\/breitling\/superocean-heritage\/b01-chronograph-42-ab0156161c1a1\/#breadcrumb\",\"itemListElement\":[{\"@type\":\"ListItem\",\"position\":1,\"name\":\"Home\",\"item\":\"https:\/\/galli.ch\/en\/\"},{\"@type\":\"ListItem\",\"position\":2,\"name\":\"Uhren\",\"item\":\"https:\/\/galli.ch\/en\/uhren\/\"},{\"@type\":\"ListItem\",\"position\":3,\"name\":\"Breitling Superocean Heritage B01 Chronograph 42\"}]},{\"@type\":\"WebSite\",\"@id\":\"http:\/\/galli.ch\/en\/#website\",\"url\":\"http:\/\/galli.ch\/en\/\",\"name\":\"Galli Uhren Bijouterie\",\"description\":\"\",\"potentialAction\":[{\"@type\":\"SearchAction\",\"target\":{\"@type\":\"EntryPoint\",\"urlTemplate\":\"http:\/\/galli.ch\/en\/?s={search_term_string}\"},\"query-input\":{\"@type\":\"PropertyValueSpecification\",\"valueRequired\":true,\"valueName\":\"search_term_string\"}}],\"inLanguage\":\"en-US\"}]}<\/script>\n<!-- \/ Yoast SEO plugin. -->","yoast_head_json":{"title":"Breitling Superocean Heritage B01 Chronograph 42 - Galli Uhren Bijouterie","robots":{"index":"index","follow":"follow","max-snippet":"max-snippet:-1","max-image-preview":"max-image-preview:large","max-video-preview":"max-video-preview:-1"},"canonical":"https:\/\/galli.ch\/uhren\/breitling\/superocean-heritage\/b01-chronograph-42-ab0156161c1a1\/","og_locale":"en_US","og_type":"article","og_title":"Breitling Superocean Heritage B01 Chronograph 42 - Galli Uhren Bijouterie","og_description":"Gemacht, um sich zwischen den Wellen und dem Ufer zu bewegen. Die Superocean Heritage ist keine gew\u00f6hnliche Seeuhr \u2013 das war sie nie. Als Breitling sie 1957 erstmals auf den Markt brachte, verfolgte das Unternehmen einen anderen Ansatz als andere Taucheruhren dieser Zeit. Bei der Ref. 1004 (einem schlanken Schmuckst\u00fcck, das nur die Zeit anzeigt)... Weiter &raquo;","og_url":"https:\/\/galli.ch\/uhren\/breitling\/superocean-heritage\/b01-chronograph-42-ab0156161c1a1\/","og_site_name":"Galli Uhren Bijouterie","article_modified_time":"2025-12-03T14:53:04+00:00","og_image":[{"width":1000,"height":1400,"url":"https:\/\/galli.ch\/wp-content\/uploads\/ab0156161c1a1-soldier_31cb0756_thumbnail_2048.png","type":"image\/png"}],"twitter_card":"summary_large_image","schema":{"@context":"https:\/\/schema.org","@graph":[{"@type":"WebPage","@id":"https:\/\/galli.ch\/uhren\/breitling\/superocean-heritage\/b01-chronograph-42-ab0156161c1a1\/","url":"https:\/\/galli.ch\/uhren\/breitling\/superocean-heritage\/b01-chronograph-42-ab0156161c1a1\/","name":"Breitling Superocean Heritage B01 Chronograph 42 - Galli Uhren Bijouterie","isPartOf":{"@id":"http:\/\/galli.ch\/en\/#website"},"primaryImageOfPage":{"@id":"https:\/\/galli.ch\/uhren\/breitling\/superocean-heritage\/b01-chronograph-42-ab0156161c1a1\/#primaryimage"},"image":{"@id":"https:\/\/galli.ch\/uhren\/breitling\/superocean-heritage\/b01-chronograph-42-ab0156161c1a1\/#primaryimage"},"thumbnailUrl":"https:\/\/galli.ch\/wp-content\/uploads\/ab0156161c1a1-soldier_31cb0756_thumbnail_2048.png","datePublished":"2025-06-13T08:20:35+00:00","dateModified":"2025-12-03T14:53:04+00:00","breadcrumb":{"@id":"https:\/\/galli.ch\/uhren\/breitling\/superocean-heritage\/b01-chronograph-42-ab0156161c1a1\/#breadcrumb"},"inLanguage":"en-US","potentialAction":[{"@type":"ReadAction","target":["https:\/\/galli.ch\/uhren\/breitling\/superocean-heritage\/b01-chronograph-42-ab0156161c1a1\/"]}]},{"@type":"ImageObject","inLanguage":"en-US","@id":"https:\/\/galli.ch\/uhren\/breitling\/superocean-heritage\/b01-chronograph-42-ab0156161c1a1\/#primaryimage","url":"https:\/\/galli.ch\/wp-content\/uploads\/ab0156161c1a1-soldier_31cb0756_thumbnail_2048.png","contentUrl":"https:\/\/galli.ch\/wp-content\/uploads\/ab0156161c1a1-soldier_31cb0756_thumbnail_2048.png","width":1000,"height":1400},{"@type":"BreadcrumbList","@id":"https:\/\/galli.ch\/uhren\/breitling\/superocean-heritage\/b01-chronograph-42-ab0156161c1a1\/#breadcrumb","itemListElement":[{"@type":"ListItem","position":1,"name":"Home","item":"https:\/\/galli.ch\/en\/"},{"@type":"ListItem","position":2,"name":"Uhren","item":"https:\/\/galli.ch\/en\/uhren\/"},{"@type":"ListItem","position":3,"name":"Breitling Superocean Heritage B01 Chronograph 42"}]},{"@type":"WebSite","@id":"http:\/\/galli.ch\/en\/#website","url":"http:\/\/galli.ch\/en\/","name":"Galli Uhren Bijouterie","description":"","potentialAction":[{"@type":"SearchAction","target":{"@type":"EntryPoint","urlTemplate":"http:\/\/galli.ch\/en\/?s={search_term_string}"},"query-input":{"@type":"PropertyValueSpecification","valueRequired":true,"valueName":"search_term_string"}}],"inLanguage":"en-US"}]}},"_links":{"self":[{"href":"https:\/\/galli.ch\/en\/wp-json\/wp\/v2\/product\/43164","targetHints":{"allow":["GET"]}}],"collection":[{"href":"https:\/\/galli.ch\/en\/wp-json\/wp\/v2\/product"}],"about":[{"href":"https:\/\/galli.ch\/en\/wp-json\/wp\/v2\/types\/product"}],"wp:featuredmedia":[{"embeddable":true,"href":"https:\/\/galli.ch\/en\/wp-json\/wp\/v2\/media\/43082"}],"wp:attachment":[{"href":"https:\/\/galli.ch\/en\/wp-json\/wp\/v2\/media?parent=43164"}],"wp:term":[{"taxonomy":"product_brand","embeddable":true,"href":"https:\/\/galli.ch\/en\/wp-json\/wp\/v2\/product_brand?post=43164"},{"taxonomy":"product_cat","embeddable":true,"href":"https:\/\/galli.ch\/en\/wp-json\/wp\/v2\/product_cat?post=43164"},{"taxonomy":"product_tag","embeddable":true,"href":"https:\/\/galli.ch\/en\/wp-json\/wp\/v2\/product_tag?post=43164"}],"curies":[{"name":"wp","href":"https:\/\/api.w.org\/{rel}","templated":true}]}}